{"id":4797,"date":"2025-03-03T09:53:49","date_gmt":"2025-03-03T08:53:49","guid":{"rendered":"https:\/\/www.sv-freiendiez.de\/?page_id=4797"},"modified":"2025-03-17T15:50:58","modified_gmt":"2025-03-17T14:50:58","slug":"ingo-rutz","status":"publish","type":"page","link":"https:\/\/www.sv-freiendiez.de\/?page_id=4797","title":{"rendered":"Ingo Rutz"},"content":{"rendered":"<table style=\"width: 100%; border-style: hidden;\" border=\"0\">\n<tbody>\n<tr>\n<td style=\"width: 34.4827%;\"><a href=\"https:\/\/www.sv-freiendiez.de\/wp-content\/uploads\/2025\/03\/Foto-von-Ingo-Rutz.jpg\"><img loading=\"lazy\" decoding=\"async\" class=\"alignleft wp-image-4798 \" src=\"https:\/\/www.sv-freiendiez.de\/wp-content\/uploads\/2025\/03\/Foto-von-Ingo-Rutz-209x300.jpg\" alt=\"\" width=\"186\" height=\"267\" srcset=\"https:\/\/www.sv-freiendiez.de\/wp-content\/uploads\/2025\/03\/Foto-von-Ingo-Rutz-209x300.jpg 209w, https:\/\/www.sv-freiendiez.de\/wp-content\/uploads\/2025\/03\/Foto-von-Ingo-Rutz.jpg 498w\" sizes=\"auto, (max-width: 186px) 100vw, 186px\" \/><\/a><\/p>\n<p>&nbsp;<\/td>\n<td style=\"width: 65.3449%;\">Ingo schie\u00dft seit 2024 f\u00fcr unseren Verein die Meisterschaften in den Disziplinen Luftpistole, Schnellfeuerpistole .22lang, Schnellfeuerpistole .22 kurz, Sportpistole, Zentralfeuerpistole sowie Standardpistole und verst\u00e4rkt unsere Mannschaften in diesen Disziplinen.<\/p>\n<p>Er schie\u00dft bereits seit seinem 12.Lebensjahr. Zun\u00e4chst mit der Sport- und Luftpistole und dann insbesondere mit der Schnellfeuerpistole. In dieser Disziplin hat er bisher auch seine gr\u00f6\u00dften Erfolge errungen.<\/p>\n<p>Auch seine Frau Angela hat bereits im jugendlichen Alter mit dem sportlichen Schie\u00dfen begonnen und war ab 2000 mehrere Jahre in der Nationalmannschaft des Deutschen Sch\u00fctzenbundes mit der Sportpistole.<\/p>\n<p>Und Paul, der Sohn von Ingo und Angela, hat mit 13 Jahren mit dem Sportschie\u00dfen begonnen und wurde 2023 in den Landeskader Pistole des RSB aufgenommen. Paul schie\u00dft als Jugendlicher ebenfalls schon f\u00fcr unseren Verein die Meisterschaften in den Disziplinen Luftpistole und Sportpistole.<\/td>\n<\/tr>\n<\/tbody>\n<\/table>\n<table border=\"0\">\n<tbody>\n<tr>\n<td><strong>Jahrgang:<\/strong><\/td>\n<td>1968<\/td>\n<\/tr>\n<tr>\n<td><strong>Familienstand:<br \/>\n<\/strong><\/td>\n<td>verheiratet, 2 Kinder<\/td>\n<\/tr>\n<tr>\n<td><strong>Beruf:<\/strong><\/td>\n<td>Lokf\u00fchrer<\/td>\n<\/tr>\n<tr>\n<td><strong>Wohnort:<\/strong><\/td>\n<td>&nbsp;<\/td>\n<\/tr>\n<tr>\n<td><strong>Bisherige \/ <\/strong><br \/>\n<strong>weitere Vereine (DSB):<\/strong><\/td>\n<td>SG Nast\u00e4tten<\/td>\n<\/tr>\n<tr>\n<td><strong>Starte in den Disziplinen<\/strong><br \/>\n<strong>(DSB):<\/strong><\/td>\n<td>2.10 10m Luftpistole<br \/>\n2.20 50m Freie Pistole<br \/>\n2.30 25m Schnellfeuerpistole .22lang<br \/>\n2.32 (RH) 25m Schnellfeuerpistole .22kurz<br \/>\n2.40 25m Sportpistole<br \/>\n2.45 25m Zentralfeuerpistole<br \/>\n2.60 25m Standardpistole<\/td>\n<\/tr>\n<tr>\n<td><strong>Besonders erfolgreich<\/strong><br \/>\n<strong> in der Disziplin (DSB):<\/strong><\/td>\n<td>Schnellfeuerpistole<\/td>\n<\/tr>\n<tr>\n<td><strong>Gr\u00f6\u00dfte Erfolge:<\/strong><\/td>\n<td>Landesrekorde und mehrfacher Landesmeister im RSB mit der Schnellfeuerpistole,<br \/>\n2. und 3.Platz mit der Schnellfeuerpistole bei Deutschen Meisterschaften in der Klasse Herren III,<br \/>\n4.Platz bei der VDES-Weltmeisterschaften 2023 mit der 25m Pistole in Frankreich.<\/td>\n<\/tr>\n<tr>\n<td><strong>Mitgliedschaft in weiteren Schie\u00dfsport-verb\u00e4nden:<\/strong><\/td>\n<td>VDES (Verband Deutscher Eisenbahner Sportvereine e.V.)<\/td>\n<\/tr>\n<tr>\n<td><strong>Hobbys:<\/strong><\/td>\n<td>Sportschie\u00dfen<\/td>\n<\/tr>\n<\/tbody>\n<\/table>\n<p><a href=\"http:\/\/www.sv-freiendiez.de\/?page_id=3033\">Zur\u00fcck zur \u00dcbersicht der Kadersch\u00fctzen<\/a><\/p>\n","protected":false},"excerpt":{"rendered":"<p>&nbsp; Ingo schie\u00dft seit 2024 f\u00fcr unseren Verein die Meisterschaften in den Disziplinen Luftpistole, Schnellfeuerpistole .22lang, Schnellfeuerpistole .22 kurz, Sportpistole, Zentralfeuerpistole sowie Standardpistole und verst\u00e4rkt unsere Mannschaften in diesen Disziplinen. Er schie\u00dft bereits seit seinem 12.Lebensjahr. Zun\u00e4chst mit der Sport- und Luftpistole und dann insbesondere mit der Schnellfeuerpistole. In dieser Disziplin hat er bisher auch &hellip; <\/p>\n<p class=\"link-more\"><a href=\"https:\/\/www.sv-freiendiez.de\/?page_id=4797\" class=\"more-link\"><span class=\"screen-reader-text\">\u201eIngo Rutz\u201c<\/span> weiterlesen<\/a><\/p>\n","protected":false},"author":1,"featured_media":0,"parent":0,"menu_order":0,"comment_status":"closed","ping_status":"closed","template":"","meta":{"ngg_post_thumbnail":0,"footnotes":""},"class_list":["post-4797","page","type-page","status-publish","hentry"],"yoast_head":"<!-- This site is optimized with the Yoast SEO plugin v27.4 - https:\/\/yoast.com\/product\/yoast-seo-wordpress\/ -->\n<title>Ingo Rutz - SV Diez-Freiendiez 1928 e.V.<\/title>\n<meta name=\"robots\" content=\"index, follow, max-snippet:-1, max-image-preview:large, max-video-preview:-1\" \/>\n<link rel=\"canonical\" href=\"https:\/\/www.sv-freiendiez.de\/?page_id=4797\" \/>\n<meta property=\"og:locale\" content=\"de_DE\" \/>\n<meta property=\"og:type\" content=\"article\" \/>\n<meta property=\"og:title\" content=\"Ingo Rutz - SV Diez-Freiendiez 1928 e.V.\" \/>\n<meta property=\"og:description\" content=\"&nbsp; Ingo schie\u00dft seit 2024 f\u00fcr unseren Verein die Meisterschaften in den Disziplinen Luftpistole, Schnellfeuerpistole .22lang, Schnellfeuerpistole .22 kurz, Sportpistole, Zentralfeuerpistole sowie Standardpistole und verst\u00e4rkt unsere Mannschaften in diesen Disziplinen. Er schie\u00dft bereits seit seinem 12.Lebensjahr. Zun\u00e4chst mit der Sport- und Luftpistole und dann insbesondere mit der Schnellfeuerpistole. In dieser Disziplin hat er bisher auch &hellip; \u201eIngo Rutz\u201c weiterlesen\" \/>\n<meta property=\"og:url\" content=\"https:\/\/www.sv-freiendiez.de\/?page_id=4797\" \/>\n<meta property=\"og:site_name\" content=\"SV Diez-Freiendiez 1928 e.V.\" \/>\n<meta property=\"article:publisher\" content=\"https:\/\/www.facebook.com\/svfreiendiez\/\" \/>\n<meta property=\"article:modified_time\" content=\"2025-03-17T14:50:58+00:00\" \/>\n<meta property=\"og:image\" content=\"https:\/\/www.sv-freiendiez.de\/wp-content\/uploads\/2025\/03\/Foto-von-Ingo-Rutz.jpg\" \/>\n\t<meta property=\"og:image:width\" content=\"498\" \/>\n\t<meta property=\"og:image:height\" content=\"715\" \/>\n\t<meta property=\"og:image:type\" content=\"image\/jpeg\" \/>\n<meta name=\"twitter:card\" content=\"summary_large_image\" \/>\n<meta name=\"twitter:label1\" content=\"Gesch\u00e4tzte Lesezeit\" \/>\n\t<meta name=\"twitter:data1\" content=\"2\u00a0Minuten\" \/>\n<script type=\"application\/ld+json\" class=\"yoast-schema-graph\">{\"@context\":\"https:\\\/\\\/schema.org\",\"@graph\":[{\"@type\":\"WebPage\",\"@id\":\"https:\\\/\\\/www.sv-freiendiez.de\\\/?page_id=4797\",\"url\":\"https:\\\/\\\/www.sv-freiendiez.de\\\/?page_id=4797\",\"name\":\"Ingo Rutz - SV Diez-Freiendiez 1928 e.V.\",\"isPartOf\":{\"@id\":\"https:\\\/\\\/www.sv-freiendiez.de\\\/#website\"},\"primaryImageOfPage\":{\"@id\":\"https:\\\/\\\/www.sv-freiendiez.de\\\/?page_id=4797#primaryimage\"},\"image\":{\"@id\":\"https:\\\/\\\/www.sv-freiendiez.de\\\/?page_id=4797#primaryimage\"},\"thumbnailUrl\":\"https:\\\/\\\/www.sv-freiendiez.de\\\/wp-content\\\/uploads\\\/2025\\\/03\\\/Foto-von-Ingo-Rutz-209x300.jpg\",\"datePublished\":\"2025-03-03T08:53:49+00:00\",\"dateModified\":\"2025-03-17T14:50:58+00:00\",\"breadcrumb\":{\"@id\":\"https:\\\/\\\/www.sv-freiendiez.de\\\/?page_id=4797#breadcrumb\"},\"inLanguage\":\"de\",\"potentialAction\":[{\"@type\":\"ReadAction\",\"target\":[\"https:\\\/\\\/www.sv-freiendiez.de\\\/?page_id=4797\"]}]},{\"@type\":\"ImageObject\",\"inLanguage\":\"de\",\"@id\":\"https:\\\/\\\/www.sv-freiendiez.de\\\/?page_id=4797#primaryimage\",\"url\":\"https:\\\/\\\/www.sv-freiendiez.de\\\/wp-content\\\/uploads\\\/2025\\\/03\\\/Foto-von-Ingo-Rutz.jpg\",\"contentUrl\":\"https:\\\/\\\/www.sv-freiendiez.de\\\/wp-content\\\/uploads\\\/2025\\\/03\\\/Foto-von-Ingo-Rutz.jpg\",\"width\":498,\"height\":715},{\"@type\":\"BreadcrumbList\",\"@id\":\"https:\\\/\\\/www.sv-freiendiez.de\\\/?page_id=4797#breadcrumb\",\"itemListElement\":[{\"@type\":\"ListItem\",\"position\":1,\"name\":\"Startseite\",\"item\":\"https:\\\/\\\/www.sv-freiendiez.de\\\/\"},{\"@type\":\"ListItem\",\"position\":2,\"name\":\"Ingo Rutz\"}]},{\"@type\":\"WebSite\",\"@id\":\"https:\\\/\\\/www.sv-freiendiez.de\\\/#website\",\"url\":\"https:\\\/\\\/www.sv-freiendiez.de\\\/\",\"name\":\"SV Diez-Freiendiez 1928 e.V.\",\"description\":\"Sch\u00fctzenverein Diez-Freiendiez 1928 e.V.\",\"publisher\":{\"@id\":\"https:\\\/\\\/www.sv-freiendiez.de\\\/#organization\"},\"potentialAction\":[{\"@type\":\"SearchAction\",\"target\":{\"@type\":\"EntryPoint\",\"urlTemplate\":\"https:\\\/\\\/www.sv-freiendiez.de\\\/?s={search_term_string}\"},\"query-input\":{\"@type\":\"PropertyValueSpecification\",\"valueRequired\":true,\"valueName\":\"search_term_string\"}}],\"inLanguage\":\"de\"},{\"@type\":\"Organization\",\"@id\":\"https:\\\/\\\/www.sv-freiendiez.de\\\/#organization\",\"name\":\"SV Diez-Freiendiez 1928 e.V.\",\"url\":\"https:\\\/\\\/www.sv-freiendiez.de\\\/\",\"logo\":{\"@type\":\"ImageObject\",\"inLanguage\":\"de\",\"@id\":\"https:\\\/\\\/www.sv-freiendiez.de\\\/#\\\/schema\\\/logo\\\/image\\\/\",\"url\":\"https:\\\/\\\/www.sv-freiendiez.de\\\/wp-content\\\/uploads\\\/2016\\\/12\\\/cropped-wappen250.png\",\"contentUrl\":\"https:\\\/\\\/www.sv-freiendiez.de\\\/wp-content\\\/uploads\\\/2016\\\/12\\\/cropped-wappen250.png\",\"width\":250,\"height\":250,\"caption\":\"SV Diez-Freiendiez 1928 e.V.\"},\"image\":{\"@id\":\"https:\\\/\\\/www.sv-freiendiez.de\\\/#\\\/schema\\\/logo\\\/image\\\/\"},\"sameAs\":[\"https:\\\/\\\/www.facebook.com\\\/svfreiendiez\\\/\"]}]}<\/script>\n<!-- \/ Yoast SEO plugin. -->","yoast_head_json":{"title":"Ingo Rutz - SV Diez-Freiendiez 1928 e.V.","robots":{"index":"index","follow":"follow","max-snippet":"max-snippet:-1","max-image-preview":"max-image-preview:large","max-video-preview":"max-video-preview:-1"},"canonical":"https:\/\/www.sv-freiendiez.de\/?page_id=4797","og_locale":"de_DE","og_type":"article","og_title":"Ingo Rutz - SV Diez-Freiendiez 1928 e.V.","og_description":"&nbsp; Ingo schie\u00dft seit 2024 f\u00fcr unseren Verein die Meisterschaften in den Disziplinen Luftpistole, Schnellfeuerpistole .22lang, Schnellfeuerpistole .22 kurz, Sportpistole, Zentralfeuerpistole sowie Standardpistole und verst\u00e4rkt unsere Mannschaften in diesen Disziplinen. Er schie\u00dft bereits seit seinem 12.Lebensjahr. Zun\u00e4chst mit der Sport- und Luftpistole und dann insbesondere mit der Schnellfeuerpistole. In dieser Disziplin hat er bisher auch &hellip; \u201eIngo Rutz\u201c weiterlesen","og_url":"https:\/\/www.sv-freiendiez.de\/?page_id=4797","og_site_name":"SV Diez-Freiendiez 1928 e.V.","article_publisher":"https:\/\/www.facebook.com\/svfreiendiez\/","article_modified_time":"2025-03-17T14:50:58+00:00","og_image":[{"width":498,"height":715,"url":"https:\/\/www.sv-freiendiez.de\/wp-content\/uploads\/2025\/03\/Foto-von-Ingo-Rutz.jpg","type":"image\/jpeg"}],"twitter_card":"summary_large_image","twitter_misc":{"Gesch\u00e4tzte Lesezeit":"2\u00a0Minuten"},"schema":{"@context":"https:\/\/schema.org","@graph":[{"@type":"WebPage","@id":"https:\/\/www.sv-freiendiez.de\/?page_id=4797","url":"https:\/\/www.sv-freiendiez.de\/?page_id=4797","name":"Ingo Rutz - SV Diez-Freiendiez 1928 e.V.","isPartOf":{"@id":"https:\/\/www.sv-freiendiez.de\/#website"},"primaryImageOfPage":{"@id":"https:\/\/www.sv-freiendiez.de\/?page_id=4797#primaryimage"},"image":{"@id":"https:\/\/www.sv-freiendiez.de\/?page_id=4797#primaryimage"},"thumbnailUrl":"https:\/\/www.sv-freiendiez.de\/wp-content\/uploads\/2025\/03\/Foto-von-Ingo-Rutz-209x300.jpg","datePublished":"2025-03-03T08:53:49+00:00","dateModified":"2025-03-17T14:50:58+00:00","breadcrumb":{"@id":"https:\/\/www.sv-freiendiez.de\/?page_id=4797#breadcrumb"},"inLanguage":"de","potentialAction":[{"@type":"ReadAction","target":["https:\/\/www.sv-freiendiez.de\/?page_id=4797"]}]},{"@type":"ImageObject","inLanguage":"de","@id":"https:\/\/www.sv-freiendiez.de\/?page_id=4797#primaryimage","url":"https:\/\/www.sv-freiendiez.de\/wp-content\/uploads\/2025\/03\/Foto-von-Ingo-Rutz.jpg","contentUrl":"https:\/\/www.sv-freiendiez.de\/wp-content\/uploads\/2025\/03\/Foto-von-Ingo-Rutz.jpg","width":498,"height":715},{"@type":"BreadcrumbList","@id":"https:\/\/www.sv-freiendiez.de\/?page_id=4797#breadcrumb","itemListElement":[{"@type":"ListItem","position":1,"name":"Startseite","item":"https:\/\/www.sv-freiendiez.de\/"},{"@type":"ListItem","position":2,"name":"Ingo Rutz"}]},{"@type":"WebSite","@id":"https:\/\/www.sv-freiendiez.de\/#website","url":"https:\/\/www.sv-freiendiez.de\/","name":"SV Diez-Freiendiez 1928 e.V.","description":"Sch\u00fctzenverein Diez-Freiendiez 1928 e.V.","publisher":{"@id":"https:\/\/www.sv-freiendiez.de\/#organization"},"potentialAction":[{"@type":"SearchAction","target":{"@type":"EntryPoint","urlTemplate":"https:\/\/www.sv-freiendiez.de\/?s={search_term_string}"},"query-input":{"@type":"PropertyValueSpecification","valueRequired":true,"valueName":"search_term_string"}}],"inLanguage":"de"},{"@type":"Organization","@id":"https:\/\/www.sv-freiendiez.de\/#organization","name":"SV Diez-Freiendiez 1928 e.V.","url":"https:\/\/www.sv-freiendiez.de\/","logo":{"@type":"ImageObject","inLanguage":"de","@id":"https:\/\/www.sv-freiendiez.de\/#\/schema\/logo\/image\/","url":"https:\/\/www.sv-freiendiez.de\/wp-content\/uploads\/2016\/12\/cropped-wappen250.png","contentUrl":"https:\/\/www.sv-freiendiez.de\/wp-content\/uploads\/2016\/12\/cropped-wappen250.png","width":250,"height":250,"caption":"SV Diez-Freiendiez 1928 e.V."},"image":{"@id":"https:\/\/www.sv-freiendiez.de\/#\/schema\/logo\/image\/"},"sameAs":["https:\/\/www.facebook.com\/svfreiendiez\/"]}]}},"_links":{"self":[{"href":"https:\/\/www.sv-freiendiez.de\/index.php?rest_route=\/wp\/v2\/pages\/4797","targetHints":{"allow":["GET"]}}],"collection":[{"href":"https:\/\/www.sv-freiendiez.de\/index.php?rest_route=\/wp\/v2\/pages"}],"about":[{"href":"https:\/\/www.sv-freiendiez.de\/index.php?rest_route=\/wp\/v2\/types\/page"}],"author":[{"embeddable":true,"href":"https:\/\/www.sv-freiendiez.de\/index.php?rest_route=\/wp\/v2\/users\/1"}],"replies":[{"embeddable":true,"href":"https:\/\/www.sv-freiendiez.de\/index.php?rest_route=%2Fwp%2Fv2%2Fcomments&post=4797"}],"version-history":[{"count":4,"href":"https:\/\/www.sv-freiendiez.de\/index.php?rest_route=\/wp\/v2\/pages\/4797\/revisions"}],"predecessor-version":[{"id":4807,"href":"https:\/\/www.sv-freiendiez.de\/index.php?rest_route=\/wp\/v2\/pages\/4797\/revisions\/4807"}],"wp:attachment":[{"href":"https:\/\/www.sv-freiendiez.de\/index.php?rest_route=%2Fwp%2Fv2%2Fmedia&parent=4797"}],"curies":[{"name":"wp","href":"https:\/\/api.w.org\/{rel}","templated":true}]}}