{"id":3643,"date":"2020-03-10T10:57:22","date_gmt":"2020-03-10T09:57:22","guid":{"rendered":"http:\/\/www.sv-freiendiez.de\/?page_id=3643"},"modified":"2023-08-27T20:17:42","modified_gmt":"2023-08-27T18:17:42","slug":"schuetzenkoenige-senioren","status":"publish","type":"page","link":"https:\/\/www.sv-freiendiez.de\/?page_id=3643","title":{"rendered":"Sch\u00fctzenk\u00f6nige Senioren"},"content":{"rendered":"<p>Die Liste unserer Sch\u00fctzenk\u00f6nige<\/p>\n<table style=\"border-collapse: collapse; width: 100%;\">\n<tbody>\n<tr>\n<td style=\"width: 19.1379%; text-align: center;\">1995<\/td>\n<td style=\"width: 80.8621%;\">M. Rogalski<\/td>\n<\/tr>\n<tr>\n<td style=\"width: 19.1379%; text-align: center;\">1996<\/td>\n<td style=\"width: 80.8621%;\">M. Rogalski<\/td>\n<\/tr>\n<tr>\n<td style=\"width: 19.1379%; text-align: center;\">1997<\/td>\n<td style=\"width: 80.8621%;\">Karl Fachinger<\/td>\n<\/tr>\n<tr>\n<td style=\"width: 19.1379%; text-align: center;\">1998<\/td>\n<td style=\"width: 80.8621%;\">F. Osterheld<\/td>\n<\/tr>\n<tr>\n<td style=\"width: 19.1379%; text-align: center;\">1999<\/td>\n<td style=\"width: 80.8621%;\">Berthold Holzenthal<\/td>\n<\/tr>\n<tr>\n<td style=\"width: 19.1379%; text-align: center;\">2000<\/td>\n<td style=\"width: 80.8621%;\">Heiko Langenst\u00fcck<\/td>\n<\/tr>\n<tr>\n<td style=\"width: 19.1379%; text-align: center;\">2001<\/td>\n<td style=\"width: 80.8621%;\">Edgar Malz<\/td>\n<\/tr>\n<tr>\n<td style=\"width: 19.1379%; text-align: center;\">2002<\/td>\n<td style=\"width: 80.8621%;\">Edgar Malz<\/td>\n<\/tr>\n<tr>\n<td style=\"width: 19.1379%; text-align: center;\">2003<\/td>\n<td style=\"width: 80.8621%;\">M. Rogalski<\/td>\n<\/tr>\n<tr>\n<td style=\"width: 19.1379%; text-align: center;\">2004<\/td>\n<td style=\"width: 80.8621%;\">J. Wexler<\/td>\n<\/tr>\n<tr>\n<td style=\"width: 19.1379%; text-align: center;\">2005<\/td>\n<td style=\"width: 80.8621%;\">Ivo Ivanov<\/td>\n<\/tr>\n<tr>\n<td style=\"width: 19.1379%; text-align: center;\">2006<\/td>\n<td style=\"width: 80.8621%;\">H. Strudlek<\/td>\n<\/tr>\n<tr>\n<td style=\"width: 19.1379%; text-align: center;\">2007<\/td>\n<td style=\"width: 80.8621%;\">U. Christ<\/td>\n<\/tr>\n<tr>\n<td style=\"width: 19.1379%; text-align: center;\">2008<\/td>\n<td style=\"width: 80.8621%;\">Holger L\u00f6ber<\/td>\n<\/tr>\n<tr>\n<td style=\"width: 19.1379%; text-align: center;\">2009<\/td>\n<td style=\"width: 80.8621%;\">J. Wexler<\/td>\n<\/tr>\n<tr>\n<td style=\"width: 19.1379%; text-align: center;\">2010<\/td>\n<td style=\"width: 80.8621%;\">Andreas Micke<\/td>\n<\/tr>\n<tr>\n<td style=\"width: 19.1379%; text-align: center;\">2011<\/td>\n<td style=\"width: 80.8621%;\">Manfred Bender<\/td>\n<\/tr>\n<tr>\n<td style=\"width: 19.1379%; text-align: center;\">2012<\/td>\n<td style=\"width: 80.8621%;\">Berthold Sch\u00e4ffthaler<\/td>\n<\/tr>\n<tr>\n<td style=\"width: 19.1379%; text-align: center;\">2013<\/td>\n<td style=\"width: 80.8621%;\">Wilhelm Schmidt<\/td>\n<\/tr>\n<tr>\n<td style=\"width: 19.1379%; text-align: center;\">2014<\/td>\n<td style=\"width: 80.8621%;\">Manfred Tremper<\/td>\n<\/tr>\n<tr>\n<td style=\"width: 19.1379%; text-align: center;\">2015<\/td>\n<td style=\"width: 80.8621%;\">Holger L\u00f6ber<\/td>\n<\/tr>\n<tr>\n<td style=\"width: 19.1379%; text-align: center;\">2016<\/td>\n<td style=\"width: 80.8621%;\">Marc Staufenbiel<\/td>\n<\/tr>\n<tr>\n<td style=\"width: 19.1379%; text-align: center;\">2017<\/td>\n<td style=\"width: 80.8621%;\">Marc Staufenbiel<\/td>\n<\/tr>\n<tr>\n<td style=\"width: 19.1379%; text-align: center;\">2018<\/td>\n<td style=\"width: 80.8621%;\">Ivo Ivanov<\/td>\n<\/tr>\n<tr>\n<td style=\"width: 19.1379%; text-align: center;\">2019<\/td>\n<td style=\"width: 80.8621%;\">Manfred Bender<\/td>\n<\/tr>\n<tr>\n<td style=\"width: 19.1379%; text-align: center;\">2020<\/td>\n<td style=\"width: 80.8621%;\">Corona bedingt kein K\u00f6nigschie\u00dfen<\/td>\n<\/tr>\n<tr>\n<td style=\"width: 19.1379%; text-align: center;\">2021<\/td>\n<td style=\"width: 80.8621%;\">Corona bedingt kein K\u00f6nigschie\u00dfen<\/td>\n<\/tr>\n<tr>\n<td style=\"width: 19.1379%; text-align: center;\">2022<\/td>\n<td style=\"width: 80.8621%;\">Ivo Ivanov<\/td>\n<\/tr>\n<tr>\n<td style=\"width: 19.1379%; text-align: center;\">2023<\/td>\n<td style=\"width: 80.8621%;\">Karin Tietze<\/td>\n<\/tr>\n<\/tbody>\n<\/table>\n","protected":false},"excerpt":{"rendered":"<p>Die Liste unserer Sch\u00fctzenk\u00f6nige 1995 M. Rogalski 1996 M. Rogalski 1997 Karl Fachinger 1998 F. Osterheld 1999 Berthold Holzenthal 2000 Heiko Langenst\u00fcck 2001 Edgar Malz 2002 Edgar Malz 2003 M. Rogalski 2004 J. Wexler 2005 Ivo Ivanov 2006 H. Strudlek 2007 U. Christ 2008 Holger L\u00f6ber 2009 J. Wexler 2010 Andreas Micke 2011 Manfred Bender &hellip; <\/p>\n<p class=\"link-more\"><a href=\"https:\/\/www.sv-freiendiez.de\/?page_id=3643\" class=\"more-link\"><span class=\"screen-reader-text\">\u201eSch\u00fctzenk\u00f6nige Senioren\u201c<\/span> weiterlesen<\/a><\/p>\n","protected":false},"author":1,"featured_media":0,"parent":0,"menu_order":0,"comment_status":"closed","ping_status":"closed","template":"","meta":{"ngg_post_thumbnail":0,"footnotes":""},"class_list":["post-3643","page","type-page","status-publish","hentry"],"yoast_head":"<!-- This site is optimized with the Yoast SEO plugin v27.4 - https:\/\/yoast.com\/product\/yoast-seo-wordpress\/ -->\n<title>Sch\u00fctzenk\u00f6nige Senioren - SV Diez-Freiendiez 1928 e.V.<\/title>\n<meta name=\"robots\" content=\"index, follow, max-snippet:-1, max-image-preview:large, max-video-preview:-1\" \/>\n<link rel=\"canonical\" href=\"https:\/\/www.sv-freiendiez.de\/?page_id=3643\" \/>\n<meta property=\"og:locale\" content=\"de_DE\" \/>\n<meta property=\"og:type\" content=\"article\" \/>\n<meta property=\"og:title\" content=\"Sch\u00fctzenk\u00f6nige Senioren - SV Diez-Freiendiez 1928 e.V.\" \/>\n<meta property=\"og:description\" content=\"Die Liste unserer Sch\u00fctzenk\u00f6nige 1995 M. Rogalski 1996 M. Rogalski 1997 Karl Fachinger 1998 F. Osterheld 1999 Berthold Holzenthal 2000 Heiko Langenst\u00fcck 2001 Edgar Malz 2002 Edgar Malz 2003 M. Rogalski 2004 J. Wexler 2005 Ivo Ivanov 2006 H. Strudlek 2007 U. Christ 2008 Holger L\u00f6ber 2009 J. Wexler 2010 Andreas Micke 2011 Manfred Bender &hellip; \u201eSch\u00fctzenk\u00f6nige Senioren\u201c weiterlesen\" \/>\n<meta property=\"og:url\" content=\"https:\/\/www.sv-freiendiez.de\/?page_id=3643\" \/>\n<meta property=\"og:site_name\" content=\"SV Diez-Freiendiez 1928 e.V.\" \/>\n<meta property=\"article:publisher\" content=\"https:\/\/www.facebook.com\/svfreiendiez\/\" \/>\n<meta property=\"article:modified_time\" content=\"2023-08-27T18:17:42+00:00\" \/>\n<meta name=\"twitter:card\" content=\"summary_large_image\" \/>\n<meta name=\"twitter:label1\" content=\"Gesch\u00e4tzte Lesezeit\" \/>\n\t<meta name=\"twitter:data1\" content=\"1\u00a0Minute\" \/>\n<script type=\"application\/ld+json\" class=\"yoast-schema-graph\">{\"@context\":\"https:\\\/\\\/schema.org\",\"@graph\":[{\"@type\":\"WebPage\",\"@id\":\"https:\\\/\\\/www.sv-freiendiez.de\\\/?page_id=3643\",\"url\":\"https:\\\/\\\/www.sv-freiendiez.de\\\/?page_id=3643\",\"name\":\"Sch\u00fctzenk\u00f6nige Senioren - SV Diez-Freiendiez 1928 e.V.\",\"isPartOf\":{\"@id\":\"https:\\\/\\\/www.sv-freiendiez.de\\\/#website\"},\"datePublished\":\"2020-03-10T09:57:22+00:00\",\"dateModified\":\"2023-08-27T18:17:42+00:00\",\"breadcrumb\":{\"@id\":\"https:\\\/\\\/www.sv-freiendiez.de\\\/?page_id=3643#breadcrumb\"},\"inLanguage\":\"de\",\"potentialAction\":[{\"@type\":\"ReadAction\",\"target\":[\"https:\\\/\\\/www.sv-freiendiez.de\\\/?page_id=3643\"]}]},{\"@type\":\"BreadcrumbList\",\"@id\":\"https:\\\/\\\/www.sv-freiendiez.de\\\/?page_id=3643#breadcrumb\",\"itemListElement\":[{\"@type\":\"ListItem\",\"position\":1,\"name\":\"Startseite\",\"item\":\"https:\\\/\\\/www.sv-freiendiez.de\\\/\"},{\"@type\":\"ListItem\",\"position\":2,\"name\":\"Sch\u00fctzenk\u00f6nige Senioren\"}]},{\"@type\":\"WebSite\",\"@id\":\"https:\\\/\\\/www.sv-freiendiez.de\\\/#website\",\"url\":\"https:\\\/\\\/www.sv-freiendiez.de\\\/\",\"name\":\"SV Diez-Freiendiez 1928 e.V.\",\"description\":\"Sch\u00fctzenverein Diez-Freiendiez 1928 e.V.\",\"publisher\":{\"@id\":\"https:\\\/\\\/www.sv-freiendiez.de\\\/#organization\"},\"potentialAction\":[{\"@type\":\"SearchAction\",\"target\":{\"@type\":\"EntryPoint\",\"urlTemplate\":\"https:\\\/\\\/www.sv-freiendiez.de\\\/?s={search_term_string}\"},\"query-input\":{\"@type\":\"PropertyValueSpecification\",\"valueRequired\":true,\"valueName\":\"search_term_string\"}}],\"inLanguage\":\"de\"},{\"@type\":\"Organization\",\"@id\":\"https:\\\/\\\/www.sv-freiendiez.de\\\/#organization\",\"name\":\"SV Diez-Freiendiez 1928 e.V.\",\"url\":\"https:\\\/\\\/www.sv-freiendiez.de\\\/\",\"logo\":{\"@type\":\"ImageObject\",\"inLanguage\":\"de\",\"@id\":\"https:\\\/\\\/www.sv-freiendiez.de\\\/#\\\/schema\\\/logo\\\/image\\\/\",\"url\":\"https:\\\/\\\/www.sv-freiendiez.de\\\/wp-content\\\/uploads\\\/2016\\\/12\\\/cropped-wappen250.png\",\"contentUrl\":\"https:\\\/\\\/www.sv-freiendiez.de\\\/wp-content\\\/uploads\\\/2016\\\/12\\\/cropped-wappen250.png\",\"width\":250,\"height\":250,\"caption\":\"SV Diez-Freiendiez 1928 e.V.\"},\"image\":{\"@id\":\"https:\\\/\\\/www.sv-freiendiez.de\\\/#\\\/schema\\\/logo\\\/image\\\/\"},\"sameAs\":[\"https:\\\/\\\/www.facebook.com\\\/svfreiendiez\\\/\"]}]}<\/script>\n<!-- \/ Yoast SEO plugin. -->","yoast_head_json":{"title":"Sch\u00fctzenk\u00f6nige Senioren - SV Diez-Freiendiez 1928 e.V.","robots":{"index":"index","follow":"follow","max-snippet":"max-snippet:-1","max-image-preview":"max-image-preview:large","max-video-preview":"max-video-preview:-1"},"canonical":"https:\/\/www.sv-freiendiez.de\/?page_id=3643","og_locale":"de_DE","og_type":"article","og_title":"Sch\u00fctzenk\u00f6nige Senioren - SV Diez-Freiendiez 1928 e.V.","og_description":"Die Liste unserer Sch\u00fctzenk\u00f6nige 1995 M. Rogalski 1996 M. Rogalski 1997 Karl Fachinger 1998 F. Osterheld 1999 Berthold Holzenthal 2000 Heiko Langenst\u00fcck 2001 Edgar Malz 2002 Edgar Malz 2003 M. Rogalski 2004 J. Wexler 2005 Ivo Ivanov 2006 H. Strudlek 2007 U. Christ 2008 Holger L\u00f6ber 2009 J. Wexler 2010 Andreas Micke 2011 Manfred Bender &hellip; \u201eSch\u00fctzenk\u00f6nige Senioren\u201c weiterlesen","og_url":"https:\/\/www.sv-freiendiez.de\/?page_id=3643","og_site_name":"SV Diez-Freiendiez 1928 e.V.","article_publisher":"https:\/\/www.facebook.com\/svfreiendiez\/","article_modified_time":"2023-08-27T18:17:42+00:00","twitter_card":"summary_large_image","twitter_misc":{"Gesch\u00e4tzte Lesezeit":"1\u00a0Minute"},"schema":{"@context":"https:\/\/schema.org","@graph":[{"@type":"WebPage","@id":"https:\/\/www.sv-freiendiez.de\/?page_id=3643","url":"https:\/\/www.sv-freiendiez.de\/?page_id=3643","name":"Sch\u00fctzenk\u00f6nige Senioren - SV Diez-Freiendiez 1928 e.V.","isPartOf":{"@id":"https:\/\/www.sv-freiendiez.de\/#website"},"datePublished":"2020-03-10T09:57:22+00:00","dateModified":"2023-08-27T18:17:42+00:00","breadcrumb":{"@id":"https:\/\/www.sv-freiendiez.de\/?page_id=3643#breadcrumb"},"inLanguage":"de","potentialAction":[{"@type":"ReadAction","target":["https:\/\/www.sv-freiendiez.de\/?page_id=3643"]}]},{"@type":"BreadcrumbList","@id":"https:\/\/www.sv-freiendiez.de\/?page_id=3643#breadcrumb","itemListElement":[{"@type":"ListItem","position":1,"name":"Startseite","item":"https:\/\/www.sv-freiendiez.de\/"},{"@type":"ListItem","position":2,"name":"Sch\u00fctzenk\u00f6nige Senioren"}]},{"@type":"WebSite","@id":"https:\/\/www.sv-freiendiez.de\/#website","url":"https:\/\/www.sv-freiendiez.de\/","name":"SV Diez-Freiendiez 1928 e.V.","description":"Sch\u00fctzenverein Diez-Freiendiez 1928 e.V.","publisher":{"@id":"https:\/\/www.sv-freiendiez.de\/#organization"},"potentialAction":[{"@type":"SearchAction","target":{"@type":"EntryPoint","urlTemplate":"https:\/\/www.sv-freiendiez.de\/?s={search_term_string}"},"query-input":{"@type":"PropertyValueSpecification","valueRequired":true,"valueName":"search_term_string"}}],"inLanguage":"de"},{"@type":"Organization","@id":"https:\/\/www.sv-freiendiez.de\/#organization","name":"SV Diez-Freiendiez 1928 e.V.","url":"https:\/\/www.sv-freiendiez.de\/","logo":{"@type":"ImageObject","inLanguage":"de","@id":"https:\/\/www.sv-freiendiez.de\/#\/schema\/logo\/image\/","url":"https:\/\/www.sv-freiendiez.de\/wp-content\/uploads\/2016\/12\/cropped-wappen250.png","contentUrl":"https:\/\/www.sv-freiendiez.de\/wp-content\/uploads\/2016\/12\/cropped-wappen250.png","width":250,"height":250,"caption":"SV Diez-Freiendiez 1928 e.V."},"image":{"@id":"https:\/\/www.sv-freiendiez.de\/#\/schema\/logo\/image\/"},"sameAs":["https:\/\/www.facebook.com\/svfreiendiez\/"]}]}},"_links":{"self":[{"href":"https:\/\/www.sv-freiendiez.de\/index.php?rest_route=\/wp\/v2\/pages\/3643","targetHints":{"allow":["GET"]}}],"collection":[{"href":"https:\/\/www.sv-freiendiez.de\/index.php?rest_route=\/wp\/v2\/pages"}],"about":[{"href":"https:\/\/www.sv-freiendiez.de\/index.php?rest_route=\/wp\/v2\/types\/page"}],"author":[{"embeddable":true,"href":"https:\/\/www.sv-freiendiez.de\/index.php?rest_route=\/wp\/v2\/users\/1"}],"replies":[{"embeddable":true,"href":"https:\/\/www.sv-freiendiez.de\/index.php?rest_route=%2Fwp%2Fv2%2Fcomments&post=3643"}],"version-history":[{"count":1,"href":"https:\/\/www.sv-freiendiez.de\/index.php?rest_route=\/wp\/v2\/pages\/3643\/revisions"}],"predecessor-version":[{"id":4598,"href":"https:\/\/www.sv-freiendiez.de\/index.php?rest_route=\/wp\/v2\/pages\/3643\/revisions\/4598"}],"wp:attachment":[{"href":"https:\/\/www.sv-freiendiez.de\/index.php?rest_route=%2Fwp%2Fv2%2Fmedia&parent=3643"}],"curies":[{"name":"wp","href":"https:\/\/api.w.org\/{rel}","templated":true}]}}