{"id":3069,"date":"2018-11-19T15:38:05","date_gmt":"2018-11-19T14:38:05","guid":{"rendered":"http:\/\/www.sv-freiendiez.de\/?page_id=3069"},"modified":"2025-03-03T09:39:07","modified_gmt":"2025-03-03T08:39:07","slug":"philipp-sersch","status":"publish","type":"page","link":"https:\/\/www.sv-freiendiez.de\/?page_id=3069","title":{"rendered":"Philipp Sersch"},"content":{"rendered":"<table style=\"border-style: none;\" border=\"1\">\n<tbody>\n<tr>\n<td style=\"border-style: none; vertical-align: top;\">\n<figure id=\"attachment_3072\" aria-describedby=\"caption-attachment-3072\" style=\"width: 180px\" class=\"wp-caption alignleft\"><img loading=\"lazy\" decoding=\"async\" class=\"wp-image-3072 size-full\" src=\"http:\/\/www.sv-freiendiez.de\/wp-content\/uploads\/2018\/11\/web_phillipsersch.png\" alt=\"\" width=\"180\" height=\"249\"><figcaption id=\"caption-attachment-3072\" class=\"wp-caption-text\">Philipp Sersch<\/figcaption><\/figure>\n<p>&nbsp;<\/td>\n<td style=\"border-style: none;\">\n<p style=\"text-align: justify;\">Philipp schie\u00dft schon sehr lange und erfolgreich in verschiedenen Pistolendisziplinen und ist dabei auch schon mehrfach Landesmeister im Rheinischen Sch\u00fctzenbund geworden. Seit seiner Juniorenzeit bis zum Jahre 2015 war er Mitglied im Landeskader Pistole des Rheinischen Sch\u00fctzenbundes in den Disziplinen Luftpistole und Freie Pistole.<\/p>\n<p>Zurzeit ist er auch mit der Luftpistole aktiv und erfolgreich in der 2. Bundesliga West mit der Mannschaft des Polizei Schie\u00dfsport Clubs Dinslaken.<\/p>\n<p>Philipp schie\u00dft ab der Saison 2019 f\u00fcr unseren Verein die Meisterschaften in der Disziplin Standardpistole und Zentralfeuerpistole.<\/td>\n<\/tr>\n<\/tbody>\n<\/table>\n<table border=\"0\">\n<tbody>\n<tr>\n<td><strong>Jahrgang:<\/strong><\/td>\n<td>1992<\/td>\n<\/tr>\n<tr>\n<td><strong>Familienstand<\/strong><\/td>\n<td>ledig<\/td>\n<\/tr>\n<tr>\n<td><strong>Bisherige \/ <\/strong><br \/>\n<strong>weitere Vereine (DSB):<\/strong><\/td>\n<td>SV Langenfeld<br \/>\nPSSC Dinslaken<br \/>\nSportsch\u00fctzen Speicher<\/td>\n<\/tr>\n<tr>\n<td><strong>Starte in den Disziplinen<\/strong><br \/>\n<strong>(DSB):<\/strong><\/td>\n<td>2.10 10m Luftpistole<br \/>\n2.20 50m Freie Pistole<br \/>\n2.40 25m Sportpistole<br \/>\n2.45 25m Zentralfeuerpistole<br \/>\n2.60 25m Standardpistole<\/td>\n<\/tr>\n<tr>\n<td><strong>Besonders erfolgreich<\/strong><br \/>\n<strong> in der Disziplin (DSB):<\/strong><\/td>\n<td>Luftpistole (2. Bundesliga)<\/td>\n<\/tr>\n<tr>\n<td><strong>Gr\u00f6\u00dfte Erfolge:<\/strong><\/td>\n<td>Mehrfacher Landesmeister in verschiedenen Pistolendisziplinen.<br \/>\n2023 &#8211; Deutscher Meister mit der 1.Mannschaft des SV Diez-Freiendiez in der Disziplin Zentralfeuerpistole.<\/td>\n<\/tr>\n<tr>\n<td><strong>Mitgliedschaft in weiteren Schie\u00dfsport-verb\u00e4nden:<\/strong><\/td>\n<td>keine<\/td>\n<\/tr>\n<\/tbody>\n<\/table>\n<p><a href=\"http:\/\/www.sv-freiendiez.de\/?page_id=3033\">Zur\u00fcck zur \u00dcbersicht der Kadersch\u00fctzen<\/a><\/p>\n","protected":false},"excerpt":{"rendered":"<p>&nbsp; Philipp schie\u00dft schon sehr lange und erfolgreich in verschiedenen Pistolendisziplinen und ist dabei auch schon mehrfach Landesmeister im Rheinischen Sch\u00fctzenbund geworden. Seit seiner Juniorenzeit bis zum Jahre 2015 war er Mitglied im Landeskader Pistole des Rheinischen Sch\u00fctzenbundes in den Disziplinen Luftpistole und Freie Pistole. Zurzeit ist er auch mit der Luftpistole aktiv und erfolgreich &hellip; <\/p>\n<p class=\"link-more\"><a href=\"https:\/\/www.sv-freiendiez.de\/?page_id=3069\" class=\"more-link\"><span class=\"screen-reader-text\">\u201ePhilipp Sersch\u201c<\/span> weiterlesen<\/a><\/p>\n","protected":false},"author":1,"featured_media":0,"parent":0,"menu_order":0,"comment_status":"closed","ping_status":"closed","template":"","meta":{"ngg_post_thumbnail":0,"footnotes":""},"class_list":["post-3069","page","type-page","status-publish","hentry"],"yoast_head":"<!-- This site is optimized with the Yoast SEO plugin v27.4 - https:\/\/yoast.com\/product\/yoast-seo-wordpress\/ -->\n<title>Philipp Sersch - SV Diez-Freiendiez 1928 e.V.<\/title>\n<meta name=\"robots\" content=\"index, follow, max-snippet:-1, max-image-preview:large, max-video-preview:-1\" \/>\n<link rel=\"canonical\" href=\"https:\/\/www.sv-freiendiez.de\/?page_id=3069\" \/>\n<meta property=\"og:locale\" content=\"de_DE\" \/>\n<meta property=\"og:type\" content=\"article\" \/>\n<meta property=\"og:title\" content=\"Philipp Sersch - SV Diez-Freiendiez 1928 e.V.\" \/>\n<meta property=\"og:description\" content=\"&nbsp; Philipp schie\u00dft schon sehr lange und erfolgreich in verschiedenen Pistolendisziplinen und ist dabei auch schon mehrfach Landesmeister im Rheinischen Sch\u00fctzenbund geworden. Seit seiner Juniorenzeit bis zum Jahre 2015 war er Mitglied im Landeskader Pistole des Rheinischen Sch\u00fctzenbundes in den Disziplinen Luftpistole und Freie Pistole. Zurzeit ist er auch mit der Luftpistole aktiv und erfolgreich &hellip; \u201ePhilipp Sersch\u201c weiterlesen\" \/>\n<meta property=\"og:url\" content=\"https:\/\/www.sv-freiendiez.de\/?page_id=3069\" \/>\n<meta property=\"og:site_name\" content=\"SV Diez-Freiendiez 1928 e.V.\" \/>\n<meta property=\"article:publisher\" content=\"https:\/\/www.facebook.com\/svfreiendiez\/\" \/>\n<meta property=\"article:modified_time\" content=\"2025-03-03T08:39:07+00:00\" \/>\n<meta property=\"og:image\" content=\"https:\/\/www.sv-freiendiez.de\/wp-content\/uploads\/2018\/11\/web_phillipsersch.png\" \/>\n\t<meta property=\"og:image:width\" content=\"180\" \/>\n\t<meta property=\"og:image:height\" content=\"249\" \/>\n\t<meta property=\"og:image:type\" content=\"image\/png\" \/>\n<meta name=\"twitter:card\" content=\"summary_large_image\" \/>\n<meta name=\"twitter:label1\" content=\"Gesch\u00e4tzte Lesezeit\" \/>\n\t<meta name=\"twitter:data1\" content=\"2\u00a0Minuten\" \/>\n<script type=\"application\/ld+json\" class=\"yoast-schema-graph\">{\"@context\":\"https:\\\/\\\/schema.org\",\"@graph\":[{\"@type\":\"WebPage\",\"@id\":\"https:\\\/\\\/www.sv-freiendiez.de\\\/?page_id=3069\",\"url\":\"https:\\\/\\\/www.sv-freiendiez.de\\\/?page_id=3069\",\"name\":\"Philipp Sersch - SV Diez-Freiendiez 1928 e.V.\",\"isPartOf\":{\"@id\":\"https:\\\/\\\/www.sv-freiendiez.de\\\/#website\"},\"primaryImageOfPage\":{\"@id\":\"https:\\\/\\\/www.sv-freiendiez.de\\\/?page_id=3069#primaryimage\"},\"image\":{\"@id\":\"https:\\\/\\\/www.sv-freiendiez.de\\\/?page_id=3069#primaryimage\"},\"thumbnailUrl\":\"http:\\\/\\\/www.sv-freiendiez.de\\\/wp-content\\\/uploads\\\/2018\\\/11\\\/web_phillipsersch.png\",\"datePublished\":\"2018-11-19T14:38:05+00:00\",\"dateModified\":\"2025-03-03T08:39:07+00:00\",\"breadcrumb\":{\"@id\":\"https:\\\/\\\/www.sv-freiendiez.de\\\/?page_id=3069#breadcrumb\"},\"inLanguage\":\"de\",\"potentialAction\":[{\"@type\":\"ReadAction\",\"target\":[\"https:\\\/\\\/www.sv-freiendiez.de\\\/?page_id=3069\"]}]},{\"@type\":\"ImageObject\",\"inLanguage\":\"de\",\"@id\":\"https:\\\/\\\/www.sv-freiendiez.de\\\/?page_id=3069#primaryimage\",\"url\":\"https:\\\/\\\/www.sv-freiendiez.de\\\/wp-content\\\/uploads\\\/2018\\\/11\\\/web_phillipsersch.png\",\"contentUrl\":\"https:\\\/\\\/www.sv-freiendiez.de\\\/wp-content\\\/uploads\\\/2018\\\/11\\\/web_phillipsersch.png\",\"width\":180,\"height\":249,\"caption\":\"Philipp Sersch\"},{\"@type\":\"BreadcrumbList\",\"@id\":\"https:\\\/\\\/www.sv-freiendiez.de\\\/?page_id=3069#breadcrumb\",\"itemListElement\":[{\"@type\":\"ListItem\",\"position\":1,\"name\":\"Startseite\",\"item\":\"https:\\\/\\\/www.sv-freiendiez.de\\\/\"},{\"@type\":\"ListItem\",\"position\":2,\"name\":\"Philipp Sersch\"}]},{\"@type\":\"WebSite\",\"@id\":\"https:\\\/\\\/www.sv-freiendiez.de\\\/#website\",\"url\":\"https:\\\/\\\/www.sv-freiendiez.de\\\/\",\"name\":\"SV Diez-Freiendiez 1928 e.V.\",\"description\":\"Sch\u00fctzenverein Diez-Freiendiez 1928 e.V.\",\"publisher\":{\"@id\":\"https:\\\/\\\/www.sv-freiendiez.de\\\/#organization\"},\"potentialAction\":[{\"@type\":\"SearchAction\",\"target\":{\"@type\":\"EntryPoint\",\"urlTemplate\":\"https:\\\/\\\/www.sv-freiendiez.de\\\/?s={search_term_string}\"},\"query-input\":{\"@type\":\"PropertyValueSpecification\",\"valueRequired\":true,\"valueName\":\"search_term_string\"}}],\"inLanguage\":\"de\"},{\"@type\":\"Organization\",\"@id\":\"https:\\\/\\\/www.sv-freiendiez.de\\\/#organization\",\"name\":\"SV Diez-Freiendiez 1928 e.V.\",\"url\":\"https:\\\/\\\/www.sv-freiendiez.de\\\/\",\"logo\":{\"@type\":\"ImageObject\",\"inLanguage\":\"de\",\"@id\":\"https:\\\/\\\/www.sv-freiendiez.de\\\/#\\\/schema\\\/logo\\\/image\\\/\",\"url\":\"https:\\\/\\\/www.sv-freiendiez.de\\\/wp-content\\\/uploads\\\/2016\\\/12\\\/cropped-wappen250.png\",\"contentUrl\":\"https:\\\/\\\/www.sv-freiendiez.de\\\/wp-content\\\/uploads\\\/2016\\\/12\\\/cropped-wappen250.png\",\"width\":250,\"height\":250,\"caption\":\"SV Diez-Freiendiez 1928 e.V.\"},\"image\":{\"@id\":\"https:\\\/\\\/www.sv-freiendiez.de\\\/#\\\/schema\\\/logo\\\/image\\\/\"},\"sameAs\":[\"https:\\\/\\\/www.facebook.com\\\/svfreiendiez\\\/\"]}]}<\/script>\n<!-- \/ Yoast SEO plugin. -->","yoast_head_json":{"title":"Philipp Sersch - SV Diez-Freiendiez 1928 e.V.","robots":{"index":"index","follow":"follow","max-snippet":"max-snippet:-1","max-image-preview":"max-image-preview:large","max-video-preview":"max-video-preview:-1"},"canonical":"https:\/\/www.sv-freiendiez.de\/?page_id=3069","og_locale":"de_DE","og_type":"article","og_title":"Philipp Sersch - SV Diez-Freiendiez 1928 e.V.","og_description":"&nbsp; Philipp schie\u00dft schon sehr lange und erfolgreich in verschiedenen Pistolendisziplinen und ist dabei auch schon mehrfach Landesmeister im Rheinischen Sch\u00fctzenbund geworden. Seit seiner Juniorenzeit bis zum Jahre 2015 war er Mitglied im Landeskader Pistole des Rheinischen Sch\u00fctzenbundes in den Disziplinen Luftpistole und Freie Pistole. Zurzeit ist er auch mit der Luftpistole aktiv und erfolgreich &hellip; \u201ePhilipp Sersch\u201c weiterlesen","og_url":"https:\/\/www.sv-freiendiez.de\/?page_id=3069","og_site_name":"SV Diez-Freiendiez 1928 e.V.","article_publisher":"https:\/\/www.facebook.com\/svfreiendiez\/","article_modified_time":"2025-03-03T08:39:07+00:00","og_image":[{"width":180,"height":249,"url":"https:\/\/www.sv-freiendiez.de\/wp-content\/uploads\/2018\/11\/web_phillipsersch.png","type":"image\/png"}],"twitter_card":"summary_large_image","twitter_misc":{"Gesch\u00e4tzte Lesezeit":"2\u00a0Minuten"},"schema":{"@context":"https:\/\/schema.org","@graph":[{"@type":"WebPage","@id":"https:\/\/www.sv-freiendiez.de\/?page_id=3069","url":"https:\/\/www.sv-freiendiez.de\/?page_id=3069","name":"Philipp Sersch - SV Diez-Freiendiez 1928 e.V.","isPartOf":{"@id":"https:\/\/www.sv-freiendiez.de\/#website"},"primaryImageOfPage":{"@id":"https:\/\/www.sv-freiendiez.de\/?page_id=3069#primaryimage"},"image":{"@id":"https:\/\/www.sv-freiendiez.de\/?page_id=3069#primaryimage"},"thumbnailUrl":"http:\/\/www.sv-freiendiez.de\/wp-content\/uploads\/2018\/11\/web_phillipsersch.png","datePublished":"2018-11-19T14:38:05+00:00","dateModified":"2025-03-03T08:39:07+00:00","breadcrumb":{"@id":"https:\/\/www.sv-freiendiez.de\/?page_id=3069#breadcrumb"},"inLanguage":"de","potentialAction":[{"@type":"ReadAction","target":["https:\/\/www.sv-freiendiez.de\/?page_id=3069"]}]},{"@type":"ImageObject","inLanguage":"de","@id":"https:\/\/www.sv-freiendiez.de\/?page_id=3069#primaryimage","url":"https:\/\/www.sv-freiendiez.de\/wp-content\/uploads\/2018\/11\/web_phillipsersch.png","contentUrl":"https:\/\/www.sv-freiendiez.de\/wp-content\/uploads\/2018\/11\/web_phillipsersch.png","width":180,"height":249,"caption":"Philipp Sersch"},{"@type":"BreadcrumbList","@id":"https:\/\/www.sv-freiendiez.de\/?page_id=3069#breadcrumb","itemListElement":[{"@type":"ListItem","position":1,"name":"Startseite","item":"https:\/\/www.sv-freiendiez.de\/"},{"@type":"ListItem","position":2,"name":"Philipp Sersch"}]},{"@type":"WebSite","@id":"https:\/\/www.sv-freiendiez.de\/#website","url":"https:\/\/www.sv-freiendiez.de\/","name":"SV Diez-Freiendiez 1928 e.V.","description":"Sch\u00fctzenverein Diez-Freiendiez 1928 e.V.","publisher":{"@id":"https:\/\/www.sv-freiendiez.de\/#organization"},"potentialAction":[{"@type":"SearchAction","target":{"@type":"EntryPoint","urlTemplate":"https:\/\/www.sv-freiendiez.de\/?s={search_term_string}"},"query-input":{"@type":"PropertyValueSpecification","valueRequired":true,"valueName":"search_term_string"}}],"inLanguage":"de"},{"@type":"Organization","@id":"https:\/\/www.sv-freiendiez.de\/#organization","name":"SV Diez-Freiendiez 1928 e.V.","url":"https:\/\/www.sv-freiendiez.de\/","logo":{"@type":"ImageObject","inLanguage":"de","@id":"https:\/\/www.sv-freiendiez.de\/#\/schema\/logo\/image\/","url":"https:\/\/www.sv-freiendiez.de\/wp-content\/uploads\/2016\/12\/cropped-wappen250.png","contentUrl":"https:\/\/www.sv-freiendiez.de\/wp-content\/uploads\/2016\/12\/cropped-wappen250.png","width":250,"height":250,"caption":"SV Diez-Freiendiez 1928 e.V."},"image":{"@id":"https:\/\/www.sv-freiendiez.de\/#\/schema\/logo\/image\/"},"sameAs":["https:\/\/www.facebook.com\/svfreiendiez\/"]}]}},"_links":{"self":[{"href":"https:\/\/www.sv-freiendiez.de\/index.php?rest_route=\/wp\/v2\/pages\/3069","targetHints":{"allow":["GET"]}}],"collection":[{"href":"https:\/\/www.sv-freiendiez.de\/index.php?rest_route=\/wp\/v2\/pages"}],"about":[{"href":"https:\/\/www.sv-freiendiez.de\/index.php?rest_route=\/wp\/v2\/types\/page"}],"author":[{"embeddable":true,"href":"https:\/\/www.sv-freiendiez.de\/index.php?rest_route=\/wp\/v2\/users\/1"}],"replies":[{"embeddable":true,"href":"https:\/\/www.sv-freiendiez.de\/index.php?rest_route=%2Fwp%2Fv2%2Fcomments&post=3069"}],"version-history":[{"count":2,"href":"https:\/\/www.sv-freiendiez.de\/index.php?rest_route=\/wp\/v2\/pages\/3069\/revisions"}],"predecessor-version":[{"id":4794,"href":"https:\/\/www.sv-freiendiez.de\/index.php?rest_route=\/wp\/v2\/pages\/3069\/revisions\/4794"}],"wp:attachment":[{"href":"https:\/\/www.sv-freiendiez.de\/index.php?rest_route=%2Fwp%2Fv2%2Fmedia&parent=3069"}],"curies":[{"name":"wp","href":"https:\/\/api.w.org\/{rel}","templated":true}]}}