{"id":3064,"date":"2018-11-18T23:23:10","date_gmt":"2018-11-18T22:23:10","guid":{"rendered":"http:\/\/www.sv-freiendiez.de\/?page_id=3064"},"modified":"2025-03-03T09:17:21","modified_gmt":"2025-03-03T08:17:21","slug":"wolfgang-thuenemann","status":"publish","type":"page","link":"https:\/\/www.sv-freiendiez.de\/?page_id=3064","title":{"rendered":"Wolfgang Th\u00fcnemann"},"content":{"rendered":"<table style=\"border-style: none;\" border=\"1\">\n<tbody>\n<tr>\n<td style=\"border-style: none;\">\n<figure id=\"attachment_3065\" aria-describedby=\"caption-attachment-3065\" style=\"width: 180px\" class=\"wp-caption alignleft\"><img loading=\"lazy\" decoding=\"async\" class=\"size-full wp-image-3065\" src=\"http:\/\/www.sv-freiendiez.de\/wp-content\/uploads\/2018\/11\/web_wolfgangthuenemann.png\" alt=\"\" width=\"180\" height=\"320\" srcset=\"https:\/\/www.sv-freiendiez.de\/wp-content\/uploads\/2018\/11\/web_wolfgangthuenemann.png 180w, https:\/\/www.sv-freiendiez.de\/wp-content\/uploads\/2018\/11\/web_wolfgangthuenemann-169x300.png 169w\" sizes=\"auto, (max-width: 180px) 100vw, 180px\" \/><figcaption id=\"caption-attachment-3065\" class=\"wp-caption-text\">Wolfgang Th\u00fcnemann<\/figcaption><\/figure>\n<p>&nbsp;<\/td>\n<td style=\"border-style: none; text-align: justify;\">Wolfgang schie\u00dft schon sehr lange, vielseitig und erfolgreich die verschiedensten Gewehr- und Pistolendisziplinen (siehe Steckbrief). Er war bereits in der Sch\u00fclerklasse mit der Luftpistole Deutscher Meister und Rekordhalter und hat auch bei internationalen Meisterschaften anderer Schie\u00dfsportverb\u00e4nde nationale Titel und vordere internationale \u201eTreppchenpl\u00e4tze\u201c errungen.<\/p>\n<p>Er war auch schon mehrere Jahre als Trainer f\u00fcr den Schnellfeuerkader des Rheinischen Sch\u00fctzenbundes im Einsatz.<\/p>\n<p>Wolfgang schie\u00dft ab der Saison 2019 f\u00fcr unseren Verein die Meisterschaften in den Disziplinen Zentralfeuerpistole und Standardpistole.<\/td>\n<\/tr>\n<\/tbody>\n<\/table>\n<table style=\"width: 579px;\" border=\"0\">\n<tbody>\n<tr>\n<td style=\"width: 122px;\"><strong>Jahrgang:<\/strong><\/td>\n<td style=\"width: 457px;\">1969<\/td>\n<\/tr>\n<tr>\n<td style=\"width: 122px;\"><strong>Familienstand<\/strong><\/td>\n<td style=\"width: 457px;\">geschieden<\/td>\n<\/tr>\n<tr>\n<td style=\"width: 122px;\"><strong>Bisherige \/ <\/strong><br \/>\n<strong>weitere Vereine (DSB):<\/strong><\/td>\n<td style=\"width: 457px;\">DJK Bettingen<br \/>\nSuSC M\u00fcllenborn<br \/>\nSt. Seb. Bitburg<br \/>\nSV Geratal Elxleben<br \/>\nSPS Speicher<\/td>\n<\/tr>\n<tr>\n<td style=\"width: 122px;\"><strong>Starte in den Disziplinen<\/strong><br \/>\n<strong>(DSB):<\/strong><\/td>\n<td style=\"width: 457px;\" width=\"522\">1.98 (RH) Unterhebelrepetierer .22 l.r.<br \/>\n1.99 (RH) Unterhebelrepetierer GK<br \/>\n2.10 10m Luftpistole<br \/>\n2.16 10m mehrsch\u00fcssige Luftpistole<br \/>\n2.17 10m Luftpistole Mehrkampf<br \/>\n2.18 10m Luftpistole Standard<br \/>\n2.20 50m Freie Pistole<br \/>\n2.30 25m Schnellfeuerpistole<br \/>\n2.32 (RH) 25m Schnellfeuerpistole .22 kurz<br \/>\n2.40 25m Sportpistole<br \/>\n2.45 25m Zentralfeuerpistole<br \/>\n2.53 25m Pistole 9mm Luger<br \/>\n2.55 25m Revolver .357 Magnum<br \/>\n2.58 25m Revolver .44 Magnum<br \/>\n2.59 25m Pistole .45 ACP, .357<br \/>\n2.60 25m Standardpistole<\/td>\n<\/tr>\n<tr>\n<td style=\"width: 122px;\"><strong>Besonders erfolgreich<\/strong><br \/>\n<strong> in der Disziplin (DSB):<\/strong><\/td>\n<td style=\"width: 457px;\">2.10 10m Luftpistole<br \/>\n2.30 25m Schnellfeuerpistole<br \/>\n2.45 25m Zentralfeuerpistole<br \/>\n2.60 25m Standardpistole<\/td>\n<\/tr>\n<tr>\n<td style=\"width: 122px;\"><strong>Gr\u00f6\u00dfte Erfolge:<\/strong><\/td>\n<td style=\"width: 457px;\">2. Platz bei der internationalen FICEP Meisterschaft in Stra\u00dfburg\/Fr (WM der Historischen Vereine) in LuPi.<\/p>\n<p>Deutscher Rekord Luftpistole Sch\u00fclerklasse (lang lang ist es her)<\/p>\n<p>2023 \u2013 Deutscher Vizemeister mit der 2.Mannschaft des SV Diez-Freiendiez in der Disziplin Zentralfeuerpistole.<\/p>\n<p>BDMP: WM Long Range: 8. Platz, Teilnehmer WM IPSC+PP1+2+1500, EM Long Range und EM IPSC+PP1+2+1500, vielfacher Deutscher Meister in den Disziplinen Long Range, LAR1+2, ZG4 und 4 modifiziert<\/td>\n<\/tr>\n<tr>\n<td style=\"width: 122px;\"><strong>Mitgliedschaft in weiteren Schie\u00dfsport-verb\u00e4nden:<\/strong><\/td>\n<td style=\"width: 457px;\">fr\u00fcher DSB und BDMP, seit 2016 nur noch DSB und seit 2023 auch BDS<\/td>\n<\/tr>\n<tr>\n<td style=\"width: 122px;\"><strong>Wie begeistere ich andere f\u00fcr den Schie\u00dfsport:<\/strong><\/td>\n<td style=\"width: 457px;\">durch Kameradschaft und Geselligkeit im Verein und Spa\u00df an der Pr\u00e4zision und der Leidenschaft ein Ziel zu erreichen. Steigerung der Konzentrationsf\u00e4higkeit und K\u00f6rpergef\u00fchl.<\/td>\n<\/tr>\n<\/tbody>\n<\/table>\n<p><a href=\"http:\/\/www.sv-freiendiez.de\/?page_id=3033\">Zur\u00fcck zur \u00dcbersicht der Kadersch\u00fctzen<\/a><\/p>\n","protected":false},"excerpt":{"rendered":"<p>&nbsp; Wolfgang schie\u00dft schon sehr lange, vielseitig und erfolgreich die verschiedensten Gewehr- und Pistolendisziplinen (siehe Steckbrief). Er war bereits in der Sch\u00fclerklasse mit der Luftpistole Deutscher Meister und Rekordhalter und hat auch bei internationalen Meisterschaften anderer Schie\u00dfsportverb\u00e4nde nationale Titel und vordere internationale \u201eTreppchenpl\u00e4tze\u201c errungen. Er war auch schon mehrere Jahre als Trainer f\u00fcr den Schnellfeuerkader &hellip; <\/p>\n<p class=\"link-more\"><a href=\"https:\/\/www.sv-freiendiez.de\/?page_id=3064\" class=\"more-link\"><span class=\"screen-reader-text\">\u201eWolfgang Th\u00fcnemann\u201c<\/span> weiterlesen<\/a><\/p>\n","protected":false},"author":1,"featured_media":0,"parent":0,"menu_order":0,"comment_status":"closed","ping_status":"closed","template":"","meta":{"ngg_post_thumbnail":0,"footnotes":""},"class_list":["post-3064","page","type-page","status-publish","hentry"],"yoast_head":"<!-- This site is optimized with the Yoast SEO plugin v27.4 - https:\/\/yoast.com\/product\/yoast-seo-wordpress\/ -->\n<title>Wolfgang Th\u00fcnemann - SV Diez-Freiendiez 1928 e.V.<\/title>\n<meta name=\"robots\" content=\"index, follow, max-snippet:-1, max-image-preview:large, max-video-preview:-1\" \/>\n<link rel=\"canonical\" href=\"https:\/\/www.sv-freiendiez.de\/?page_id=3064\" \/>\n<meta property=\"og:locale\" content=\"de_DE\" \/>\n<meta property=\"og:type\" content=\"article\" \/>\n<meta property=\"og:title\" content=\"Wolfgang Th\u00fcnemann - SV Diez-Freiendiez 1928 e.V.\" \/>\n<meta property=\"og:description\" content=\"&nbsp; Wolfgang schie\u00dft schon sehr lange, vielseitig und erfolgreich die verschiedensten Gewehr- und Pistolendisziplinen (siehe Steckbrief). Er war bereits in der Sch\u00fclerklasse mit der Luftpistole Deutscher Meister und Rekordhalter und hat auch bei internationalen Meisterschaften anderer Schie\u00dfsportverb\u00e4nde nationale Titel und vordere internationale \u201eTreppchenpl\u00e4tze\u201c errungen. Er war auch schon mehrere Jahre als Trainer f\u00fcr den Schnellfeuerkader &hellip; \u201eWolfgang Th\u00fcnemann\u201c weiterlesen\" \/>\n<meta property=\"og:url\" content=\"https:\/\/www.sv-freiendiez.de\/?page_id=3064\" \/>\n<meta property=\"og:site_name\" content=\"SV Diez-Freiendiez 1928 e.V.\" \/>\n<meta property=\"article:publisher\" content=\"https:\/\/www.facebook.com\/svfreiendiez\/\" \/>\n<meta property=\"article:modified_time\" content=\"2025-03-03T08:17:21+00:00\" \/>\n<meta property=\"og:image\" content=\"https:\/\/www.sv-freiendiez.de\/wp-content\/uploads\/2018\/11\/web_wolfgangthuenemann.png\" \/>\n\t<meta property=\"og:image:width\" content=\"180\" \/>\n\t<meta property=\"og:image:height\" content=\"320\" \/>\n\t<meta property=\"og:image:type\" content=\"image\/png\" \/>\n<meta name=\"twitter:card\" content=\"summary_large_image\" \/>\n<meta name=\"twitter:label1\" content=\"Gesch\u00e4tzte Lesezeit\" \/>\n\t<meta name=\"twitter:data1\" content=\"2\u00a0Minuten\" \/>\n<script type=\"application\/ld+json\" class=\"yoast-schema-graph\">{\"@context\":\"https:\\\/\\\/schema.org\",\"@graph\":[{\"@type\":\"WebPage\",\"@id\":\"https:\\\/\\\/www.sv-freiendiez.de\\\/?page_id=3064\",\"url\":\"https:\\\/\\\/www.sv-freiendiez.de\\\/?page_id=3064\",\"name\":\"Wolfgang Th\u00fcnemann - SV Diez-Freiendiez 1928 e.V.\",\"isPartOf\":{\"@id\":\"https:\\\/\\\/www.sv-freiendiez.de\\\/#website\"},\"primaryImageOfPage\":{\"@id\":\"https:\\\/\\\/www.sv-freiendiez.de\\\/?page_id=3064#primaryimage\"},\"image\":{\"@id\":\"https:\\\/\\\/www.sv-freiendiez.de\\\/?page_id=3064#primaryimage\"},\"thumbnailUrl\":\"http:\\\/\\\/www.sv-freiendiez.de\\\/wp-content\\\/uploads\\\/2018\\\/11\\\/web_wolfgangthuenemann.png\",\"datePublished\":\"2018-11-18T22:23:10+00:00\",\"dateModified\":\"2025-03-03T08:17:21+00:00\",\"breadcrumb\":{\"@id\":\"https:\\\/\\\/www.sv-freiendiez.de\\\/?page_id=3064#breadcrumb\"},\"inLanguage\":\"de\",\"potentialAction\":[{\"@type\":\"ReadAction\",\"target\":[\"https:\\\/\\\/www.sv-freiendiez.de\\\/?page_id=3064\"]}]},{\"@type\":\"ImageObject\",\"inLanguage\":\"de\",\"@id\":\"https:\\\/\\\/www.sv-freiendiez.de\\\/?page_id=3064#primaryimage\",\"url\":\"https:\\\/\\\/www.sv-freiendiez.de\\\/wp-content\\\/uploads\\\/2018\\\/11\\\/web_wolfgangthuenemann.png\",\"contentUrl\":\"https:\\\/\\\/www.sv-freiendiez.de\\\/wp-content\\\/uploads\\\/2018\\\/11\\\/web_wolfgangthuenemann.png\",\"width\":180,\"height\":320,\"caption\":\"Wolfgang Th\u00fcnemann\"},{\"@type\":\"BreadcrumbList\",\"@id\":\"https:\\\/\\\/www.sv-freiendiez.de\\\/?page_id=3064#breadcrumb\",\"itemListElement\":[{\"@type\":\"ListItem\",\"position\":1,\"name\":\"Startseite\",\"item\":\"https:\\\/\\\/www.sv-freiendiez.de\\\/\"},{\"@type\":\"ListItem\",\"position\":2,\"name\":\"Wolfgang Th\u00fcnemann\"}]},{\"@type\":\"WebSite\",\"@id\":\"https:\\\/\\\/www.sv-freiendiez.de\\\/#website\",\"url\":\"https:\\\/\\\/www.sv-freiendiez.de\\\/\",\"name\":\"SV Diez-Freiendiez 1928 e.V.\",\"description\":\"Sch\u00fctzenverein Diez-Freiendiez 1928 e.V.\",\"publisher\":{\"@id\":\"https:\\\/\\\/www.sv-freiendiez.de\\\/#organization\"},\"potentialAction\":[{\"@type\":\"SearchAction\",\"target\":{\"@type\":\"EntryPoint\",\"urlTemplate\":\"https:\\\/\\\/www.sv-freiendiez.de\\\/?s={search_term_string}\"},\"query-input\":{\"@type\":\"PropertyValueSpecification\",\"valueRequired\":true,\"valueName\":\"search_term_string\"}}],\"inLanguage\":\"de\"},{\"@type\":\"Organization\",\"@id\":\"https:\\\/\\\/www.sv-freiendiez.de\\\/#organization\",\"name\":\"SV Diez-Freiendiez 1928 e.V.\",\"url\":\"https:\\\/\\\/www.sv-freiendiez.de\\\/\",\"logo\":{\"@type\":\"ImageObject\",\"inLanguage\":\"de\",\"@id\":\"https:\\\/\\\/www.sv-freiendiez.de\\\/#\\\/schema\\\/logo\\\/image\\\/\",\"url\":\"https:\\\/\\\/www.sv-freiendiez.de\\\/wp-content\\\/uploads\\\/2016\\\/12\\\/cropped-wappen250.png\",\"contentUrl\":\"https:\\\/\\\/www.sv-freiendiez.de\\\/wp-content\\\/uploads\\\/2016\\\/12\\\/cropped-wappen250.png\",\"width\":250,\"height\":250,\"caption\":\"SV Diez-Freiendiez 1928 e.V.\"},\"image\":{\"@id\":\"https:\\\/\\\/www.sv-freiendiez.de\\\/#\\\/schema\\\/logo\\\/image\\\/\"},\"sameAs\":[\"https:\\\/\\\/www.facebook.com\\\/svfreiendiez\\\/\"]}]}<\/script>\n<!-- \/ Yoast SEO plugin. -->","yoast_head_json":{"title":"Wolfgang Th\u00fcnemann - SV Diez-Freiendiez 1928 e.V.","robots":{"index":"index","follow":"follow","max-snippet":"max-snippet:-1","max-image-preview":"max-image-preview:large","max-video-preview":"max-video-preview:-1"},"canonical":"https:\/\/www.sv-freiendiez.de\/?page_id=3064","og_locale":"de_DE","og_type":"article","og_title":"Wolfgang Th\u00fcnemann - SV Diez-Freiendiez 1928 e.V.","og_description":"&nbsp; Wolfgang schie\u00dft schon sehr lange, vielseitig und erfolgreich die verschiedensten Gewehr- und Pistolendisziplinen (siehe Steckbrief). Er war bereits in der Sch\u00fclerklasse mit der Luftpistole Deutscher Meister und Rekordhalter und hat auch bei internationalen Meisterschaften anderer Schie\u00dfsportverb\u00e4nde nationale Titel und vordere internationale \u201eTreppchenpl\u00e4tze\u201c errungen. Er war auch schon mehrere Jahre als Trainer f\u00fcr den Schnellfeuerkader &hellip; \u201eWolfgang Th\u00fcnemann\u201c weiterlesen","og_url":"https:\/\/www.sv-freiendiez.de\/?page_id=3064","og_site_name":"SV Diez-Freiendiez 1928 e.V.","article_publisher":"https:\/\/www.facebook.com\/svfreiendiez\/","article_modified_time":"2025-03-03T08:17:21+00:00","og_image":[{"width":180,"height":320,"url":"https:\/\/www.sv-freiendiez.de\/wp-content\/uploads\/2018\/11\/web_wolfgangthuenemann.png","type":"image\/png"}],"twitter_card":"summary_large_image","twitter_misc":{"Gesch\u00e4tzte Lesezeit":"2\u00a0Minuten"},"schema":{"@context":"https:\/\/schema.org","@graph":[{"@type":"WebPage","@id":"https:\/\/www.sv-freiendiez.de\/?page_id=3064","url":"https:\/\/www.sv-freiendiez.de\/?page_id=3064","name":"Wolfgang Th\u00fcnemann - SV Diez-Freiendiez 1928 e.V.","isPartOf":{"@id":"https:\/\/www.sv-freiendiez.de\/#website"},"primaryImageOfPage":{"@id":"https:\/\/www.sv-freiendiez.de\/?page_id=3064#primaryimage"},"image":{"@id":"https:\/\/www.sv-freiendiez.de\/?page_id=3064#primaryimage"},"thumbnailUrl":"http:\/\/www.sv-freiendiez.de\/wp-content\/uploads\/2018\/11\/web_wolfgangthuenemann.png","datePublished":"2018-11-18T22:23:10+00:00","dateModified":"2025-03-03T08:17:21+00:00","breadcrumb":{"@id":"https:\/\/www.sv-freiendiez.de\/?page_id=3064#breadcrumb"},"inLanguage":"de","potentialAction":[{"@type":"ReadAction","target":["https:\/\/www.sv-freiendiez.de\/?page_id=3064"]}]},{"@type":"ImageObject","inLanguage":"de","@id":"https:\/\/www.sv-freiendiez.de\/?page_id=3064#primaryimage","url":"https:\/\/www.sv-freiendiez.de\/wp-content\/uploads\/2018\/11\/web_wolfgangthuenemann.png","contentUrl":"https:\/\/www.sv-freiendiez.de\/wp-content\/uploads\/2018\/11\/web_wolfgangthuenemann.png","width":180,"height":320,"caption":"Wolfgang Th\u00fcnemann"},{"@type":"BreadcrumbList","@id":"https:\/\/www.sv-freiendiez.de\/?page_id=3064#breadcrumb","itemListElement":[{"@type":"ListItem","position":1,"name":"Startseite","item":"https:\/\/www.sv-freiendiez.de\/"},{"@type":"ListItem","position":2,"name":"Wolfgang Th\u00fcnemann"}]},{"@type":"WebSite","@id":"https:\/\/www.sv-freiendiez.de\/#website","url":"https:\/\/www.sv-freiendiez.de\/","name":"SV Diez-Freiendiez 1928 e.V.","description":"Sch\u00fctzenverein Diez-Freiendiez 1928 e.V.","publisher":{"@id":"https:\/\/www.sv-freiendiez.de\/#organization"},"potentialAction":[{"@type":"SearchAction","target":{"@type":"EntryPoint","urlTemplate":"https:\/\/www.sv-freiendiez.de\/?s={search_term_string}"},"query-input":{"@type":"PropertyValueSpecification","valueRequired":true,"valueName":"search_term_string"}}],"inLanguage":"de"},{"@type":"Organization","@id":"https:\/\/www.sv-freiendiez.de\/#organization","name":"SV Diez-Freiendiez 1928 e.V.","url":"https:\/\/www.sv-freiendiez.de\/","logo":{"@type":"ImageObject","inLanguage":"de","@id":"https:\/\/www.sv-freiendiez.de\/#\/schema\/logo\/image\/","url":"https:\/\/www.sv-freiendiez.de\/wp-content\/uploads\/2016\/12\/cropped-wappen250.png","contentUrl":"https:\/\/www.sv-freiendiez.de\/wp-content\/uploads\/2016\/12\/cropped-wappen250.png","width":250,"height":250,"caption":"SV Diez-Freiendiez 1928 e.V."},"image":{"@id":"https:\/\/www.sv-freiendiez.de\/#\/schema\/logo\/image\/"},"sameAs":["https:\/\/www.facebook.com\/svfreiendiez\/"]}]}},"_links":{"self":[{"href":"https:\/\/www.sv-freiendiez.de\/index.php?rest_route=\/wp\/v2\/pages\/3064","targetHints":{"allow":["GET"]}}],"collection":[{"href":"https:\/\/www.sv-freiendiez.de\/index.php?rest_route=\/wp\/v2\/pages"}],"about":[{"href":"https:\/\/www.sv-freiendiez.de\/index.php?rest_route=\/wp\/v2\/types\/page"}],"author":[{"embeddable":true,"href":"https:\/\/www.sv-freiendiez.de\/index.php?rest_route=\/wp\/v2\/users\/1"}],"replies":[{"embeddable":true,"href":"https:\/\/www.sv-freiendiez.de\/index.php?rest_route=%2Fwp%2Fv2%2Fcomments&post=3064"}],"version-history":[{"count":2,"href":"https:\/\/www.sv-freiendiez.de\/index.php?rest_route=\/wp\/v2\/pages\/3064\/revisions"}],"predecessor-version":[{"id":4784,"href":"https:\/\/www.sv-freiendiez.de\/index.php?rest_route=\/wp\/v2\/pages\/3064\/revisions\/4784"}],"wp:attachment":[{"href":"https:\/\/www.sv-freiendiez.de\/index.php?rest_route=%2Fwp%2Fv2%2Fmedia&parent=3064"}],"curies":[{"name":"wp","href":"https:\/\/api.w.org\/{rel}","templated":true}]}}