{"id":3054,"date":"2018-11-16T16:40:22","date_gmt":"2018-11-16T15:40:22","guid":{"rendered":"http:\/\/www.sv-freiendiez.de\/?page_id=3054"},"modified":"2025-03-03T09:32:26","modified_gmt":"2025-03-03T08:32:26","slug":"stefan-decker-2","status":"publish","type":"page","link":"https:\/\/www.sv-freiendiez.de\/?page_id=3054","title":{"rendered":"Stefan Decker"},"content":{"rendered":"<table style=\"border-style: none;\" border=\"1\">\n<tbody>\n<tr>\n<td style=\"border-style: none; vertical-align: top;\">\n<figure id=\"attachment_3055\" aria-describedby=\"caption-attachment-3055\" style=\"width: 180px\" class=\"wp-caption alignleft\"><img loading=\"lazy\" decoding=\"async\" class=\"size-full wp-image-3055\" src=\"http:\/\/www.sv-freiendiez.de\/wp-content\/uploads\/2018\/11\/web_stefandecker.jpg\" alt=\"\" width=\"180\" height=\"185\"><figcaption id=\"caption-attachment-3055\" class=\"wp-caption-text\">Stefan Decker<\/figcaption><\/figure>\n<p>&nbsp;<\/td>\n<td style=\"border-style: none;\">\n<p style=\"text-align: justify;\">Stefan schie\u00dft bereits seit einigen Jahren f\u00fcr unseren Verein die Meisterschaften in der&nbsp;Disziplin&nbsp;Zentralfeuerpistole und ab der&nbsp;Saison 2019 nunmehr auch die Disziplin Standardpistole.<\/p>\n<p style=\"text-align: justify;\">Er war seit seiner Juniorenzeit Mitglied im Landeskader Pistole des Rheinischen Sch\u00fctzenbundes und &#8211; trotz seiner Jugend &#8211; auch schon als Trainer der Schnellfeuersch\u00fctzen des Landeskaders im Einsatz.<\/p>\n<p>Bei internationalen Wettk\u00e4mpfen und Deutschen Meisterschaften hat er bereits &#8222;Treppchenpl\u00e4tze&#8220; mit der Schnellfeuer-,&nbsp; Sport- und Zentralfeuerpistole errungen.<\/td>\n<\/tr>\n<\/tbody>\n<\/table>\n<table border=\"0\">\n<tbody>\n<tr>\n<td><strong>Jahrgang:<\/strong><\/td>\n<td>1993<\/td>\n<\/tr>\n<tr>\n<td><strong>Familienstand<\/strong><\/td>\n<td>ledig<\/td>\n<\/tr>\n<tr>\n<td><strong>Beruf:<\/strong><\/td>\n<td>Data Engineer bei der Alliance Automotive Group<\/td>\n<\/tr>\n<tr>\n<td><strong>Bisherige \/ <\/strong><br \/>\n<strong>weitere Vereine (DSB):<\/strong><\/td>\n<td>Polizei Schie\u00dfsportclub (PSSC) Dinslaken (Heimverein)<br \/>\nSportsch\u00fctzen H\u00fcnxe<br \/>\nSportsch\u00fctzen Speicher<\/td>\n<\/tr>\n<tr>\n<td><strong>Starte in den Disziplinen<\/strong><br \/>\n<strong>(DSB):<\/strong><\/td>\n<td>2.10 Luftpistole<br \/>\n2.30 Schnellfeuerpistole<br \/>\n2.40 Sportpistole<br \/>\n2.45&nbsp; Zentralfeuerpistole<br \/>\n2.60 Standardpistole<\/td>\n<\/tr>\n<tr>\n<td><strong>Besonders erfolgreich<\/strong><br \/>\n<strong> in der Disziplin (DSB):<\/strong><\/td>\n<td>Schnellfeuerpistole und Sportpistole<\/td>\n<\/tr>\n<tr>\n<td><strong>Gr\u00f6\u00dfte Erfolge:<\/strong><\/td>\n<td>3. Platz beim Internationalen Wettkampf in Berlin 2015 mit der Schnellfeuerpistole Einzel (572 Ringe) und<\/p>\n<p>3. Platz mit der Schnellfeuermannschaft der Sportsch\u00fctzen Speicher bei der Deutschen Meisterschaft 2017<\/p>\n<p>3. Platz im Einzel mit der Sportpistole f\u00fcr die Sportsch\u00fctzen Speicher bei der Deutschen Meisterschaft 2022 und<\/p>\n<p>2. Platz mit der Zentralfeuermannschaft des SV Diez-Freiendiez bei der Deutschen Meisterschaft 2023<\/td>\n<\/tr>\n<tr>\n<td><strong>Mitgliedschaft in weiteren Schie\u00dfsport-verb\u00e4nden:<\/strong><\/td>\n<td>keine<\/td>\n<\/tr>\n<tr>\n<td><strong>Hobbys:<\/strong><\/td>\n<td>Schwimmen, Fitness, Essen gehen, Zeit mit Freunden verbringen, Fu\u00dfball<\/td>\n<\/tr>\n<tr>\n<td><strong>Wie begeistere ich andere f\u00fcr den Schie\u00dfsport:<br \/>\n<\/strong><\/td>\n<td style=\"text-align: justify;\">Ich begeistere andere Leute f\u00fcr unseren Sport, indem ich ihnen immer wieder von der notwendigen und einzigartigen Kombination von K\u00f6rper und Geist beim Schie\u00dfen berichte. Besonders die psychische Herausforderung f\u00fcr den Geist ist in diesem Umfang bei nur sehr wenigen anderen Sportarten vorhanden, sodass das Schie\u00dfen eine einzigartige Herausforderung f\u00fcr die meisten Personen bedeutet. Ein anderer wichtiger Aspekt ist f\u00fcr mich immer der gesellschaftliche und soziale Aspekt in den Vereinen. \u00dcber das gemeinsame Hobby kommt man sehr schnell mit anderen Personen in Kontakt und besonders unter den Sch\u00fctzen herrscht immer ein sehr positives Klima, sodass sehr schnell enge Beziehungen und sogar tiefgehende Freundschaften ausgebaut werden k\u00f6nnen. Anders als bei anderen Sportarten ist der Gemeinschaftsaspekt bei den Sportsch\u00fctzen sehr wichtig, obwohl es zugleich eine Einzelsportart ist.<\/td>\n<\/tr>\n<\/tbody>\n<\/table>\n<p><a href=\"http:\/\/www.sv-freiendiez.de\/?page_id=3033\">Zur\u00fcck zur \u00dcbersicht der Kadersch\u00fctzen<\/a><\/p>\n","protected":false},"excerpt":{"rendered":"<p>&nbsp; Stefan schie\u00dft bereits seit einigen Jahren f\u00fcr unseren Verein die Meisterschaften in der&nbsp;Disziplin&nbsp;Zentralfeuerpistole und ab der&nbsp;Saison 2019 nunmehr auch die Disziplin Standardpistole. Er war seit seiner Juniorenzeit Mitglied im Landeskader Pistole des Rheinischen Sch\u00fctzenbundes und &#8211; trotz seiner Jugend &#8211; auch schon als Trainer der Schnellfeuersch\u00fctzen des Landeskaders im Einsatz. Bei internationalen Wettk\u00e4mpfen und &hellip; <\/p>\n<p class=\"link-more\"><a href=\"https:\/\/www.sv-freiendiez.de\/?page_id=3054\" class=\"more-link\"><span class=\"screen-reader-text\">\u201eStefan Decker\u201c<\/span> weiterlesen<\/a><\/p>\n","protected":false},"author":1,"featured_media":0,"parent":0,"menu_order":0,"comment_status":"closed","ping_status":"closed","template":"","meta":{"ngg_post_thumbnail":0,"footnotes":""},"class_list":["post-3054","page","type-page","status-publish","hentry"],"yoast_head":"<!-- This site is optimized with the Yoast SEO plugin v27.4 - https:\/\/yoast.com\/product\/yoast-seo-wordpress\/ -->\n<title>Stefan Decker - SV Diez-Freiendiez 1928 e.V.<\/title>\n<meta name=\"robots\" content=\"index, follow, max-snippet:-1, max-image-preview:large, max-video-preview:-1\" \/>\n<link rel=\"canonical\" href=\"https:\/\/www.sv-freiendiez.de\/?page_id=3054\" \/>\n<meta property=\"og:locale\" content=\"de_DE\" \/>\n<meta property=\"og:type\" content=\"article\" \/>\n<meta property=\"og:title\" content=\"Stefan Decker - SV Diez-Freiendiez 1928 e.V.\" \/>\n<meta property=\"og:description\" content=\"&nbsp; Stefan schie\u00dft bereits seit einigen Jahren f\u00fcr unseren Verein die Meisterschaften in der&nbsp;Disziplin&nbsp;Zentralfeuerpistole und ab der&nbsp;Saison 2019 nunmehr auch die Disziplin Standardpistole. Er war seit seiner Juniorenzeit Mitglied im Landeskader Pistole des Rheinischen Sch\u00fctzenbundes und &#8211; trotz seiner Jugend &#8211; auch schon als Trainer der Schnellfeuersch\u00fctzen des Landeskaders im Einsatz. Bei internationalen Wettk\u00e4mpfen und &hellip; \u201eStefan Decker\u201c weiterlesen\" \/>\n<meta property=\"og:url\" content=\"https:\/\/www.sv-freiendiez.de\/?page_id=3054\" \/>\n<meta property=\"og:site_name\" content=\"SV Diez-Freiendiez 1928 e.V.\" \/>\n<meta property=\"article:publisher\" content=\"https:\/\/www.facebook.com\/svfreiendiez\/\" \/>\n<meta property=\"article:modified_time\" content=\"2025-03-03T08:32:26+00:00\" \/>\n<meta property=\"og:image\" content=\"https:\/\/www.sv-freiendiez.de\/wp-content\/uploads\/2018\/11\/web_stefandecker.jpg\" \/>\n\t<meta property=\"og:image:width\" content=\"180\" \/>\n\t<meta property=\"og:image:height\" content=\"185\" \/>\n\t<meta property=\"og:image:type\" content=\"image\/jpeg\" \/>\n<meta name=\"twitter:card\" content=\"summary_large_image\" \/>\n<meta name=\"twitter:label1\" content=\"Gesch\u00e4tzte Lesezeit\" \/>\n\t<meta name=\"twitter:data1\" content=\"3\u00a0Minuten\" \/>\n<script type=\"application\/ld+json\" class=\"yoast-schema-graph\">{\"@context\":\"https:\\\/\\\/schema.org\",\"@graph\":[{\"@type\":\"WebPage\",\"@id\":\"https:\\\/\\\/www.sv-freiendiez.de\\\/?page_id=3054\",\"url\":\"https:\\\/\\\/www.sv-freiendiez.de\\\/?page_id=3054\",\"name\":\"Stefan Decker - SV Diez-Freiendiez 1928 e.V.\",\"isPartOf\":{\"@id\":\"https:\\\/\\\/www.sv-freiendiez.de\\\/#website\"},\"primaryImageOfPage\":{\"@id\":\"https:\\\/\\\/www.sv-freiendiez.de\\\/?page_id=3054#primaryimage\"},\"image\":{\"@id\":\"https:\\\/\\\/www.sv-freiendiez.de\\\/?page_id=3054#primaryimage\"},\"thumbnailUrl\":\"http:\\\/\\\/www.sv-freiendiez.de\\\/wp-content\\\/uploads\\\/2018\\\/11\\\/web_stefandecker.jpg\",\"datePublished\":\"2018-11-16T15:40:22+00:00\",\"dateModified\":\"2025-03-03T08:32:26+00:00\",\"breadcrumb\":{\"@id\":\"https:\\\/\\\/www.sv-freiendiez.de\\\/?page_id=3054#breadcrumb\"},\"inLanguage\":\"de\",\"potentialAction\":[{\"@type\":\"ReadAction\",\"target\":[\"https:\\\/\\\/www.sv-freiendiez.de\\\/?page_id=3054\"]}]},{\"@type\":\"ImageObject\",\"inLanguage\":\"de\",\"@id\":\"https:\\\/\\\/www.sv-freiendiez.de\\\/?page_id=3054#primaryimage\",\"url\":\"https:\\\/\\\/www.sv-freiendiez.de\\\/wp-content\\\/uploads\\\/2018\\\/11\\\/web_stefandecker.jpg\",\"contentUrl\":\"https:\\\/\\\/www.sv-freiendiez.de\\\/wp-content\\\/uploads\\\/2018\\\/11\\\/web_stefandecker.jpg\",\"width\":180,\"height\":185,\"caption\":\"Stefan Decker\"},{\"@type\":\"BreadcrumbList\",\"@id\":\"https:\\\/\\\/www.sv-freiendiez.de\\\/?page_id=3054#breadcrumb\",\"itemListElement\":[{\"@type\":\"ListItem\",\"position\":1,\"name\":\"Startseite\",\"item\":\"https:\\\/\\\/www.sv-freiendiez.de\\\/\"},{\"@type\":\"ListItem\",\"position\":2,\"name\":\"Stefan Decker\"}]},{\"@type\":\"WebSite\",\"@id\":\"https:\\\/\\\/www.sv-freiendiez.de\\\/#website\",\"url\":\"https:\\\/\\\/www.sv-freiendiez.de\\\/\",\"name\":\"SV Diez-Freiendiez 1928 e.V.\",\"description\":\"Sch\u00fctzenverein Diez-Freiendiez 1928 e.V.\",\"publisher\":{\"@id\":\"https:\\\/\\\/www.sv-freiendiez.de\\\/#organization\"},\"potentialAction\":[{\"@type\":\"SearchAction\",\"target\":{\"@type\":\"EntryPoint\",\"urlTemplate\":\"https:\\\/\\\/www.sv-freiendiez.de\\\/?s={search_term_string}\"},\"query-input\":{\"@type\":\"PropertyValueSpecification\",\"valueRequired\":true,\"valueName\":\"search_term_string\"}}],\"inLanguage\":\"de\"},{\"@type\":\"Organization\",\"@id\":\"https:\\\/\\\/www.sv-freiendiez.de\\\/#organization\",\"name\":\"SV Diez-Freiendiez 1928 e.V.\",\"url\":\"https:\\\/\\\/www.sv-freiendiez.de\\\/\",\"logo\":{\"@type\":\"ImageObject\",\"inLanguage\":\"de\",\"@id\":\"https:\\\/\\\/www.sv-freiendiez.de\\\/#\\\/schema\\\/logo\\\/image\\\/\",\"url\":\"https:\\\/\\\/www.sv-freiendiez.de\\\/wp-content\\\/uploads\\\/2016\\\/12\\\/cropped-wappen250.png\",\"contentUrl\":\"https:\\\/\\\/www.sv-freiendiez.de\\\/wp-content\\\/uploads\\\/2016\\\/12\\\/cropped-wappen250.png\",\"width\":250,\"height\":250,\"caption\":\"SV Diez-Freiendiez 1928 e.V.\"},\"image\":{\"@id\":\"https:\\\/\\\/www.sv-freiendiez.de\\\/#\\\/schema\\\/logo\\\/image\\\/\"},\"sameAs\":[\"https:\\\/\\\/www.facebook.com\\\/svfreiendiez\\\/\"]}]}<\/script>\n<!-- \/ Yoast SEO plugin. -->","yoast_head_json":{"title":"Stefan Decker - SV Diez-Freiendiez 1928 e.V.","robots":{"index":"index","follow":"follow","max-snippet":"max-snippet:-1","max-image-preview":"max-image-preview:large","max-video-preview":"max-video-preview:-1"},"canonical":"https:\/\/www.sv-freiendiez.de\/?page_id=3054","og_locale":"de_DE","og_type":"article","og_title":"Stefan Decker - SV Diez-Freiendiez 1928 e.V.","og_description":"&nbsp; Stefan schie\u00dft bereits seit einigen Jahren f\u00fcr unseren Verein die Meisterschaften in der&nbsp;Disziplin&nbsp;Zentralfeuerpistole und ab der&nbsp;Saison 2019 nunmehr auch die Disziplin Standardpistole. Er war seit seiner Juniorenzeit Mitglied im Landeskader Pistole des Rheinischen Sch\u00fctzenbundes und &#8211; trotz seiner Jugend &#8211; auch schon als Trainer der Schnellfeuersch\u00fctzen des Landeskaders im Einsatz. Bei internationalen Wettk\u00e4mpfen und &hellip; \u201eStefan Decker\u201c weiterlesen","og_url":"https:\/\/www.sv-freiendiez.de\/?page_id=3054","og_site_name":"SV Diez-Freiendiez 1928 e.V.","article_publisher":"https:\/\/www.facebook.com\/svfreiendiez\/","article_modified_time":"2025-03-03T08:32:26+00:00","og_image":[{"width":180,"height":185,"url":"https:\/\/www.sv-freiendiez.de\/wp-content\/uploads\/2018\/11\/web_stefandecker.jpg","type":"image\/jpeg"}],"twitter_card":"summary_large_image","twitter_misc":{"Gesch\u00e4tzte Lesezeit":"3\u00a0Minuten"},"schema":{"@context":"https:\/\/schema.org","@graph":[{"@type":"WebPage","@id":"https:\/\/www.sv-freiendiez.de\/?page_id=3054","url":"https:\/\/www.sv-freiendiez.de\/?page_id=3054","name":"Stefan Decker - SV Diez-Freiendiez 1928 e.V.","isPartOf":{"@id":"https:\/\/www.sv-freiendiez.de\/#website"},"primaryImageOfPage":{"@id":"https:\/\/www.sv-freiendiez.de\/?page_id=3054#primaryimage"},"image":{"@id":"https:\/\/www.sv-freiendiez.de\/?page_id=3054#primaryimage"},"thumbnailUrl":"http:\/\/www.sv-freiendiez.de\/wp-content\/uploads\/2018\/11\/web_stefandecker.jpg","datePublished":"2018-11-16T15:40:22+00:00","dateModified":"2025-03-03T08:32:26+00:00","breadcrumb":{"@id":"https:\/\/www.sv-freiendiez.de\/?page_id=3054#breadcrumb"},"inLanguage":"de","potentialAction":[{"@type":"ReadAction","target":["https:\/\/www.sv-freiendiez.de\/?page_id=3054"]}]},{"@type":"ImageObject","inLanguage":"de","@id":"https:\/\/www.sv-freiendiez.de\/?page_id=3054#primaryimage","url":"https:\/\/www.sv-freiendiez.de\/wp-content\/uploads\/2018\/11\/web_stefandecker.jpg","contentUrl":"https:\/\/www.sv-freiendiez.de\/wp-content\/uploads\/2018\/11\/web_stefandecker.jpg","width":180,"height":185,"caption":"Stefan Decker"},{"@type":"BreadcrumbList","@id":"https:\/\/www.sv-freiendiez.de\/?page_id=3054#breadcrumb","itemListElement":[{"@type":"ListItem","position":1,"name":"Startseite","item":"https:\/\/www.sv-freiendiez.de\/"},{"@type":"ListItem","position":2,"name":"Stefan Decker"}]},{"@type":"WebSite","@id":"https:\/\/www.sv-freiendiez.de\/#website","url":"https:\/\/www.sv-freiendiez.de\/","name":"SV Diez-Freiendiez 1928 e.V.","description":"Sch\u00fctzenverein Diez-Freiendiez 1928 e.V.","publisher":{"@id":"https:\/\/www.sv-freiendiez.de\/#organization"},"potentialAction":[{"@type":"SearchAction","target":{"@type":"EntryPoint","urlTemplate":"https:\/\/www.sv-freiendiez.de\/?s={search_term_string}"},"query-input":{"@type":"PropertyValueSpecification","valueRequired":true,"valueName":"search_term_string"}}],"inLanguage":"de"},{"@type":"Organization","@id":"https:\/\/www.sv-freiendiez.de\/#organization","name":"SV Diez-Freiendiez 1928 e.V.","url":"https:\/\/www.sv-freiendiez.de\/","logo":{"@type":"ImageObject","inLanguage":"de","@id":"https:\/\/www.sv-freiendiez.de\/#\/schema\/logo\/image\/","url":"https:\/\/www.sv-freiendiez.de\/wp-content\/uploads\/2016\/12\/cropped-wappen250.png","contentUrl":"https:\/\/www.sv-freiendiez.de\/wp-content\/uploads\/2016\/12\/cropped-wappen250.png","width":250,"height":250,"caption":"SV Diez-Freiendiez 1928 e.V."},"image":{"@id":"https:\/\/www.sv-freiendiez.de\/#\/schema\/logo\/image\/"},"sameAs":["https:\/\/www.facebook.com\/svfreiendiez\/"]}]}},"_links":{"self":[{"href":"https:\/\/www.sv-freiendiez.de\/index.php?rest_route=\/wp\/v2\/pages\/3054","targetHints":{"allow":["GET"]}}],"collection":[{"href":"https:\/\/www.sv-freiendiez.de\/index.php?rest_route=\/wp\/v2\/pages"}],"about":[{"href":"https:\/\/www.sv-freiendiez.de\/index.php?rest_route=\/wp\/v2\/types\/page"}],"author":[{"embeddable":true,"href":"https:\/\/www.sv-freiendiez.de\/index.php?rest_route=\/wp\/v2\/users\/1"}],"replies":[{"embeddable":true,"href":"https:\/\/www.sv-freiendiez.de\/index.php?rest_route=%2Fwp%2Fv2%2Fcomments&post=3054"}],"version-history":[{"count":2,"href":"https:\/\/www.sv-freiendiez.de\/index.php?rest_route=\/wp\/v2\/pages\/3054\/revisions"}],"predecessor-version":[{"id":4790,"href":"https:\/\/www.sv-freiendiez.de\/index.php?rest_route=\/wp\/v2\/pages\/3054\/revisions\/4790"}],"wp:attachment":[{"href":"https:\/\/www.sv-freiendiez.de\/index.php?rest_route=%2Fwp%2Fv2%2Fmedia&parent=3054"}],"curies":[{"name":"wp","href":"https:\/\/api.w.org\/{rel}","templated":true}]}}