{"id":3033,"date":"2018-11-12T19:24:10","date_gmt":"2018-11-12T18:24:10","guid":{"rendered":"http:\/\/www.sv-freiendiez.de\/?page_id=3033"},"modified":"2025-03-17T15:52:41","modified_gmt":"2025-03-17T14:52:41","slug":"unsere-kaderschuetzen","status":"publish","type":"page","link":"https:\/\/www.sv-freiendiez.de\/?page_id=3033","title":{"rendered":"Unsere Kadersch\u00fctzen"},"content":{"rendered":"<p style=\"text-align: justify;\">F\u00fcr unseren Verein dem Sch\u00fctzenverein Diez-Freiendiez starten bei den Meisterschaften des Deutschen Sch\u00fctzenbundes sehr erfolgreich auch Sch\u00fctzen, die sehr selten in unserem Sch\u00fctzenhaus oder auf unserem Schie\u00dfstand anzutreffen sind.<\/p>\n<p style=\"text-align: justify;\">Dies liegt zum einen daran, dass diese Sch\u00fctzen (au\u00dfer Torben Engel, der in Holzheim wohnt und Ingo Rutz aus Miehlen) nicht in unserem n\u00e4heren Einzugsgebiet wohnen oder arbeiten. Sie wohnen 120 km (<em><strong>Patrick Meyer<\/strong><\/em> in Br\u00fchl bei Bad Godesberg und <em><strong>Thomas Rodenkirchen <\/strong><\/em>in Wiehl bei Gummersbach), 140 km (<em><strong>Philipp Sersch<\/strong><\/em> in Langenfeld bei Leverkusen), 170 km (<em><strong>Pierre Michel<\/strong><\/em> in Velbert (zwischen Wuppertal und Essen gelegen) sowie <em><strong>Wolfgang<\/strong><\/em> <em><strong>Th\u00fcnemann<\/strong><\/em> in Speicher bei Bitburg) und sogar 200 km (<em><strong>Stefan Decker<\/strong><\/em> in H\u00fcnxe bei Dinslaken im n\u00f6rdlichen Ruhrgebiet) von Freiendiez entfernt.<\/p>\n<p style=\"text-align: justify;\">Zum anderen sind die meisten dieser &#8222;externen&#8220; Sch\u00fctzen Mitglied in einem Landes- und\/oder Bundeskader; oder waren es in der Vergangenheit bereits einmal. Und dies bedeutet, dass sie in den Vorbereitungszeiten vor gro\u00dfen und wichtigen Wettk\u00e4mpfen (Landesmeisterschaften, Bundesligawettk\u00e4mpfen, Deutschen Meisterschaften, Internationalen Wettk\u00e4mpfen, Europacup-Wettk\u00e4mpfen, Europa- und Weltmeisterschaften) an denen sie teilgenommen haben und, wenn sie sich f\u00fcr diese Wettk\u00e4mpfe qualifizier haben, sie &nbsp; mehrmals in der Woche trainieren m\u00fcssen um nationale oder internationale Spitzenergebnisse zu erzielen. Dieses Training absolvieren die betroffenen Sch\u00fctzen nat\u00fcrlich auf ihren jeweiligen n\u00e4hergelegenen &#8222;Heimst\u00e4nden&#8220;; auch wenn der f\u00fcr sie weit entfernte Schie\u00dfstand in Diez-Freiendiez optimale Trainingsbedingungen daf\u00fcr anbietet.<\/p>\n<p style=\"text-align: justify;\">Da sie zusammen mit Torben Engel national starke Mannschaften bilden k\u00f6nnen (Freie Pistole, Sportpistole, Zentralfeuerpistole und Standardpistole) sind zu den bereits seit mehreren Jahren dem Verein angeh\u00f6renden Sch\u00fctzen (Stefan Decker, Patrick Meyer, Pierre Michel und Thomas Rodenkirchen) seit der Saison 2019 noch die Sch\u00fctzen Philipp Sersch, Wolfgang Th\u00fcnemann und Ingo Rutz hinzugekommen.<\/p>\n<p style=\"text-align: justify;\">Da es aus den vorgenannten Gr\u00fcnden schwierig ist, unsere Kadersch\u00fctzen vor Ort bei uns im Sch\u00fctzenhaus anzutreffen, stellen wir sie nachfolgend einzeln (mit Bild) vor, damit unsere lokal ans\u00e4ssigen Mitglieder ihre (externen) Sch\u00fctzenbr\u00fcder bei dem einen oder anderen Wettkampf an dem sie ebenfalls teilnehmen, eventuell erkennen k\u00f6nnen.<\/p>\n<table style=\"width: 100%; border-collapse: collapse; border-style: none;\" border=\"1\">\n<tbody>\n<tr>\n<td style=\"width: 29.6552%; border-style: none;\">&nbsp;<a href=\"https:\/\/www.sv-freiendiez.de\/wp-content\/uploads\/2025\/03\/Foto-von-Ingo-Rutz.jpg\"><img loading=\"lazy\" decoding=\"async\" class=\"alignleft wp-image-4798 size-medium\" src=\"https:\/\/www.sv-freiendiez.de\/wp-content\/uploads\/2025\/03\/Foto-von-Ingo-Rutz-209x300.jpg\" alt=\"\" width=\"209\" height=\"300\" srcset=\"https:\/\/www.sv-freiendiez.de\/wp-content\/uploads\/2025\/03\/Foto-von-Ingo-Rutz-209x300.jpg 209w, https:\/\/www.sv-freiendiez.de\/wp-content\/uploads\/2025\/03\/Foto-von-Ingo-Rutz.jpg 498w\" sizes=\"auto, (max-width: 209px) 100vw, 209px\" \/><\/a><\/td>\n<td style=\"width: 70.3448%; border-style: none;\"><strong>Ingo Rutz<\/strong><br \/>\n<a href=\"https:\/\/www.sv-freiendiez.de\/?page_id=4797\">mehr \u00fcber Ingo<\/a><\/td>\n<\/tr>\n<tr>\n<td style=\"width: 29.6552%; border-style: none;\"><img loading=\"lazy\" decoding=\"async\" class=\"alignleft size-full wp-image-3041\" src=\"http:\/\/www.sv-freiendiez.de\/wp-content\/uploads\/2018\/11\/web_patrickmeyer_180x1801.png\" alt=\"\" width=\"180\" height=\"180\" srcset=\"https:\/\/www.sv-freiendiez.de\/wp-content\/uploads\/2018\/11\/web_patrickmeyer_180x1801.png 180w, https:\/\/www.sv-freiendiez.de\/wp-content\/uploads\/2018\/11\/web_patrickmeyer_180x1801-150x150.png 150w, https:\/\/www.sv-freiendiez.de\/wp-content\/uploads\/2018\/11\/web_patrickmeyer_180x1801-100x100.png 100w\" sizes=\"auto, (max-width: 180px) 100vw, 180px\" \/><\/td>\n<td style=\"width: 70.3448%; border-style: none;\"><strong>Patrick Meyer<\/strong><br \/>\n<a href=\"http:\/\/www.sv-freiendiez.de\/?page_id=3015\">mehr \u00fcber Patrick<\/a><\/td>\n<\/tr>\n<tr>\n<td style=\"width: 29.6552%; border-style: none;\"><img loading=\"lazy\" decoding=\"async\" class=\"alignleft size-full wp-image-3073\" src=\"http:\/\/www.sv-freiendiez.de\/wp-content\/uploads\/2018\/11\/web_phillipsersch_180x180px.png\" alt=\"\" width=\"180\" height=\"180\" srcset=\"https:\/\/www.sv-freiendiez.de\/wp-content\/uploads\/2018\/11\/web_phillipsersch_180x180px.png 180w, https:\/\/www.sv-freiendiez.de\/wp-content\/uploads\/2018\/11\/web_phillipsersch_180x180px-150x150.png 150w, https:\/\/www.sv-freiendiez.de\/wp-content\/uploads\/2018\/11\/web_phillipsersch_180x180px-100x100.png 100w\" sizes=\"auto, (max-width: 180px) 100vw, 180px\" \/><\/td>\n<td style=\"width: 70.3448%; border-style: none;\"><strong>Philipp Sersch<\/strong><br \/>\n<a href=\"http:\/\/www.sv-freiendiez.de\/?page_id=3069\">mehr \u00fcber Phillipp<\/a><\/td>\n<\/tr>\n<tr>\n<td style=\"width: 29.6552%; border-style: none;\"><img loading=\"lazy\" decoding=\"async\" class=\"alignleft size-full wp-image-3092\" src=\"http:\/\/www.sv-freiendiez.de\/wp-content\/uploads\/2018\/11\/web_pierremichel_2_180x180px.png\" alt=\"\" width=\"180\" height=\"180\" srcset=\"https:\/\/www.sv-freiendiez.de\/wp-content\/uploads\/2018\/11\/web_pierremichel_2_180x180px.png 180w, https:\/\/www.sv-freiendiez.de\/wp-content\/uploads\/2018\/11\/web_pierremichel_2_180x180px-150x150.png 150w, https:\/\/www.sv-freiendiez.de\/wp-content\/uploads\/2018\/11\/web_pierremichel_2_180x180px-100x100.png 100w\" sizes=\"auto, (max-width: 180px) 100vw, 180px\" \/><\/td>\n<td style=\"width: 70.3448%; border-style: none;\"><strong>Pierre Michel<\/strong><br \/>\n<a href=\"http:\/\/www.sv-freiendiez.de\/?page_id=3094\">mehr \u00fcber Pierre<\/a><\/td>\n<\/tr>\n<tr>\n<td style=\"width: 29.6552%; border-style: none;\"><img loading=\"lazy\" decoding=\"async\" class=\"alignleft size-full wp-image-3057\" src=\"http:\/\/www.sv-freiendiez.de\/wp-content\/uploads\/2018\/11\/web_stefandecker_180x180.jpg\" alt=\"\" width=\"180\" height=\"180\" srcset=\"https:\/\/www.sv-freiendiez.de\/wp-content\/uploads\/2018\/11\/web_stefandecker_180x180.jpg 180w, https:\/\/www.sv-freiendiez.de\/wp-content\/uploads\/2018\/11\/web_stefandecker_180x180-150x150.jpg 150w, https:\/\/www.sv-freiendiez.de\/wp-content\/uploads\/2018\/11\/web_stefandecker_180x180-100x100.jpg 100w\" sizes=\"auto, (max-width: 180px) 100vw, 180px\" \/><\/td>\n<td style=\"width: 70.3448%; border-style: none;\"><strong>Stefan Decker<\/strong><br \/>\n<a href=\"http:\/\/www.sv-freiendiez.de\/?page_id=3054\">mehr \u00fcber Stefan<\/a><\/td>\n<\/tr>\n<tr>\n<td style=\"width: 29.6552%; border-style: none;\"><img loading=\"lazy\" decoding=\"async\" class=\"alignleft size-full wp-image-3038\" src=\"http:\/\/www.sv-freiendiez.de\/wp-content\/uploads\/2018\/11\/web_thomasrodenkirchen_180x180.png\" alt=\"\" width=\"180\" height=\"180\" srcset=\"https:\/\/www.sv-freiendiez.de\/wp-content\/uploads\/2018\/11\/web_thomasrodenkirchen_180x180.png 180w, https:\/\/www.sv-freiendiez.de\/wp-content\/uploads\/2018\/11\/web_thomasrodenkirchen_180x180-150x150.png 150w, https:\/\/www.sv-freiendiez.de\/wp-content\/uploads\/2018\/11\/web_thomasrodenkirchen_180x180-100x100.png 100w\" sizes=\"auto, (max-width: 180px) 100vw, 180px\" \/><\/td>\n<td style=\"width: 70.3448%; border-style: none;\"><strong>Thomas Rodenkirchen<\/strong><br \/>\n<a href=\"http:\/\/www.sv-freiendiez.de\/?page_id=3026\">mehr \u00fcber Thomas<\/a><\/td>\n<\/tr>\n<tr>\n<td style=\"width: 29.6552%; border-style: none;\"><img loading=\"lazy\" decoding=\"async\" class=\"alignleft size-full wp-image-3039\" src=\"http:\/\/www.sv-freiendiez.de\/wp-content\/uploads\/2018\/11\/web_torbenengel_180x180.png\" alt=\"\" width=\"180\" height=\"180\" srcset=\"https:\/\/www.sv-freiendiez.de\/wp-content\/uploads\/2018\/11\/web_torbenengel_180x180.png 180w, https:\/\/www.sv-freiendiez.de\/wp-content\/uploads\/2018\/11\/web_torbenengel_180x180-150x150.png 150w, https:\/\/www.sv-freiendiez.de\/wp-content\/uploads\/2018\/11\/web_torbenengel_180x180-100x100.png 100w\" sizes=\"auto, (max-width: 180px) 100vw, 180px\" \/><\/td>\n<td style=\"width: 70.3448%; border-style: none;\"><strong>Torben Engel<\/strong><br \/>\n<a href=\"http:\/\/www.sv-freiendiez.de\/?page_id=3021\">mehr \u00fcber Torben<\/a><\/td>\n<\/tr>\n<tr>\n<td style=\"width: 29.6552%; border-style: none;\"><img loading=\"lazy\" decoding=\"async\" class=\"alignleft size-full wp-image-3067\" src=\"http:\/\/www.sv-freiendiez.de\/wp-content\/uploads\/2018\/11\/web_wolfgangthuenemann_180x180px.jpg\" alt=\"\" width=\"180\" height=\"180\" srcset=\"https:\/\/www.sv-freiendiez.de\/wp-content\/uploads\/2018\/11\/web_wolfgangthuenemann_180x180px.jpg 900w, https:\/\/www.sv-freiendiez.de\/wp-content\/uploads\/2018\/11\/web_wolfgangthuenemann_180x180px-150x150.jpg 150w, https:\/\/www.sv-freiendiez.de\/wp-content\/uploads\/2018\/11\/web_wolfgangthuenemann_180x180px-300x300.jpg 300w, https:\/\/www.sv-freiendiez.de\/wp-content\/uploads\/2018\/11\/web_wolfgangthuenemann_180x180px-768x768.jpg 768w, https:\/\/www.sv-freiendiez.de\/wp-content\/uploads\/2018\/11\/web_wolfgangthuenemann_180x180px-600x600.jpg 600w, https:\/\/www.sv-freiendiez.de\/wp-content\/uploads\/2018\/11\/web_wolfgangthuenemann_180x180px-100x100.jpg 100w\" sizes=\"auto, (max-width: 180px) 100vw, 180px\" \/><\/td>\n<td style=\"width: 70.3448%; border-style: none;\"><strong>Wolfgang Th\u00fcnemann<\/strong><br \/>\n<a href=\"http:\/\/www.sv-freiendiez.de\/?page_id=3064\">mehr \u00fcber Wolfgang<\/a><\/td>\n<\/tr>\n<tr>\n<td style=\"width: 29.6552%; border-style: none;\">&nbsp;<\/td>\n<td style=\"width: 70.3448%; border-style: none;\">&nbsp;<\/td>\n<\/tr>\n<\/tbody>\n<\/table>\n<p>\u200b<\/p>\n","protected":false},"excerpt":{"rendered":"<p>F\u00fcr unseren Verein dem Sch\u00fctzenverein Diez-Freiendiez starten bei den Meisterschaften des Deutschen Sch\u00fctzenbundes sehr erfolgreich auch Sch\u00fctzen, die sehr selten in unserem Sch\u00fctzenhaus oder auf unserem Schie\u00dfstand anzutreffen sind. Dies liegt zum einen daran, dass diese Sch\u00fctzen (au\u00dfer Torben Engel, der in Holzheim wohnt und Ingo Rutz aus Miehlen) nicht in unserem n\u00e4heren Einzugsgebiet wohnen &hellip; <\/p>\n<p class=\"link-more\"><a href=\"https:\/\/www.sv-freiendiez.de\/?page_id=3033\" class=\"more-link\"><span class=\"screen-reader-text\">\u201eUnsere Kadersch\u00fctzen\u201c<\/span> weiterlesen<\/a><\/p>\n","protected":false},"author":1,"featured_media":0,"parent":0,"menu_order":0,"comment_status":"closed","ping_status":"closed","template":"","meta":{"ngg_post_thumbnail":0,"footnotes":""},"class_list":["post-3033","page","type-page","status-publish","hentry"],"yoast_head":"<!-- This site is optimized with the Yoast SEO plugin v27.4 - https:\/\/yoast.com\/product\/yoast-seo-wordpress\/ -->\n<title>Unsere Kadersch\u00fctzen - SV Diez-Freiendiez 1928 e.V.<\/title>\n<meta name=\"robots\" content=\"index, follow, max-snippet:-1, max-image-preview:large, max-video-preview:-1\" \/>\n<link rel=\"canonical\" href=\"https:\/\/www.sv-freiendiez.de\/?page_id=3033\" \/>\n<meta property=\"og:locale\" content=\"de_DE\" \/>\n<meta property=\"og:type\" content=\"article\" \/>\n<meta property=\"og:title\" content=\"Unsere Kadersch\u00fctzen - SV Diez-Freiendiez 1928 e.V.\" \/>\n<meta property=\"og:description\" content=\"F\u00fcr unseren Verein dem Sch\u00fctzenverein Diez-Freiendiez starten bei den Meisterschaften des Deutschen Sch\u00fctzenbundes sehr erfolgreich auch Sch\u00fctzen, die sehr selten in unserem Sch\u00fctzenhaus oder auf unserem Schie\u00dfstand anzutreffen sind. Dies liegt zum einen daran, dass diese Sch\u00fctzen (au\u00dfer Torben Engel, der in Holzheim wohnt und Ingo Rutz aus Miehlen) nicht in unserem n\u00e4heren Einzugsgebiet wohnen &hellip; \u201eUnsere Kadersch\u00fctzen\u201c weiterlesen\" \/>\n<meta property=\"og:url\" content=\"https:\/\/www.sv-freiendiez.de\/?page_id=3033\" \/>\n<meta property=\"og:site_name\" content=\"SV Diez-Freiendiez 1928 e.V.\" \/>\n<meta property=\"article:publisher\" content=\"https:\/\/www.facebook.com\/svfreiendiez\/\" \/>\n<meta property=\"article:modified_time\" content=\"2025-03-17T14:52:41+00:00\" \/>\n<meta property=\"og:image\" content=\"https:\/\/www.sv-freiendiez.de\/wp-content\/uploads\/2025\/03\/Foto-von-Ingo-Rutz.jpg\" \/>\n\t<meta property=\"og:image:width\" content=\"498\" \/>\n\t<meta property=\"og:image:height\" content=\"715\" \/>\n\t<meta property=\"og:image:type\" content=\"image\/jpeg\" \/>\n<meta name=\"twitter:card\" content=\"summary_large_image\" \/>\n<meta name=\"twitter:label1\" content=\"Gesch\u00e4tzte Lesezeit\" \/>\n\t<meta name=\"twitter:data1\" content=\"4\u00a0Minuten\" \/>\n<script type=\"application\/ld+json\" class=\"yoast-schema-graph\">{\"@context\":\"https:\\\/\\\/schema.org\",\"@graph\":[{\"@type\":\"WebPage\",\"@id\":\"https:\\\/\\\/www.sv-freiendiez.de\\\/?page_id=3033\",\"url\":\"https:\\\/\\\/www.sv-freiendiez.de\\\/?page_id=3033\",\"name\":\"Unsere Kadersch\u00fctzen - SV Diez-Freiendiez 1928 e.V.\",\"isPartOf\":{\"@id\":\"https:\\\/\\\/www.sv-freiendiez.de\\\/#website\"},\"primaryImageOfPage\":{\"@id\":\"https:\\\/\\\/www.sv-freiendiez.de\\\/?page_id=3033#primaryimage\"},\"image\":{\"@id\":\"https:\\\/\\\/www.sv-freiendiez.de\\\/?page_id=3033#primaryimage\"},\"thumbnailUrl\":\"https:\\\/\\\/www.sv-freiendiez.de\\\/wp-content\\\/uploads\\\/2025\\\/03\\\/Foto-von-Ingo-Rutz-209x300.jpg\",\"datePublished\":\"2018-11-12T18:24:10+00:00\",\"dateModified\":\"2025-03-17T14:52:41+00:00\",\"breadcrumb\":{\"@id\":\"https:\\\/\\\/www.sv-freiendiez.de\\\/?page_id=3033#breadcrumb\"},\"inLanguage\":\"de\",\"potentialAction\":[{\"@type\":\"ReadAction\",\"target\":[\"https:\\\/\\\/www.sv-freiendiez.de\\\/?page_id=3033\"]}]},{\"@type\":\"ImageObject\",\"inLanguage\":\"de\",\"@id\":\"https:\\\/\\\/www.sv-freiendiez.de\\\/?page_id=3033#primaryimage\",\"url\":\"https:\\\/\\\/www.sv-freiendiez.de\\\/wp-content\\\/uploads\\\/2025\\\/03\\\/Foto-von-Ingo-Rutz.jpg\",\"contentUrl\":\"https:\\\/\\\/www.sv-freiendiez.de\\\/wp-content\\\/uploads\\\/2025\\\/03\\\/Foto-von-Ingo-Rutz.jpg\",\"width\":498,\"height\":715},{\"@type\":\"BreadcrumbList\",\"@id\":\"https:\\\/\\\/www.sv-freiendiez.de\\\/?page_id=3033#breadcrumb\",\"itemListElement\":[{\"@type\":\"ListItem\",\"position\":1,\"name\":\"Startseite\",\"item\":\"https:\\\/\\\/www.sv-freiendiez.de\\\/\"},{\"@type\":\"ListItem\",\"position\":2,\"name\":\"Unsere Kadersch\u00fctzen\"}]},{\"@type\":\"WebSite\",\"@id\":\"https:\\\/\\\/www.sv-freiendiez.de\\\/#website\",\"url\":\"https:\\\/\\\/www.sv-freiendiez.de\\\/\",\"name\":\"SV Diez-Freiendiez 1928 e.V.\",\"description\":\"Sch\u00fctzenverein Diez-Freiendiez 1928 e.V.\",\"publisher\":{\"@id\":\"https:\\\/\\\/www.sv-freiendiez.de\\\/#organization\"},\"potentialAction\":[{\"@type\":\"SearchAction\",\"target\":{\"@type\":\"EntryPoint\",\"urlTemplate\":\"https:\\\/\\\/www.sv-freiendiez.de\\\/?s={search_term_string}\"},\"query-input\":{\"@type\":\"PropertyValueSpecification\",\"valueRequired\":true,\"valueName\":\"search_term_string\"}}],\"inLanguage\":\"de\"},{\"@type\":\"Organization\",\"@id\":\"https:\\\/\\\/www.sv-freiendiez.de\\\/#organization\",\"name\":\"SV Diez-Freiendiez 1928 e.V.\",\"url\":\"https:\\\/\\\/www.sv-freiendiez.de\\\/\",\"logo\":{\"@type\":\"ImageObject\",\"inLanguage\":\"de\",\"@id\":\"https:\\\/\\\/www.sv-freiendiez.de\\\/#\\\/schema\\\/logo\\\/image\\\/\",\"url\":\"https:\\\/\\\/www.sv-freiendiez.de\\\/wp-content\\\/uploads\\\/2016\\\/12\\\/cropped-wappen250.png\",\"contentUrl\":\"https:\\\/\\\/www.sv-freiendiez.de\\\/wp-content\\\/uploads\\\/2016\\\/12\\\/cropped-wappen250.png\",\"width\":250,\"height\":250,\"caption\":\"SV Diez-Freiendiez 1928 e.V.\"},\"image\":{\"@id\":\"https:\\\/\\\/www.sv-freiendiez.de\\\/#\\\/schema\\\/logo\\\/image\\\/\"},\"sameAs\":[\"https:\\\/\\\/www.facebook.com\\\/svfreiendiez\\\/\"]}]}<\/script>\n<!-- \/ Yoast SEO plugin. -->","yoast_head_json":{"title":"Unsere Kadersch\u00fctzen - SV Diez-Freiendiez 1928 e.V.","robots":{"index":"index","follow":"follow","max-snippet":"max-snippet:-1","max-image-preview":"max-image-preview:large","max-video-preview":"max-video-preview:-1"},"canonical":"https:\/\/www.sv-freiendiez.de\/?page_id=3033","og_locale":"de_DE","og_type":"article","og_title":"Unsere Kadersch\u00fctzen - SV Diez-Freiendiez 1928 e.V.","og_description":"F\u00fcr unseren Verein dem Sch\u00fctzenverein Diez-Freiendiez starten bei den Meisterschaften des Deutschen Sch\u00fctzenbundes sehr erfolgreich auch Sch\u00fctzen, die sehr selten in unserem Sch\u00fctzenhaus oder auf unserem Schie\u00dfstand anzutreffen sind. Dies liegt zum einen daran, dass diese Sch\u00fctzen (au\u00dfer Torben Engel, der in Holzheim wohnt und Ingo Rutz aus Miehlen) nicht in unserem n\u00e4heren Einzugsgebiet wohnen &hellip; \u201eUnsere Kadersch\u00fctzen\u201c weiterlesen","og_url":"https:\/\/www.sv-freiendiez.de\/?page_id=3033","og_site_name":"SV Diez-Freiendiez 1928 e.V.","article_publisher":"https:\/\/www.facebook.com\/svfreiendiez\/","article_modified_time":"2025-03-17T14:52:41+00:00","og_image":[{"width":498,"height":715,"url":"https:\/\/www.sv-freiendiez.de\/wp-content\/uploads\/2025\/03\/Foto-von-Ingo-Rutz.jpg","type":"image\/jpeg"}],"twitter_card":"summary_large_image","twitter_misc":{"Gesch\u00e4tzte Lesezeit":"4\u00a0Minuten"},"schema":{"@context":"https:\/\/schema.org","@graph":[{"@type":"WebPage","@id":"https:\/\/www.sv-freiendiez.de\/?page_id=3033","url":"https:\/\/www.sv-freiendiez.de\/?page_id=3033","name":"Unsere Kadersch\u00fctzen - SV Diez-Freiendiez 1928 e.V.","isPartOf":{"@id":"https:\/\/www.sv-freiendiez.de\/#website"},"primaryImageOfPage":{"@id":"https:\/\/www.sv-freiendiez.de\/?page_id=3033#primaryimage"},"image":{"@id":"https:\/\/www.sv-freiendiez.de\/?page_id=3033#primaryimage"},"thumbnailUrl":"https:\/\/www.sv-freiendiez.de\/wp-content\/uploads\/2025\/03\/Foto-von-Ingo-Rutz-209x300.jpg","datePublished":"2018-11-12T18:24:10+00:00","dateModified":"2025-03-17T14:52:41+00:00","breadcrumb":{"@id":"https:\/\/www.sv-freiendiez.de\/?page_id=3033#breadcrumb"},"inLanguage":"de","potentialAction":[{"@type":"ReadAction","target":["https:\/\/www.sv-freiendiez.de\/?page_id=3033"]}]},{"@type":"ImageObject","inLanguage":"de","@id":"https:\/\/www.sv-freiendiez.de\/?page_id=3033#primaryimage","url":"https:\/\/www.sv-freiendiez.de\/wp-content\/uploads\/2025\/03\/Foto-von-Ingo-Rutz.jpg","contentUrl":"https:\/\/www.sv-freiendiez.de\/wp-content\/uploads\/2025\/03\/Foto-von-Ingo-Rutz.jpg","width":498,"height":715},{"@type":"BreadcrumbList","@id":"https:\/\/www.sv-freiendiez.de\/?page_id=3033#breadcrumb","itemListElement":[{"@type":"ListItem","position":1,"name":"Startseite","item":"https:\/\/www.sv-freiendiez.de\/"},{"@type":"ListItem","position":2,"name":"Unsere Kadersch\u00fctzen"}]},{"@type":"WebSite","@id":"https:\/\/www.sv-freiendiez.de\/#website","url":"https:\/\/www.sv-freiendiez.de\/","name":"SV Diez-Freiendiez 1928 e.V.","description":"Sch\u00fctzenverein Diez-Freiendiez 1928 e.V.","publisher":{"@id":"https:\/\/www.sv-freiendiez.de\/#organization"},"potentialAction":[{"@type":"SearchAction","target":{"@type":"EntryPoint","urlTemplate":"https:\/\/www.sv-freiendiez.de\/?s={search_term_string}"},"query-input":{"@type":"PropertyValueSpecification","valueRequired":true,"valueName":"search_term_string"}}],"inLanguage":"de"},{"@type":"Organization","@id":"https:\/\/www.sv-freiendiez.de\/#organization","name":"SV Diez-Freiendiez 1928 e.V.","url":"https:\/\/www.sv-freiendiez.de\/","logo":{"@type":"ImageObject","inLanguage":"de","@id":"https:\/\/www.sv-freiendiez.de\/#\/schema\/logo\/image\/","url":"https:\/\/www.sv-freiendiez.de\/wp-content\/uploads\/2016\/12\/cropped-wappen250.png","contentUrl":"https:\/\/www.sv-freiendiez.de\/wp-content\/uploads\/2016\/12\/cropped-wappen250.png","width":250,"height":250,"caption":"SV Diez-Freiendiez 1928 e.V."},"image":{"@id":"https:\/\/www.sv-freiendiez.de\/#\/schema\/logo\/image\/"},"sameAs":["https:\/\/www.facebook.com\/svfreiendiez\/"]}]}},"_links":{"self":[{"href":"https:\/\/www.sv-freiendiez.de\/index.php?rest_route=\/wp\/v2\/pages\/3033","targetHints":{"allow":["GET"]}}],"collection":[{"href":"https:\/\/www.sv-freiendiez.de\/index.php?rest_route=\/wp\/v2\/pages"}],"about":[{"href":"https:\/\/www.sv-freiendiez.de\/index.php?rest_route=\/wp\/v2\/types\/page"}],"author":[{"embeddable":true,"href":"https:\/\/www.sv-freiendiez.de\/index.php?rest_route=\/wp\/v2\/users\/1"}],"replies":[{"embeddable":true,"href":"https:\/\/www.sv-freiendiez.de\/index.php?rest_route=%2Fwp%2Fv2%2Fcomments&post=3033"}],"version-history":[{"count":4,"href":"https:\/\/www.sv-freiendiez.de\/index.php?rest_route=\/wp\/v2\/pages\/3033\/revisions"}],"predecessor-version":[{"id":4808,"href":"https:\/\/www.sv-freiendiez.de\/index.php?rest_route=\/wp\/v2\/pages\/3033\/revisions\/4808"}],"wp:attachment":[{"href":"https:\/\/www.sv-freiendiez.de\/index.php?rest_route=%2Fwp%2Fv2%2Fmedia&parent=3033"}],"curies":[{"name":"wp","href":"https:\/\/api.w.org\/{rel}","templated":true}]}}