{"id":3021,"date":"2018-11-11T13:21:45","date_gmt":"2018-11-11T12:21:45","guid":{"rendered":"http:\/\/www.sv-freiendiez.de\/?page_id=3021"},"modified":"2025-03-03T09:23:53","modified_gmt":"2025-03-03T08:23:53","slug":"thorben-engel","status":"publish","type":"page","link":"https:\/\/www.sv-freiendiez.de\/?page_id=3021","title":{"rendered":"Torben Engel"},"content":{"rendered":"<table style=\"border-style: none;\" border=\"1\">\n<tbody>\n<tr>\n<td style=\"border-style: none;\">\n<figure id=\"attachment_3022\" aria-describedby=\"caption-attachment-3022\" style=\"width: 180px\" class=\"wp-caption aligncenter\"><img loading=\"lazy\" decoding=\"async\" class=\"size-full wp-image-3022\" src=\"http:\/\/www.sv-freiendiez.de\/wp-content\/uploads\/2018\/11\/web_torbenengel.png\" alt=\"\" width=\"180\" height=\"270\"><figcaption id=\"caption-attachment-3022\" class=\"wp-caption-text\">Torben Engel<\/figcaption><\/figure>\n<p>&nbsp;<\/td>\n<td style=\"text-align: justify; vertical-align: top; border-style: none;\">Torben schie\u00dft f\u00fcr unseren Verein die Meisterschaften in den Disziplinen Luftpistole (au\u00dfer 1. Bundesliga), Freie Pistole, Sportpistole, Zentralfeuerpistole und Standardpistole.<\/p>\n<p>Er war viele Jahre Mitglied verschiedener Nationalmannschaften des Deutschen Sch\u00fctzenbundes (C-Kader Schnellfeuerpistole, B-Kader Schnellfeuerpistole und Kader der nichtolympischen Pistolendisziplinen Zentralfeuer und Standardpistole).<\/p>\n<p>W\u00e4hrend seiner Juniorenzeit im C-Kader Schnellfeuerpistole des Deutschen Sch\u00fctzenbundes hat er Welt- und Europameistertitel mit der Schnellfeuerpistole errungen.<\/td>\n<\/tr>\n<\/tbody>\n<\/table>\n<table border=\"0\">\n<tbody>\n<tr>\n<td><strong>Jahrgang:<\/strong><\/td>\n<td>1975<\/td>\n<\/tr>\n<tr>\n<td><strong>Familienstand<\/strong><\/td>\n<td>geschieden<\/td>\n<\/tr>\n<tr>\n<td><strong>Beruf:<\/strong><\/td>\n<td>IT-Consultant<\/td>\n<\/tr>\n<tr>\n<td><strong>Bisherige \/ <\/strong><br \/>\n<strong>weitere Vereine (DSB):<\/strong><\/td>\n<td>TSV \u00d6tlingen (aktuell Bundesliga Luftpistole)<br \/>\nSpSch Speicher (aktuell Schnellfeuerpistole)<br \/>\nBraunschweiger SG (Ehemalig)<br \/>\nSG Nast\u00e4tten (Ehemalig)<\/td>\n<\/tr>\n<tr>\n<td><strong>Starte in den Disziplinen<\/strong><br \/>\n<strong>(DSB):<\/strong><\/td>\n<td>2.10 Luftpistole<br \/>\n2.20 Freie Pistole<br \/>\n2.30 Schnellfeuerpistole<br \/>\n2.40 Sportpistole<br \/>\n2.45 Zentralfeuerpistole 30-38<br \/>\n2.60 Standardpistole<\/td>\n<\/tr>\n<tr>\n<td><strong>Besonders erfolgreich<\/strong><br \/>\n<strong> in der Disziplin (DSB):<\/strong><\/td>\n<td>Standardpistole, Zentralfeuerpistole 30-38, Sportpistole, Schnellfeuerpistole<\/td>\n<\/tr>\n<tr>\n<td><strong>Gr\u00f6\u00dfte Erfolge:<\/strong><\/td>\n<td>Juniorenweltmeister (M) Juniorenvizeweltmeister (E)&nbsp; Schnellfeuerpistole 1994 Mailand (ITA)<br \/>\nJunioreneuropameister (M+E) 1995 Schnellfeuerpistole Z\u00fcrich (CH)<br \/>\nMehrfaches \u201eTreppchen\u201c bei Europacups in Thun (CH), Aarhus (DK) und Tallin (EST)<br \/>\nMehrfacher Deutscher Meister (M) Schnellfeuerpistole, Standardpistole, Zentralfeuerpistole .30-.38 und Sportpistole<br \/>\nMehrfaches \u201eTreppchen\u201c bei der DM Einzelwertung in o.g. Disziplinen<\/td>\n<\/tr>\n<tr>\n<td><strong>Mitgliedschaft in weiteren Schie\u00dfsport-verb\u00e4nden:<\/strong><\/td>\n<td>keine<\/td>\n<\/tr>\n<tr>\n<td><strong>Hobbys:<\/strong><\/td>\n<td>Motorradfahren, Videospiele, Schie\u00dfen<\/td>\n<\/tr>\n<\/tbody>\n<\/table>\n<p><a href=\"http:\/\/www.sv-freiendiez.de\/?page_id=3033\">Zur\u00fcck zur \u00dcbersicht der Kadersch\u00fctzen<\/a><\/p>\n","protected":false},"excerpt":{"rendered":"<p>&nbsp; Torben schie\u00dft f\u00fcr unseren Verein die Meisterschaften in den Disziplinen Luftpistole (au\u00dfer 1. Bundesliga), Freie Pistole, Sportpistole, Zentralfeuerpistole und Standardpistole. Er war viele Jahre Mitglied verschiedener Nationalmannschaften des Deutschen Sch\u00fctzenbundes (C-Kader Schnellfeuerpistole, B-Kader Schnellfeuerpistole und Kader der nichtolympischen Pistolendisziplinen Zentralfeuer und Standardpistole). W\u00e4hrend seiner Juniorenzeit im C-Kader Schnellfeuerpistole des Deutschen Sch\u00fctzenbundes hat er Welt- &hellip; <\/p>\n<p class=\"link-more\"><a href=\"https:\/\/www.sv-freiendiez.de\/?page_id=3021\" class=\"more-link\"><span class=\"screen-reader-text\">\u201eTorben Engel\u201c<\/span> weiterlesen<\/a><\/p>\n","protected":false},"author":1,"featured_media":0,"parent":0,"menu_order":0,"comment_status":"closed","ping_status":"closed","template":"","meta":{"ngg_post_thumbnail":0,"footnotes":""},"class_list":["post-3021","page","type-page","status-publish","hentry"],"yoast_head":"<!-- This site is optimized with the Yoast SEO plugin v27.4 - https:\/\/yoast.com\/product\/yoast-seo-wordpress\/ -->\n<title>Torben Engel - SV Diez-Freiendiez 1928 e.V.<\/title>\n<meta name=\"robots\" content=\"index, follow, max-snippet:-1, max-image-preview:large, max-video-preview:-1\" \/>\n<link rel=\"canonical\" href=\"https:\/\/www.sv-freiendiez.de\/?page_id=3021\" \/>\n<meta property=\"og:locale\" content=\"de_DE\" \/>\n<meta property=\"og:type\" content=\"article\" \/>\n<meta property=\"og:title\" content=\"Torben Engel - SV Diez-Freiendiez 1928 e.V.\" \/>\n<meta property=\"og:description\" content=\"&nbsp; Torben schie\u00dft f\u00fcr unseren Verein die Meisterschaften in den Disziplinen Luftpistole (au\u00dfer 1. Bundesliga), Freie Pistole, Sportpistole, Zentralfeuerpistole und Standardpistole. Er war viele Jahre Mitglied verschiedener Nationalmannschaften des Deutschen Sch\u00fctzenbundes (C-Kader Schnellfeuerpistole, B-Kader Schnellfeuerpistole und Kader der nichtolympischen Pistolendisziplinen Zentralfeuer und Standardpistole). W\u00e4hrend seiner Juniorenzeit im C-Kader Schnellfeuerpistole des Deutschen Sch\u00fctzenbundes hat er Welt- &hellip; \u201eTorben Engel\u201c weiterlesen\" \/>\n<meta property=\"og:url\" content=\"https:\/\/www.sv-freiendiez.de\/?page_id=3021\" \/>\n<meta property=\"og:site_name\" content=\"SV Diez-Freiendiez 1928 e.V.\" \/>\n<meta property=\"article:publisher\" content=\"https:\/\/www.facebook.com\/svfreiendiez\/\" \/>\n<meta property=\"article:modified_time\" content=\"2025-03-03T08:23:53+00:00\" \/>\n<meta property=\"og:image\" content=\"https:\/\/www.sv-freiendiez.de\/wp-content\/uploads\/2018\/11\/web_torbenengel.png\" \/>\n\t<meta property=\"og:image:width\" content=\"180\" \/>\n\t<meta property=\"og:image:height\" content=\"270\" \/>\n\t<meta property=\"og:image:type\" content=\"image\/png\" \/>\n<meta name=\"twitter:card\" content=\"summary_large_image\" \/>\n<meta name=\"twitter:label1\" content=\"Gesch\u00e4tzte Lesezeit\" \/>\n\t<meta name=\"twitter:data1\" content=\"2\u00a0Minuten\" \/>\n<script type=\"application\/ld+json\" class=\"yoast-schema-graph\">{\"@context\":\"https:\\\/\\\/schema.org\",\"@graph\":[{\"@type\":\"WebPage\",\"@id\":\"https:\\\/\\\/www.sv-freiendiez.de\\\/?page_id=3021\",\"url\":\"https:\\\/\\\/www.sv-freiendiez.de\\\/?page_id=3021\",\"name\":\"Torben Engel - SV Diez-Freiendiez 1928 e.V.\",\"isPartOf\":{\"@id\":\"https:\\\/\\\/www.sv-freiendiez.de\\\/#website\"},\"primaryImageOfPage\":{\"@id\":\"https:\\\/\\\/www.sv-freiendiez.de\\\/?page_id=3021#primaryimage\"},\"image\":{\"@id\":\"https:\\\/\\\/www.sv-freiendiez.de\\\/?page_id=3021#primaryimage\"},\"thumbnailUrl\":\"http:\\\/\\\/www.sv-freiendiez.de\\\/wp-content\\\/uploads\\\/2018\\\/11\\\/web_torbenengel.png\",\"datePublished\":\"2018-11-11T12:21:45+00:00\",\"dateModified\":\"2025-03-03T08:23:53+00:00\",\"breadcrumb\":{\"@id\":\"https:\\\/\\\/www.sv-freiendiez.de\\\/?page_id=3021#breadcrumb\"},\"inLanguage\":\"de\",\"potentialAction\":[{\"@type\":\"ReadAction\",\"target\":[\"https:\\\/\\\/www.sv-freiendiez.de\\\/?page_id=3021\"]}]},{\"@type\":\"ImageObject\",\"inLanguage\":\"de\",\"@id\":\"https:\\\/\\\/www.sv-freiendiez.de\\\/?page_id=3021#primaryimage\",\"url\":\"https:\\\/\\\/www.sv-freiendiez.de\\\/wp-content\\\/uploads\\\/2018\\\/11\\\/web_torbenengel.png\",\"contentUrl\":\"https:\\\/\\\/www.sv-freiendiez.de\\\/wp-content\\\/uploads\\\/2018\\\/11\\\/web_torbenengel.png\",\"width\":180,\"height\":270,\"caption\":\"Torben Engel\"},{\"@type\":\"BreadcrumbList\",\"@id\":\"https:\\\/\\\/www.sv-freiendiez.de\\\/?page_id=3021#breadcrumb\",\"itemListElement\":[{\"@type\":\"ListItem\",\"position\":1,\"name\":\"Startseite\",\"item\":\"https:\\\/\\\/www.sv-freiendiez.de\\\/\"},{\"@type\":\"ListItem\",\"position\":2,\"name\":\"Torben Engel\"}]},{\"@type\":\"WebSite\",\"@id\":\"https:\\\/\\\/www.sv-freiendiez.de\\\/#website\",\"url\":\"https:\\\/\\\/www.sv-freiendiez.de\\\/\",\"name\":\"SV Diez-Freiendiez 1928 e.V.\",\"description\":\"Sch\u00fctzenverein Diez-Freiendiez 1928 e.V.\",\"publisher\":{\"@id\":\"https:\\\/\\\/www.sv-freiendiez.de\\\/#organization\"},\"potentialAction\":[{\"@type\":\"SearchAction\",\"target\":{\"@type\":\"EntryPoint\",\"urlTemplate\":\"https:\\\/\\\/www.sv-freiendiez.de\\\/?s={search_term_string}\"},\"query-input\":{\"@type\":\"PropertyValueSpecification\",\"valueRequired\":true,\"valueName\":\"search_term_string\"}}],\"inLanguage\":\"de\"},{\"@type\":\"Organization\",\"@id\":\"https:\\\/\\\/www.sv-freiendiez.de\\\/#organization\",\"name\":\"SV Diez-Freiendiez 1928 e.V.\",\"url\":\"https:\\\/\\\/www.sv-freiendiez.de\\\/\",\"logo\":{\"@type\":\"ImageObject\",\"inLanguage\":\"de\",\"@id\":\"https:\\\/\\\/www.sv-freiendiez.de\\\/#\\\/schema\\\/logo\\\/image\\\/\",\"url\":\"https:\\\/\\\/www.sv-freiendiez.de\\\/wp-content\\\/uploads\\\/2016\\\/12\\\/cropped-wappen250.png\",\"contentUrl\":\"https:\\\/\\\/www.sv-freiendiez.de\\\/wp-content\\\/uploads\\\/2016\\\/12\\\/cropped-wappen250.png\",\"width\":250,\"height\":250,\"caption\":\"SV Diez-Freiendiez 1928 e.V.\"},\"image\":{\"@id\":\"https:\\\/\\\/www.sv-freiendiez.de\\\/#\\\/schema\\\/logo\\\/image\\\/\"},\"sameAs\":[\"https:\\\/\\\/www.facebook.com\\\/svfreiendiez\\\/\"]}]}<\/script>\n<!-- \/ Yoast SEO plugin. -->","yoast_head_json":{"title":"Torben Engel - SV Diez-Freiendiez 1928 e.V.","robots":{"index":"index","follow":"follow","max-snippet":"max-snippet:-1","max-image-preview":"max-image-preview:large","max-video-preview":"max-video-preview:-1"},"canonical":"https:\/\/www.sv-freiendiez.de\/?page_id=3021","og_locale":"de_DE","og_type":"article","og_title":"Torben Engel - SV Diez-Freiendiez 1928 e.V.","og_description":"&nbsp; Torben schie\u00dft f\u00fcr unseren Verein die Meisterschaften in den Disziplinen Luftpistole (au\u00dfer 1. Bundesliga), Freie Pistole, Sportpistole, Zentralfeuerpistole und Standardpistole. Er war viele Jahre Mitglied verschiedener Nationalmannschaften des Deutschen Sch\u00fctzenbundes (C-Kader Schnellfeuerpistole, B-Kader Schnellfeuerpistole und Kader der nichtolympischen Pistolendisziplinen Zentralfeuer und Standardpistole). W\u00e4hrend seiner Juniorenzeit im C-Kader Schnellfeuerpistole des Deutschen Sch\u00fctzenbundes hat er Welt- &hellip; \u201eTorben Engel\u201c weiterlesen","og_url":"https:\/\/www.sv-freiendiez.de\/?page_id=3021","og_site_name":"SV Diez-Freiendiez 1928 e.V.","article_publisher":"https:\/\/www.facebook.com\/svfreiendiez\/","article_modified_time":"2025-03-03T08:23:53+00:00","og_image":[{"width":180,"height":270,"url":"https:\/\/www.sv-freiendiez.de\/wp-content\/uploads\/2018\/11\/web_torbenengel.png","type":"image\/png"}],"twitter_card":"summary_large_image","twitter_misc":{"Gesch\u00e4tzte Lesezeit":"2\u00a0Minuten"},"schema":{"@context":"https:\/\/schema.org","@graph":[{"@type":"WebPage","@id":"https:\/\/www.sv-freiendiez.de\/?page_id=3021","url":"https:\/\/www.sv-freiendiez.de\/?page_id=3021","name":"Torben Engel - SV Diez-Freiendiez 1928 e.V.","isPartOf":{"@id":"https:\/\/www.sv-freiendiez.de\/#website"},"primaryImageOfPage":{"@id":"https:\/\/www.sv-freiendiez.de\/?page_id=3021#primaryimage"},"image":{"@id":"https:\/\/www.sv-freiendiez.de\/?page_id=3021#primaryimage"},"thumbnailUrl":"http:\/\/www.sv-freiendiez.de\/wp-content\/uploads\/2018\/11\/web_torbenengel.png","datePublished":"2018-11-11T12:21:45+00:00","dateModified":"2025-03-03T08:23:53+00:00","breadcrumb":{"@id":"https:\/\/www.sv-freiendiez.de\/?page_id=3021#breadcrumb"},"inLanguage":"de","potentialAction":[{"@type":"ReadAction","target":["https:\/\/www.sv-freiendiez.de\/?page_id=3021"]}]},{"@type":"ImageObject","inLanguage":"de","@id":"https:\/\/www.sv-freiendiez.de\/?page_id=3021#primaryimage","url":"https:\/\/www.sv-freiendiez.de\/wp-content\/uploads\/2018\/11\/web_torbenengel.png","contentUrl":"https:\/\/www.sv-freiendiez.de\/wp-content\/uploads\/2018\/11\/web_torbenengel.png","width":180,"height":270,"caption":"Torben Engel"},{"@type":"BreadcrumbList","@id":"https:\/\/www.sv-freiendiez.de\/?page_id=3021#breadcrumb","itemListElement":[{"@type":"ListItem","position":1,"name":"Startseite","item":"https:\/\/www.sv-freiendiez.de\/"},{"@type":"ListItem","position":2,"name":"Torben Engel"}]},{"@type":"WebSite","@id":"https:\/\/www.sv-freiendiez.de\/#website","url":"https:\/\/www.sv-freiendiez.de\/","name":"SV Diez-Freiendiez 1928 e.V.","description":"Sch\u00fctzenverein Diez-Freiendiez 1928 e.V.","publisher":{"@id":"https:\/\/www.sv-freiendiez.de\/#organization"},"potentialAction":[{"@type":"SearchAction","target":{"@type":"EntryPoint","urlTemplate":"https:\/\/www.sv-freiendiez.de\/?s={search_term_string}"},"query-input":{"@type":"PropertyValueSpecification","valueRequired":true,"valueName":"search_term_string"}}],"inLanguage":"de"},{"@type":"Organization","@id":"https:\/\/www.sv-freiendiez.de\/#organization","name":"SV Diez-Freiendiez 1928 e.V.","url":"https:\/\/www.sv-freiendiez.de\/","logo":{"@type":"ImageObject","inLanguage":"de","@id":"https:\/\/www.sv-freiendiez.de\/#\/schema\/logo\/image\/","url":"https:\/\/www.sv-freiendiez.de\/wp-content\/uploads\/2016\/12\/cropped-wappen250.png","contentUrl":"https:\/\/www.sv-freiendiez.de\/wp-content\/uploads\/2016\/12\/cropped-wappen250.png","width":250,"height":250,"caption":"SV Diez-Freiendiez 1928 e.V."},"image":{"@id":"https:\/\/www.sv-freiendiez.de\/#\/schema\/logo\/image\/"},"sameAs":["https:\/\/www.facebook.com\/svfreiendiez\/"]}]}},"_links":{"self":[{"href":"https:\/\/www.sv-freiendiez.de\/index.php?rest_route=\/wp\/v2\/pages\/3021","targetHints":{"allow":["GET"]}}],"collection":[{"href":"https:\/\/www.sv-freiendiez.de\/index.php?rest_route=\/wp\/v2\/pages"}],"about":[{"href":"https:\/\/www.sv-freiendiez.de\/index.php?rest_route=\/wp\/v2\/types\/page"}],"author":[{"embeddable":true,"href":"https:\/\/www.sv-freiendiez.de\/index.php?rest_route=\/wp\/v2\/users\/1"}],"replies":[{"embeddable":true,"href":"https:\/\/www.sv-freiendiez.de\/index.php?rest_route=%2Fwp%2Fv2%2Fcomments&post=3021"}],"version-history":[{"count":2,"href":"https:\/\/www.sv-freiendiez.de\/index.php?rest_route=\/wp\/v2\/pages\/3021\/revisions"}],"predecessor-version":[{"id":4786,"href":"https:\/\/www.sv-freiendiez.de\/index.php?rest_route=\/wp\/v2\/pages\/3021\/revisions\/4786"}],"wp:attachment":[{"href":"https:\/\/www.sv-freiendiez.de\/index.php?rest_route=%2Fwp%2Fv2%2Fmedia&parent=3021"}],"curies":[{"name":"wp","href":"https:\/\/api.w.org\/{rel}","templated":true}]}}