{"id":3015,"date":"2018-11-11T12:52:18","date_gmt":"2018-11-11T11:52:18","guid":{"rendered":"http:\/\/www.sv-freiendiez.de\/?page_id=3015"},"modified":"2025-03-03T09:45:16","modified_gmt":"2025-03-03T08:45:16","slug":"patrick-meyer-3","status":"publish","type":"page","link":"https:\/\/www.sv-freiendiez.de\/?page_id=3015","title":{"rendered":"Patrick Meyer"},"content":{"rendered":"<table style=\"border-style: none;\" border=\"1\">\n<tbody>\n<tr>\n<td style=\"border-style: none; width: 9.78333px; vertical-align: top;\">\n<figure id=\"attachment_3016\" aria-describedby=\"caption-attachment-3016\" style=\"width: 180px\" class=\"wp-caption aligncenter\"><img loading=\"lazy\" decoding=\"async\" class=\"size-full wp-image-3016\" src=\"http:\/\/www.sv-freiendiez.de\/wp-content\/uploads\/2018\/11\/web_patrickmeyer.png\" alt=\"\" width=\"180\" height=\"134\"><figcaption id=\"caption-attachment-3016\" class=\"wp-caption-text\">Patrick Meyer<\/figcaption><\/figure>\n<p>&nbsp;<\/td>\n<td style=\"border-style: none; width: 557.417px; text-align: justify;\">Patrick schie\u00dft f\u00fcr unseren Verein die Meisterschaften in den Disziplinen Freie Pistole, Sportpistole, Zentralfeuerpistole und Standardpistole und ist Leistungstr\u00e4ger in allen Disziplinen.<\/p>\n<p>Er&nbsp; war lange Jahre Mitglied im Bundeskader des Deutschen Sch\u00fctzenbundes f\u00fcr die &#8222;nichtolympischen Pistolendisziplinen&#8220; Zentralfeuerpistole und Standardpistole. Dort hat er auch bereits internationale Titel errungen.<\/td>\n<\/tr>\n<\/tbody>\n<\/table>\n<table border=\"0\">\n<tbody>\n<tr>\n<td><strong>Jahrgang:<\/strong><\/td>\n<td>1981<\/td>\n<\/tr>\n<tr>\n<td><strong>Beruf:<\/strong><\/td>\n<td>Verwaltungsbeamter im Bundesforschungsministerium<\/td>\n<\/tr>\n<tr>\n<td><strong>Wohnort:<\/strong><\/td>\n<td>Br\u00fchl<\/td>\n<\/tr>\n<tr>\n<td><strong>Schie\u00dfsport seit:<\/strong><\/td>\n<td>1992 zun\u00e4chst Gewehr und seit<br \/>\n1999 nur noch Pistolen- und Revolverdisziplinen<\/td>\n<\/tr>\n<tr>\n<td><strong>Bisherige \/ <\/strong><br \/>\n<strong>weitere Vereine (DSB):<\/strong><\/td>\n<td>Br\u00fchler SC 70<br \/>\nESV Weil am Rhein<br \/>\nKKS Daaden<\/td>\n<\/tr>\n<tr>\n<td><strong>Starte in den Disziplinen<\/strong><br \/>\n<strong>(DSB):<\/strong><\/td>\n<td>2.10 10m Luftpistole<br \/>\n2.17 10m Luftpistole Mehrkampf<br \/>\n2.18 10m Luftpistole Standard<br \/>\n2.20 50m Freie Pistole<br \/>\n2.40 25m Sportpistole<br \/>\n2.45 25mZentralfeuerpistole<br \/>\n2.60 25m Standardpistole<br \/>\n7.40 Perkussionsrevolver<br \/>\n7.50 Perkussionspistole<br \/>\n7.60 Steinschlosspistole<\/td>\n<\/tr>\n<tr>\n<td><strong>Besonders erfolgreich<\/strong><br \/>\n<strong> in der Disziplin (DSB):<\/strong><\/td>\n<td>Luftpistole und Standardpistole<\/td>\n<\/tr>\n<tr>\n<td><strong>Gr\u00f6\u00dfte Erfolge:<\/strong><\/td>\n<td>Mannschafts-Europameister 2015 mit der Standardpistole und Zentralfeuerpistole;<br \/>\ndreifacher Europacup-Sieger mit der Standard- und Zentralfeuerpistole;<br \/>\nsechzehnfacher Deutscher Meister in Mannschafts- und Einzelwertungen<br \/>\nBundesliga Luftpistole, 2x Gold, 4x Silber, 3x Bronze<\/td>\n<\/tr>\n<tr>\n<td><strong>Mitgliedschaft in weiteren Schie\u00dfsport-verb\u00e4nden:<\/strong><\/td>\n<td>keine<\/td>\n<\/tr>\n<tr>\n<td><strong>Hobbys:<\/strong><\/td>\n<td>Motorrad-\/Fahrradfahren, Tischtennis und seit 1992 Schie\u00dfsport<\/td>\n<\/tr>\n<\/tbody>\n<\/table>\n<p><a href=\"http:\/\/www.sv-freiendiez.de\/?page_id=3033\">Zur\u00fcck zur \u00dcbersicht der Kadersch\u00fctzen<\/a><\/p>\n","protected":false},"excerpt":{"rendered":"<p>&nbsp; Patrick schie\u00dft f\u00fcr unseren Verein die Meisterschaften in den Disziplinen Freie Pistole, Sportpistole, Zentralfeuerpistole und Standardpistole und ist Leistungstr\u00e4ger in allen Disziplinen. Er&nbsp; war lange Jahre Mitglied im Bundeskader des Deutschen Sch\u00fctzenbundes f\u00fcr die &#8222;nichtolympischen Pistolendisziplinen&#8220; Zentralfeuerpistole und Standardpistole. Dort hat er auch bereits internationale Titel errungen. Jahrgang: 1981 Beruf: Verwaltungsbeamter im Bundesforschungsministerium Wohnort: &hellip; <\/p>\n<p class=\"link-more\"><a href=\"https:\/\/www.sv-freiendiez.de\/?page_id=3015\" class=\"more-link\"><span class=\"screen-reader-text\">\u201ePatrick Meyer\u201c<\/span> weiterlesen<\/a><\/p>\n","protected":false},"author":1,"featured_media":0,"parent":0,"menu_order":0,"comment_status":"closed","ping_status":"closed","template":"","meta":{"ngg_post_thumbnail":0,"footnotes":""},"class_list":["post-3015","page","type-page","status-publish","hentry"],"yoast_head":"<!-- This site is optimized with the Yoast SEO plugin v27.4 - https:\/\/yoast.com\/product\/yoast-seo-wordpress\/ -->\n<title>Patrick Meyer - SV Diez-Freiendiez 1928 e.V.<\/title>\n<meta name=\"robots\" content=\"index, follow, max-snippet:-1, max-image-preview:large, max-video-preview:-1\" \/>\n<link rel=\"canonical\" href=\"https:\/\/www.sv-freiendiez.de\/?page_id=3015\" \/>\n<meta property=\"og:locale\" content=\"de_DE\" \/>\n<meta property=\"og:type\" content=\"article\" \/>\n<meta property=\"og:title\" content=\"Patrick Meyer - SV Diez-Freiendiez 1928 e.V.\" \/>\n<meta property=\"og:description\" content=\"&nbsp; Patrick schie\u00dft f\u00fcr unseren Verein die Meisterschaften in den Disziplinen Freie Pistole, Sportpistole, Zentralfeuerpistole und Standardpistole und ist Leistungstr\u00e4ger in allen Disziplinen. Er&nbsp; war lange Jahre Mitglied im Bundeskader des Deutschen Sch\u00fctzenbundes f\u00fcr die &#8222;nichtolympischen Pistolendisziplinen&#8220; Zentralfeuerpistole und Standardpistole. Dort hat er auch bereits internationale Titel errungen. Jahrgang: 1981 Beruf: Verwaltungsbeamter im Bundesforschungsministerium Wohnort: &hellip; \u201ePatrick Meyer\u201c weiterlesen\" \/>\n<meta property=\"og:url\" content=\"https:\/\/www.sv-freiendiez.de\/?page_id=3015\" \/>\n<meta property=\"og:site_name\" content=\"SV Diez-Freiendiez 1928 e.V.\" \/>\n<meta property=\"article:publisher\" content=\"https:\/\/www.facebook.com\/svfreiendiez\/\" \/>\n<meta property=\"article:modified_time\" content=\"2025-03-03T08:45:16+00:00\" \/>\n<meta property=\"og:image\" content=\"https:\/\/www.sv-freiendiez.de\/wp-content\/uploads\/2018\/11\/web_patrickmeyer.png\" \/>\n\t<meta property=\"og:image:width\" content=\"180\" \/>\n\t<meta property=\"og:image:height\" content=\"134\" \/>\n\t<meta property=\"og:image:type\" content=\"image\/png\" \/>\n<meta name=\"twitter:card\" content=\"summary_large_image\" \/>\n<meta name=\"twitter:label1\" content=\"Gesch\u00e4tzte Lesezeit\" \/>\n\t<meta name=\"twitter:data1\" content=\"2\u00a0Minuten\" \/>\n<script type=\"application\/ld+json\" class=\"yoast-schema-graph\">{\"@context\":\"https:\\\/\\\/schema.org\",\"@graph\":[{\"@type\":\"WebPage\",\"@id\":\"https:\\\/\\\/www.sv-freiendiez.de\\\/?page_id=3015\",\"url\":\"https:\\\/\\\/www.sv-freiendiez.de\\\/?page_id=3015\",\"name\":\"Patrick Meyer - SV Diez-Freiendiez 1928 e.V.\",\"isPartOf\":{\"@id\":\"https:\\\/\\\/www.sv-freiendiez.de\\\/#website\"},\"primaryImageOfPage\":{\"@id\":\"https:\\\/\\\/www.sv-freiendiez.de\\\/?page_id=3015#primaryimage\"},\"image\":{\"@id\":\"https:\\\/\\\/www.sv-freiendiez.de\\\/?page_id=3015#primaryimage\"},\"thumbnailUrl\":\"http:\\\/\\\/www.sv-freiendiez.de\\\/wp-content\\\/uploads\\\/2018\\\/11\\\/web_patrickmeyer.png\",\"datePublished\":\"2018-11-11T11:52:18+00:00\",\"dateModified\":\"2025-03-03T08:45:16+00:00\",\"breadcrumb\":{\"@id\":\"https:\\\/\\\/www.sv-freiendiez.de\\\/?page_id=3015#breadcrumb\"},\"inLanguage\":\"de\",\"potentialAction\":[{\"@type\":\"ReadAction\",\"target\":[\"https:\\\/\\\/www.sv-freiendiez.de\\\/?page_id=3015\"]}]},{\"@type\":\"ImageObject\",\"inLanguage\":\"de\",\"@id\":\"https:\\\/\\\/www.sv-freiendiez.de\\\/?page_id=3015#primaryimage\",\"url\":\"https:\\\/\\\/www.sv-freiendiez.de\\\/wp-content\\\/uploads\\\/2018\\\/11\\\/web_patrickmeyer.png\",\"contentUrl\":\"https:\\\/\\\/www.sv-freiendiez.de\\\/wp-content\\\/uploads\\\/2018\\\/11\\\/web_patrickmeyer.png\",\"width\":180,\"height\":134,\"caption\":\"Patrick Meyer\"},{\"@type\":\"BreadcrumbList\",\"@id\":\"https:\\\/\\\/www.sv-freiendiez.de\\\/?page_id=3015#breadcrumb\",\"itemListElement\":[{\"@type\":\"ListItem\",\"position\":1,\"name\":\"Startseite\",\"item\":\"https:\\\/\\\/www.sv-freiendiez.de\\\/\"},{\"@type\":\"ListItem\",\"position\":2,\"name\":\"Patrick Meyer\"}]},{\"@type\":\"WebSite\",\"@id\":\"https:\\\/\\\/www.sv-freiendiez.de\\\/#website\",\"url\":\"https:\\\/\\\/www.sv-freiendiez.de\\\/\",\"name\":\"SV Diez-Freiendiez 1928 e.V.\",\"description\":\"Sch\u00fctzenverein Diez-Freiendiez 1928 e.V.\",\"publisher\":{\"@id\":\"https:\\\/\\\/www.sv-freiendiez.de\\\/#organization\"},\"potentialAction\":[{\"@type\":\"SearchAction\",\"target\":{\"@type\":\"EntryPoint\",\"urlTemplate\":\"https:\\\/\\\/www.sv-freiendiez.de\\\/?s={search_term_string}\"},\"query-input\":{\"@type\":\"PropertyValueSpecification\",\"valueRequired\":true,\"valueName\":\"search_term_string\"}}],\"inLanguage\":\"de\"},{\"@type\":\"Organization\",\"@id\":\"https:\\\/\\\/www.sv-freiendiez.de\\\/#organization\",\"name\":\"SV Diez-Freiendiez 1928 e.V.\",\"url\":\"https:\\\/\\\/www.sv-freiendiez.de\\\/\",\"logo\":{\"@type\":\"ImageObject\",\"inLanguage\":\"de\",\"@id\":\"https:\\\/\\\/www.sv-freiendiez.de\\\/#\\\/schema\\\/logo\\\/image\\\/\",\"url\":\"https:\\\/\\\/www.sv-freiendiez.de\\\/wp-content\\\/uploads\\\/2016\\\/12\\\/cropped-wappen250.png\",\"contentUrl\":\"https:\\\/\\\/www.sv-freiendiez.de\\\/wp-content\\\/uploads\\\/2016\\\/12\\\/cropped-wappen250.png\",\"width\":250,\"height\":250,\"caption\":\"SV Diez-Freiendiez 1928 e.V.\"},\"image\":{\"@id\":\"https:\\\/\\\/www.sv-freiendiez.de\\\/#\\\/schema\\\/logo\\\/image\\\/\"},\"sameAs\":[\"https:\\\/\\\/www.facebook.com\\\/svfreiendiez\\\/\"]}]}<\/script>\n<!-- \/ Yoast SEO plugin. -->","yoast_head_json":{"title":"Patrick Meyer - SV Diez-Freiendiez 1928 e.V.","robots":{"index":"index","follow":"follow","max-snippet":"max-snippet:-1","max-image-preview":"max-image-preview:large","max-video-preview":"max-video-preview:-1"},"canonical":"https:\/\/www.sv-freiendiez.de\/?page_id=3015","og_locale":"de_DE","og_type":"article","og_title":"Patrick Meyer - SV Diez-Freiendiez 1928 e.V.","og_description":"&nbsp; Patrick schie\u00dft f\u00fcr unseren Verein die Meisterschaften in den Disziplinen Freie Pistole, Sportpistole, Zentralfeuerpistole und Standardpistole und ist Leistungstr\u00e4ger in allen Disziplinen. Er&nbsp; war lange Jahre Mitglied im Bundeskader des Deutschen Sch\u00fctzenbundes f\u00fcr die &#8222;nichtolympischen Pistolendisziplinen&#8220; Zentralfeuerpistole und Standardpistole. Dort hat er auch bereits internationale Titel errungen. Jahrgang: 1981 Beruf: Verwaltungsbeamter im Bundesforschungsministerium Wohnort: &hellip; \u201ePatrick Meyer\u201c weiterlesen","og_url":"https:\/\/www.sv-freiendiez.de\/?page_id=3015","og_site_name":"SV Diez-Freiendiez 1928 e.V.","article_publisher":"https:\/\/www.facebook.com\/svfreiendiez\/","article_modified_time":"2025-03-03T08:45:16+00:00","og_image":[{"width":180,"height":134,"url":"https:\/\/www.sv-freiendiez.de\/wp-content\/uploads\/2018\/11\/web_patrickmeyer.png","type":"image\/png"}],"twitter_card":"summary_large_image","twitter_misc":{"Gesch\u00e4tzte Lesezeit":"2\u00a0Minuten"},"schema":{"@context":"https:\/\/schema.org","@graph":[{"@type":"WebPage","@id":"https:\/\/www.sv-freiendiez.de\/?page_id=3015","url":"https:\/\/www.sv-freiendiez.de\/?page_id=3015","name":"Patrick Meyer - SV Diez-Freiendiez 1928 e.V.","isPartOf":{"@id":"https:\/\/www.sv-freiendiez.de\/#website"},"primaryImageOfPage":{"@id":"https:\/\/www.sv-freiendiez.de\/?page_id=3015#primaryimage"},"image":{"@id":"https:\/\/www.sv-freiendiez.de\/?page_id=3015#primaryimage"},"thumbnailUrl":"http:\/\/www.sv-freiendiez.de\/wp-content\/uploads\/2018\/11\/web_patrickmeyer.png","datePublished":"2018-11-11T11:52:18+00:00","dateModified":"2025-03-03T08:45:16+00:00","breadcrumb":{"@id":"https:\/\/www.sv-freiendiez.de\/?page_id=3015#breadcrumb"},"inLanguage":"de","potentialAction":[{"@type":"ReadAction","target":["https:\/\/www.sv-freiendiez.de\/?page_id=3015"]}]},{"@type":"ImageObject","inLanguage":"de","@id":"https:\/\/www.sv-freiendiez.de\/?page_id=3015#primaryimage","url":"https:\/\/www.sv-freiendiez.de\/wp-content\/uploads\/2018\/11\/web_patrickmeyer.png","contentUrl":"https:\/\/www.sv-freiendiez.de\/wp-content\/uploads\/2018\/11\/web_patrickmeyer.png","width":180,"height":134,"caption":"Patrick Meyer"},{"@type":"BreadcrumbList","@id":"https:\/\/www.sv-freiendiez.de\/?page_id=3015#breadcrumb","itemListElement":[{"@type":"ListItem","position":1,"name":"Startseite","item":"https:\/\/www.sv-freiendiez.de\/"},{"@type":"ListItem","position":2,"name":"Patrick Meyer"}]},{"@type":"WebSite","@id":"https:\/\/www.sv-freiendiez.de\/#website","url":"https:\/\/www.sv-freiendiez.de\/","name":"SV Diez-Freiendiez 1928 e.V.","description":"Sch\u00fctzenverein Diez-Freiendiez 1928 e.V.","publisher":{"@id":"https:\/\/www.sv-freiendiez.de\/#organization"},"potentialAction":[{"@type":"SearchAction","target":{"@type":"EntryPoint","urlTemplate":"https:\/\/www.sv-freiendiez.de\/?s={search_term_string}"},"query-input":{"@type":"PropertyValueSpecification","valueRequired":true,"valueName":"search_term_string"}}],"inLanguage":"de"},{"@type":"Organization","@id":"https:\/\/www.sv-freiendiez.de\/#organization","name":"SV Diez-Freiendiez 1928 e.V.","url":"https:\/\/www.sv-freiendiez.de\/","logo":{"@type":"ImageObject","inLanguage":"de","@id":"https:\/\/www.sv-freiendiez.de\/#\/schema\/logo\/image\/","url":"https:\/\/www.sv-freiendiez.de\/wp-content\/uploads\/2016\/12\/cropped-wappen250.png","contentUrl":"https:\/\/www.sv-freiendiez.de\/wp-content\/uploads\/2016\/12\/cropped-wappen250.png","width":250,"height":250,"caption":"SV Diez-Freiendiez 1928 e.V."},"image":{"@id":"https:\/\/www.sv-freiendiez.de\/#\/schema\/logo\/image\/"},"sameAs":["https:\/\/www.facebook.com\/svfreiendiez\/"]}]}},"_links":{"self":[{"href":"https:\/\/www.sv-freiendiez.de\/index.php?rest_route=\/wp\/v2\/pages\/3015","targetHints":{"allow":["GET"]}}],"collection":[{"href":"https:\/\/www.sv-freiendiez.de\/index.php?rest_route=\/wp\/v2\/pages"}],"about":[{"href":"https:\/\/www.sv-freiendiez.de\/index.php?rest_route=\/wp\/v2\/types\/page"}],"author":[{"embeddable":true,"href":"https:\/\/www.sv-freiendiez.de\/index.php?rest_route=\/wp\/v2\/users\/1"}],"replies":[{"embeddable":true,"href":"https:\/\/www.sv-freiendiez.de\/index.php?rest_route=%2Fwp%2Fv2%2Fcomments&post=3015"}],"version-history":[{"count":2,"href":"https:\/\/www.sv-freiendiez.de\/index.php?rest_route=\/wp\/v2\/pages\/3015\/revisions"}],"predecessor-version":[{"id":4796,"href":"https:\/\/www.sv-freiendiez.de\/index.php?rest_route=\/wp\/v2\/pages\/3015\/revisions\/4796"}],"wp:attachment":[{"href":"https:\/\/www.sv-freiendiez.de\/index.php?rest_route=%2Fwp%2Fv2%2Fmedia&parent=3015"}],"curies":[{"name":"wp","href":"https:\/\/api.w.org\/{rel}","templated":true}]}}