{"id":26,"date":"2015-05-29T15:31:47","date_gmt":"2015-05-29T13:31:47","guid":{"rendered":"http:\/\/www.sv-freiendiez.de\/?page_id=26"},"modified":"2023-01-21T12:27:51","modified_gmt":"2023-01-21T11:27:51","slug":"schuetzenhaus","status":"publish","type":"page","link":"https:\/\/www.sv-freiendiez.de\/?page_id=26","title":{"rendered":"Sch\u00fctzenhaus"},"content":{"rendered":"<p style=\"text-align: justify;\">Unser Sch\u00fctzenhaus liegt au\u00dferhalb von Diez im Stadtteil Freiendiez. Es befindet sich direkt an der B54 in Richtung Holzheim &#8222;Am W\u00e4sserweg&#8220;.<\/p>\n<p style=\"text-align: justify;\">Das Sch\u00fctzenhaus hat leider keine Auto Navigation kompatible Adresse. Benutzen Sie bitte &#8222;Aarstra\u00dfe 30&#8220; (alte Papierm\u00fchle Freiendiez) und orientieren sich von dort in Richtung Holzheim. Nachdem Sie auf die B54 aufgefahren sind, befindet sich der Parkplatz an unserem Sch\u00fctzenhaus etwa 250 Meter weiter auf der rechten Seite.<\/p>\n<p style=\"text-align: center;\">[mappress mapid=&#8220;1&#8243;]<\/p>\n<p style=\"text-align: justify;\">Wir verf\u00fcgen \u00fcber einen 50 Meter KK &#8211; Langwaffen Schie\u00dfstand mit 4 Sch\u00fctzenst\u00e4nden, \u00fcber einen 10 Meter&nbsp; Schie\u00dfstand f\u00fcr Druckluftwaffen (Luftpistole und -gewehr) mit 6 Sch\u00fctzenst\u00e4nden, sowie \u00fcber einen geschlossenen 25m Kurzwaffen Schie\u00dfstand (bis 1500 Joule Geschossenergie) mit 5 Sch\u00fctzenst\u00e4nden und Duell &#8211; Anlage f\u00fcr (fast) alle Kurzwaffen.<\/p>\n<p style=\"text-align: justify;\">Die Gro\u00dfkaliber Langwaffen Disziplin Ordonanzwaffe k\u00f6nnen wir auf dem Schie\u00dfstand des <a href=\"http:\/\/www.schuetzenverein-hubertus-hadamar.de\/\" target=\"_blank\" rel=\"noopener noreferrer\">SV Hubertus in Hadamar<\/a> als Gast aus\u00fcben. Wurfscheibenschie\u00dfen kann ebenfalls als Gast in <a href=\"https:\/\/www.schuetzenverein-hahnstaetten.de\/\" target=\"_blank\" rel=\"noopener noreferrer\">Hahnst\u00e4tten<\/a> geschossen werden.<\/p>\n<p>In der folgenden Galerie sind einige Eindr\u00fccke aus unserem Sch\u00fctzenhaus zu sehen.<\/p>\nngg_shortcode_0_placeholder\n","protected":false},"excerpt":{"rendered":"<p>Unser Sch\u00fctzenhaus liegt au\u00dferhalb von Diez im Stadtteil Freiendiez. Es befindet sich direkt an der B54 in Richtung Holzheim &#8222;Am W\u00e4sserweg&#8220;. Das Sch\u00fctzenhaus hat leider keine Auto Navigation kompatible Adresse. Benutzen Sie bitte &#8222;Aarstra\u00dfe 30&#8220; (alte Papierm\u00fchle Freiendiez) und orientieren sich von dort in Richtung Holzheim. Nachdem Sie auf die B54 aufgefahren sind, befindet sich &hellip; <\/p>\n<p class=\"link-more\"><a href=\"https:\/\/www.sv-freiendiez.de\/?page_id=26\" class=\"more-link\"><span class=\"screen-reader-text\">\u201eSch\u00fctzenhaus\u201c<\/span> weiterlesen<\/a><\/p>\n","protected":false},"author":1,"featured_media":135,"parent":0,"menu_order":3,"comment_status":"closed","ping_status":"closed","template":"","meta":{"ngg_post_thumbnail":0,"footnotes":""},"class_list":["post-26","page","type-page","status-publish","has-post-thumbnail","hentry"],"yoast_head":"<!-- This site is optimized with the Yoast SEO plugin v27.4 - https:\/\/yoast.com\/product\/yoast-seo-wordpress\/ -->\n<title>Sch\u00fctzenhaus - SV Diez-Freiendiez 1928 e.V.<\/title>\n<meta name=\"robots\" content=\"index, follow, max-snippet:-1, max-image-preview:large, max-video-preview:-1\" \/>\n<link rel=\"canonical\" href=\"https:\/\/www.sv-freiendiez.de\/?page_id=26\" \/>\n<meta property=\"og:locale\" content=\"de_DE\" \/>\n<meta property=\"og:type\" content=\"article\" \/>\n<meta property=\"og:title\" content=\"Sch\u00fctzenhaus - SV Diez-Freiendiez 1928 e.V.\" \/>\n<meta property=\"og:description\" content=\"Unser Sch\u00fctzenhaus liegt au\u00dferhalb von Diez im Stadtteil Freiendiez. Es befindet sich direkt an der B54 in Richtung Holzheim &#8222;Am W\u00e4sserweg&#8220;. Das Sch\u00fctzenhaus hat leider keine Auto Navigation kompatible Adresse. Benutzen Sie bitte &#8222;Aarstra\u00dfe 30&#8220; (alte Papierm\u00fchle Freiendiez) und orientieren sich von dort in Richtung Holzheim. Nachdem Sie auf die B54 aufgefahren sind, befindet sich &hellip; \u201eSch\u00fctzenhaus\u201c weiterlesen\" \/>\n<meta property=\"og:url\" content=\"https:\/\/www.sv-freiendiez.de\/?page_id=26\" \/>\n<meta property=\"og:site_name\" content=\"SV Diez-Freiendiez 1928 e.V.\" \/>\n<meta property=\"article:publisher\" content=\"https:\/\/www.facebook.com\/svfreiendiez\/\" \/>\n<meta property=\"article:modified_time\" content=\"2023-01-21T11:27:51+00:00\" \/>\n<meta property=\"og:image\" content=\"https:\/\/www.sv-freiendiez.de\/wp-content\/uploads\/2015\/05\/header_2.jpg\" \/>\n\t<meta property=\"og:image:width\" content=\"1000\" \/>\n\t<meta property=\"og:image:height\" content=\"288\" \/>\n\t<meta property=\"og:image:type\" content=\"image\/jpeg\" \/>\n<meta name=\"twitter:card\" content=\"summary_large_image\" \/>\n<meta name=\"twitter:label1\" content=\"Gesch\u00e4tzte Lesezeit\" \/>\n\t<meta name=\"twitter:data1\" content=\"1\u00a0Minute\" \/>\n<script type=\"application\/ld+json\" class=\"yoast-schema-graph\">{\"@context\":\"https:\\\/\\\/schema.org\",\"@graph\":[{\"@type\":\"WebPage\",\"@id\":\"https:\\\/\\\/www.sv-freiendiez.de\\\/?page_id=26\",\"url\":\"https:\\\/\\\/www.sv-freiendiez.de\\\/?page_id=26\",\"name\":\"Sch\u00fctzenhaus - SV Diez-Freiendiez 1928 e.V.\",\"isPartOf\":{\"@id\":\"https:\\\/\\\/www.sv-freiendiez.de\\\/#website\"},\"primaryImageOfPage\":{\"@id\":\"https:\\\/\\\/www.sv-freiendiez.de\\\/?page_id=26#primaryimage\"},\"image\":{\"@id\":\"https:\\\/\\\/www.sv-freiendiez.de\\\/?page_id=26#primaryimage\"},\"thumbnailUrl\":\"https:\\\/\\\/www.sv-freiendiez.de\\\/wp-content\\\/uploads\\\/2015\\\/05\\\/header_2.jpg\",\"datePublished\":\"2015-05-29T13:31:47+00:00\",\"dateModified\":\"2023-01-21T11:27:51+00:00\",\"breadcrumb\":{\"@id\":\"https:\\\/\\\/www.sv-freiendiez.de\\\/?page_id=26#breadcrumb\"},\"inLanguage\":\"de\",\"potentialAction\":[{\"@type\":\"ReadAction\",\"target\":[\"https:\\\/\\\/www.sv-freiendiez.de\\\/?page_id=26\"]}]},{\"@type\":\"ImageObject\",\"inLanguage\":\"de\",\"@id\":\"https:\\\/\\\/www.sv-freiendiez.de\\\/?page_id=26#primaryimage\",\"url\":\"https:\\\/\\\/www.sv-freiendiez.de\\\/wp-content\\\/uploads\\\/2015\\\/05\\\/header_2.jpg\",\"contentUrl\":\"https:\\\/\\\/www.sv-freiendiez.de\\\/wp-content\\\/uploads\\\/2015\\\/05\\\/header_2.jpg\",\"width\":1000,\"height\":288},{\"@type\":\"BreadcrumbList\",\"@id\":\"https:\\\/\\\/www.sv-freiendiez.de\\\/?page_id=26#breadcrumb\",\"itemListElement\":[{\"@type\":\"ListItem\",\"position\":1,\"name\":\"Startseite\",\"item\":\"https:\\\/\\\/www.sv-freiendiez.de\\\/\"},{\"@type\":\"ListItem\",\"position\":2,\"name\":\"Sch\u00fctzenhaus\"}]},{\"@type\":\"WebSite\",\"@id\":\"https:\\\/\\\/www.sv-freiendiez.de\\\/#website\",\"url\":\"https:\\\/\\\/www.sv-freiendiez.de\\\/\",\"name\":\"SV Diez-Freiendiez 1928 e.V.\",\"description\":\"Sch\u00fctzenverein Diez-Freiendiez 1928 e.V.\",\"publisher\":{\"@id\":\"https:\\\/\\\/www.sv-freiendiez.de\\\/#organization\"},\"potentialAction\":[{\"@type\":\"SearchAction\",\"target\":{\"@type\":\"EntryPoint\",\"urlTemplate\":\"https:\\\/\\\/www.sv-freiendiez.de\\\/?s={search_term_string}\"},\"query-input\":{\"@type\":\"PropertyValueSpecification\",\"valueRequired\":true,\"valueName\":\"search_term_string\"}}],\"inLanguage\":\"de\"},{\"@type\":\"Organization\",\"@id\":\"https:\\\/\\\/www.sv-freiendiez.de\\\/#organization\",\"name\":\"SV Diez-Freiendiez 1928 e.V.\",\"url\":\"https:\\\/\\\/www.sv-freiendiez.de\\\/\",\"logo\":{\"@type\":\"ImageObject\",\"inLanguage\":\"de\",\"@id\":\"https:\\\/\\\/www.sv-freiendiez.de\\\/#\\\/schema\\\/logo\\\/image\\\/\",\"url\":\"https:\\\/\\\/www.sv-freiendiez.de\\\/wp-content\\\/uploads\\\/2016\\\/12\\\/cropped-wappen250.png\",\"contentUrl\":\"https:\\\/\\\/www.sv-freiendiez.de\\\/wp-content\\\/uploads\\\/2016\\\/12\\\/cropped-wappen250.png\",\"width\":250,\"height\":250,\"caption\":\"SV Diez-Freiendiez 1928 e.V.\"},\"image\":{\"@id\":\"https:\\\/\\\/www.sv-freiendiez.de\\\/#\\\/schema\\\/logo\\\/image\\\/\"},\"sameAs\":[\"https:\\\/\\\/www.facebook.com\\\/svfreiendiez\\\/\"]}]}<\/script>\n<!-- \/ Yoast SEO plugin. -->","yoast_head_json":{"title":"Sch\u00fctzenhaus - SV Diez-Freiendiez 1928 e.V.","robots":{"index":"index","follow":"follow","max-snippet":"max-snippet:-1","max-image-preview":"max-image-preview:large","max-video-preview":"max-video-preview:-1"},"canonical":"https:\/\/www.sv-freiendiez.de\/?page_id=26","og_locale":"de_DE","og_type":"article","og_title":"Sch\u00fctzenhaus - SV Diez-Freiendiez 1928 e.V.","og_description":"Unser Sch\u00fctzenhaus liegt au\u00dferhalb von Diez im Stadtteil Freiendiez. Es befindet sich direkt an der B54 in Richtung Holzheim &#8222;Am W\u00e4sserweg&#8220;. Das Sch\u00fctzenhaus hat leider keine Auto Navigation kompatible Adresse. Benutzen Sie bitte &#8222;Aarstra\u00dfe 30&#8220; (alte Papierm\u00fchle Freiendiez) und orientieren sich von dort in Richtung Holzheim. Nachdem Sie auf die B54 aufgefahren sind, befindet sich &hellip; \u201eSch\u00fctzenhaus\u201c weiterlesen","og_url":"https:\/\/www.sv-freiendiez.de\/?page_id=26","og_site_name":"SV Diez-Freiendiez 1928 e.V.","article_publisher":"https:\/\/www.facebook.com\/svfreiendiez\/","article_modified_time":"2023-01-21T11:27:51+00:00","og_image":[{"width":1000,"height":288,"url":"https:\/\/www.sv-freiendiez.de\/wp-content\/uploads\/2015\/05\/header_2.jpg","type":"image\/jpeg"}],"twitter_card":"summary_large_image","twitter_misc":{"Gesch\u00e4tzte Lesezeit":"1\u00a0Minute"},"schema":{"@context":"https:\/\/schema.org","@graph":[{"@type":"WebPage","@id":"https:\/\/www.sv-freiendiez.de\/?page_id=26","url":"https:\/\/www.sv-freiendiez.de\/?page_id=26","name":"Sch\u00fctzenhaus - SV Diez-Freiendiez 1928 e.V.","isPartOf":{"@id":"https:\/\/www.sv-freiendiez.de\/#website"},"primaryImageOfPage":{"@id":"https:\/\/www.sv-freiendiez.de\/?page_id=26#primaryimage"},"image":{"@id":"https:\/\/www.sv-freiendiez.de\/?page_id=26#primaryimage"},"thumbnailUrl":"https:\/\/www.sv-freiendiez.de\/wp-content\/uploads\/2015\/05\/header_2.jpg","datePublished":"2015-05-29T13:31:47+00:00","dateModified":"2023-01-21T11:27:51+00:00","breadcrumb":{"@id":"https:\/\/www.sv-freiendiez.de\/?page_id=26#breadcrumb"},"inLanguage":"de","potentialAction":[{"@type":"ReadAction","target":["https:\/\/www.sv-freiendiez.de\/?page_id=26"]}]},{"@type":"ImageObject","inLanguage":"de","@id":"https:\/\/www.sv-freiendiez.de\/?page_id=26#primaryimage","url":"https:\/\/www.sv-freiendiez.de\/wp-content\/uploads\/2015\/05\/header_2.jpg","contentUrl":"https:\/\/www.sv-freiendiez.de\/wp-content\/uploads\/2015\/05\/header_2.jpg","width":1000,"height":288},{"@type":"BreadcrumbList","@id":"https:\/\/www.sv-freiendiez.de\/?page_id=26#breadcrumb","itemListElement":[{"@type":"ListItem","position":1,"name":"Startseite","item":"https:\/\/www.sv-freiendiez.de\/"},{"@type":"ListItem","position":2,"name":"Sch\u00fctzenhaus"}]},{"@type":"WebSite","@id":"https:\/\/www.sv-freiendiez.de\/#website","url":"https:\/\/www.sv-freiendiez.de\/","name":"SV Diez-Freiendiez 1928 e.V.","description":"Sch\u00fctzenverein Diez-Freiendiez 1928 e.V.","publisher":{"@id":"https:\/\/www.sv-freiendiez.de\/#organization"},"potentialAction":[{"@type":"SearchAction","target":{"@type":"EntryPoint","urlTemplate":"https:\/\/www.sv-freiendiez.de\/?s={search_term_string}"},"query-input":{"@type":"PropertyValueSpecification","valueRequired":true,"valueName":"search_term_string"}}],"inLanguage":"de"},{"@type":"Organization","@id":"https:\/\/www.sv-freiendiez.de\/#organization","name":"SV Diez-Freiendiez 1928 e.V.","url":"https:\/\/www.sv-freiendiez.de\/","logo":{"@type":"ImageObject","inLanguage":"de","@id":"https:\/\/www.sv-freiendiez.de\/#\/schema\/logo\/image\/","url":"https:\/\/www.sv-freiendiez.de\/wp-content\/uploads\/2016\/12\/cropped-wappen250.png","contentUrl":"https:\/\/www.sv-freiendiez.de\/wp-content\/uploads\/2016\/12\/cropped-wappen250.png","width":250,"height":250,"caption":"SV Diez-Freiendiez 1928 e.V."},"image":{"@id":"https:\/\/www.sv-freiendiez.de\/#\/schema\/logo\/image\/"},"sameAs":["https:\/\/www.facebook.com\/svfreiendiez\/"]}]}},"_links":{"self":[{"href":"https:\/\/www.sv-freiendiez.de\/index.php?rest_route=\/wp\/v2\/pages\/26","targetHints":{"allow":["GET"]}}],"collection":[{"href":"https:\/\/www.sv-freiendiez.de\/index.php?rest_route=\/wp\/v2\/pages"}],"about":[{"href":"https:\/\/www.sv-freiendiez.de\/index.php?rest_route=\/wp\/v2\/types\/page"}],"author":[{"embeddable":true,"href":"https:\/\/www.sv-freiendiez.de\/index.php?rest_route=\/wp\/v2\/users\/1"}],"replies":[{"embeddable":true,"href":"https:\/\/www.sv-freiendiez.de\/index.php?rest_route=%2Fwp%2Fv2%2Fcomments&post=26"}],"version-history":[{"count":1,"href":"https:\/\/www.sv-freiendiez.de\/index.php?rest_route=\/wp\/v2\/pages\/26\/revisions"}],"predecessor-version":[{"id":4414,"href":"https:\/\/www.sv-freiendiez.de\/index.php?rest_route=\/wp\/v2\/pages\/26\/revisions\/4414"}],"wp:featuredmedia":[{"embeddable":true,"href":"https:\/\/www.sv-freiendiez.de\/index.php?rest_route=\/wp\/v2\/media\/135"}],"wp:attachment":[{"href":"https:\/\/www.sv-freiendiez.de\/index.php?rest_route=%2Fwp%2Fv2%2Fmedia&parent=26"}],"curies":[{"name":"wp","href":"https:\/\/api.w.org\/{rel}","templated":true}]}}