{"id":2377,"date":"2017-11-04T17:26:42","date_gmt":"2017-11-04T16:26:42","guid":{"rendered":"http:\/\/www.sv-freiendiez.de\/?page_id=2377"},"modified":"2017-11-05T00:12:41","modified_gmt":"2017-11-04T23:12:41","slug":"mein-yoga-in-9-milimeter","status":"publish","type":"page","link":"https:\/\/www.sv-freiendiez.de\/?page_id=2377","title":{"rendered":"Mario Linowski: Yoga in 9 Milimeter"},"content":{"rendered":"<blockquote>\n<p style=\"text-align: justify;\"><img loading=\"lazy\" decoding=\"async\" class=\"alignleft size-medium wp-image-2386\" src=\"http:\/\/www.sv-freiendiez.de\/wp-content\/uploads\/2017\/11\/MarioLinowski_17-300x200.jpg\" alt=\"\" width=\"300\" height=\"200\" srcset=\"https:\/\/www.sv-freiendiez.de\/wp-content\/uploads\/2017\/11\/MarioLinowski_17-300x200.jpg 300w, https:\/\/www.sv-freiendiez.de\/wp-content\/uploads\/2017\/11\/MarioLinowski_17-768x513.jpg 768w, https:\/\/www.sv-freiendiez.de\/wp-content\/uploads\/2017\/11\/MarioLinowski_17-600x400.jpg 600w, https:\/\/www.sv-freiendiez.de\/wp-content\/uploads\/2017\/11\/MarioLinowski_17.jpg 881w\" sizes=\"auto, (max-width: 300px) 100vw, 300px\" \/>&#8222;Lange Zeit hatte ich eine v\u00f6llig falsche Vorstellung davon, was in den Sch\u00fctzenvereinen in unserer Region so abgeht. Das hat mich lange Zeit davon abgehalten ein Sch\u00fctzenhaus zu betreten. Inzwischen k\u00f6nnte ich mir mein Leben ohne den Verein gar nicht mehr vorstellen.&#8220;<\/p>\n<\/blockquote>\n<p style=\"text-align: justify;\">Ich hei\u00dfe Mario Linowski, bin 49 Jahre alt und wohne in Diez. Ich bin beruflich als IT-Berater unterwegs. Dieser Beruf fordert mir und meiner Familie einiges ab. Da braucht man schon einen Ausgleich. Haupts\u00e4chlich schie\u00dfe ich Kurzwaffen. Ich mache \u201eYoga in 9 Millimeter\u201c wenn mich jemand fragt, was ich zum Ausgleich zu meinem fordernden Job so mache. Ich bin jetzt knapp 3 Jahre als Sportsch\u00fctze im Sch\u00fctzenverein Diez-Freiendiez 1928 e.V. aktiv.<\/p>\n<blockquote><p>\u201eDas Sportschie\u00dfen erfordert ein hohes Ma\u00df an Disziplin und Konzentration das dich alles um dich herum vergessen l\u00e4sst.\u201c<\/p><\/blockquote>\n<p style=\"text-align: justify;\">Mich verschlug die Liebe seines Lebens nach Diez. Ich bin verheiratet und habe einen erwachsenen Sohn. Inzwischen lebe ich seit \u00fcber 25 Jahren in Diez und habe auch dort in der damals noch von der Bundeswehr genutzten Freiherr-vom-Stein Kaserne meinen Wehrdienst abgeleistet. Bei der Bundeswehr entdeckte ich meinen Spa\u00df am Schie\u00dfen.<\/p>\n<blockquote><p>\u201eMit Begeisterung dabei, aber nix getroffen. Leider hat sich daran nicht viel ver\u00e4ndert. Wenn das Wort Wettkampf f\u00e4llt treffe ich nichts mehr. Aber das geht vielen so.\u201c<\/p><\/blockquote>\n<figure id=\"attachment_2383\" aria-describedby=\"caption-attachment-2383\" style=\"width: 300px\" class=\"wp-caption alignright\"><img loading=\"lazy\" decoding=\"async\" class=\"size-medium wp-image-2383\" src=\"http:\/\/www.sv-freiendiez.de\/wp-content\/uploads\/2017\/11\/so_training_ppq_66-300x225.png\" alt=\"\" width=\"300\" height=\"225\" srcset=\"https:\/\/www.sv-freiendiez.de\/wp-content\/uploads\/2017\/11\/so_training_ppq_66-300x225.png 300w, https:\/\/www.sv-freiendiez.de\/wp-content\/uploads\/2017\/11\/so_training_ppq_66-768x576.png 768w, https:\/\/www.sv-freiendiez.de\/wp-content\/uploads\/2017\/11\/so_training_ppq_66-600x450.png 600w, https:\/\/www.sv-freiendiez.de\/wp-content\/uploads\/2017\/11\/so_training_ppq_66.png 878w\" sizes=\"auto, (max-width: 300px) 100vw, 300px\" \/><figcaption id=\"caption-attachment-2383\" class=\"wp-caption-text\">(C) 2017 Diez-Freiendiez 1928 e.V.<\/figcaption><\/figure>\n<p style=\"text-align: justify;\">Ich war damals als Funktionspersonal eingesetzt und hatte dadurch ein sehr gutes Verh\u00e4ltnis zum F\u00fchrungsstab der Kompanie. Das hat mir viele Gelegenheiten eingebracht, mit den Unter-Offizieren und Offizieren am Ende einer \u00dcbung sogenannte Rest-Mun zu verschie\u00dfen. Das hat mir viel Spa\u00df gemacht. Danach musste man mir f\u00f6rmlich das Grinsen aus dem Gesicht mei\u00dfeln. Nach meiner Bundeswehr Zeit habe ich oft dar\u00fcber nachgedacht das Schie\u00dfen zu meinem Hobby zu machen. Nur leider hielt mich meine falsche Vorstellung von Brauchtumspflege im Sch\u00fctzenverein davon immer wieder ab. Ich hatte wirklich keine Lust jedes Wochenende in Uniform auf einer anderen Veranstaltung herumzulaufen.<\/p>\n<p style=\"text-align: justify;\">Ende 2014 traute ich mich dann doch in ein Sch\u00fctzenhaus. Auf Empfehlung eines Freundes ging ich dann eines Freitagabends ins Sch\u00fctzenhaus des SV Diez-Freiendiez und war sehr erleichtert dort zu erfahren, das die Sch\u00fctzen Brauchtumspflege, wie man sie kennt, in der hiesigen Region nicht so gelebt wird.<\/p>\n<blockquote>\n<p style=\"text-align: justify;\">\u201eNicht das ich missverstanden werde: Ich habe nichts gegen Brauchtumspflege im Sch\u00fctzenverein. Im Gegenteil, das hat schon was. Mehrere Male war ich Gast eines Sch\u00fctzenfestes im K\u00f6ln\/D\u00fcsseldorfer Raum. Dort ist das ganze Dorf auf den Beinen, wenn die Sch\u00fctzen paradieren. Es ist halt nicht so mein Ding in Tracht rumzulaufen. Ich schie\u00dfe eben lieber. Ich vermute sogar, dass uns die Brauchtumspflege bei den Sch\u00fctzen, die inzwischen auch gesch\u00fctztes Immaterielles Kulturerbe der UNESCO ist, das Hobby retten wird, wenn man sieht, wie die EU momentan versucht den legalen Waffenbesitz einzuschr\u00e4nken. Aber das ist ein ganz anderes Thema.&#8220;<\/p>\n<\/blockquote>\n<p style=\"text-align: justify;\">Inzwischen bin ich fast jede Woche mindestens einmal im Sch\u00fctzenhaus zu finden. Ich wurde damals mit offenen Armen aufgenommen. Mann k\u00fcmmerte sich um mich und man nahm mich in die Gemeinschaft mit auf. Man f\u00fchrte mich gewissenhaft an den Umgang mit Waffen heran und jeder beantwortete bereitwillig Fragen. Auch zeigte man mir wie man es richtigmacht, nachdem ich die Worte \u201eDas kann man ja nicht mit ansehen\u201c h\u00f6rte.<\/p>\n<p style=\"text-align: justify;\">Ich versuchte mich von Anfang an mich den Verein einzubringen. Auch wenn ich aufgrund meines Berufes die Woche \u00fcber viel unterwegs bin und nicht bei allem dabei sein kann, habe ich dort im Verein meinen Platz gefunden. Ich k\u00fcmmere mich inzwischen verantwortlich um den Online-Auftritt des Vereins und unterst\u00fctze auch aufgrund seiner Erfahrung im IT Bereich die Wartung der Elektronik auf den Schie\u00dfst\u00e4nden.<\/p>\n<blockquote><p>\u201eUnsere Kleinkaliber- und Luftdruckwaffen-Schie\u00dfst\u00e4nde verf\u00fcgen alle \u00fcber eine moderne elektronische Trefferaufnahme. Unsere technische Ausstattung und der Zustand unserer Schie\u00dfsportanlage ist in unserem Sch\u00fctzenkreis ganz weit vorne. Auch der Kurzwaffen Schie\u00dfstand erf\u00fcllt den neuesten Standard.\u201c<\/p><\/blockquote>\n<p style=\"text-align: justify;\">Im vergangenen Sommer haben die Mitglieder des Vereins mit viel Eigenleistung den G\u00e4steraum des Sch\u00fctzenhauses renoviert und in ein Schmuckst\u00fcck verwandelt. Das war nur aufgrund unserer vielen Mitglieder m\u00f6glich, die mit ihrem Fachwissen und Arbeitskraft die Renovierung umgesetzt haben. Es ist richtig hell und freundlich geworden. Da sind wir auch m\u00e4chtig stolz drauf.<\/p>\n<p style=\"text-align: justify;\">Was ich sehr wichtig finde ist auch die Darstellung unseres Sportes in der \u00d6ffentlichkeit. Aus diesem Grund finden in unseren R\u00e4umen zweimal im Jahr Wettbewerbe statt, an denen \u00f6rtliche Vereine mit einer Abordnung teilnehmen, sei es das Ostereierschie\u00dfen oder das K\u00f6nigsschie\u00dfen der Ortsvereine.<\/p>\n<p style=\"text-align: justify;\">Damit die Menschen sehen, dass wir keine schie\u00dfw\u00fctigen Irren sind. Im Zusammenhang mit den j\u00fcngsten Ereignissen, werden wir Sportsch\u00fctzen in Print, Funk und Fernsehen sehr oft rei\u00dferisch als Waffennarren und potentiell gef\u00e4hrlich dargestellt. Es ist mir pers\u00f6nlich wichtig dagegen anzugehen und aufzukl\u00e4ren. Aber es ist schon sehr schwer, wenn Menschen vorgefasste Meinungen zu ihrer eigenen machen. Meistens sind sie dann mit Argumenten und belegbaren Fakten nicht mehr zu erreichen. Ich kann versichern, wir sind ganz normale Menschen, Angestellte, Arbeiter, Selbstst\u00e4ndige, ehemalige Polizisten, Soldaten und Rechtsanw\u00e4lte, die ihrem Hobby nachgehen und mit ihrem Sportger\u00e4t, nichts anderes sind unsere Waffen f\u00fcr uns, gewissenhaft im Rahmen eines der strengsten Waffengesetze in der EU \u00fcberhaupt, umgehen.<\/p>\n<p style=\"text-align: justify;\"><strong>Um mich pers\u00f6nlich kennen zu lernen k\u00f6nnt Ihr ins Sch\u00fctzenhaus kommen. Wir bei\u00dfen nicht, versprochen!<\/strong><\/p>\n<p>&nbsp;<\/p>\n","protected":false},"excerpt":{"rendered":"<p>&#8222;Lange Zeit hatte ich eine v\u00f6llig falsche Vorstellung davon, was in den Sch\u00fctzenvereinen in unserer Region so abgeht. Das hat mich lange Zeit davon abgehalten ein Sch\u00fctzenhaus zu betreten. Inzwischen k\u00f6nnte ich mir mein Leben ohne den Verein gar nicht mehr vorstellen.&#8220; Ich hei\u00dfe Mario Linowski, bin 49 Jahre alt und wohne in Diez. Ich &hellip; <\/p>\n<p class=\"link-more\"><a href=\"https:\/\/www.sv-freiendiez.de\/?page_id=2377\" class=\"more-link\"><span class=\"screen-reader-text\">\u201eMario Linowski: Yoga in 9 Milimeter\u201c<\/span> weiterlesen<\/a><\/p>\n","protected":false},"author":1,"featured_media":0,"parent":0,"menu_order":0,"comment_status":"closed","ping_status":"closed","template":"","meta":{"ngg_post_thumbnail":0,"footnotes":""},"class_list":["post-2377","page","type-page","status-publish","hentry"],"yoast_head":"<!-- This site is optimized with the Yoast SEO plugin v27.4 - https:\/\/yoast.com\/product\/yoast-seo-wordpress\/ -->\n<title>Mario Linowski: Yoga in 9 Milimeter - SV Diez-Freiendiez 1928 e.V.<\/title>\n<meta name=\"robots\" content=\"index, follow, max-snippet:-1, max-image-preview:large, max-video-preview:-1\" \/>\n<link rel=\"canonical\" href=\"https:\/\/www.sv-freiendiez.de\/?page_id=2377\" \/>\n<meta property=\"og:locale\" content=\"de_DE\" \/>\n<meta property=\"og:type\" content=\"article\" \/>\n<meta property=\"og:title\" content=\"Mario Linowski: Yoga in 9 Milimeter - SV Diez-Freiendiez 1928 e.V.\" \/>\n<meta property=\"og:description\" content=\"&#8222;Lange Zeit hatte ich eine v\u00f6llig falsche Vorstellung davon, was in den Sch\u00fctzenvereinen in unserer Region so abgeht. Das hat mich lange Zeit davon abgehalten ein Sch\u00fctzenhaus zu betreten. Inzwischen k\u00f6nnte ich mir mein Leben ohne den Verein gar nicht mehr vorstellen.&#8220; Ich hei\u00dfe Mario Linowski, bin 49 Jahre alt und wohne in Diez. Ich &hellip; \u201eMario Linowski: Yoga in 9 Milimeter\u201c weiterlesen\" \/>\n<meta property=\"og:url\" content=\"https:\/\/www.sv-freiendiez.de\/?page_id=2377\" \/>\n<meta property=\"og:site_name\" content=\"SV Diez-Freiendiez 1928 e.V.\" \/>\n<meta property=\"article:publisher\" content=\"https:\/\/www.facebook.com\/svfreiendiez\/\" \/>\n<meta property=\"article:modified_time\" content=\"2017-11-04T23:12:41+00:00\" \/>\n<meta property=\"og:image\" content=\"http:\/\/www.sv-freiendiez.de\/wp-content\/uploads\/2017\/11\/MarioLinowski_17-300x200.jpg\" \/>\n<meta name=\"twitter:card\" content=\"summary_large_image\" \/>\n<meta name=\"twitter:label1\" content=\"Gesch\u00e4tzte Lesezeit\" \/>\n\t<meta name=\"twitter:data1\" content=\"5\u00a0Minuten\" \/>\n<script type=\"application\/ld+json\" class=\"yoast-schema-graph\">{\"@context\":\"https:\\\/\\\/schema.org\",\"@graph\":[{\"@type\":\"WebPage\",\"@id\":\"https:\\\/\\\/www.sv-freiendiez.de\\\/?page_id=2377\",\"url\":\"https:\\\/\\\/www.sv-freiendiez.de\\\/?page_id=2377\",\"name\":\"Mario Linowski: Yoga in 9 Milimeter - SV Diez-Freiendiez 1928 e.V.\",\"isPartOf\":{\"@id\":\"https:\\\/\\\/www.sv-freiendiez.de\\\/#website\"},\"primaryImageOfPage\":{\"@id\":\"https:\\\/\\\/www.sv-freiendiez.de\\\/?page_id=2377#primaryimage\"},\"image\":{\"@id\":\"https:\\\/\\\/www.sv-freiendiez.de\\\/?page_id=2377#primaryimage\"},\"thumbnailUrl\":\"http:\\\/\\\/www.sv-freiendiez.de\\\/wp-content\\\/uploads\\\/2017\\\/11\\\/MarioLinowski_17-300x200.jpg\",\"datePublished\":\"2017-11-04T16:26:42+00:00\",\"dateModified\":\"2017-11-04T23:12:41+00:00\",\"breadcrumb\":{\"@id\":\"https:\\\/\\\/www.sv-freiendiez.de\\\/?page_id=2377#breadcrumb\"},\"inLanguage\":\"de\",\"potentialAction\":[{\"@type\":\"ReadAction\",\"target\":[\"https:\\\/\\\/www.sv-freiendiez.de\\\/?page_id=2377\"]}]},{\"@type\":\"ImageObject\",\"inLanguage\":\"de\",\"@id\":\"https:\\\/\\\/www.sv-freiendiez.de\\\/?page_id=2377#primaryimage\",\"url\":\"https:\\\/\\\/www.sv-freiendiez.de\\\/wp-content\\\/uploads\\\/2017\\\/11\\\/MarioLinowski_17.jpg\",\"contentUrl\":\"https:\\\/\\\/www.sv-freiendiez.de\\\/wp-content\\\/uploads\\\/2017\\\/11\\\/MarioLinowski_17.jpg\",\"width\":881,\"height\":588},{\"@type\":\"BreadcrumbList\",\"@id\":\"https:\\\/\\\/www.sv-freiendiez.de\\\/?page_id=2377#breadcrumb\",\"itemListElement\":[{\"@type\":\"ListItem\",\"position\":1,\"name\":\"Startseite\",\"item\":\"https:\\\/\\\/www.sv-freiendiez.de\\\/\"},{\"@type\":\"ListItem\",\"position\":2,\"name\":\"Mario Linowski: Yoga in 9 Milimeter\"}]},{\"@type\":\"WebSite\",\"@id\":\"https:\\\/\\\/www.sv-freiendiez.de\\\/#website\",\"url\":\"https:\\\/\\\/www.sv-freiendiez.de\\\/\",\"name\":\"SV Diez-Freiendiez 1928 e.V.\",\"description\":\"Sch\u00fctzenverein Diez-Freiendiez 1928 e.V.\",\"publisher\":{\"@id\":\"https:\\\/\\\/www.sv-freiendiez.de\\\/#organization\"},\"potentialAction\":[{\"@type\":\"SearchAction\",\"target\":{\"@type\":\"EntryPoint\",\"urlTemplate\":\"https:\\\/\\\/www.sv-freiendiez.de\\\/?s={search_term_string}\"},\"query-input\":{\"@type\":\"PropertyValueSpecification\",\"valueRequired\":true,\"valueName\":\"search_term_string\"}}],\"inLanguage\":\"de\"},{\"@type\":\"Organization\",\"@id\":\"https:\\\/\\\/www.sv-freiendiez.de\\\/#organization\",\"name\":\"SV Diez-Freiendiez 1928 e.V.\",\"url\":\"https:\\\/\\\/www.sv-freiendiez.de\\\/\",\"logo\":{\"@type\":\"ImageObject\",\"inLanguage\":\"de\",\"@id\":\"https:\\\/\\\/www.sv-freiendiez.de\\\/#\\\/schema\\\/logo\\\/image\\\/\",\"url\":\"https:\\\/\\\/www.sv-freiendiez.de\\\/wp-content\\\/uploads\\\/2016\\\/12\\\/cropped-wappen250.png\",\"contentUrl\":\"https:\\\/\\\/www.sv-freiendiez.de\\\/wp-content\\\/uploads\\\/2016\\\/12\\\/cropped-wappen250.png\",\"width\":250,\"height\":250,\"caption\":\"SV Diez-Freiendiez 1928 e.V.\"},\"image\":{\"@id\":\"https:\\\/\\\/www.sv-freiendiez.de\\\/#\\\/schema\\\/logo\\\/image\\\/\"},\"sameAs\":[\"https:\\\/\\\/www.facebook.com\\\/svfreiendiez\\\/\"]}]}<\/script>\n<!-- \/ Yoast SEO plugin. -->","yoast_head_json":{"title":"Mario Linowski: Yoga in 9 Milimeter - SV Diez-Freiendiez 1928 e.V.","robots":{"index":"index","follow":"follow","max-snippet":"max-snippet:-1","max-image-preview":"max-image-preview:large","max-video-preview":"max-video-preview:-1"},"canonical":"https:\/\/www.sv-freiendiez.de\/?page_id=2377","og_locale":"de_DE","og_type":"article","og_title":"Mario Linowski: Yoga in 9 Milimeter - SV Diez-Freiendiez 1928 e.V.","og_description":"&#8222;Lange Zeit hatte ich eine v\u00f6llig falsche Vorstellung davon, was in den Sch\u00fctzenvereinen in unserer Region so abgeht. Das hat mich lange Zeit davon abgehalten ein Sch\u00fctzenhaus zu betreten. Inzwischen k\u00f6nnte ich mir mein Leben ohne den Verein gar nicht mehr vorstellen.&#8220; Ich hei\u00dfe Mario Linowski, bin 49 Jahre alt und wohne in Diez. Ich &hellip; \u201eMario Linowski: Yoga in 9 Milimeter\u201c weiterlesen","og_url":"https:\/\/www.sv-freiendiez.de\/?page_id=2377","og_site_name":"SV Diez-Freiendiez 1928 e.V.","article_publisher":"https:\/\/www.facebook.com\/svfreiendiez\/","article_modified_time":"2017-11-04T23:12:41+00:00","og_image":[{"url":"http:\/\/www.sv-freiendiez.de\/wp-content\/uploads\/2017\/11\/MarioLinowski_17-300x200.jpg","type":"","width":"","height":""}],"twitter_card":"summary_large_image","twitter_misc":{"Gesch\u00e4tzte Lesezeit":"5\u00a0Minuten"},"schema":{"@context":"https:\/\/schema.org","@graph":[{"@type":"WebPage","@id":"https:\/\/www.sv-freiendiez.de\/?page_id=2377","url":"https:\/\/www.sv-freiendiez.de\/?page_id=2377","name":"Mario Linowski: Yoga in 9 Milimeter - SV Diez-Freiendiez 1928 e.V.","isPartOf":{"@id":"https:\/\/www.sv-freiendiez.de\/#website"},"primaryImageOfPage":{"@id":"https:\/\/www.sv-freiendiez.de\/?page_id=2377#primaryimage"},"image":{"@id":"https:\/\/www.sv-freiendiez.de\/?page_id=2377#primaryimage"},"thumbnailUrl":"http:\/\/www.sv-freiendiez.de\/wp-content\/uploads\/2017\/11\/MarioLinowski_17-300x200.jpg","datePublished":"2017-11-04T16:26:42+00:00","dateModified":"2017-11-04T23:12:41+00:00","breadcrumb":{"@id":"https:\/\/www.sv-freiendiez.de\/?page_id=2377#breadcrumb"},"inLanguage":"de","potentialAction":[{"@type":"ReadAction","target":["https:\/\/www.sv-freiendiez.de\/?page_id=2377"]}]},{"@type":"ImageObject","inLanguage":"de","@id":"https:\/\/www.sv-freiendiez.de\/?page_id=2377#primaryimage","url":"https:\/\/www.sv-freiendiez.de\/wp-content\/uploads\/2017\/11\/MarioLinowski_17.jpg","contentUrl":"https:\/\/www.sv-freiendiez.de\/wp-content\/uploads\/2017\/11\/MarioLinowski_17.jpg","width":881,"height":588},{"@type":"BreadcrumbList","@id":"https:\/\/www.sv-freiendiez.de\/?page_id=2377#breadcrumb","itemListElement":[{"@type":"ListItem","position":1,"name":"Startseite","item":"https:\/\/www.sv-freiendiez.de\/"},{"@type":"ListItem","position":2,"name":"Mario Linowski: Yoga in 9 Milimeter"}]},{"@type":"WebSite","@id":"https:\/\/www.sv-freiendiez.de\/#website","url":"https:\/\/www.sv-freiendiez.de\/","name":"SV Diez-Freiendiez 1928 e.V.","description":"Sch\u00fctzenverein Diez-Freiendiez 1928 e.V.","publisher":{"@id":"https:\/\/www.sv-freiendiez.de\/#organization"},"potentialAction":[{"@type":"SearchAction","target":{"@type":"EntryPoint","urlTemplate":"https:\/\/www.sv-freiendiez.de\/?s={search_term_string}"},"query-input":{"@type":"PropertyValueSpecification","valueRequired":true,"valueName":"search_term_string"}}],"inLanguage":"de"},{"@type":"Organization","@id":"https:\/\/www.sv-freiendiez.de\/#organization","name":"SV Diez-Freiendiez 1928 e.V.","url":"https:\/\/www.sv-freiendiez.de\/","logo":{"@type":"ImageObject","inLanguage":"de","@id":"https:\/\/www.sv-freiendiez.de\/#\/schema\/logo\/image\/","url":"https:\/\/www.sv-freiendiez.de\/wp-content\/uploads\/2016\/12\/cropped-wappen250.png","contentUrl":"https:\/\/www.sv-freiendiez.de\/wp-content\/uploads\/2016\/12\/cropped-wappen250.png","width":250,"height":250,"caption":"SV Diez-Freiendiez 1928 e.V."},"image":{"@id":"https:\/\/www.sv-freiendiez.de\/#\/schema\/logo\/image\/"},"sameAs":["https:\/\/www.facebook.com\/svfreiendiez\/"]}]}},"_links":{"self":[{"href":"https:\/\/www.sv-freiendiez.de\/index.php?rest_route=\/wp\/v2\/pages\/2377","targetHints":{"allow":["GET"]}}],"collection":[{"href":"https:\/\/www.sv-freiendiez.de\/index.php?rest_route=\/wp\/v2\/pages"}],"about":[{"href":"https:\/\/www.sv-freiendiez.de\/index.php?rest_route=\/wp\/v2\/types\/page"}],"author":[{"embeddable":true,"href":"https:\/\/www.sv-freiendiez.de\/index.php?rest_route=\/wp\/v2\/users\/1"}],"replies":[{"embeddable":true,"href":"https:\/\/www.sv-freiendiez.de\/index.php?rest_route=%2Fwp%2Fv2%2Fcomments&post=2377"}],"version-history":[{"count":0,"href":"https:\/\/www.sv-freiendiez.de\/index.php?rest_route=\/wp\/v2\/pages\/2377\/revisions"}],"wp:attachment":[{"href":"https:\/\/www.sv-freiendiez.de\/index.php?rest_route=%2Fwp%2Fv2%2Fmedia&parent=2377"}],"curies":[{"name":"wp","href":"https:\/\/api.w.org\/{rel}","templated":true}]}}