{"id":20,"date":"2015-05-29T15:31:03","date_gmt":"2015-05-29T13:31:03","guid":{"rendered":"http:\/\/www.sv-freiendiez.de\/?page_id=20"},"modified":"2022-07-26T16:44:57","modified_gmt":"2022-07-26T14:44:57","slug":"kontakt-2","status":"publish","type":"page","link":"https:\/\/www.sv-freiendiez.de\/?page_id=20","title":{"rendered":"Kontakt"},"content":{"rendered":"<p>Wenn Sie mit uns in Kontakt treten m\u00f6chten k\u00f6nnen Sie das gerne pers\u00f6nlich tun, oder das unten stehende Kontaktformular verwenden.<\/p>\n<p><em><strong>(das ist NICHT die Sch\u00fctzenhaus Adresse!)<\/strong><\/em><br \/>\nSV Diez-Freiendiez 1928 e.V.<br \/>\nVorsitzender Holger L\u00f6ber<br \/>\nNetzgraben 13<br \/>\n65558 Kaltenholzhausen<\/p>\n<p>Telefon: +49 6430 9250326<br \/>\nMobil: +49 177 6640640<br \/>\nMail: holger.loeber@sv-freiendiez.de<\/p>\n<p><strong>Presse-Kontakt \/ Ansprechpartner Online-Medien:<\/strong><br \/>\nMario Linowski<br \/>\nTelefon: +49 171 888 6563<br \/>\nMail: mario.linowski@sv-freiendiez.de<\/p>\n<p>Hier finden Sie unser <a href=\"http:\/\/www.sv-freiendiez.de\/?page_id=15\">Impressum<\/a> und unsere <a href=\"http:\/\/www.sv-freiendiez.de\/?page_id=59\">Datenschutzerkl\u00e4rung<\/a><\/p>\n<p><strong>Eine K\u00fcndigung der Mitgliedschaft bitte per normaler Briefpost an die oben genannte Adresse richten.<\/strong><\/p>\n<p style=\"text-align: justify;\">Unser Sch\u00fctzenhaus hat leider keine Auto Navigation kompatible Adresse. Benutzen Sie bitte &#8222;Aarstra\u00dfe 30&#8220; (alte Papierm\u00fchle Freiendiez) und orientieren sich von dort in Richtung Holzheim. Nachdem Sie auf die B54 aufgefahren sind, befindet sich der Parkplatz an unserem Sch\u00fctzenhaus etwa 200 Meter weiter auf der rechten Seite.<\/p>\n<p><strong>Die Anfahrt zu unserem Sch\u00fctzenhaus<\/strong><br \/>\n[mappress mapid=&#8220;1&#8243;]<\/p>\n<p><strong>Hinterlassen Sie uns eine Nachricht<\/strong><\/p>\n\n<div class=\"wpcf7 no-js\" id=\"wpcf7-f36-o1\" lang=\"de-DE\" dir=\"ltr\" data-wpcf7-id=\"36\">\n<div class=\"screen-reader-response\"><p role=\"status\" aria-live=\"polite\" aria-atomic=\"true\"><\/p> <ul><\/ul><\/div>\n<form action=\"\/index.php?rest_route=%2Fwp%2Fv2%2Fpages%2F20#wpcf7-f36-o1\" method=\"post\" class=\"wpcf7-form init\" aria-label=\"Kontaktformular\" novalidate=\"novalidate\" data-status=\"init\">\n<fieldset class=\"hidden-fields-container\"><input type=\"hidden\" name=\"_wpcf7\" value=\"36\" \/><input type=\"hidden\" name=\"_wpcf7_version\" value=\"6.1.5\" \/><input type=\"hidden\" name=\"_wpcf7_locale\" value=\"de_DE\" \/><input type=\"hidden\" name=\"_wpcf7_unit_tag\" value=\"wpcf7-f36-o1\" \/><input type=\"hidden\" name=\"_wpcf7_container_post\" value=\"0\" \/><input type=\"hidden\" name=\"_wpcf7_posted_data_hash\" value=\"\" \/>\n<\/fieldset>\n<p>Ihr Name (Pflichtfeld)\n<\/p>\n<p><span class=\"wpcf7-form-control-wrap\" data-name=\"your-name\"><input size=\"40\" maxlength=\"400\" class=\"wpcf7-form-control wpcf7-text wpcf7-validates-as-required\" aria-required=\"true\" aria-invalid=\"false\" value=\"\" type=\"text\" name=\"your-name\" \/><\/span>\n<\/p>\n<p>Ihre E-Mail-Adresse (Pflichtfeld)\n<\/p>\n<p><span class=\"wpcf7-form-control-wrap\" data-name=\"your-email\"><input size=\"40\" maxlength=\"400\" class=\"wpcf7-form-control wpcf7-email wpcf7-validates-as-required wpcf7-text wpcf7-validates-as-email\" aria-required=\"true\" aria-invalid=\"false\" value=\"\" type=\"email\" name=\"your-email\" \/><\/span>\n<\/p>\n<p>Betreff\n<\/p>\n<p><span class=\"wpcf7-form-control-wrap\" data-name=\"your-subject\"><input size=\"40\" maxlength=\"400\" class=\"wpcf7-form-control wpcf7-text wpcf7-validates-as-required\" aria-required=\"true\" aria-invalid=\"false\" value=\"\" type=\"text\" name=\"your-subject\" \/><\/span>\n<\/p>\n<p>Ihre Nachricht\n<\/p>\n<p><span class=\"wpcf7-form-control-wrap\" data-name=\"your-message\"><textarea cols=\"40\" rows=\"10\" maxlength=\"2000\" class=\"wpcf7-form-control wpcf7-textarea\" aria-invalid=\"false\" name=\"your-message\"><\/textarea><\/span>\n<\/p>\n<p>Spamschutz\n<\/p>\n<p><input type=\"hidden\" name=\"_wpcf7_captcha_challenge_Spamschutz\" value=\"2555898168\" \/><img loading=\"lazy\" decoding=\"async\" class=\"wpcf7-form-control wpcf7-captchac wpcf7-captcha-Spamschutz\" width=\"72\" height=\"24\" alt=\"captcha\" src=\"https:\/\/www.sv-freiendiez.de\/wp-content\/uploads\/wpcf7_captcha\/2555898168.png\" \/>\n<\/p>\n<p>Bitte geben Sie den Code ein:\n<\/p>\n<p><span class=\"wpcf7-form-control-wrap\" data-name=\"Spamschutz\"><input size=\"40\" class=\"wpcf7-form-control wpcf7-captchar\" autocomplete=\"off\" aria-invalid=\"false\" value=\"\" type=\"text\" name=\"Spamschutz\" \/><\/span>\n<\/p>\n<p>[wpgdprc \"Mit der Nutzung dieses Formulars erkl\u00e4rst du dich mit der Speicherung und Verarbeitung deiner Daten durch diese Website einverstanden.\"]\n<\/p>\n<p><input class=\"wpcf7-form-control wpcf7-submit has-spinner\" type=\"submit\" value=\"Senden\" \/>\n<\/p><div class=\"wpcf7-response-output\" aria-hidden=\"true\"><\/div>\n<\/form>\n<\/div>\n\n<p><strong>Folge uns auch auf Facebook<\/strong><\/p>\n<p><a href=\"https:\/\/www.facebook.com\/svfreiendiez\/\"><img loading=\"lazy\" decoding=\"async\" class=\"alignleft wp-image-1821 size-full\" src=\"http:\/\/www.sv-freiendiez.de\/wp-content\/uploads\/2015\/05\/fb-icon-white_50.png\" alt=\"\" width=\"50\" height=\"50\"><\/a><\/p>\n","protected":false},"excerpt":{"rendered":"<p>Wenn Sie mit uns in Kontakt treten m\u00f6chten k\u00f6nnen Sie das gerne pers\u00f6nlich tun, oder das unten stehende Kontaktformular verwenden. (das ist NICHT die Sch\u00fctzenhaus Adresse!) SV Diez-Freiendiez 1928 e.V. Vorsitzender Holger L\u00f6ber Netzgraben 13 65558 Kaltenholzhausen Telefon: +49 6430 9250326 Mobil: +49 177 6640640 Mail: holger.loeber@sv-freiendiez.de Presse-Kontakt \/ Ansprechpartner Online-Medien: Mario Linowski Telefon: +49 &hellip; <\/p>\n<p class=\"link-more\"><a href=\"https:\/\/www.sv-freiendiez.de\/?page_id=20\" class=\"more-link\"><span class=\"screen-reader-text\">\u201eKontakt\u201c<\/span> weiterlesen<\/a><\/p>\n","protected":false},"author":1,"featured_media":1838,"parent":0,"menu_order":9998,"comment_status":"closed","ping_status":"closed","template":"","meta":{"ngg_post_thumbnail":0,"footnotes":""},"class_list":["post-20","page","type-page","status-publish","has-post-thumbnail","hentry"],"yoast_head":"<!-- This site is optimized with the Yoast SEO plugin v27.4 - https:\/\/yoast.com\/product\/yoast-seo-wordpress\/ -->\n<title>Kontakt - SV Diez-Freiendiez 1928 e.V.<\/title>\n<meta name=\"robots\" content=\"index, follow, max-snippet:-1, max-image-preview:large, max-video-preview:-1\" \/>\n<link rel=\"canonical\" href=\"https:\/\/www.sv-freiendiez.de\/?page_id=20\" \/>\n<meta property=\"og:locale\" content=\"de_DE\" \/>\n<meta property=\"og:type\" content=\"article\" \/>\n<meta property=\"og:title\" content=\"Kontakt - SV Diez-Freiendiez 1928 e.V.\" \/>\n<meta property=\"og:description\" content=\"Wenn Sie mit uns in Kontakt treten m\u00f6chten k\u00f6nnen Sie das gerne pers\u00f6nlich tun, oder das unten stehende Kontaktformular verwenden. (das ist NICHT die Sch\u00fctzenhaus Adresse!) SV Diez-Freiendiez 1928 e.V. Vorsitzender Holger L\u00f6ber Netzgraben 13 65558 Kaltenholzhausen Telefon: +49 6430 9250326 Mobil: +49 177 6640640 Mail: holger.loeber@sv-freiendiez.de Presse-Kontakt \/ Ansprechpartner Online-Medien: Mario Linowski Telefon: +49 &hellip; \u201eKontakt\u201c weiterlesen\" \/>\n<meta property=\"og:url\" content=\"https:\/\/www.sv-freiendiez.de\/?page_id=20\" \/>\n<meta property=\"og:site_name\" content=\"SV Diez-Freiendiez 1928 e.V.\" \/>\n<meta property=\"article:publisher\" content=\"https:\/\/www.facebook.com\/svfreiendiez\/\" \/>\n<meta property=\"article:modified_time\" content=\"2022-07-26T14:44:57+00:00\" \/>\n<meta property=\"og:image\" content=\"https:\/\/www.sv-freiendiez.de\/wp-content\/uploads\/2015\/05\/50m_kk_stand_1000x288.png\" \/>\n\t<meta property=\"og:image:width\" content=\"1000\" \/>\n\t<meta property=\"og:image:height\" content=\"288\" \/>\n\t<meta property=\"og:image:type\" content=\"image\/png\" \/>\n<meta name=\"twitter:card\" content=\"summary_large_image\" \/>\n<meta name=\"twitter:label1\" content=\"Gesch\u00e4tzte Lesezeit\" \/>\n\t<meta name=\"twitter:data1\" content=\"1\u00a0Minute\" \/>\n<script type=\"application\/ld+json\" class=\"yoast-schema-graph\">{\"@context\":\"https:\\\/\\\/schema.org\",\"@graph\":[{\"@type\":\"WebPage\",\"@id\":\"https:\\\/\\\/www.sv-freiendiez.de\\\/?page_id=20\",\"url\":\"https:\\\/\\\/www.sv-freiendiez.de\\\/?page_id=20\",\"name\":\"Kontakt - SV Diez-Freiendiez 1928 e.V.\",\"isPartOf\":{\"@id\":\"https:\\\/\\\/www.sv-freiendiez.de\\\/#website\"},\"primaryImageOfPage\":{\"@id\":\"https:\\\/\\\/www.sv-freiendiez.de\\\/?page_id=20#primaryimage\"},\"image\":{\"@id\":\"https:\\\/\\\/www.sv-freiendiez.de\\\/?page_id=20#primaryimage\"},\"thumbnailUrl\":\"https:\\\/\\\/www.sv-freiendiez.de\\\/wp-content\\\/uploads\\\/2015\\\/05\\\/50m_kk_stand_1000x288.png\",\"datePublished\":\"2015-05-29T13:31:03+00:00\",\"dateModified\":\"2022-07-26T14:44:57+00:00\",\"breadcrumb\":{\"@id\":\"https:\\\/\\\/www.sv-freiendiez.de\\\/?page_id=20#breadcrumb\"},\"inLanguage\":\"de\",\"potentialAction\":[{\"@type\":\"ReadAction\",\"target\":[\"https:\\\/\\\/www.sv-freiendiez.de\\\/?page_id=20\"]}]},{\"@type\":\"ImageObject\",\"inLanguage\":\"de\",\"@id\":\"https:\\\/\\\/www.sv-freiendiez.de\\\/?page_id=20#primaryimage\",\"url\":\"https:\\\/\\\/www.sv-freiendiez.de\\\/wp-content\\\/uploads\\\/2015\\\/05\\\/50m_kk_stand_1000x288.png\",\"contentUrl\":\"https:\\\/\\\/www.sv-freiendiez.de\\\/wp-content\\\/uploads\\\/2015\\\/05\\\/50m_kk_stand_1000x288.png\",\"width\":1000,\"height\":288},{\"@type\":\"BreadcrumbList\",\"@id\":\"https:\\\/\\\/www.sv-freiendiez.de\\\/?page_id=20#breadcrumb\",\"itemListElement\":[{\"@type\":\"ListItem\",\"position\":1,\"name\":\"Startseite\",\"item\":\"https:\\\/\\\/www.sv-freiendiez.de\\\/\"},{\"@type\":\"ListItem\",\"position\":2,\"name\":\"Kontakt\"}]},{\"@type\":\"WebSite\",\"@id\":\"https:\\\/\\\/www.sv-freiendiez.de\\\/#website\",\"url\":\"https:\\\/\\\/www.sv-freiendiez.de\\\/\",\"name\":\"SV Diez-Freiendiez 1928 e.V.\",\"description\":\"Sch\u00fctzenverein Diez-Freiendiez 1928 e.V.\",\"publisher\":{\"@id\":\"https:\\\/\\\/www.sv-freiendiez.de\\\/#organization\"},\"potentialAction\":[{\"@type\":\"SearchAction\",\"target\":{\"@type\":\"EntryPoint\",\"urlTemplate\":\"https:\\\/\\\/www.sv-freiendiez.de\\\/?s={search_term_string}\"},\"query-input\":{\"@type\":\"PropertyValueSpecification\",\"valueRequired\":true,\"valueName\":\"search_term_string\"}}],\"inLanguage\":\"de\"},{\"@type\":\"Organization\",\"@id\":\"https:\\\/\\\/www.sv-freiendiez.de\\\/#organization\",\"name\":\"SV Diez-Freiendiez 1928 e.V.\",\"url\":\"https:\\\/\\\/www.sv-freiendiez.de\\\/\",\"logo\":{\"@type\":\"ImageObject\",\"inLanguage\":\"de\",\"@id\":\"https:\\\/\\\/www.sv-freiendiez.de\\\/#\\\/schema\\\/logo\\\/image\\\/\",\"url\":\"https:\\\/\\\/www.sv-freiendiez.de\\\/wp-content\\\/uploads\\\/2016\\\/12\\\/cropped-wappen250.png\",\"contentUrl\":\"https:\\\/\\\/www.sv-freiendiez.de\\\/wp-content\\\/uploads\\\/2016\\\/12\\\/cropped-wappen250.png\",\"width\":250,\"height\":250,\"caption\":\"SV Diez-Freiendiez 1928 e.V.\"},\"image\":{\"@id\":\"https:\\\/\\\/www.sv-freiendiez.de\\\/#\\\/schema\\\/logo\\\/image\\\/\"},\"sameAs\":[\"https:\\\/\\\/www.facebook.com\\\/svfreiendiez\\\/\"]}]}<\/script>\n<!-- \/ Yoast SEO plugin. -->","yoast_head_json":{"title":"Kontakt - SV Diez-Freiendiez 1928 e.V.","robots":{"index":"index","follow":"follow","max-snippet":"max-snippet:-1","max-image-preview":"max-image-preview:large","max-video-preview":"max-video-preview:-1"},"canonical":"https:\/\/www.sv-freiendiez.de\/?page_id=20","og_locale":"de_DE","og_type":"article","og_title":"Kontakt - SV Diez-Freiendiez 1928 e.V.","og_description":"Wenn Sie mit uns in Kontakt treten m\u00f6chten k\u00f6nnen Sie das gerne pers\u00f6nlich tun, oder das unten stehende Kontaktformular verwenden. (das ist NICHT die Sch\u00fctzenhaus Adresse!) SV Diez-Freiendiez 1928 e.V. Vorsitzender Holger L\u00f6ber Netzgraben 13 65558 Kaltenholzhausen Telefon: +49 6430 9250326 Mobil: +49 177 6640640 Mail: holger.loeber@sv-freiendiez.de Presse-Kontakt \/ Ansprechpartner Online-Medien: Mario Linowski Telefon: +49 &hellip; \u201eKontakt\u201c weiterlesen","og_url":"https:\/\/www.sv-freiendiez.de\/?page_id=20","og_site_name":"SV Diez-Freiendiez 1928 e.V.","article_publisher":"https:\/\/www.facebook.com\/svfreiendiez\/","article_modified_time":"2022-07-26T14:44:57+00:00","og_image":[{"width":1000,"height":288,"url":"https:\/\/www.sv-freiendiez.de\/wp-content\/uploads\/2015\/05\/50m_kk_stand_1000x288.png","type":"image\/png"}],"twitter_card":"summary_large_image","twitter_misc":{"Gesch\u00e4tzte Lesezeit":"1\u00a0Minute"},"schema":{"@context":"https:\/\/schema.org","@graph":[{"@type":"WebPage","@id":"https:\/\/www.sv-freiendiez.de\/?page_id=20","url":"https:\/\/www.sv-freiendiez.de\/?page_id=20","name":"Kontakt - SV Diez-Freiendiez 1928 e.V.","isPartOf":{"@id":"https:\/\/www.sv-freiendiez.de\/#website"},"primaryImageOfPage":{"@id":"https:\/\/www.sv-freiendiez.de\/?page_id=20#primaryimage"},"image":{"@id":"https:\/\/www.sv-freiendiez.de\/?page_id=20#primaryimage"},"thumbnailUrl":"https:\/\/www.sv-freiendiez.de\/wp-content\/uploads\/2015\/05\/50m_kk_stand_1000x288.png","datePublished":"2015-05-29T13:31:03+00:00","dateModified":"2022-07-26T14:44:57+00:00","breadcrumb":{"@id":"https:\/\/www.sv-freiendiez.de\/?page_id=20#breadcrumb"},"inLanguage":"de","potentialAction":[{"@type":"ReadAction","target":["https:\/\/www.sv-freiendiez.de\/?page_id=20"]}]},{"@type":"ImageObject","inLanguage":"de","@id":"https:\/\/www.sv-freiendiez.de\/?page_id=20#primaryimage","url":"https:\/\/www.sv-freiendiez.de\/wp-content\/uploads\/2015\/05\/50m_kk_stand_1000x288.png","contentUrl":"https:\/\/www.sv-freiendiez.de\/wp-content\/uploads\/2015\/05\/50m_kk_stand_1000x288.png","width":1000,"height":288},{"@type":"BreadcrumbList","@id":"https:\/\/www.sv-freiendiez.de\/?page_id=20#breadcrumb","itemListElement":[{"@type":"ListItem","position":1,"name":"Startseite","item":"https:\/\/www.sv-freiendiez.de\/"},{"@type":"ListItem","position":2,"name":"Kontakt"}]},{"@type":"WebSite","@id":"https:\/\/www.sv-freiendiez.de\/#website","url":"https:\/\/www.sv-freiendiez.de\/","name":"SV Diez-Freiendiez 1928 e.V.","description":"Sch\u00fctzenverein Diez-Freiendiez 1928 e.V.","publisher":{"@id":"https:\/\/www.sv-freiendiez.de\/#organization"},"potentialAction":[{"@type":"SearchAction","target":{"@type":"EntryPoint","urlTemplate":"https:\/\/www.sv-freiendiez.de\/?s={search_term_string}"},"query-input":{"@type":"PropertyValueSpecification","valueRequired":true,"valueName":"search_term_string"}}],"inLanguage":"de"},{"@type":"Organization","@id":"https:\/\/www.sv-freiendiez.de\/#organization","name":"SV Diez-Freiendiez 1928 e.V.","url":"https:\/\/www.sv-freiendiez.de\/","logo":{"@type":"ImageObject","inLanguage":"de","@id":"https:\/\/www.sv-freiendiez.de\/#\/schema\/logo\/image\/","url":"https:\/\/www.sv-freiendiez.de\/wp-content\/uploads\/2016\/12\/cropped-wappen250.png","contentUrl":"https:\/\/www.sv-freiendiez.de\/wp-content\/uploads\/2016\/12\/cropped-wappen250.png","width":250,"height":250,"caption":"SV Diez-Freiendiez 1928 e.V."},"image":{"@id":"https:\/\/www.sv-freiendiez.de\/#\/schema\/logo\/image\/"},"sameAs":["https:\/\/www.facebook.com\/svfreiendiez\/"]}]}},"_links":{"self":[{"href":"https:\/\/www.sv-freiendiez.de\/index.php?rest_route=\/wp\/v2\/pages\/20","targetHints":{"allow":["GET"]}}],"collection":[{"href":"https:\/\/www.sv-freiendiez.de\/index.php?rest_route=\/wp\/v2\/pages"}],"about":[{"href":"https:\/\/www.sv-freiendiez.de\/index.php?rest_route=\/wp\/v2\/types\/page"}],"author":[{"embeddable":true,"href":"https:\/\/www.sv-freiendiez.de\/index.php?rest_route=\/wp\/v2\/users\/1"}],"replies":[{"embeddable":true,"href":"https:\/\/www.sv-freiendiez.de\/index.php?rest_route=%2Fwp%2Fv2%2Fcomments&post=20"}],"version-history":[{"count":0,"href":"https:\/\/www.sv-freiendiez.de\/index.php?rest_route=\/wp\/v2\/pages\/20\/revisions"}],"wp:featuredmedia":[{"embeddable":true,"href":"https:\/\/www.sv-freiendiez.de\/index.php?rest_route=\/wp\/v2\/media\/1838"}],"wp:attachment":[{"href":"https:\/\/www.sv-freiendiez.de\/index.php?rest_route=%2Fwp%2Fv2%2Fmedia&parent=20"}],"curies":[{"name":"wp","href":"https:\/\/api.w.org\/{rel}","templated":true}]}}