{"id":1804,"date":"2017-07-19T14:47:53","date_gmt":"2017-07-19T12:47:53","guid":{"rendered":"http:\/\/www.sv-freiendiez.de\/?page_id=1804"},"modified":"2017-07-19T14:57:27","modified_gmt":"2017-07-19T12:57:27","slug":"das-schuetzenwesen-in-deutschland-ist-immaterielles-kulturerbe","status":"publish","type":"page","link":"https:\/\/www.sv-freiendiez.de\/?page_id=1804","title":{"rendered":"Das Sch\u00fctzenwesen in Deutschland ist Immaterielles Kulturerbe"},"content":{"rendered":"<p style=\"text-align: justify;\"><img loading=\"lazy\" decoding=\"async\" class=\"alignright size-medium wp-image-1811\" src=\"http:\/\/www.sv-freiendiez.de\/wp-content\/uploads\/2017\/07\/IK_logo_cmyk_transparent-300x136.png\" alt=\"\" width=\"300\" height=\"136\" srcset=\"https:\/\/www.sv-freiendiez.de\/wp-content\/uploads\/2017\/07\/IK_logo_cmyk_transparent-300x136.png 300w, https:\/\/www.sv-freiendiez.de\/wp-content\/uploads\/2017\/07\/IK_logo_cmyk_transparent-768x348.png 768w, https:\/\/www.sv-freiendiez.de\/wp-content\/uploads\/2017\/07\/IK_logo_cmyk_transparent-1024x464.png 1024w, https:\/\/www.sv-freiendiez.de\/wp-content\/uploads\/2017\/07\/IK_logo_cmyk_transparent-600x272.png 600w, https:\/\/www.sv-freiendiez.de\/wp-content\/uploads\/2017\/07\/IK_logo_cmyk_transparent-1320x598.png 1320w, https:\/\/www.sv-freiendiez.de\/wp-content\/uploads\/2017\/07\/IK_logo_cmyk_transparent.png 1753w\" sizes=\"auto, (max-width: 300px) 100vw, 300px\" \/>Wustet ihr schon? Das Sch\u00fctzenwesen in Deutschland ist bereits am 04. Dezember 2015 in das bundesweite Verzeichnis des Immateriellen Kulturerbes eingetragen worden. Die Urkundenverleihung fand am 11. M\u00e4rz 2016 in Heidelberg durch die Deutsche UNESCO-Kommission, die Kultusministerkonferenz und die Beauftragte der Bundesregierung f\u00fcr Kultur und Medien, statt.<\/p>\n<p style=\"text-align: justify;\">Die Begr\u00fcndung f\u00fcr die Auszeichnung lautet wie folgt:<\/p>\n<blockquote>\n<p style=\"text-align: justify;\">Das Sch\u00fctzenwesen ist vielerorts ein wichtiger, historisch gewachsener und lebendiger Teil der regionalen oder lokalen Identit\u00e4t. Es umfasst eine gro\u00dfe Anzahl von Br\u00e4uchen und Traditionen, die in Deutschland in zahlreichen unterschiedlichen Erscheinungsformen verbreitet sind. Das alte Brauchtum wird heute in der Regel im Rahmen einer Vereinszugeh\u00f6rigkeit von Menschen jeden Alters und Geschlechts unabh\u00e4ngig von religi\u00f6sem Bekenntnis, sexueller Orientierung, Herkunft oder auch Behinderung ausge\u00fcbt. Es gibt vielf\u00e4ltige Ma\u00dfnahmen zur Weitergabe der Tradition und eine aktive Pflege regionaler und europ\u00e4ischer Verbindungen.<\/p>\n<p style=\"text-align: justify;\">Bekanntester und wesentlicher Ausdruck des Sch\u00fctzenwesens ist das Sch\u00fctzenfest, das mit vielf\u00e4ltigen \u00f6rtlich unterschiedlichen Br\u00e4uchen einmal im Jahr gefeiert wird. Jedes Sch\u00fctzenfest hat lokal hergebrachte Rituale und Br\u00e4uche und unterschiedliche Abl\u00e4ufe. \u00dcber dieses singul\u00e4re Ereignis hinaus pr\u00e4gen gerade in kleineren Orten die unterschiedlichen ortsbezogenen Br\u00e4uche der Sch\u00fctzenvereinigungen das soziale und kulturelle Gemeinschaftsleben, sodass die Sch\u00fctzentradition das ganze Jahr wahrnehmbar ist und gelebt wird.<\/p>\n<\/blockquote>\n<p style=\"text-align: justify;\">Der Pr\u00e4sident des Deutschen Sch\u00fctzenbunds, Heinz-Helmut Fischer, und der Generalsekret\u00e4r der Europ\u00e4ischen Gemeinschaft Historischer Sch\u00fctzen, Peter-Olaf Hoffmann, nahmen die Urkunde am 11. M\u00e4rz 2016 entgegen.<\/p>\n<p>Der Eintrag ist auf der Webseite der Deutschen UNESCO-Kommission <a href=\"http:\/\/www.unesco.de\/kultur\/immaterielles-kulturerbe\/bundesweites-verzeichnis\/eintrag\/schuetzenwesen-in-deutschland.html\">im Original nachzulesen.<\/a><\/p>\n","protected":false},"excerpt":{"rendered":"<p>Wustet ihr schon? Das Sch\u00fctzenwesen in Deutschland ist bereits am 04. Dezember 2015 in das bundesweite Verzeichnis des Immateriellen Kulturerbes eingetragen worden. Die Urkundenverleihung fand am 11. M\u00e4rz 2016 in Heidelberg durch die Deutsche UNESCO-Kommission, die Kultusministerkonferenz und die Beauftragte der Bundesregierung f\u00fcr Kultur und Medien, statt. Die Begr\u00fcndung f\u00fcr die Auszeichnung lautet wie folgt: &hellip; <\/p>\n<p class=\"link-more\"><a href=\"https:\/\/www.sv-freiendiez.de\/?page_id=1804\" class=\"more-link\"><span class=\"screen-reader-text\">\u201eDas Sch\u00fctzenwesen in Deutschland ist Immaterielles Kulturerbe\u201c<\/span> weiterlesen<\/a><\/p>\n","protected":false},"author":1,"featured_media":0,"parent":0,"menu_order":0,"comment_status":"closed","ping_status":"closed","template":"","meta":{"ngg_post_thumbnail":0,"footnotes":""},"class_list":["post-1804","page","type-page","status-publish","hentry"],"yoast_head":"<!-- This site is optimized with the Yoast SEO plugin v27.4 - https:\/\/yoast.com\/product\/yoast-seo-wordpress\/ -->\n<title>Das Sch\u00fctzenwesen in Deutschland ist Immaterielles Kulturerbe - SV Diez-Freiendiez 1928 e.V.<\/title>\n<meta name=\"robots\" content=\"index, follow, max-snippet:-1, max-image-preview:large, max-video-preview:-1\" \/>\n<link rel=\"canonical\" href=\"https:\/\/www.sv-freiendiez.de\/?page_id=1804\" \/>\n<meta property=\"og:locale\" content=\"de_DE\" \/>\n<meta property=\"og:type\" content=\"article\" \/>\n<meta property=\"og:title\" content=\"Das Sch\u00fctzenwesen in Deutschland ist Immaterielles Kulturerbe - SV Diez-Freiendiez 1928 e.V.\" \/>\n<meta property=\"og:description\" content=\"Wustet ihr schon? Das Sch\u00fctzenwesen in Deutschland ist bereits am 04. Dezember 2015 in das bundesweite Verzeichnis des Immateriellen Kulturerbes eingetragen worden. Die Urkundenverleihung fand am 11. M\u00e4rz 2016 in Heidelberg durch die Deutsche UNESCO-Kommission, die Kultusministerkonferenz und die Beauftragte der Bundesregierung f\u00fcr Kultur und Medien, statt. Die Begr\u00fcndung f\u00fcr die Auszeichnung lautet wie folgt: &hellip; \u201eDas Sch\u00fctzenwesen in Deutschland ist Immaterielles Kulturerbe\u201c weiterlesen\" \/>\n<meta property=\"og:url\" content=\"https:\/\/www.sv-freiendiez.de\/?page_id=1804\" \/>\n<meta property=\"og:site_name\" content=\"SV Diez-Freiendiez 1928 e.V.\" \/>\n<meta property=\"article:publisher\" content=\"https:\/\/www.facebook.com\/svfreiendiez\/\" \/>\n<meta property=\"article:modified_time\" content=\"2017-07-19T12:57:27+00:00\" \/>\n<meta property=\"og:image\" content=\"http:\/\/www.sv-freiendiez.de\/wp-content\/uploads\/2017\/07\/IK_logo_cmyk_transparent-300x136.png\" \/>\n<meta name=\"twitter:card\" content=\"summary_large_image\" \/>\n<meta name=\"twitter:label1\" content=\"Gesch\u00e4tzte Lesezeit\" \/>\n\t<meta name=\"twitter:data1\" content=\"1\u00a0Minute\" \/>\n<script type=\"application\/ld+json\" class=\"yoast-schema-graph\">{\"@context\":\"https:\\\/\\\/schema.org\",\"@graph\":[{\"@type\":\"WebPage\",\"@id\":\"https:\\\/\\\/www.sv-freiendiez.de\\\/?page_id=1804\",\"url\":\"https:\\\/\\\/www.sv-freiendiez.de\\\/?page_id=1804\",\"name\":\"Das Sch\u00fctzenwesen in Deutschland ist Immaterielles Kulturerbe - SV Diez-Freiendiez 1928 e.V.\",\"isPartOf\":{\"@id\":\"https:\\\/\\\/www.sv-freiendiez.de\\\/#website\"},\"primaryImageOfPage\":{\"@id\":\"https:\\\/\\\/www.sv-freiendiez.de\\\/?page_id=1804#primaryimage\"},\"image\":{\"@id\":\"https:\\\/\\\/www.sv-freiendiez.de\\\/?page_id=1804#primaryimage\"},\"thumbnailUrl\":\"http:\\\/\\\/www.sv-freiendiez.de\\\/wp-content\\\/uploads\\\/2017\\\/07\\\/IK_logo_cmyk_transparent-300x136.png\",\"datePublished\":\"2017-07-19T12:47:53+00:00\",\"dateModified\":\"2017-07-19T12:57:27+00:00\",\"breadcrumb\":{\"@id\":\"https:\\\/\\\/www.sv-freiendiez.de\\\/?page_id=1804#breadcrumb\"},\"inLanguage\":\"de\",\"potentialAction\":[{\"@type\":\"ReadAction\",\"target\":[\"https:\\\/\\\/www.sv-freiendiez.de\\\/?page_id=1804\"]}]},{\"@type\":\"ImageObject\",\"inLanguage\":\"de\",\"@id\":\"https:\\\/\\\/www.sv-freiendiez.de\\\/?page_id=1804#primaryimage\",\"url\":\"https:\\\/\\\/www.sv-freiendiez.de\\\/wp-content\\\/uploads\\\/2017\\\/07\\\/IK_logo_cmyk_transparent.png\",\"contentUrl\":\"https:\\\/\\\/www.sv-freiendiez.de\\\/wp-content\\\/uploads\\\/2017\\\/07\\\/IK_logo_cmyk_transparent.png\",\"width\":1753,\"height\":794},{\"@type\":\"BreadcrumbList\",\"@id\":\"https:\\\/\\\/www.sv-freiendiez.de\\\/?page_id=1804#breadcrumb\",\"itemListElement\":[{\"@type\":\"ListItem\",\"position\":1,\"name\":\"Startseite\",\"item\":\"https:\\\/\\\/www.sv-freiendiez.de\\\/\"},{\"@type\":\"ListItem\",\"position\":2,\"name\":\"Das Sch\u00fctzenwesen in Deutschland ist Immaterielles Kulturerbe\"}]},{\"@type\":\"WebSite\",\"@id\":\"https:\\\/\\\/www.sv-freiendiez.de\\\/#website\",\"url\":\"https:\\\/\\\/www.sv-freiendiez.de\\\/\",\"name\":\"SV Diez-Freiendiez 1928 e.V.\",\"description\":\"Sch\u00fctzenverein Diez-Freiendiez 1928 e.V.\",\"publisher\":{\"@id\":\"https:\\\/\\\/www.sv-freiendiez.de\\\/#organization\"},\"potentialAction\":[{\"@type\":\"SearchAction\",\"target\":{\"@type\":\"EntryPoint\",\"urlTemplate\":\"https:\\\/\\\/www.sv-freiendiez.de\\\/?s={search_term_string}\"},\"query-input\":{\"@type\":\"PropertyValueSpecification\",\"valueRequired\":true,\"valueName\":\"search_term_string\"}}],\"inLanguage\":\"de\"},{\"@type\":\"Organization\",\"@id\":\"https:\\\/\\\/www.sv-freiendiez.de\\\/#organization\",\"name\":\"SV Diez-Freiendiez 1928 e.V.\",\"url\":\"https:\\\/\\\/www.sv-freiendiez.de\\\/\",\"logo\":{\"@type\":\"ImageObject\",\"inLanguage\":\"de\",\"@id\":\"https:\\\/\\\/www.sv-freiendiez.de\\\/#\\\/schema\\\/logo\\\/image\\\/\",\"url\":\"https:\\\/\\\/www.sv-freiendiez.de\\\/wp-content\\\/uploads\\\/2016\\\/12\\\/cropped-wappen250.png\",\"contentUrl\":\"https:\\\/\\\/www.sv-freiendiez.de\\\/wp-content\\\/uploads\\\/2016\\\/12\\\/cropped-wappen250.png\",\"width\":250,\"height\":250,\"caption\":\"SV Diez-Freiendiez 1928 e.V.\"},\"image\":{\"@id\":\"https:\\\/\\\/www.sv-freiendiez.de\\\/#\\\/schema\\\/logo\\\/image\\\/\"},\"sameAs\":[\"https:\\\/\\\/www.facebook.com\\\/svfreiendiez\\\/\"]}]}<\/script>\n<!-- \/ Yoast SEO plugin. -->","yoast_head_json":{"title":"Das Sch\u00fctzenwesen in Deutschland ist Immaterielles Kulturerbe - SV Diez-Freiendiez 1928 e.V.","robots":{"index":"index","follow":"follow","max-snippet":"max-snippet:-1","max-image-preview":"max-image-preview:large","max-video-preview":"max-video-preview:-1"},"canonical":"https:\/\/www.sv-freiendiez.de\/?page_id=1804","og_locale":"de_DE","og_type":"article","og_title":"Das Sch\u00fctzenwesen in Deutschland ist Immaterielles Kulturerbe - SV Diez-Freiendiez 1928 e.V.","og_description":"Wustet ihr schon? Das Sch\u00fctzenwesen in Deutschland ist bereits am 04. Dezember 2015 in das bundesweite Verzeichnis des Immateriellen Kulturerbes eingetragen worden. Die Urkundenverleihung fand am 11. M\u00e4rz 2016 in Heidelberg durch die Deutsche UNESCO-Kommission, die Kultusministerkonferenz und die Beauftragte der Bundesregierung f\u00fcr Kultur und Medien, statt. Die Begr\u00fcndung f\u00fcr die Auszeichnung lautet wie folgt: &hellip; \u201eDas Sch\u00fctzenwesen in Deutschland ist Immaterielles Kulturerbe\u201c weiterlesen","og_url":"https:\/\/www.sv-freiendiez.de\/?page_id=1804","og_site_name":"SV Diez-Freiendiez 1928 e.V.","article_publisher":"https:\/\/www.facebook.com\/svfreiendiez\/","article_modified_time":"2017-07-19T12:57:27+00:00","og_image":[{"url":"http:\/\/www.sv-freiendiez.de\/wp-content\/uploads\/2017\/07\/IK_logo_cmyk_transparent-300x136.png","type":"","width":"","height":""}],"twitter_card":"summary_large_image","twitter_misc":{"Gesch\u00e4tzte Lesezeit":"1\u00a0Minute"},"schema":{"@context":"https:\/\/schema.org","@graph":[{"@type":"WebPage","@id":"https:\/\/www.sv-freiendiez.de\/?page_id=1804","url":"https:\/\/www.sv-freiendiez.de\/?page_id=1804","name":"Das Sch\u00fctzenwesen in Deutschland ist Immaterielles Kulturerbe - SV Diez-Freiendiez 1928 e.V.","isPartOf":{"@id":"https:\/\/www.sv-freiendiez.de\/#website"},"primaryImageOfPage":{"@id":"https:\/\/www.sv-freiendiez.de\/?page_id=1804#primaryimage"},"image":{"@id":"https:\/\/www.sv-freiendiez.de\/?page_id=1804#primaryimage"},"thumbnailUrl":"http:\/\/www.sv-freiendiez.de\/wp-content\/uploads\/2017\/07\/IK_logo_cmyk_transparent-300x136.png","datePublished":"2017-07-19T12:47:53+00:00","dateModified":"2017-07-19T12:57:27+00:00","breadcrumb":{"@id":"https:\/\/www.sv-freiendiez.de\/?page_id=1804#breadcrumb"},"inLanguage":"de","potentialAction":[{"@type":"ReadAction","target":["https:\/\/www.sv-freiendiez.de\/?page_id=1804"]}]},{"@type":"ImageObject","inLanguage":"de","@id":"https:\/\/www.sv-freiendiez.de\/?page_id=1804#primaryimage","url":"https:\/\/www.sv-freiendiez.de\/wp-content\/uploads\/2017\/07\/IK_logo_cmyk_transparent.png","contentUrl":"https:\/\/www.sv-freiendiez.de\/wp-content\/uploads\/2017\/07\/IK_logo_cmyk_transparent.png","width":1753,"height":794},{"@type":"BreadcrumbList","@id":"https:\/\/www.sv-freiendiez.de\/?page_id=1804#breadcrumb","itemListElement":[{"@type":"ListItem","position":1,"name":"Startseite","item":"https:\/\/www.sv-freiendiez.de\/"},{"@type":"ListItem","position":2,"name":"Das Sch\u00fctzenwesen in Deutschland ist Immaterielles Kulturerbe"}]},{"@type":"WebSite","@id":"https:\/\/www.sv-freiendiez.de\/#website","url":"https:\/\/www.sv-freiendiez.de\/","name":"SV Diez-Freiendiez 1928 e.V.","description":"Sch\u00fctzenverein Diez-Freiendiez 1928 e.V.","publisher":{"@id":"https:\/\/www.sv-freiendiez.de\/#organization"},"potentialAction":[{"@type":"SearchAction","target":{"@type":"EntryPoint","urlTemplate":"https:\/\/www.sv-freiendiez.de\/?s={search_term_string}"},"query-input":{"@type":"PropertyValueSpecification","valueRequired":true,"valueName":"search_term_string"}}],"inLanguage":"de"},{"@type":"Organization","@id":"https:\/\/www.sv-freiendiez.de\/#organization","name":"SV Diez-Freiendiez 1928 e.V.","url":"https:\/\/www.sv-freiendiez.de\/","logo":{"@type":"ImageObject","inLanguage":"de","@id":"https:\/\/www.sv-freiendiez.de\/#\/schema\/logo\/image\/","url":"https:\/\/www.sv-freiendiez.de\/wp-content\/uploads\/2016\/12\/cropped-wappen250.png","contentUrl":"https:\/\/www.sv-freiendiez.de\/wp-content\/uploads\/2016\/12\/cropped-wappen250.png","width":250,"height":250,"caption":"SV Diez-Freiendiez 1928 e.V."},"image":{"@id":"https:\/\/www.sv-freiendiez.de\/#\/schema\/logo\/image\/"},"sameAs":["https:\/\/www.facebook.com\/svfreiendiez\/"]}]}},"_links":{"self":[{"href":"https:\/\/www.sv-freiendiez.de\/index.php?rest_route=\/wp\/v2\/pages\/1804","targetHints":{"allow":["GET"]}}],"collection":[{"href":"https:\/\/www.sv-freiendiez.de\/index.php?rest_route=\/wp\/v2\/pages"}],"about":[{"href":"https:\/\/www.sv-freiendiez.de\/index.php?rest_route=\/wp\/v2\/types\/page"}],"author":[{"embeddable":true,"href":"https:\/\/www.sv-freiendiez.de\/index.php?rest_route=\/wp\/v2\/users\/1"}],"replies":[{"embeddable":true,"href":"https:\/\/www.sv-freiendiez.de\/index.php?rest_route=%2Fwp%2Fv2%2Fcomments&post=1804"}],"version-history":[{"count":0,"href":"https:\/\/www.sv-freiendiez.de\/index.php?rest_route=\/wp\/v2\/pages\/1804\/revisions"}],"wp:attachment":[{"href":"https:\/\/www.sv-freiendiez.de\/index.php?rest_route=%2Fwp%2Fv2%2Fmedia&parent=1804"}],"curies":[{"name":"wp","href":"https:\/\/api.w.org\/{rel}","templated":true}]}}