{"id":1783,"date":"2017-07-16T13:00:46","date_gmt":"2017-07-16T11:00:46","guid":{"rendered":"http:\/\/www.sv-freiendiez.de\/?page_id=1783"},"modified":"2022-07-03T00:26:56","modified_gmt":"2022-07-02T22:26:56","slug":"downloads","status":"publish","type":"page","link":"https:\/\/www.sv-freiendiez.de\/?page_id=1783","title":{"rendered":"Downloads"},"content":{"rendered":"<p>Auf dieser Seite findet Ihr ein paar n\u00fctzliche Downloads<\/p>\n<table style=\"width: 580px;\">\n<tbody>\n<tr>\n<td style=\"border-color: #ffffff;\">Kaufvertrag \u00fcber eine gebrauchte Schusswaffe<\/td>\n<td style=\"border-color: #ffffff;\"><a href=\"http:\/\/www.sv-freiendiez.de\/wp-content\/uploads\/2017\/07\/Kaufvertrag_gebrauchte_Schusswaffe_Template.docx\"><img loading=\"lazy\" decoding=\"async\" class=\"size-full wp-image-1795 aligncenter\" src=\"http:\/\/www.sv-freiendiez.de\/wp-content\/uploads\/2017\/07\/download_word_icon_35.png\" alt=\"\" width=\"35\" height=\"35\"><\/a><\/td>\n<\/tr>\n<tr>\n<td style=\"border-color: #ffffff;\">Vor\u00fcbergehende \u00dcberlassung erlaubnispflichtiger <strong>Vereins<\/strong>-Schusswaffen<\/td>\n<td style=\"border-color: #ffffff;\"><a href=\"http:\/\/www.sv-freiendiez.de\/wp-content\/uploads\/2017\/07\/Ueberlassung_Vereinswaffe_Template.docx\"><img loading=\"lazy\" decoding=\"async\" class=\"size-full wp-image-1795 aligncenter\" src=\"http:\/\/www.sv-freiendiez.de\/wp-content\/uploads\/2017\/07\/download_word_icon_35.png\" alt=\"\" width=\"35\" height=\"35\"><\/a><\/td>\n<\/tr>\n<tr>\n<td style=\"border-color: #ffffff;\">Vor\u00fcbergehende \u00dcberlassung erlaubnispflichtiger Schusswaffen<\/td>\n<td style=\"border-color: #ffffff;\"><a href=\"http:\/\/www.sv-freiendiez.de\/wp-content\/uploads\/2017\/07\/Ueberlassung_Waffen_Template.docx\"><img loading=\"lazy\" decoding=\"async\" class=\"size-full wp-image-1795 aligncenter\" src=\"http:\/\/www.sv-freiendiez.de\/wp-content\/uploads\/2017\/07\/download_word_icon_35.png\" alt=\"\" width=\"35\" height=\"35\"><\/a><\/td>\n<\/tr>\n<tr>\n<td style=\"width: 428.5px;\">Vereins-Satzung (aktuell)<\/td>\n<td style=\"width: 135.5px;\"><a href=\"http:\/\/www.sv-freiendiez.de\/wp-content\/uploads\/2015\/08\/Satzung-des-Sch\u00fctzenvereins-Diez.pdf\"><img loading=\"lazy\" decoding=\"async\" class=\"aligncenter wp-image-1794 size-full\" src=\"http:\/\/www.sv-freiendiez.de\/wp-content\/uploads\/2017\/07\/download_adobe_icon_35.png\" alt=\"\" width=\"35\" height=\"35\"><\/a><\/td>\n<\/tr>\n<tr>\n<td style=\"width: 428.5px;\">Vereins-Satzung von 1928<\/td>\n<td style=\"width: 135.5px;\"><a href=\"http:\/\/www.sv-freiendiez.de\/wp-content\/uploads\/2015\/06\/AlteSatzung1928.pdf\"><img loading=\"lazy\" decoding=\"async\" class=\"size-full wp-image-1794 aligncenter\" src=\"http:\/\/www.sv-freiendiez.de\/wp-content\/uploads\/2017\/07\/download_adobe_icon_35.png\" alt=\"\" width=\"35\" height=\"35\"><\/a><\/td>\n<\/tr>\n<tr>\n<td style=\"width: 428.5px;\">Waffen-Gesetz mit den \u00c4nderungen zum 30.07.2017<\/td>\n<td style=\"width: 135.5px; text-align: center;\"><a href=\"http:\/\/www.sv-freiendiez.de\/wp-content\/uploads\/2017\/07\/WaffG_Stand-30.07.2017.pdf\"><img loading=\"lazy\" decoding=\"async\" class=\"aligncenter wp-image-1794 size-full\" src=\"http:\/\/www.sv-freiendiez.de\/wp-content\/uploads\/2017\/07\/download_adobe_icon_35.png\" alt=\"\" width=\"35\" height=\"35\"><\/a><\/td>\n<\/tr>\n<tr>\n<td style=\"width: 428.5px;\">Einverst\u00e4ndniserkl\u00e4rung Sorgeberechtigte (Jugend)<\/td>\n<td style=\"width: 135.5px; text-align: center;\"><a href=\"http:\/\/www.sv-freiendiez.de\/wp-content\/uploads\/2019\/05\/Sorgeberechtigten-Einverst\u00e4ndniserklaerung-inkl.-Alterserfordernisse.pdf\" target=\"_blank\" rel=\"noopener noreferrer\"><img loading=\"lazy\" decoding=\"async\" class=\"size-full wp-image-1794 alignnone\" src=\"http:\/\/www.sv-freiendiez.de\/wp-content\/uploads\/2017\/07\/download_adobe_icon_35.png\" alt=\"\" width=\"35\" height=\"35\"><\/a><\/td>\n<\/tr>\n<tr>\n<td style=\"width: 428.5px;\">Altersgrenzen WaffG \u00dcbersicht<\/td>\n<td style=\"width: 135.5px; text-align: center;\"><a href=\"http:\/\/www.sv-freiendiez.de\/wp-content\/uploads\/2018\/03\/WaffG_Altersgrenzen.pdf\"><img loading=\"lazy\" decoding=\"async\" class=\"size-full wp-image-1794 alignnone\" src=\"http:\/\/www.sv-freiendiez.de\/wp-content\/uploads\/2017\/07\/download_adobe_icon_35.png\" alt=\"\" width=\"35\" height=\"35\"><\/a><\/td>\n<\/tr>\n<tr>\n<td style=\"width: 428.5px;\">DSB Schie\u00dfstandordnung<\/td>\n<td style=\"width: 135.5px; text-align: center;\"><a href=\"http:\/\/www.sv-freiendiez.de\/wp-content\/uploads\/2018\/03\/DSB_Schiessstandordnung.pdf\"><img loading=\"lazy\" decoding=\"async\" class=\"size-full wp-image-1794 aligncenter\" src=\"http:\/\/www.sv-freiendiez.de\/wp-content\/uploads\/2017\/07\/download_adobe_icon_35.png\" alt=\"\" width=\"35\" height=\"35\"><\/a><\/td>\n<\/tr>\n<tr>\n<td style=\"width: 428.5px;\">Waffenrecht kurzgefasst &#8211; der sichere Umgang mit einer Waffe (VDB)<\/td>\n<td style=\"width: 135.5px; text-align: center;\"><a href=\"https:\/\/www.yumpu.com\/de\/document\/read\/67036580\/waffenrecht-kurzgefasst-der-sichere-umgang-mit-einer-waffe\" target=\"_blank\" rel=\"noopener\"><img loading=\"lazy\" decoding=\"async\" class=\"aligncenter size-full wp-image-1794\" src=\"https:\/\/www.sv-freiendiez.de\/wp-content\/uploads\/2017\/07\/download_adobe_icon_35.png\" alt=\"\" width=\"35\" height=\"35\"><\/a><\/td>\n<\/tr>\n<\/tbody>\n<\/table>\n<p>&nbsp;<\/p>\n","protected":false},"excerpt":{"rendered":"<p>Auf dieser Seite findet Ihr ein paar n\u00fctzliche Downloads Kaufvertrag \u00fcber eine gebrauchte Schusswaffe Vor\u00fcbergehende \u00dcberlassung erlaubnispflichtiger Vereins-Schusswaffen Vor\u00fcbergehende \u00dcberlassung erlaubnispflichtiger Schusswaffen Vereins-Satzung (aktuell) Vereins-Satzung von 1928 Waffen-Gesetz mit den \u00c4nderungen zum 30.07.2017 Einverst\u00e4ndniserkl\u00e4rung Sorgeberechtigte (Jugend) Altersgrenzen WaffG \u00dcbersicht DSB Schie\u00dfstandordnung Waffenrecht kurzgefasst &#8211; der sichere Umgang mit einer Waffe (VDB) &nbsp;<\/p>\n","protected":false},"author":1,"featured_media":0,"parent":0,"menu_order":0,"comment_status":"closed","ping_status":"closed","template":"","meta":{"ngg_post_thumbnail":0,"footnotes":""},"class_list":["post-1783","page","type-page","status-publish","hentry"],"yoast_head":"<!-- This site is optimized with the Yoast SEO plugin v27.5 - https:\/\/yoast.com\/product\/yoast-seo-wordpress\/ -->\n<title>Downloads - SV Diez-Freiendiez 1928 e.V.<\/title>\n<meta name=\"robots\" content=\"index, follow, max-snippet:-1, max-image-preview:large, max-video-preview:-1\" \/>\n<link rel=\"canonical\" href=\"https:\/\/www.sv-freiendiez.de\/?page_id=1783\" \/>\n<meta property=\"og:locale\" content=\"de_DE\" \/>\n<meta property=\"og:type\" content=\"article\" \/>\n<meta property=\"og:title\" content=\"Downloads - SV Diez-Freiendiez 1928 e.V.\" \/>\n<meta property=\"og:description\" content=\"Auf dieser Seite findet Ihr ein paar n\u00fctzliche Downloads Kaufvertrag \u00fcber eine gebrauchte Schusswaffe Vor\u00fcbergehende \u00dcberlassung erlaubnispflichtiger Vereins-Schusswaffen Vor\u00fcbergehende \u00dcberlassung erlaubnispflichtiger Schusswaffen Vereins-Satzung (aktuell) Vereins-Satzung von 1928 Waffen-Gesetz mit den \u00c4nderungen zum 30.07.2017 Einverst\u00e4ndniserkl\u00e4rung Sorgeberechtigte (Jugend) Altersgrenzen WaffG \u00dcbersicht DSB Schie\u00dfstandordnung Waffenrecht kurzgefasst &#8211; der sichere Umgang mit einer Waffe (VDB) &nbsp;\" \/>\n<meta property=\"og:url\" content=\"https:\/\/www.sv-freiendiez.de\/?page_id=1783\" \/>\n<meta property=\"og:site_name\" content=\"SV Diez-Freiendiez 1928 e.V.\" \/>\n<meta property=\"article:publisher\" content=\"https:\/\/www.facebook.com\/svfreiendiez\/\" \/>\n<meta property=\"article:modified_time\" content=\"2022-07-02T22:26:56+00:00\" \/>\n<meta property=\"og:image\" content=\"http:\/\/www.sv-freiendiez.de\/wp-content\/uploads\/2017\/07\/download_word_icon_35.png\" \/>\n<meta name=\"twitter:card\" content=\"summary_large_image\" \/>\n<script type=\"application\/ld+json\" class=\"yoast-schema-graph\">{\"@context\":\"https:\\\/\\\/schema.org\",\"@graph\":[{\"@type\":\"WebPage\",\"@id\":\"https:\\\/\\\/www.sv-freiendiez.de\\\/?page_id=1783\",\"url\":\"https:\\\/\\\/www.sv-freiendiez.de\\\/?page_id=1783\",\"name\":\"Downloads - SV Diez-Freiendiez 1928 e.V.\",\"isPartOf\":{\"@id\":\"https:\\\/\\\/www.sv-freiendiez.de\\\/#website\"},\"primaryImageOfPage\":{\"@id\":\"https:\\\/\\\/www.sv-freiendiez.de\\\/?page_id=1783#primaryimage\"},\"image\":{\"@id\":\"https:\\\/\\\/www.sv-freiendiez.de\\\/?page_id=1783#primaryimage\"},\"thumbnailUrl\":\"http:\\\/\\\/www.sv-freiendiez.de\\\/wp-content\\\/uploads\\\/2017\\\/07\\\/download_word_icon_35.png\",\"datePublished\":\"2017-07-16T11:00:46+00:00\",\"dateModified\":\"2022-07-02T22:26:56+00:00\",\"breadcrumb\":{\"@id\":\"https:\\\/\\\/www.sv-freiendiez.de\\\/?page_id=1783#breadcrumb\"},\"inLanguage\":\"de\",\"potentialAction\":[{\"@type\":\"ReadAction\",\"target\":[\"https:\\\/\\\/www.sv-freiendiez.de\\\/?page_id=1783\"]}]},{\"@type\":\"ImageObject\",\"inLanguage\":\"de\",\"@id\":\"https:\\\/\\\/www.sv-freiendiez.de\\\/?page_id=1783#primaryimage\",\"url\":\"https:\\\/\\\/www.sv-freiendiez.de\\\/wp-content\\\/uploads\\\/2017\\\/07\\\/download_word_icon_35.png\",\"contentUrl\":\"https:\\\/\\\/www.sv-freiendiez.de\\\/wp-content\\\/uploads\\\/2017\\\/07\\\/download_word_icon_35.png\",\"width\":35,\"height\":35},{\"@type\":\"BreadcrumbList\",\"@id\":\"https:\\\/\\\/www.sv-freiendiez.de\\\/?page_id=1783#breadcrumb\",\"itemListElement\":[{\"@type\":\"ListItem\",\"position\":1,\"name\":\"Startseite\",\"item\":\"https:\\\/\\\/www.sv-freiendiez.de\\\/\"},{\"@type\":\"ListItem\",\"position\":2,\"name\":\"Downloads\"}]},{\"@type\":\"WebSite\",\"@id\":\"https:\\\/\\\/www.sv-freiendiez.de\\\/#website\",\"url\":\"https:\\\/\\\/www.sv-freiendiez.de\\\/\",\"name\":\"SV Diez-Freiendiez 1928 e.V.\",\"description\":\"Sch\u00fctzenverein Diez-Freiendiez 1928 e.V.\",\"publisher\":{\"@id\":\"https:\\\/\\\/www.sv-freiendiez.de\\\/#organization\"},\"potentialAction\":[{\"@type\":\"SearchAction\",\"target\":{\"@type\":\"EntryPoint\",\"urlTemplate\":\"https:\\\/\\\/www.sv-freiendiez.de\\\/?s={search_term_string}\"},\"query-input\":{\"@type\":\"PropertyValueSpecification\",\"valueRequired\":true,\"valueName\":\"search_term_string\"}}],\"inLanguage\":\"de\"},{\"@type\":\"Organization\",\"@id\":\"https:\\\/\\\/www.sv-freiendiez.de\\\/#organization\",\"name\":\"SV Diez-Freiendiez 1928 e.V.\",\"url\":\"https:\\\/\\\/www.sv-freiendiez.de\\\/\",\"logo\":{\"@type\":\"ImageObject\",\"inLanguage\":\"de\",\"@id\":\"https:\\\/\\\/www.sv-freiendiez.de\\\/#\\\/schema\\\/logo\\\/image\\\/\",\"url\":\"https:\\\/\\\/www.sv-freiendiez.de\\\/wp-content\\\/uploads\\\/2016\\\/12\\\/cropped-wappen250.png\",\"contentUrl\":\"https:\\\/\\\/www.sv-freiendiez.de\\\/wp-content\\\/uploads\\\/2016\\\/12\\\/cropped-wappen250.png\",\"width\":250,\"height\":250,\"caption\":\"SV Diez-Freiendiez 1928 e.V.\"},\"image\":{\"@id\":\"https:\\\/\\\/www.sv-freiendiez.de\\\/#\\\/schema\\\/logo\\\/image\\\/\"},\"sameAs\":[\"https:\\\/\\\/www.facebook.com\\\/svfreiendiez\\\/\"]}]}<\/script>\n<!-- \/ Yoast SEO plugin. -->","yoast_head_json":{"title":"Downloads - SV Diez-Freiendiez 1928 e.V.","robots":{"index":"index","follow":"follow","max-snippet":"max-snippet:-1","max-image-preview":"max-image-preview:large","max-video-preview":"max-video-preview:-1"},"canonical":"https:\/\/www.sv-freiendiez.de\/?page_id=1783","og_locale":"de_DE","og_type":"article","og_title":"Downloads - SV Diez-Freiendiez 1928 e.V.","og_description":"Auf dieser Seite findet Ihr ein paar n\u00fctzliche Downloads Kaufvertrag \u00fcber eine gebrauchte Schusswaffe Vor\u00fcbergehende \u00dcberlassung erlaubnispflichtiger Vereins-Schusswaffen Vor\u00fcbergehende \u00dcberlassung erlaubnispflichtiger Schusswaffen Vereins-Satzung (aktuell) Vereins-Satzung von 1928 Waffen-Gesetz mit den \u00c4nderungen zum 30.07.2017 Einverst\u00e4ndniserkl\u00e4rung Sorgeberechtigte (Jugend) Altersgrenzen WaffG \u00dcbersicht DSB Schie\u00dfstandordnung Waffenrecht kurzgefasst &#8211; der sichere Umgang mit einer Waffe (VDB) &nbsp;","og_url":"https:\/\/www.sv-freiendiez.de\/?page_id=1783","og_site_name":"SV Diez-Freiendiez 1928 e.V.","article_publisher":"https:\/\/www.facebook.com\/svfreiendiez\/","article_modified_time":"2022-07-02T22:26:56+00:00","og_image":[{"url":"http:\/\/www.sv-freiendiez.de\/wp-content\/uploads\/2017\/07\/download_word_icon_35.png","type":"","width":"","height":""}],"twitter_card":"summary_large_image","schema":{"@context":"https:\/\/schema.org","@graph":[{"@type":"WebPage","@id":"https:\/\/www.sv-freiendiez.de\/?page_id=1783","url":"https:\/\/www.sv-freiendiez.de\/?page_id=1783","name":"Downloads - SV Diez-Freiendiez 1928 e.V.","isPartOf":{"@id":"https:\/\/www.sv-freiendiez.de\/#website"},"primaryImageOfPage":{"@id":"https:\/\/www.sv-freiendiez.de\/?page_id=1783#primaryimage"},"image":{"@id":"https:\/\/www.sv-freiendiez.de\/?page_id=1783#primaryimage"},"thumbnailUrl":"http:\/\/www.sv-freiendiez.de\/wp-content\/uploads\/2017\/07\/download_word_icon_35.png","datePublished":"2017-07-16T11:00:46+00:00","dateModified":"2022-07-02T22:26:56+00:00","breadcrumb":{"@id":"https:\/\/www.sv-freiendiez.de\/?page_id=1783#breadcrumb"},"inLanguage":"de","potentialAction":[{"@type":"ReadAction","target":["https:\/\/www.sv-freiendiez.de\/?page_id=1783"]}]},{"@type":"ImageObject","inLanguage":"de","@id":"https:\/\/www.sv-freiendiez.de\/?page_id=1783#primaryimage","url":"https:\/\/www.sv-freiendiez.de\/wp-content\/uploads\/2017\/07\/download_word_icon_35.png","contentUrl":"https:\/\/www.sv-freiendiez.de\/wp-content\/uploads\/2017\/07\/download_word_icon_35.png","width":35,"height":35},{"@type":"BreadcrumbList","@id":"https:\/\/www.sv-freiendiez.de\/?page_id=1783#breadcrumb","itemListElement":[{"@type":"ListItem","position":1,"name":"Startseite","item":"https:\/\/www.sv-freiendiez.de\/"},{"@type":"ListItem","position":2,"name":"Downloads"}]},{"@type":"WebSite","@id":"https:\/\/www.sv-freiendiez.de\/#website","url":"https:\/\/www.sv-freiendiez.de\/","name":"SV Diez-Freiendiez 1928 e.V.","description":"Sch\u00fctzenverein Diez-Freiendiez 1928 e.V.","publisher":{"@id":"https:\/\/www.sv-freiendiez.de\/#organization"},"potentialAction":[{"@type":"SearchAction","target":{"@type":"EntryPoint","urlTemplate":"https:\/\/www.sv-freiendiez.de\/?s={search_term_string}"},"query-input":{"@type":"PropertyValueSpecification","valueRequired":true,"valueName":"search_term_string"}}],"inLanguage":"de"},{"@type":"Organization","@id":"https:\/\/www.sv-freiendiez.de\/#organization","name":"SV Diez-Freiendiez 1928 e.V.","url":"https:\/\/www.sv-freiendiez.de\/","logo":{"@type":"ImageObject","inLanguage":"de","@id":"https:\/\/www.sv-freiendiez.de\/#\/schema\/logo\/image\/","url":"https:\/\/www.sv-freiendiez.de\/wp-content\/uploads\/2016\/12\/cropped-wappen250.png","contentUrl":"https:\/\/www.sv-freiendiez.de\/wp-content\/uploads\/2016\/12\/cropped-wappen250.png","width":250,"height":250,"caption":"SV Diez-Freiendiez 1928 e.V."},"image":{"@id":"https:\/\/www.sv-freiendiez.de\/#\/schema\/logo\/image\/"},"sameAs":["https:\/\/www.facebook.com\/svfreiendiez\/"]}]}},"_links":{"self":[{"href":"https:\/\/www.sv-freiendiez.de\/index.php?rest_route=\/wp\/v2\/pages\/1783","targetHints":{"allow":["GET"]}}],"collection":[{"href":"https:\/\/www.sv-freiendiez.de\/index.php?rest_route=\/wp\/v2\/pages"}],"about":[{"href":"https:\/\/www.sv-freiendiez.de\/index.php?rest_route=\/wp\/v2\/types\/page"}],"author":[{"embeddable":true,"href":"https:\/\/www.sv-freiendiez.de\/index.php?rest_route=\/wp\/v2\/users\/1"}],"replies":[{"embeddable":true,"href":"https:\/\/www.sv-freiendiez.de\/index.php?rest_route=%2Fwp%2Fv2%2Fcomments&post=1783"}],"version-history":[{"count":0,"href":"https:\/\/www.sv-freiendiez.de\/index.php?rest_route=\/wp\/v2\/pages\/1783\/revisions"}],"wp:attachment":[{"href":"https:\/\/www.sv-freiendiez.de\/index.php?rest_route=%2Fwp%2Fv2%2Fmedia&parent=1783"}],"curies":[{"name":"wp","href":"https:\/\/api.w.org\/{rel}","templated":true}]}}