{"id":1680,"date":"2017-06-16T15:16:45","date_gmt":"2017-06-16T13:16:45","guid":{"rendered":"http:\/\/www.sv-freiendiez.de\/?page_id=1680"},"modified":"2017-06-16T15:19:52","modified_gmt":"2017-06-16T13:19:52","slug":"die-sache-mit-der-sicherheitsvorrichtung","status":"publish","type":"page","link":"https:\/\/www.sv-freiendiez.de\/?page_id=1680","title":{"rendered":"Die Sache mit der &#8222;Sicherheitsvorrichtung&#8220;"},"content":{"rendered":"<p style=\"text-align: justify;\"><a href=\"http:\/\/www.sv-freiendiez.de\/wp-content\/uploads\/2017\/06\/dsb_spoo.jpg\"><img loading=\"lazy\" decoding=\"async\" class=\"alignright size-medium wp-image-1685\" src=\"http:\/\/www.sv-freiendiez.de\/wp-content\/uploads\/2017\/06\/dsb_spoo-274x300.jpg\" alt=\"\" width=\"274\" height=\"300\" srcset=\"https:\/\/www.sv-freiendiez.de\/wp-content\/uploads\/2017\/06\/dsb_spoo-274x300.jpg 274w, https:\/\/www.sv-freiendiez.de\/wp-content\/uploads\/2017\/06\/dsb_spoo.jpg 310w\" sizes=\"auto, (max-width: 274px) 100vw, 274px\" \/><\/a>Teilnehmer aus ver- schiedenen diesj\u00e4hrigen Wettk\u00e4mpfen haben berichtet, das die Standaufsichten verst\u00e4rkt auf die Sicherung von w\u00e4hrend des Wettkampfs abgelegte Waffen achten. Was hat es damit auf sich und was ist eine Sicherheitsvorrichtung?<\/p>\n<p><strong>Kurzwaffen<\/strong><\/p>\n<p style=\"text-align: justify;\">Diese neue Bestimmung hat Einzug in die neueste Version der <strong>DSB Sportordnung<\/strong> gefunden (Stand 01.01.2017). Es wird an zwei Stellen&nbsp; ausdr\u00fccklich erw\u00e4hnt. Im Teil 0 <strong>&#8222;Allgemeine g\u00fcltige Regeln f\u00fcr alle Disziplinen&#8220;<\/strong> hei\u00dft es auf Seite 3:<\/p>\n<blockquote><p>Eine Waffe darf nur abgelegt werden, wenn<\/p><\/blockquote>\n<ul style=\"text-align: justify;\">\n<li>\n<blockquote><p>die Sicherheitsvorrichtung eingef\u00fchrt ist, bzw. sich bei Feuerwaffen keine Patrone in der Waffe befindet.<br \/>\n&#8230;<\/p><\/blockquote>\n<\/li>\n<\/ul>\n<p style=\"text-align: justify;\">Im Teil 2 <strong>&#8222;Regeln f\u00fcr Pistole und Revolver&#8220;<\/strong> findet man auf Seite 2 im Absatz 2.3.1 Sicherheit &#8211; Laden und Entladen:<\/p>\n<blockquote><p>&#8230; Die Waffe darf nur abgelegt werden, wenn die Sicherheitsvorrichtung eingef\u00fchrt ist.<\/p><\/blockquote>\n<p style=\"text-align: justify;\">Man beachte hier den genauen Wortlaut: Darf erst abgelegt werden, wenn die Sicherheitsvorrichtung bereits in den Lauf eingef\u00fchrt ist. Also nicht erst ablegen und sichern, sondern schon bereits vorher, vor dem Ablegen. Hier kann im Ernstfall eine Disqualifizierung ausgesprochen werden.<\/p>\n<p style=\"text-align: justify;\">Aber bevor man eine Sicherheitsvorrichtung in den Lauf einf\u00fchrt, sollte man wissen, was als diese anerkannt wird.<\/p>\n<figure id=\"attachment_1682\" aria-describedby=\"caption-attachment-1682\" style=\"width: 300px\" class=\"wp-caption alignleft\"><a href=\"http:\/\/www.sv-freiendiez.de\/wp-content\/uploads\/2017\/06\/20170616_140212.jpg\"><img loading=\"lazy\" decoding=\"async\" class=\"wp-image-1682 size-medium\" src=\"http:\/\/www.sv-freiendiez.de\/wp-content\/uploads\/2017\/06\/20170616_140212-300x225.jpg\" alt=\"\" width=\"300\" height=\"225\" srcset=\"https:\/\/www.sv-freiendiez.de\/wp-content\/uploads\/2017\/06\/20170616_140212-300x225.jpg 300w, https:\/\/www.sv-freiendiez.de\/wp-content\/uploads\/2017\/06\/20170616_140212-768x576.jpg 768w, https:\/\/www.sv-freiendiez.de\/wp-content\/uploads\/2017\/06\/20170616_140212-600x450.jpg 600w, https:\/\/www.sv-freiendiez.de\/wp-content\/uploads\/2017\/06\/20170616_140212.jpg 806w\" sizes=\"auto, (max-width: 300px) 100vw, 300px\" \/><\/a><figcaption id=\"caption-attachment-1682\" class=\"wp-caption-text\">Bild 1 (C) SV Freiendiez<\/figcaption><\/figure>\n<p style=\"text-align: justify;\">Da gibt es als erstes die <strong>Safety-Flags,<\/strong> die man im Sch\u00fctzen-Zubeh\u00f6r kaufen kann (Bild 1). Diese kosten etwa 5 Euro. Sie verf\u00fcgen \u00fcber einen runden Kunststoff-Stopfen in der Gr\u00f6\u00dfe des jeweiligen Kalibers, den man in die Patronenkammer der Pistole einf\u00fchren kann. An diesem Stopfen h\u00e4ngt ein rotes F\u00e4hnchen welches dann aus dem Patronenauswurffenster heraush\u00e4ngt (Bild 2). Man hat mir allerdings berichtet, das diese Safety-Flags bei den Standaufsichten nicht gerne gesehen sind bzw. als nicht ausreichend<\/p>\n<figure id=\"attachment_1681\" aria-describedby=\"caption-attachment-1681\" style=\"width: 225px\" class=\"wp-caption alignright\"><a href=\"http:\/\/www.sv-freiendiez.de\/wp-content\/uploads\/2017\/06\/20170616_140122.jpg\"><img loading=\"lazy\" decoding=\"async\" class=\"size-medium wp-image-1681\" src=\"http:\/\/www.sv-freiendiez.de\/wp-content\/uploads\/2017\/06\/20170616_140122-225x300.jpg\" alt=\"\" width=\"225\" height=\"300\" srcset=\"https:\/\/www.sv-freiendiez.de\/wp-content\/uploads\/2017\/06\/20170616_140122-225x300.jpg 225w, https:\/\/www.sv-freiendiez.de\/wp-content\/uploads\/2017\/06\/20170616_140122-600x799.jpg 600w, https:\/\/www.sv-freiendiez.de\/wp-content\/uploads\/2017\/06\/20170616_140122.jpg 605w\" sizes=\"auto, (max-width: 225px) 100vw, 225px\" \/><\/a><figcaption id=\"caption-attachment-1681\" class=\"wp-caption-text\">Bild 2 (C) SV Freiendiez<\/figcaption><\/figure>\n<p style=\"text-align: justify;\">moniert werden. Vorteil diese Safety-Flags ist, das man nach dem Einsetzen den Verschlu\u00df der Waffe schlie\u00dfen und die Waffe abschlagen kann. So mache ich es zum Beispiel w\u00e4hrend des Transports meiner Pistolen. Sie sind alle mit einem Safety-Flag versehen. Aber wie gesagt, <strong>f\u00fcr den Wettkampf nicht geeignet.<\/strong><\/p>\n<p style=\"text-align: justify;\">Die kosteng\u00fcnstigere und allgemein annerkannte Alternative sind <strong>Kabelbinder<\/strong>, vorzugweise in einer Signalfarbe, am besten Rot. Sie werden durch den offenen Verschlu\u00df in den Lauf eingef\u00fchrt und sollten am vorderen Ande des Laufes reichlich rausragen (Bild 3). Dann ist die Aufsicht zufrieden. Die abgebildeten Kabelbinder haben die <strong>Gr\u00f6\u00dfe 4,8 x 300mm<\/strong>. Diese Gr\u00f6\u00dfe sollte f\u00fcr jede g\u00e4ngige Pistole, ob Glock, Sig oder GSP, ausreichend sein. Alternativ geht auch ein entsprechend langer Kunststofffaden aus einem Rasentrimmer.<\/p>\n<figure id=\"attachment_1684\" aria-describedby=\"caption-attachment-1684\" style=\"width: 300px\" class=\"wp-caption aligncenter\"><a href=\"http:\/\/www.sv-freiendiez.de\/wp-content\/uploads\/2017\/06\/20170616_140350.jpg\"><img loading=\"lazy\" decoding=\"async\" class=\"wp-image-1684 size-medium\" src=\"http:\/\/www.sv-freiendiez.de\/wp-content\/uploads\/2017\/06\/20170616_140350-300x225.jpg\" alt=\"\" width=\"300\" height=\"225\" srcset=\"https:\/\/www.sv-freiendiez.de\/wp-content\/uploads\/2017\/06\/20170616_140350-300x225.jpg 300w, https:\/\/www.sv-freiendiez.de\/wp-content\/uploads\/2017\/06\/20170616_140350-768x576.jpg 768w, https:\/\/www.sv-freiendiez.de\/wp-content\/uploads\/2017\/06\/20170616_140350-600x450.jpg 600w, https:\/\/www.sv-freiendiez.de\/wp-content\/uploads\/2017\/06\/20170616_140350.jpg 806w\" sizes=\"auto, (max-width: 300px) 100vw, 300px\" \/><\/a><figcaption id=\"caption-attachment-1684\" class=\"wp-caption-text\">Bild 3 (C) SV Freiendiez<\/figcaption><\/figure>\n<figure id=\"attachment_1683\" aria-describedby=\"caption-attachment-1683\" style=\"width: 300px\" class=\"wp-caption aligncenter\"><a href=\"http:\/\/www.sv-freiendiez.de\/wp-content\/uploads\/2017\/06\/20170616_140251.jpg\"><img loading=\"lazy\" decoding=\"async\" class=\"wp-image-1683 size-medium\" src=\"http:\/\/www.sv-freiendiez.de\/wp-content\/uploads\/2017\/06\/20170616_140251-300x225.jpg\" alt=\"\" width=\"300\" height=\"225\" srcset=\"https:\/\/www.sv-freiendiez.de\/wp-content\/uploads\/2017\/06\/20170616_140251-300x225.jpg 300w, https:\/\/www.sv-freiendiez.de\/wp-content\/uploads\/2017\/06\/20170616_140251-768x576.jpg 768w, https:\/\/www.sv-freiendiez.de\/wp-content\/uploads\/2017\/06\/20170616_140251-600x450.jpg 600w, https:\/\/www.sv-freiendiez.de\/wp-content\/uploads\/2017\/06\/20170616_140251.jpg 806w\" sizes=\"auto, (max-width: 300px) 100vw, 300px\" \/><\/a><figcaption id=\"caption-attachment-1683\" class=\"wp-caption-text\">Bild 4 (C) SV Freuendiez<\/figcaption><\/figure>\n<p>Entsprechendes gilt f\u00fcr Revolver. Dort wird bei ausgeklappter Trommel die Sicherheitsvorrichtung durch den Lauf gef\u00fchrt.<\/p>\n<p style=\"text-align: justify;\">Es ist jedem zu raten darauf zu achten, das er eine entsprechende Vorrichtung zum Wettkampf mitnimmt, da man nicht immer davon ausgehen kann, das am Stand Leih-Vorrichtungen zur Verf\u00fcgung stehen.<\/p>\n<p><strong>Langwaffen<\/strong><\/p>\n<p style=\"text-align: justify;\">Und was ist mit den Langwaffen, ganz ehrlich: Ich wei\u00df es nicht (genau). Ich bin Kurzwaffensch\u00fctze \ud83d\ude42 Da wird auch mit langen Sicherheitsf\u00e4den hantiert. Aber genau wei\u00df ich das nicht. Und bevor ich hier irgendwelchen Bl\u00f6dsinn schreibe, mache ich mich erst mal kundig und reiche die Informationen an dieser Stelle nach. Versprochen!<\/p>\n<p style=\"text-align: justify;\"><strong>Und beim Training?<\/strong><\/p>\n<p style=\"text-align: justify;\">Die Standuafsichten werden auf unseren St\u00e4nden in Zukunft verst\u00e4rkt darauf achten, das dieses Procedur\u00e9 auch beim Training eingehalten wird. Nicht um euch zu Qu\u00e4len, sondern um Euch an die Anwendung der Sicherheitsvorschrift zu gew\u00f6hnen. Irgendwann werdet Ihr gar nicht mehr dar\u00fcber nachdenken und es automatisch machen. Auf unseren St\u00e4nden h\u00e4ngen im \u00fcbrigen gen\u00fcgend &#8222;Sicherheitsvorrichtungen&#8220;, die <strong>Leihweise<\/strong> verwendet werden k\u00f6nnen.<\/p>\n<p><strong>Disclaimer: Alle Ausf\u00fchrungen vorbehaltlich Irrtum und \u00c4nderungen der Bestimmungen.<\/strong><\/p>\n<p>&nbsp;<\/p>\n<p>&nbsp;<\/p>\n<p>&nbsp;<\/p>\n<p>&nbsp;<\/p>\n","protected":false},"excerpt":{"rendered":"<p>Teilnehmer aus ver- schiedenen diesj\u00e4hrigen Wettk\u00e4mpfen haben berichtet, das die Standaufsichten verst\u00e4rkt auf die Sicherung von w\u00e4hrend des Wettkampfs abgelegte Waffen achten. Was hat es damit auf sich und was ist eine Sicherheitsvorrichtung? Kurzwaffen Diese neue Bestimmung hat Einzug in die neueste Version der DSB Sportordnung gefunden (Stand 01.01.2017). Es wird an zwei Stellen&nbsp; ausdr\u00fccklich &hellip; <\/p>\n<p class=\"link-more\"><a href=\"https:\/\/www.sv-freiendiez.de\/?page_id=1680\" class=\"more-link\"><span class=\"screen-reader-text\">\u201eDie Sache mit der &#8222;Sicherheitsvorrichtung&#8220;\u201c<\/span> weiterlesen<\/a><\/p>\n","protected":false},"author":1,"featured_media":0,"parent":0,"menu_order":0,"comment_status":"closed","ping_status":"closed","template":"","meta":{"ngg_post_thumbnail":0,"footnotes":""},"class_list":["post-1680","page","type-page","status-publish","hentry"],"yoast_head":"<!-- This site is optimized with the Yoast SEO plugin v27.5 - https:\/\/yoast.com\/product\/yoast-seo-wordpress\/ -->\n<title>Die Sache mit der &quot;Sicherheitsvorrichtung&quot; - SV Diez-Freiendiez 1928 e.V.<\/title>\n<meta name=\"robots\" content=\"index, follow, max-snippet:-1, max-image-preview:large, max-video-preview:-1\" \/>\n<link rel=\"canonical\" href=\"https:\/\/www.sv-freiendiez.de\/?page_id=1680\" \/>\n<meta property=\"og:locale\" content=\"de_DE\" \/>\n<meta property=\"og:type\" content=\"article\" \/>\n<meta property=\"og:title\" content=\"Die Sache mit der &quot;Sicherheitsvorrichtung&quot; - SV Diez-Freiendiez 1928 e.V.\" \/>\n<meta property=\"og:description\" content=\"Teilnehmer aus ver- schiedenen diesj\u00e4hrigen Wettk\u00e4mpfen haben berichtet, das die Standaufsichten verst\u00e4rkt auf die Sicherung von w\u00e4hrend des Wettkampfs abgelegte Waffen achten. Was hat es damit auf sich und was ist eine Sicherheitsvorrichtung? Kurzwaffen Diese neue Bestimmung hat Einzug in die neueste Version der DSB Sportordnung gefunden (Stand 01.01.2017). Es wird an zwei Stellen&nbsp; ausdr\u00fccklich &hellip; \u201eDie Sache mit der &#8222;Sicherheitsvorrichtung&#8220;\u201c weiterlesen\" \/>\n<meta property=\"og:url\" content=\"https:\/\/www.sv-freiendiez.de\/?page_id=1680\" \/>\n<meta property=\"og:site_name\" content=\"SV Diez-Freiendiez 1928 e.V.\" \/>\n<meta property=\"article:publisher\" content=\"https:\/\/www.facebook.com\/svfreiendiez\/\" \/>\n<meta property=\"article:modified_time\" content=\"2017-06-16T13:19:52+00:00\" \/>\n<meta property=\"og:image\" content=\"http:\/\/www.sv-freiendiez.de\/wp-content\/uploads\/2017\/06\/dsb_spoo-274x300.jpg\" \/>\n<meta name=\"twitter:card\" content=\"summary_large_image\" \/>\n<meta name=\"twitter:label1\" content=\"Gesch\u00e4tzte Lesezeit\" \/>\n\t<meta name=\"twitter:data1\" content=\"3\u00a0Minuten\" \/>\n<script type=\"application\/ld+json\" class=\"yoast-schema-graph\">{\"@context\":\"https:\\\/\\\/schema.org\",\"@graph\":[{\"@type\":\"WebPage\",\"@id\":\"https:\\\/\\\/www.sv-freiendiez.de\\\/?page_id=1680\",\"url\":\"https:\\\/\\\/www.sv-freiendiez.de\\\/?page_id=1680\",\"name\":\"Die Sache mit der \\\"Sicherheitsvorrichtung\\\" - SV Diez-Freiendiez 1928 e.V.\",\"isPartOf\":{\"@id\":\"https:\\\/\\\/www.sv-freiendiez.de\\\/#website\"},\"primaryImageOfPage\":{\"@id\":\"https:\\\/\\\/www.sv-freiendiez.de\\\/?page_id=1680#primaryimage\"},\"image\":{\"@id\":\"https:\\\/\\\/www.sv-freiendiez.de\\\/?page_id=1680#primaryimage\"},\"thumbnailUrl\":\"http:\\\/\\\/www.sv-freiendiez.de\\\/wp-content\\\/uploads\\\/2017\\\/06\\\/dsb_spoo-274x300.jpg\",\"datePublished\":\"2017-06-16T13:16:45+00:00\",\"dateModified\":\"2017-06-16T13:19:52+00:00\",\"breadcrumb\":{\"@id\":\"https:\\\/\\\/www.sv-freiendiez.de\\\/?page_id=1680#breadcrumb\"},\"inLanguage\":\"de\",\"potentialAction\":[{\"@type\":\"ReadAction\",\"target\":[\"https:\\\/\\\/www.sv-freiendiez.de\\\/?page_id=1680\"]}]},{\"@type\":\"ImageObject\",\"inLanguage\":\"de\",\"@id\":\"https:\\\/\\\/www.sv-freiendiez.de\\\/?page_id=1680#primaryimage\",\"url\":\"https:\\\/\\\/www.sv-freiendiez.de\\\/wp-content\\\/uploads\\\/2017\\\/06\\\/dsb_spoo.jpg\",\"contentUrl\":\"https:\\\/\\\/www.sv-freiendiez.de\\\/wp-content\\\/uploads\\\/2017\\\/06\\\/dsb_spoo.jpg\",\"width\":310,\"height\":340},{\"@type\":\"BreadcrumbList\",\"@id\":\"https:\\\/\\\/www.sv-freiendiez.de\\\/?page_id=1680#breadcrumb\",\"itemListElement\":[{\"@type\":\"ListItem\",\"position\":1,\"name\":\"Startseite\",\"item\":\"https:\\\/\\\/www.sv-freiendiez.de\\\/\"},{\"@type\":\"ListItem\",\"position\":2,\"name\":\"Die Sache mit der &#8222;Sicherheitsvorrichtung&#8220;\"}]},{\"@type\":\"WebSite\",\"@id\":\"https:\\\/\\\/www.sv-freiendiez.de\\\/#website\",\"url\":\"https:\\\/\\\/www.sv-freiendiez.de\\\/\",\"name\":\"SV Diez-Freiendiez 1928 e.V.\",\"description\":\"Sch\u00fctzenverein Diez-Freiendiez 1928 e.V.\",\"publisher\":{\"@id\":\"https:\\\/\\\/www.sv-freiendiez.de\\\/#organization\"},\"potentialAction\":[{\"@type\":\"SearchAction\",\"target\":{\"@type\":\"EntryPoint\",\"urlTemplate\":\"https:\\\/\\\/www.sv-freiendiez.de\\\/?s={search_term_string}\"},\"query-input\":{\"@type\":\"PropertyValueSpecification\",\"valueRequired\":true,\"valueName\":\"search_term_string\"}}],\"inLanguage\":\"de\"},{\"@type\":\"Organization\",\"@id\":\"https:\\\/\\\/www.sv-freiendiez.de\\\/#organization\",\"name\":\"SV Diez-Freiendiez 1928 e.V.\",\"url\":\"https:\\\/\\\/www.sv-freiendiez.de\\\/\",\"logo\":{\"@type\":\"ImageObject\",\"inLanguage\":\"de\",\"@id\":\"https:\\\/\\\/www.sv-freiendiez.de\\\/#\\\/schema\\\/logo\\\/image\\\/\",\"url\":\"https:\\\/\\\/www.sv-freiendiez.de\\\/wp-content\\\/uploads\\\/2016\\\/12\\\/cropped-wappen250.png\",\"contentUrl\":\"https:\\\/\\\/www.sv-freiendiez.de\\\/wp-content\\\/uploads\\\/2016\\\/12\\\/cropped-wappen250.png\",\"width\":250,\"height\":250,\"caption\":\"SV Diez-Freiendiez 1928 e.V.\"},\"image\":{\"@id\":\"https:\\\/\\\/www.sv-freiendiez.de\\\/#\\\/schema\\\/logo\\\/image\\\/\"},\"sameAs\":[\"https:\\\/\\\/www.facebook.com\\\/svfreiendiez\\\/\"]}]}<\/script>\n<!-- \/ Yoast SEO plugin. -->","yoast_head_json":{"title":"Die Sache mit der \"Sicherheitsvorrichtung\" - SV Diez-Freiendiez 1928 e.V.","robots":{"index":"index","follow":"follow","max-snippet":"max-snippet:-1","max-image-preview":"max-image-preview:large","max-video-preview":"max-video-preview:-1"},"canonical":"https:\/\/www.sv-freiendiez.de\/?page_id=1680","og_locale":"de_DE","og_type":"article","og_title":"Die Sache mit der \"Sicherheitsvorrichtung\" - SV Diez-Freiendiez 1928 e.V.","og_description":"Teilnehmer aus ver- schiedenen diesj\u00e4hrigen Wettk\u00e4mpfen haben berichtet, das die Standaufsichten verst\u00e4rkt auf die Sicherung von w\u00e4hrend des Wettkampfs abgelegte Waffen achten. Was hat es damit auf sich und was ist eine Sicherheitsvorrichtung? Kurzwaffen Diese neue Bestimmung hat Einzug in die neueste Version der DSB Sportordnung gefunden (Stand 01.01.2017). Es wird an zwei Stellen&nbsp; ausdr\u00fccklich &hellip; \u201eDie Sache mit der &#8222;Sicherheitsvorrichtung&#8220;\u201c weiterlesen","og_url":"https:\/\/www.sv-freiendiez.de\/?page_id=1680","og_site_name":"SV Diez-Freiendiez 1928 e.V.","article_publisher":"https:\/\/www.facebook.com\/svfreiendiez\/","article_modified_time":"2017-06-16T13:19:52+00:00","og_image":[{"url":"http:\/\/www.sv-freiendiez.de\/wp-content\/uploads\/2017\/06\/dsb_spoo-274x300.jpg","type":"","width":"","height":""}],"twitter_card":"summary_large_image","twitter_misc":{"Gesch\u00e4tzte Lesezeit":"3\u00a0Minuten"},"schema":{"@context":"https:\/\/schema.org","@graph":[{"@type":"WebPage","@id":"https:\/\/www.sv-freiendiez.de\/?page_id=1680","url":"https:\/\/www.sv-freiendiez.de\/?page_id=1680","name":"Die Sache mit der \"Sicherheitsvorrichtung\" - SV Diez-Freiendiez 1928 e.V.","isPartOf":{"@id":"https:\/\/www.sv-freiendiez.de\/#website"},"primaryImageOfPage":{"@id":"https:\/\/www.sv-freiendiez.de\/?page_id=1680#primaryimage"},"image":{"@id":"https:\/\/www.sv-freiendiez.de\/?page_id=1680#primaryimage"},"thumbnailUrl":"http:\/\/www.sv-freiendiez.de\/wp-content\/uploads\/2017\/06\/dsb_spoo-274x300.jpg","datePublished":"2017-06-16T13:16:45+00:00","dateModified":"2017-06-16T13:19:52+00:00","breadcrumb":{"@id":"https:\/\/www.sv-freiendiez.de\/?page_id=1680#breadcrumb"},"inLanguage":"de","potentialAction":[{"@type":"ReadAction","target":["https:\/\/www.sv-freiendiez.de\/?page_id=1680"]}]},{"@type":"ImageObject","inLanguage":"de","@id":"https:\/\/www.sv-freiendiez.de\/?page_id=1680#primaryimage","url":"https:\/\/www.sv-freiendiez.de\/wp-content\/uploads\/2017\/06\/dsb_spoo.jpg","contentUrl":"https:\/\/www.sv-freiendiez.de\/wp-content\/uploads\/2017\/06\/dsb_spoo.jpg","width":310,"height":340},{"@type":"BreadcrumbList","@id":"https:\/\/www.sv-freiendiez.de\/?page_id=1680#breadcrumb","itemListElement":[{"@type":"ListItem","position":1,"name":"Startseite","item":"https:\/\/www.sv-freiendiez.de\/"},{"@type":"ListItem","position":2,"name":"Die Sache mit der &#8222;Sicherheitsvorrichtung&#8220;"}]},{"@type":"WebSite","@id":"https:\/\/www.sv-freiendiez.de\/#website","url":"https:\/\/www.sv-freiendiez.de\/","name":"SV Diez-Freiendiez 1928 e.V.","description":"Sch\u00fctzenverein Diez-Freiendiez 1928 e.V.","publisher":{"@id":"https:\/\/www.sv-freiendiez.de\/#organization"},"potentialAction":[{"@type":"SearchAction","target":{"@type":"EntryPoint","urlTemplate":"https:\/\/www.sv-freiendiez.de\/?s={search_term_string}"},"query-input":{"@type":"PropertyValueSpecification","valueRequired":true,"valueName":"search_term_string"}}],"inLanguage":"de"},{"@type":"Organization","@id":"https:\/\/www.sv-freiendiez.de\/#organization","name":"SV Diez-Freiendiez 1928 e.V.","url":"https:\/\/www.sv-freiendiez.de\/","logo":{"@type":"ImageObject","inLanguage":"de","@id":"https:\/\/www.sv-freiendiez.de\/#\/schema\/logo\/image\/","url":"https:\/\/www.sv-freiendiez.de\/wp-content\/uploads\/2016\/12\/cropped-wappen250.png","contentUrl":"https:\/\/www.sv-freiendiez.de\/wp-content\/uploads\/2016\/12\/cropped-wappen250.png","width":250,"height":250,"caption":"SV Diez-Freiendiez 1928 e.V."},"image":{"@id":"https:\/\/www.sv-freiendiez.de\/#\/schema\/logo\/image\/"},"sameAs":["https:\/\/www.facebook.com\/svfreiendiez\/"]}]}},"_links":{"self":[{"href":"https:\/\/www.sv-freiendiez.de\/index.php?rest_route=\/wp\/v2\/pages\/1680","targetHints":{"allow":["GET"]}}],"collection":[{"href":"https:\/\/www.sv-freiendiez.de\/index.php?rest_route=\/wp\/v2\/pages"}],"about":[{"href":"https:\/\/www.sv-freiendiez.de\/index.php?rest_route=\/wp\/v2\/types\/page"}],"author":[{"embeddable":true,"href":"https:\/\/www.sv-freiendiez.de\/index.php?rest_route=\/wp\/v2\/users\/1"}],"replies":[{"embeddable":true,"href":"https:\/\/www.sv-freiendiez.de\/index.php?rest_route=%2Fwp%2Fv2%2Fcomments&post=1680"}],"version-history":[{"count":0,"href":"https:\/\/www.sv-freiendiez.de\/index.php?rest_route=\/wp\/v2\/pages\/1680\/revisions"}],"wp:attachment":[{"href":"https:\/\/www.sv-freiendiez.de\/index.php?rest_route=%2Fwp%2Fv2%2Fmedia&parent=1680"}],"curies":[{"name":"wp","href":"https:\/\/api.w.org\/{rel}","templated":true}]}}