{"id":1638,"date":"2017-06-04T19:30:34","date_gmt":"2017-06-04T17:30:34","guid":{"rendered":"http:\/\/www.sv-freiendiez.de\/?page_id=1638"},"modified":"2017-07-28T22:25:25","modified_gmt":"2017-07-28T20:25:25","slug":"sicherheitsregeln-im-umgang-mit-waffen","status":"publish","type":"page","link":"https:\/\/www.sv-freiendiez.de\/?page_id=1638","title":{"rendered":"Sicherheitsregeln im Umgang mit Waffen"},"content":{"rendered":"<p>&nbsp;<\/p>\n<p style=\"text-align: justify;\"><a href=\"http:\/\/www.sv-freiendiez.de\/wp-content\/uploads\/2017\/06\/stopp_weiss_180.png\"><img loading=\"lazy\" decoding=\"async\" class=\"alignleft size-full wp-image-1746\" src=\"http:\/\/www.sv-freiendiez.de\/wp-content\/uploads\/2017\/06\/stopp_weiss_180.png\" alt=\"\" width=\"181\" height=\"180\" srcset=\"https:\/\/www.sv-freiendiez.de\/wp-content\/uploads\/2017\/06\/stopp_weiss_180.png 181w, https:\/\/www.sv-freiendiez.de\/wp-content\/uploads\/2017\/06\/stopp_weiss_180-150x150.png 150w, https:\/\/www.sv-freiendiez.de\/wp-content\/uploads\/2017\/06\/stopp_weiss_180-100x100.png 100w\" sizes=\"auto, (max-width: 181px) 100vw, 181px\" \/><\/a>&nbsp;&nbsp;&nbsp;&nbsp; Kein Leitpfaden zum legalen Erwerb von Erlaubnispflichtigen Waffen ohne die notwendigen Sicherheitsregeln im Umgang damit. Unsere Sportger\u00e4te sind, bei unsachgem\u00e4\u00dfen Umgang damit, gef\u00e4hrlich. Die Misachtung dieser Gesetze und Regeln k\u00f6nnen vom einfachen Entzug der waffenrechtlichen Erlaubnis bis hin zu strafrechtlichen Konsequenzen f\u00fchren.<\/p>\n<p><strong>Eine Waffe ist kein Spielzeug oder Statussymbol!<\/strong><\/p>\n<p>Das der sichere und gewissenhafte Umgang mit unserem Sportger\u00e4t sehr wichtig ist, lernt jeder Waffenbesitzer bei der Waffensachkunde-Pr\u00fcfung.<\/p>\n<p><strong>Aufbewahrung<\/strong><\/p>\n<p style=\"text-align: justify;\">Eine Waffe ist Zuhause in einem daf\u00fcr zugelassenen Sicherheitsbeh\u00e4ltnis aufzubewahren (siehe WaffG \u00a736). Sie ist immer dort aufzubewahren ausser bei der Reinigung oder w\u00e4hrend der Vorbereitung des Transports. Es muss sichergestellt sein, das nur der Berechtigte Zugriff auf die Waffen im Sicherheitsbeh\u00e4ltnis hat. Ganz schlecht ist, wenn ein Kontroleur der Sicherheitsbeh\u00f6rde an der T\u00fcr klingelt und ein nicht erlaubnisberechtigtes Familienmitglied sagt, &#8222;Moment ich hole den Schl\u00fcssel &#8230;&#8220;.<\/p>\n<p style=\"text-align: justify;\">Waffen werden <strong>entladen und gesichert<\/strong> im Sicherheitsbeh\u00e4ltnis aufbewahrt, von der Munition getrennt. Die Munition mu\u00df in einem gesonderten abgeschlossenen Beh\u00e4ltnis aufbewahrt werden. Das Beh\u00e4ltnis muss aus Stahlblech bestehen und mit einem Schwenkb\u00fcgelschlo\u00df verschlossen sein. Abschlie\u00dfbare Stahlschr\u00e4nke sind ebenfalls zugelassen.<\/p>\n<p style=\"text-align: justify;\">Die Trennung und Verschlu\u00df wird nicht nur wegen der Diebstahlsicherung vorgeschrieben, sondern sie soll sich auch zugriffshemmend auf den Besitzer \/ Berechtigten auswirken. Damit man gen\u00fcgend Zeit hat, dar\u00fcber nachzudenken, ob das, was man gerade vorhat, eine wirklich gute Idee ist.<\/p>\n<p><strong>Transport<\/strong><\/p>\n<p style=\"text-align: justify;\">Waffen werden nur entladen und gesichert in einem verschlossenen Beh\u00e4ltnis transportiert, getrennt von der Munition. Auch die Munition sollte (muss aber nicht) in einem abschlie\u00dfbaren Beh\u00e4ltnis erfolgen. Waffen d\u00fcrfen nur transportiert werden<\/p>\n<ul style=\"text-align: justify;\">\n<li>auf dem Weg zur Sportst\u00e4tte \/ Wettkampf<\/li>\n<li>auf dem Weg zum B\u00fcchsenmacher<\/li>\n<li>auf dem Weg zu einem anderen Erlaubnisberechtigten zur zeitweiligen \u00dcberlassung<\/li>\n<li>&#8230;<\/li>\n<\/ul>\n<p style=\"text-align: justify;\">Diese Liste k\u00f6nnte man im Detail weiterf\u00fchren. Grunds\u00e4tzlich ist der Transport einer Waffe erlaubt, wenn man sie <strong>naturgem\u00e4\u00df und anerkannter Weise als Folge oder Begleiterscheinung des Bed\u00fcrfnisses transportiert. Niemals zul\u00e4ssig ist es die Waffe \u201espazieren zu fahren\u201c oder sie bed\u00fcrfnisfremd zum Selbstschutz dabei zu haben.<\/strong><\/p>\n<p style=\"text-align: justify;\">Ein kleiner Umweg zum Tanken ist eralubt. Einkaufen gehen mit Waffen im Auto, finde ich grenzwertig, ist aber nicht grunds\u00e4tzlich verboten &#8211; ich rate es aber keinem!<\/p>\n<p style=\"text-align: justify;\">Eine Ausarbeiteung \u00fcber den Unterschieg zwischen F\u00fchren und Transportieren bzw. deren \u00dcberschneidungen findet ihr in einem hervorragenden Artikel auf der Seite der German Rifle Association (GRA). <a href=\"https:\/\/german-rifle-association.de\/erlaubnisfreies-fuehren-von-schusswaffen-nach-%c2%a7%c2%a7-12-abs-3-13-abs-6-waffg-ein-ueberblick-ueber-die-aktuelle-rechtslage-fuer-laien-und-juristen\/\">Folgt dazu diesen Link.<\/a><\/p>\n<p style=\"text-align: justify;\">Moderne Kraftfahrzeuge kann man so konfigurieren, das sie sich nach dem Losfahren komplett verschliessen. Die Fragen m\u00f6chte ich nicht beantworten, warum man diese M\u00f6glichkeit der Diebstahlsicherung nicht genutzt hat, nachdem einem an einer Ampel stehend, der Kofferraum voller Waffen leerger\u00e4umt wurde.<\/p>\n<p><strong>Umgang<\/strong><\/p>\n<p>Zuhause, auf dem Schie\u00dfstand, beim H\u00e4ndler oder B\u00fcchsenmacher, einfach jedesmal, wenn ihr eine Waffe in die Hand nehmt gelten folgende Sicherheitsregeln:<\/p>\n<table style=\"width: 580px;\">\n<tbody>\n<tr>\n<td style=\"width: 32.5px; text-align: center;\"><strong>1.<\/strong><\/td>\n<td style=\"width: 531.5px;\">Machen Sie sich mit der Handhabung der Waffe und ihrer Funktion genau vertraut. Lesen Sie sehr aufmerksam die Bedienungsanleitung, bevor Sie die Waffe in die Hand nehmen.<\/td>\n<\/tr>\n<tr>\n<td style=\"width: 32.5px; text-align: center;\"><strong>2.<\/strong><\/td>\n<td style=\"width: 531.5px;\">Behandeln Sie jede Waffe so, als sei diese geladen oder feuerbereit.<\/td>\n<\/tr>\n<tr>\n<td style=\"width: 32.5px; text-align: center;\"><strong>3.<\/strong><\/td>\n<td style=\"width: 531.5px;\">Vergewissern Sie sich vor dem Laden der Waffen, dass der Lauf frei ist.<\/td>\n<\/tr>\n<tr>\n<td style=\"width: 32.5px; text-align: center;\"><strong>4.<\/strong><\/td>\n<td style=\"width: 531.5px;\">Laden Sie die Waffe immer erst unmittelbar vor dem Gebrauch.<\/td>\n<\/tr>\n<tr>\n<td style=\"width: 32.5px; text-align: center;\"><strong>5.<\/strong><\/td>\n<td style=\"width: 531.5px;\">Entsichern Sie erst unmittelbar vor der Schussabgabe.<\/td>\n<\/tr>\n<tr>\n<td style=\"width: 32.5px; text-align: center;\"><strong>6.<\/strong><\/td>\n<td style=\"width: 531.5px;\">Schie\u00dfen Sie nur, wenn Sie das Ziel genau erkannt haben und jede Gef\u00e4hrdung der Umgebung ausgeschlossen ist.<\/td>\n<\/tr>\n<tr>\n<td style=\"width: 32.5px; text-align: center;\"><strong>7.<\/strong><\/td>\n<td style=\"width: 531.5px;\">Bedenken Sie, dass die Reichweite der Geschosse bis zu 5 km und mehr betragen kann, wenn unter einem Winkel von ca. 35 Grad geschossen wird.<\/td>\n<\/tr>\n<tr>\n<td style=\"width: 32.5px; text-align: center;\"><strong>8.<\/strong><\/td>\n<td style=\"width: 531.5px;\">Ber\u00fchren Sie den Abzug der geladenen Waffe erst, wenn Sie das Ziel im Visier haben.<\/td>\n<\/tr>\n<tr>\n<td style=\"width: 32.5px; text-align: center;\"><strong>9.<\/strong><\/td>\n<td style=\"width: 531.5px;\">Richten Sie die Waffe nie auf einen Gegenstand, den Sie nicht beschie\u00dfen wollen.<\/td>\n<\/tr>\n<tr>\n<td style=\"width: 32.5px; text-align: center;\"><strong>10.<\/strong><\/td>\n<td style=\"width: 531.5px;\">Verwenden Sie nur Munition, die dem Kaliber der Waffe entspricht und f\u00fcr welche die Waffe einen Beschuss hat.<\/td>\n<\/tr>\n<tr>\n<td style=\"width: 32.5px; text-align: center;\"><strong>11.<\/strong><\/td>\n<td style=\"width: 531.5px;\">Vergewissern Sie sich, dass sich niemand im Bereich des H\u00fclsenauswurfs aufh\u00e4lt.<\/td>\n<\/tr>\n<tr>\n<td style=\"width: 32.5px; text-align: center;\"><strong>12.<\/strong><\/td>\n<td style=\"width: 531.5px;\">Nie mit einer geladenen Waffe ein Fahrzeug oder einen Hochsitz besteigen oder Hindernisse \u00fcberwinden.<\/td>\n<\/tr>\n<tr>\n<td style=\"width: 32.5px; text-align: center;\"><strong>13.<\/strong><\/td>\n<td style=\"width: 531.5px;\">Benutzen Sie nie eine Waffe, die Funktionsst\u00f6rungen hat. Diese sofort zur Pr\u00fcfung zu ihrem B\u00fcchsenmacher oder Waffenfachh\u00e4ndler bringen.<\/td>\n<\/tr>\n<tr>\n<td style=\"width: 32.5px; text-align: center;\"><strong>14.<\/strong><\/td>\n<td style=\"width: 531.5px;\">Versuchen Sie nie eine Ladehemmung gewaltsam zu beseitigen.<\/td>\n<\/tr>\n<tr>\n<td style=\"width: 32.5px; text-align: center;\"><strong>15.<\/strong><\/td>\n<td style=\"width: 531.5px;\">Entladen Sie die Waffe immer, wenn Sie sie abstellen oder transportieren wollen. Lassen Sie den Verschluss immer ge\u00f6ffnet.<\/td>\n<\/tr>\n<tr>\n<td style=\"width: 32.5px; text-align: center;\"><strong>16.<\/strong><\/td>\n<td style=\"width: 531.5px;\">Transportieren Sie die Waffe immer in einem Futteral oder Waffenkoffer.<\/td>\n<\/tr>\n<tr>\n<td style=\"width: 32.5px; text-align: center;\"><strong>17.<\/strong><\/td>\n<td style=\"width: 531.5px;\">Fassen Sie eine Waffe nie an der M\u00fcndung an.<\/td>\n<\/tr>\n<tr>\n<td style=\"width: 32.5px; text-align: center;\"><strong>18.<\/strong><\/td>\n<td style=\"width: 531.5px;\">Bewahren Sie Waffe und Munition immer getrennt und unter Verschluss auf.<\/td>\n<\/tr>\n<tr>\n<td style=\"width: 32.5px; text-align: center;\"><strong>19.<\/strong><\/td>\n<td style=\"width: 531.5px;\">\u00dcbergeben Sie eine Waffe nie einem Unberechtigten.<\/td>\n<\/tr>\n<tr>\n<td style=\"width: 32.5px; text-align: center;\"><strong>20.<\/strong><\/td>\n<td style=\"width: 531.5px;\">Vermeiden Sie alkoholische Getr\u00e4nke beim Sportschiessen und der Jagd.<\/td>\n<\/tr>\n<tr>\n<td style=\"width: 32.5px; text-align: center;\"><strong>21.<\/strong><\/td>\n<td style=\"width: 531.5px;\">Reinigen Sie ihre Waffe immer nach dem Gebrauch und pr\u00fcfen vorher, dass sich im Lauf, Verschluss und Magazin keine Munition mehr befindet.<\/td>\n<\/tr>\n<tr>\n<td style=\"width: 32.5px; text-align: left;\" colspan=\"2\">Quelle: <a href=\"https:\/\/www.vdb-waffen.de\/\">Verband Deutscher B\u00fcchsenmacher (VDB)<\/a><\/td>\n<\/tr>\n<\/tbody>\n<\/table>\n<p>Helft mit, das unserer Sport sicher bleibt und Spa\u00df macht. Damit nehmen wir den Gegnern unseres Sports den WInd aus den Segeln.<\/p>\n<p><strong>Disclaimer: Alle Angaben vorbehaltlich Irrtum und aktuelle Gesetzeslage!<\/strong><\/p>\n","protected":false},"excerpt":{"rendered":"<p>&nbsp; &nbsp;&nbsp;&nbsp;&nbsp; Kein Leitpfaden zum legalen Erwerb von Erlaubnispflichtigen Waffen ohne die notwendigen Sicherheitsregeln im Umgang damit. Unsere Sportger\u00e4te sind, bei unsachgem\u00e4\u00dfen Umgang damit, gef\u00e4hrlich. Die Misachtung dieser Gesetze und Regeln k\u00f6nnen vom einfachen Entzug der waffenrechtlichen Erlaubnis bis hin zu strafrechtlichen Konsequenzen f\u00fchren. Eine Waffe ist kein Spielzeug oder Statussymbol! Das der sichere und &hellip; <\/p>\n<p class=\"link-more\"><a href=\"https:\/\/www.sv-freiendiez.de\/?page_id=1638\" class=\"more-link\"><span class=\"screen-reader-text\">\u201eSicherheitsregeln im Umgang mit Waffen\u201c<\/span> weiterlesen<\/a><\/p>\n","protected":false},"author":1,"featured_media":0,"parent":0,"menu_order":0,"comment_status":"closed","ping_status":"closed","template":"","meta":{"ngg_post_thumbnail":0,"footnotes":""},"class_list":["post-1638","page","type-page","status-publish","hentry"],"yoast_head":"<!-- This site is optimized with the Yoast SEO plugin v27.5 - https:\/\/yoast.com\/product\/yoast-seo-wordpress\/ -->\n<title>Sicherheitsregeln im Umgang mit Waffen - SV Diez-Freiendiez 1928 e.V.<\/title>\n<meta name=\"robots\" content=\"index, follow, max-snippet:-1, max-image-preview:large, max-video-preview:-1\" \/>\n<link rel=\"canonical\" href=\"https:\/\/www.sv-freiendiez.de\/?page_id=1638\" \/>\n<meta property=\"og:locale\" content=\"de_DE\" \/>\n<meta property=\"og:type\" content=\"article\" \/>\n<meta property=\"og:title\" content=\"Sicherheitsregeln im Umgang mit Waffen - SV Diez-Freiendiez 1928 e.V.\" \/>\n<meta property=\"og:description\" content=\"&nbsp; &nbsp;&nbsp;&nbsp;&nbsp; Kein Leitpfaden zum legalen Erwerb von Erlaubnispflichtigen Waffen ohne die notwendigen Sicherheitsregeln im Umgang damit. Unsere Sportger\u00e4te sind, bei unsachgem\u00e4\u00dfen Umgang damit, gef\u00e4hrlich. Die Misachtung dieser Gesetze und Regeln k\u00f6nnen vom einfachen Entzug der waffenrechtlichen Erlaubnis bis hin zu strafrechtlichen Konsequenzen f\u00fchren. Eine Waffe ist kein Spielzeug oder Statussymbol! Das der sichere und &hellip; \u201eSicherheitsregeln im Umgang mit Waffen\u201c weiterlesen\" \/>\n<meta property=\"og:url\" content=\"https:\/\/www.sv-freiendiez.de\/?page_id=1638\" \/>\n<meta property=\"og:site_name\" content=\"SV Diez-Freiendiez 1928 e.V.\" \/>\n<meta property=\"article:publisher\" content=\"https:\/\/www.facebook.com\/svfreiendiez\/\" \/>\n<meta property=\"article:modified_time\" content=\"2017-07-28T20:25:25+00:00\" \/>\n<meta property=\"og:image\" content=\"http:\/\/www.sv-freiendiez.de\/wp-content\/uploads\/2017\/06\/stopp_weiss_180.png\" \/>\n<meta name=\"twitter:card\" content=\"summary_large_image\" \/>\n<meta name=\"twitter:label1\" content=\"Gesch\u00e4tzte Lesezeit\" \/>\n\t<meta name=\"twitter:data1\" content=\"4\u00a0Minuten\" \/>\n<script type=\"application\/ld+json\" class=\"yoast-schema-graph\">{\"@context\":\"https:\\\/\\\/schema.org\",\"@graph\":[{\"@type\":\"WebPage\",\"@id\":\"https:\\\/\\\/www.sv-freiendiez.de\\\/?page_id=1638\",\"url\":\"https:\\\/\\\/www.sv-freiendiez.de\\\/?page_id=1638\",\"name\":\"Sicherheitsregeln im Umgang mit Waffen - SV Diez-Freiendiez 1928 e.V.\",\"isPartOf\":{\"@id\":\"https:\\\/\\\/www.sv-freiendiez.de\\\/#website\"},\"primaryImageOfPage\":{\"@id\":\"https:\\\/\\\/www.sv-freiendiez.de\\\/?page_id=1638#primaryimage\"},\"image\":{\"@id\":\"https:\\\/\\\/www.sv-freiendiez.de\\\/?page_id=1638#primaryimage\"},\"thumbnailUrl\":\"http:\\\/\\\/www.sv-freiendiez.de\\\/wp-content\\\/uploads\\\/2017\\\/06\\\/stopp_weiss_180.png\",\"datePublished\":\"2017-06-04T17:30:34+00:00\",\"dateModified\":\"2017-07-28T20:25:25+00:00\",\"breadcrumb\":{\"@id\":\"https:\\\/\\\/www.sv-freiendiez.de\\\/?page_id=1638#breadcrumb\"},\"inLanguage\":\"de\",\"potentialAction\":[{\"@type\":\"ReadAction\",\"target\":[\"https:\\\/\\\/www.sv-freiendiez.de\\\/?page_id=1638\"]}]},{\"@type\":\"ImageObject\",\"inLanguage\":\"de\",\"@id\":\"https:\\\/\\\/www.sv-freiendiez.de\\\/?page_id=1638#primaryimage\",\"url\":\"https:\\\/\\\/www.sv-freiendiez.de\\\/wp-content\\\/uploads\\\/2017\\\/06\\\/stopp_weiss_180.png\",\"contentUrl\":\"https:\\\/\\\/www.sv-freiendiez.de\\\/wp-content\\\/uploads\\\/2017\\\/06\\\/stopp_weiss_180.png\",\"width\":181,\"height\":180},{\"@type\":\"BreadcrumbList\",\"@id\":\"https:\\\/\\\/www.sv-freiendiez.de\\\/?page_id=1638#breadcrumb\",\"itemListElement\":[{\"@type\":\"ListItem\",\"position\":1,\"name\":\"Startseite\",\"item\":\"https:\\\/\\\/www.sv-freiendiez.de\\\/\"},{\"@type\":\"ListItem\",\"position\":2,\"name\":\"Sicherheitsregeln im Umgang mit Waffen\"}]},{\"@type\":\"WebSite\",\"@id\":\"https:\\\/\\\/www.sv-freiendiez.de\\\/#website\",\"url\":\"https:\\\/\\\/www.sv-freiendiez.de\\\/\",\"name\":\"SV Diez-Freiendiez 1928 e.V.\",\"description\":\"Sch\u00fctzenverein Diez-Freiendiez 1928 e.V.\",\"publisher\":{\"@id\":\"https:\\\/\\\/www.sv-freiendiez.de\\\/#organization\"},\"potentialAction\":[{\"@type\":\"SearchAction\",\"target\":{\"@type\":\"EntryPoint\",\"urlTemplate\":\"https:\\\/\\\/www.sv-freiendiez.de\\\/?s={search_term_string}\"},\"query-input\":{\"@type\":\"PropertyValueSpecification\",\"valueRequired\":true,\"valueName\":\"search_term_string\"}}],\"inLanguage\":\"de\"},{\"@type\":\"Organization\",\"@id\":\"https:\\\/\\\/www.sv-freiendiez.de\\\/#organization\",\"name\":\"SV Diez-Freiendiez 1928 e.V.\",\"url\":\"https:\\\/\\\/www.sv-freiendiez.de\\\/\",\"logo\":{\"@type\":\"ImageObject\",\"inLanguage\":\"de\",\"@id\":\"https:\\\/\\\/www.sv-freiendiez.de\\\/#\\\/schema\\\/logo\\\/image\\\/\",\"url\":\"https:\\\/\\\/www.sv-freiendiez.de\\\/wp-content\\\/uploads\\\/2016\\\/12\\\/cropped-wappen250.png\",\"contentUrl\":\"https:\\\/\\\/www.sv-freiendiez.de\\\/wp-content\\\/uploads\\\/2016\\\/12\\\/cropped-wappen250.png\",\"width\":250,\"height\":250,\"caption\":\"SV Diez-Freiendiez 1928 e.V.\"},\"image\":{\"@id\":\"https:\\\/\\\/www.sv-freiendiez.de\\\/#\\\/schema\\\/logo\\\/image\\\/\"},\"sameAs\":[\"https:\\\/\\\/www.facebook.com\\\/svfreiendiez\\\/\"]}]}<\/script>\n<!-- \/ Yoast SEO plugin. -->","yoast_head_json":{"title":"Sicherheitsregeln im Umgang mit Waffen - SV Diez-Freiendiez 1928 e.V.","robots":{"index":"index","follow":"follow","max-snippet":"max-snippet:-1","max-image-preview":"max-image-preview:large","max-video-preview":"max-video-preview:-1"},"canonical":"https:\/\/www.sv-freiendiez.de\/?page_id=1638","og_locale":"de_DE","og_type":"article","og_title":"Sicherheitsregeln im Umgang mit Waffen - SV Diez-Freiendiez 1928 e.V.","og_description":"&nbsp; &nbsp;&nbsp;&nbsp;&nbsp; Kein Leitpfaden zum legalen Erwerb von Erlaubnispflichtigen Waffen ohne die notwendigen Sicherheitsregeln im Umgang damit. Unsere Sportger\u00e4te sind, bei unsachgem\u00e4\u00dfen Umgang damit, gef\u00e4hrlich. Die Misachtung dieser Gesetze und Regeln k\u00f6nnen vom einfachen Entzug der waffenrechtlichen Erlaubnis bis hin zu strafrechtlichen Konsequenzen f\u00fchren. Eine Waffe ist kein Spielzeug oder Statussymbol! Das der sichere und &hellip; \u201eSicherheitsregeln im Umgang mit Waffen\u201c weiterlesen","og_url":"https:\/\/www.sv-freiendiez.de\/?page_id=1638","og_site_name":"SV Diez-Freiendiez 1928 e.V.","article_publisher":"https:\/\/www.facebook.com\/svfreiendiez\/","article_modified_time":"2017-07-28T20:25:25+00:00","og_image":[{"url":"http:\/\/www.sv-freiendiez.de\/wp-content\/uploads\/2017\/06\/stopp_weiss_180.png","type":"","width":"","height":""}],"twitter_card":"summary_large_image","twitter_misc":{"Gesch\u00e4tzte Lesezeit":"4\u00a0Minuten"},"schema":{"@context":"https:\/\/schema.org","@graph":[{"@type":"WebPage","@id":"https:\/\/www.sv-freiendiez.de\/?page_id=1638","url":"https:\/\/www.sv-freiendiez.de\/?page_id=1638","name":"Sicherheitsregeln im Umgang mit Waffen - SV Diez-Freiendiez 1928 e.V.","isPartOf":{"@id":"https:\/\/www.sv-freiendiez.de\/#website"},"primaryImageOfPage":{"@id":"https:\/\/www.sv-freiendiez.de\/?page_id=1638#primaryimage"},"image":{"@id":"https:\/\/www.sv-freiendiez.de\/?page_id=1638#primaryimage"},"thumbnailUrl":"http:\/\/www.sv-freiendiez.de\/wp-content\/uploads\/2017\/06\/stopp_weiss_180.png","datePublished":"2017-06-04T17:30:34+00:00","dateModified":"2017-07-28T20:25:25+00:00","breadcrumb":{"@id":"https:\/\/www.sv-freiendiez.de\/?page_id=1638#breadcrumb"},"inLanguage":"de","potentialAction":[{"@type":"ReadAction","target":["https:\/\/www.sv-freiendiez.de\/?page_id=1638"]}]},{"@type":"ImageObject","inLanguage":"de","@id":"https:\/\/www.sv-freiendiez.de\/?page_id=1638#primaryimage","url":"https:\/\/www.sv-freiendiez.de\/wp-content\/uploads\/2017\/06\/stopp_weiss_180.png","contentUrl":"https:\/\/www.sv-freiendiez.de\/wp-content\/uploads\/2017\/06\/stopp_weiss_180.png","width":181,"height":180},{"@type":"BreadcrumbList","@id":"https:\/\/www.sv-freiendiez.de\/?page_id=1638#breadcrumb","itemListElement":[{"@type":"ListItem","position":1,"name":"Startseite","item":"https:\/\/www.sv-freiendiez.de\/"},{"@type":"ListItem","position":2,"name":"Sicherheitsregeln im Umgang mit Waffen"}]},{"@type":"WebSite","@id":"https:\/\/www.sv-freiendiez.de\/#website","url":"https:\/\/www.sv-freiendiez.de\/","name":"SV Diez-Freiendiez 1928 e.V.","description":"Sch\u00fctzenverein Diez-Freiendiez 1928 e.V.","publisher":{"@id":"https:\/\/www.sv-freiendiez.de\/#organization"},"potentialAction":[{"@type":"SearchAction","target":{"@type":"EntryPoint","urlTemplate":"https:\/\/www.sv-freiendiez.de\/?s={search_term_string}"},"query-input":{"@type":"PropertyValueSpecification","valueRequired":true,"valueName":"search_term_string"}}],"inLanguage":"de"},{"@type":"Organization","@id":"https:\/\/www.sv-freiendiez.de\/#organization","name":"SV Diez-Freiendiez 1928 e.V.","url":"https:\/\/www.sv-freiendiez.de\/","logo":{"@type":"ImageObject","inLanguage":"de","@id":"https:\/\/www.sv-freiendiez.de\/#\/schema\/logo\/image\/","url":"https:\/\/www.sv-freiendiez.de\/wp-content\/uploads\/2016\/12\/cropped-wappen250.png","contentUrl":"https:\/\/www.sv-freiendiez.de\/wp-content\/uploads\/2016\/12\/cropped-wappen250.png","width":250,"height":250,"caption":"SV Diez-Freiendiez 1928 e.V."},"image":{"@id":"https:\/\/www.sv-freiendiez.de\/#\/schema\/logo\/image\/"},"sameAs":["https:\/\/www.facebook.com\/svfreiendiez\/"]}]}},"_links":{"self":[{"href":"https:\/\/www.sv-freiendiez.de\/index.php?rest_route=\/wp\/v2\/pages\/1638","targetHints":{"allow":["GET"]}}],"collection":[{"href":"https:\/\/www.sv-freiendiez.de\/index.php?rest_route=\/wp\/v2\/pages"}],"about":[{"href":"https:\/\/www.sv-freiendiez.de\/index.php?rest_route=\/wp\/v2\/types\/page"}],"author":[{"embeddable":true,"href":"https:\/\/www.sv-freiendiez.de\/index.php?rest_route=\/wp\/v2\/users\/1"}],"replies":[{"embeddable":true,"href":"https:\/\/www.sv-freiendiez.de\/index.php?rest_route=%2Fwp%2Fv2%2Fcomments&post=1638"}],"version-history":[{"count":0,"href":"https:\/\/www.sv-freiendiez.de\/index.php?rest_route=\/wp\/v2\/pages\/1638\/revisions"}],"wp:attachment":[{"href":"https:\/\/www.sv-freiendiez.de\/index.php?rest_route=%2Fwp%2Fv2%2Fmedia&parent=1638"}],"curies":[{"name":"wp","href":"https:\/\/api.w.org\/{rel}","templated":true}]}}