{"id":1593,"date":"2017-05-31T21:39:06","date_gmt":"2017-05-31T19:39:06","guid":{"rendered":"http:\/\/www.sv-freiendiez.de\/?page_id=1593"},"modified":"2020-03-25T18:02:56","modified_gmt":"2020-03-25T17:02:56","slug":"schiesssport-wie-geht-das-teil-6","status":"publish","type":"page","link":"https:\/\/www.sv-freiendiez.de\/?page_id=1593","title":{"rendered":"Schie\u00dfsport? Wie geht das? &#8211; Teil 7"},"content":{"rendered":"<p style=\"text-align: justify;\"><strong><a href=\"http:\/\/www.sv-freiendiez.de\/wp-content\/uploads\/2017\/05\/schiesssport_teil7.png\"><img loading=\"lazy\" decoding=\"async\" class=\"alignleft size-medium wp-image-1611\" src=\"http:\/\/www.sv-freiendiez.de\/wp-content\/uploads\/2017\/05\/schiesssport_teil7-300x174.png\" alt=\"\" width=\"300\" height=\"174\" srcset=\"https:\/\/www.sv-freiendiez.de\/wp-content\/uploads\/2017\/05\/schiesssport_teil7-300x174.png 300w, https:\/\/www.sv-freiendiez.de\/wp-content\/uploads\/2017\/05\/schiesssport_teil7.png 311w\" sizes=\"auto, (max-width: 300px) 100vw, 300px\" \/><\/a>Rechtliches III<\/strong> &nbsp;&nbsp;&nbsp;&nbsp;&nbsp;&nbsp;&nbsp;&nbsp; Der Weg zur Waffen- besitzkarte (WBK). Du bist seit einem Jahr Mitglied bei einem Sch\u00fctzenverein und regelm\u00e4\u00dfig im Sch\u00fctzenhaus beim Training und kannst dar\u00fcber auch den Nachweis f\u00fchren (Schiessbuch oder Schiesskladde)? Du bist seit 12 Monaten Mitglied in einem anerkannten Sch\u00fctzenverband? Dann kannst Du, wenn Du dich f\u00fcr eine oder mehrere Disziplinen entschieden hast, die mit erlaubnispflichtigen Waffen geschossen werden, deine Waffen-Besitz-Karte (WBK) beantragen. Wie funktioniert das?<\/p>\n<p style=\"text-align: justify;\"><strong><em>Voraussetzungen<\/em><\/strong><\/p>\n<p style=\"text-align: justify;\">Auf dem Merkblatt des Rheinischen Sch\u00fctzenbundes (RSB) zum Ausf\u00fcllen des Antrages auf Waffenbef\u00fcrwortung ist dazu folgendes aufgef\u00fchrt:<\/p>\n<ul>\n<li style=\"text-align: justify;\">Vollj\u00e4hrig<\/li>\n<li style=\"text-align: justify;\">Seit mindestens 12 Monaten Mitglied eines dem RSB\/DSB angeh\u00f6renden Vereins.<\/li>\n<li style=\"text-align: justify;\">Im RSB seit mindestens 12 Monaten angemeldet<\/li>\n<li>Regelm\u00e4\u00dfiges Training (12\/18er Regel)<\/li>\n<li style=\"text-align: justify;\">Sachkundig im Sinne \u00a7 7 Waffengesetz (WaffG)<\/li>\n<\/ul>\n<p style=\"text-align: justify;\">F\u00fcr die Erteilung einer Waffenbesitzkarte (WBK) gelten folgende Altersbeschr\u00e4nkungen:<\/p>\n<ul>\n<li><em>ab 18 Jahren<\/em><br \/>\nSchusswaffen bis zu einem Kaliber von 5,6 mm (.22 lr.) und einer maximalen M\u00fcndungsenergie der Geschosse von nicht mehr als 200 Joule (J) sowie Einzellader-Langwaffen mit glatten L\u00e4ufen bis Kaliber 12<\/li>\n<li><em>ab 25 Jahren (21 Jahre mit psychologischem Gutachten)<\/em><br \/>\nalle \u00fcbrigen Waffen zur Aus\u00fcbung des Schie\u00dfsports<\/li>\n<\/ul>\n<p style=\"text-align: justify;\"><strong>F\u00fcr die erstmalige Erteilung einer Bed\u00fcrfnisbescheinigung zur Erlangung einer Waffenbesitzkarte zum Erwerb von gro\u00dfkalibriger Sportwaffen haben Personen, die das 25. Lebensjahr noch nicht vollendet haben, auf eigene Kosten ein amts- oder fach\u00e4rztliches- oder fachpsychologisches Zeugnis vorzulegen (\u00a7 6 WaffG).<\/strong><\/p>\n<p style=\"text-align: justify;\">Letzendlich best\u00e4tigt der Vereinsvorsitzende (oder ein anderes verantwortliches Vorstandsmitglied) mit seiner Unterschrift unter dem &#8222;Antrag auf Bescheinigung \u00fcber das Bed\u00fcrfnis zum Erwerb einer Waffe&#8220; die Erf\u00fcllung der o.g. Voraussetzungen. Auch wird er vorher noch \u00dcberlegungen zur pers\u00f6nlichen Eignung anstellen und auch diese mit seiner Unterschrift best\u00e4tigen.<\/p>\n<p style=\"text-align: justify;\"><a href=\"http:\/\/www.sv-freiendiez.de\/wp-content\/uploads\/2017\/05\/wbk_muster.png\"><img loading=\"lazy\" decoding=\"async\" class=\"alignright size-medium wp-image-1605\" src=\"http:\/\/www.sv-freiendiez.de\/wp-content\/uploads\/2017\/05\/wbk_muster-208x300.png\" alt=\"\" width=\"208\" height=\"300\" srcset=\"https:\/\/www.sv-freiendiez.de\/wp-content\/uploads\/2017\/05\/wbk_muster-208x300.png 208w, https:\/\/www.sv-freiendiez.de\/wp-content\/uploads\/2017\/05\/wbk_muster.png 307w\" sizes=\"auto, (max-width: 208px) 100vw, 208px\" \/><\/a>Dieser Antrag wird an den zust\u00e4ndigen Verband geschickt, bei uns der Rheinische Sch\u00fctzenbund (RSB). Der Antragsteller mu\u00df eine Bearbeitungsgeb\u00fchr an den Verband entrichten. Danach wird sein Antrag gepr\u00fcft. Wird der Antrag positiv beschieden, wird eine Bed\u00fcrfnisbescheinigung gem\u00e4\u00df \u00a7 14 Abs. 2 WaffG ausgestellt und dem Verein zugestellt. F\u00fcr jede beantragte Waffe wird eine gesonderte Bed\u00fcrfnisbescheinigung ausgestellt.<\/p>\n<p style=\"text-align: justify;\">Die Bescheinigung muss dem nun zu stellenden &#8222;Antrag auf Erteilung einer waffenrechtlichen Erlaubnis nach \u00a7\u00a7 10 ff. WaffG&#8220; beigef\u00fcgt werden. Beantragt werden der Erwerb der Waffe und eine Munitions Erwerbs Erlaubnis. Den Vordruck dazu bekommt man von der zust\u00e4ndigen Ordnungsbeh\u00f6rde, wonach der Wohnsitz des Antragstellers ausschlaggebend ist. In diesem Antrag ist der Nachweis \u00fcber den Besitz eines zugelassenen Stahlbeh\u00e4ltnisses (Waffenschrank der erforderlichen Klasse) mit Bildern und Kaufbelegen zu f\u00fchren. In der Regel ist daf\u00fcr ebenfalls ein Formular auszuf\u00fcllen. Im Rhein-Lahn Kreis heisst dieses Formular &#8222;Anzeige \u00fcber die Unterbringung von Schusswaffen und Munition&#8220;. Auch m\u00fcssen Erkl\u00e4rungen zu eventuellen Vorstrafen, Mitgliedschaften in verbotenen Vereinigungen und psychischen oder physischen Erkrankungen abgegeben werden.<\/p>\n<p style=\"text-align: justify;\">Dieser Antrag mu\u00df nun unter Beif\u00fcgung von folgenden Dokumenten an die Beh\u00f6rde gegeben werden:<\/p>\n<ul>\n<li style=\"text-align: justify;\">Nachweis der Sachkunde (soweit nicht bereits vorliegend)<\/li>\n<li style=\"text-align: justify;\">Bed\u00fcrfnisbescheinigung des Verbandes<\/li>\n<li style=\"text-align: justify;\">Nachweis zur sicheren Aufbewahrung<\/li>\n<\/ul>\n<p style=\"text-align: justify;\">Die Beh\u00f6rde wird aufgrund des Antrages ein erweitertes polizeiliches F\u00fchrungszeugnis einholen. Das dauert in der Regel 10 Tage. Spricht aufgrund der Anfrage nichts gegen eine Erteilung, bekommt man sein WBK mit den beantragten Voreintr\u00e4gen nebst Verwaltungskosten Rechnung zugeschickt.<\/p>\n<p style=\"text-align: justify;\">Die Voreintr\u00e4ge sind ein Jahr g\u00fcltig. Bedeutet, die beantragte Waffe mu\u00df sp\u00e4testens nach einem Jahr durch die Beh\u00f6rde in die WBK eingetragen werden sonst verf\u00e4llt die Berechtigung. Erworbene Waffen sind im \u00fcbrigen sp\u00e4testens nach 14 Tagen des Erwerbs durch die Beh\u00f6rde in die WBK eintragen zu lassen.<\/p>\n<p style=\"text-align: justify;\">Noch ein paar W\u00f6rter zur regelm\u00e4\u00dfigen Trainigsteilnahme: Im WaffG ist die Regelm\u00e4\u00dfigkeit nicht an Zahlen festgemacht. Jedoch in der &nbsp;anzuwendenden Allgemeinen Verwaltungsvorschrift zum WaffG (WaffVwV \u00a714.2.1) gibt es eine eindeutige Definition, was nun eine Regelm\u00e4\u00dfigkeit ist:<\/p>\n<blockquote>\n<p style=\"text-align: justify;\">14.2.1 \u00a7 14 Absatz 2 Satz 2 verlangt f\u00fcr die Glaubhaftmachung eines Bed\u00fcrfnisses f\u00fcr jede Waffe eine Bescheinigung eines anerkannten Verbandes oder angegliederten Teilverbandes dar\u00fcber, dass<\/p>\n<p style=\"text-align: justify;\">\u2013 der Antragsteller ihm angeh\u00f6rt und seit mindestens 12 Monaten den Schie\u00dfsport mit erlaubnispflichtigen Schusswaffen regelm\u00e4\u00dfig, also einmal pro Monat oder 18-mal verteilt&nbsp;\u00fcber das ganze Jahr betrieben hat (Nummer 1);<\/p>\n<\/blockquote>\n<p style=\"text-align: justify;\">Da die Verantwortung der Erteilung eines Bed\u00fcrfnisses vom Staat an die Sch\u00fctzenverb\u00e4nde abgegeben wurde, akzetieren die Ordnungsbeh\u00f6rden diese Zahlen.<\/p>\n<p style=\"text-align: justify;\">Letztendlich entscheidet aber der Vereinsvorsitzende (oder ein anderes verantwortliches Vorstandsmitglied) ob die Regelm\u00e4\u00dfigkeit erkennbar war oder nicht. Allerdings muss sie im Zweifelsfall nachgewiesen werden (Schiessbuch oder Schiesskladde).<\/p>\n<p style=\"text-align: justify;\">Auch die Ergebnisse aus bereits erfolgten Teilnahmen an Wettk\u00e4mpfen (die auch an die Verb\u00e4nde gemeldet werden, machen sich gut bei einem Bed\u00fcrfnis Antrag.<\/p>\n<p style=\"text-align: justify;\"><em><strong>Disclaimer: Alle Angaben und Bezugnahmen zum Waffenrecht vorbehaltlich des Irrtums und der Aktualit\u00e4t!<\/strong><\/em><\/p>\n","protected":false},"excerpt":{"rendered":"<p>Rechtliches III &nbsp;&nbsp;&nbsp;&nbsp;&nbsp;&nbsp;&nbsp;&nbsp; Der Weg zur Waffen- besitzkarte (WBK). Du bist seit einem Jahr Mitglied bei einem Sch\u00fctzenverein und regelm\u00e4\u00dfig im Sch\u00fctzenhaus beim Training und kannst dar\u00fcber auch den Nachweis f\u00fchren (Schiessbuch oder Schiesskladde)? Du bist seit 12 Monaten Mitglied in einem anerkannten Sch\u00fctzenverband? Dann kannst Du, wenn Du dich f\u00fcr eine oder mehrere Disziplinen &hellip; <\/p>\n<p class=\"link-more\"><a href=\"https:\/\/www.sv-freiendiez.de\/?page_id=1593\" class=\"more-link\"><span class=\"screen-reader-text\">\u201eSchie\u00dfsport? Wie geht das? &#8211; Teil 7\u201c<\/span> weiterlesen<\/a><\/p>\n","protected":false},"author":1,"featured_media":0,"parent":0,"menu_order":0,"comment_status":"closed","ping_status":"closed","template":"","meta":{"ngg_post_thumbnail":0,"footnotes":""},"class_list":["post-1593","page","type-page","status-publish","hentry"],"yoast_head":"<!-- This site is optimized with the Yoast SEO plugin v27.4 - https:\/\/yoast.com\/product\/yoast-seo-wordpress\/ -->\n<title>Schie\u00dfsport? Wie geht das? - Teil 7 - SV Diez-Freiendiez 1928 e.V.<\/title>\n<meta name=\"robots\" content=\"index, follow, max-snippet:-1, max-image-preview:large, max-video-preview:-1\" \/>\n<link rel=\"canonical\" href=\"https:\/\/www.sv-freiendiez.de\/?page_id=1593\" \/>\n<meta property=\"og:locale\" content=\"de_DE\" \/>\n<meta property=\"og:type\" content=\"article\" \/>\n<meta property=\"og:title\" content=\"Schie\u00dfsport? Wie geht das? - Teil 7 - SV Diez-Freiendiez 1928 e.V.\" \/>\n<meta property=\"og:description\" content=\"Rechtliches III &nbsp;&nbsp;&nbsp;&nbsp;&nbsp;&nbsp;&nbsp;&nbsp; Der Weg zur Waffen- besitzkarte (WBK). Du bist seit einem Jahr Mitglied bei einem Sch\u00fctzenverein und regelm\u00e4\u00dfig im Sch\u00fctzenhaus beim Training und kannst dar\u00fcber auch den Nachweis f\u00fchren (Schiessbuch oder Schiesskladde)? Du bist seit 12 Monaten Mitglied in einem anerkannten Sch\u00fctzenverband? Dann kannst Du, wenn Du dich f\u00fcr eine oder mehrere Disziplinen &hellip; \u201eSchie\u00dfsport? Wie geht das? &#8211; Teil 7\u201c weiterlesen\" \/>\n<meta property=\"og:url\" content=\"https:\/\/www.sv-freiendiez.de\/?page_id=1593\" \/>\n<meta property=\"og:site_name\" content=\"SV Diez-Freiendiez 1928 e.V.\" \/>\n<meta property=\"article:publisher\" content=\"https:\/\/www.facebook.com\/svfreiendiez\/\" \/>\n<meta property=\"article:modified_time\" content=\"2020-03-25T17:02:56+00:00\" \/>\n<meta property=\"og:image\" content=\"http:\/\/www.sv-freiendiez.de\/wp-content\/uploads\/2017\/05\/schiesssport_teil7-300x174.png\" \/>\n<meta name=\"twitter:card\" content=\"summary_large_image\" \/>\n<meta name=\"twitter:label1\" content=\"Gesch\u00e4tzte Lesezeit\" \/>\n\t<meta name=\"twitter:data1\" content=\"4\u00a0Minuten\" \/>\n<script type=\"application\/ld+json\" class=\"yoast-schema-graph\">{\"@context\":\"https:\\\/\\\/schema.org\",\"@graph\":[{\"@type\":\"WebPage\",\"@id\":\"https:\\\/\\\/www.sv-freiendiez.de\\\/?page_id=1593\",\"url\":\"https:\\\/\\\/www.sv-freiendiez.de\\\/?page_id=1593\",\"name\":\"Schie\u00dfsport? Wie geht das? - Teil 7 - SV Diez-Freiendiez 1928 e.V.\",\"isPartOf\":{\"@id\":\"https:\\\/\\\/www.sv-freiendiez.de\\\/#website\"},\"primaryImageOfPage\":{\"@id\":\"https:\\\/\\\/www.sv-freiendiez.de\\\/?page_id=1593#primaryimage\"},\"image\":{\"@id\":\"https:\\\/\\\/www.sv-freiendiez.de\\\/?page_id=1593#primaryimage\"},\"thumbnailUrl\":\"http:\\\/\\\/www.sv-freiendiez.de\\\/wp-content\\\/uploads\\\/2017\\\/05\\\/schiesssport_teil7-300x174.png\",\"datePublished\":\"2017-05-31T19:39:06+00:00\",\"dateModified\":\"2020-03-25T17:02:56+00:00\",\"breadcrumb\":{\"@id\":\"https:\\\/\\\/www.sv-freiendiez.de\\\/?page_id=1593#breadcrumb\"},\"inLanguage\":\"de\",\"potentialAction\":[{\"@type\":\"ReadAction\",\"target\":[\"https:\\\/\\\/www.sv-freiendiez.de\\\/?page_id=1593\"]}]},{\"@type\":\"ImageObject\",\"inLanguage\":\"de\",\"@id\":\"https:\\\/\\\/www.sv-freiendiez.de\\\/?page_id=1593#primaryimage\",\"url\":\"https:\\\/\\\/www.sv-freiendiez.de\\\/wp-content\\\/uploads\\\/2017\\\/05\\\/schiesssport_teil7.png\",\"contentUrl\":\"https:\\\/\\\/www.sv-freiendiez.de\\\/wp-content\\\/uploads\\\/2017\\\/05\\\/schiesssport_teil7.png\",\"width\":311,\"height\":180},{\"@type\":\"BreadcrumbList\",\"@id\":\"https:\\\/\\\/www.sv-freiendiez.de\\\/?page_id=1593#breadcrumb\",\"itemListElement\":[{\"@type\":\"ListItem\",\"position\":1,\"name\":\"Startseite\",\"item\":\"https:\\\/\\\/www.sv-freiendiez.de\\\/\"},{\"@type\":\"ListItem\",\"position\":2,\"name\":\"Schie\u00dfsport? Wie geht das? &#8211; Teil 7\"}]},{\"@type\":\"WebSite\",\"@id\":\"https:\\\/\\\/www.sv-freiendiez.de\\\/#website\",\"url\":\"https:\\\/\\\/www.sv-freiendiez.de\\\/\",\"name\":\"SV Diez-Freiendiez 1928 e.V.\",\"description\":\"Sch\u00fctzenverein Diez-Freiendiez 1928 e.V.\",\"publisher\":{\"@id\":\"https:\\\/\\\/www.sv-freiendiez.de\\\/#organization\"},\"potentialAction\":[{\"@type\":\"SearchAction\",\"target\":{\"@type\":\"EntryPoint\",\"urlTemplate\":\"https:\\\/\\\/www.sv-freiendiez.de\\\/?s={search_term_string}\"},\"query-input\":{\"@type\":\"PropertyValueSpecification\",\"valueRequired\":true,\"valueName\":\"search_term_string\"}}],\"inLanguage\":\"de\"},{\"@type\":\"Organization\",\"@id\":\"https:\\\/\\\/www.sv-freiendiez.de\\\/#organization\",\"name\":\"SV Diez-Freiendiez 1928 e.V.\",\"url\":\"https:\\\/\\\/www.sv-freiendiez.de\\\/\",\"logo\":{\"@type\":\"ImageObject\",\"inLanguage\":\"de\",\"@id\":\"https:\\\/\\\/www.sv-freiendiez.de\\\/#\\\/schema\\\/logo\\\/image\\\/\",\"url\":\"https:\\\/\\\/www.sv-freiendiez.de\\\/wp-content\\\/uploads\\\/2016\\\/12\\\/cropped-wappen250.png\",\"contentUrl\":\"https:\\\/\\\/www.sv-freiendiez.de\\\/wp-content\\\/uploads\\\/2016\\\/12\\\/cropped-wappen250.png\",\"width\":250,\"height\":250,\"caption\":\"SV Diez-Freiendiez 1928 e.V.\"},\"image\":{\"@id\":\"https:\\\/\\\/www.sv-freiendiez.de\\\/#\\\/schema\\\/logo\\\/image\\\/\"},\"sameAs\":[\"https:\\\/\\\/www.facebook.com\\\/svfreiendiez\\\/\"]}]}<\/script>\n<!-- \/ Yoast SEO plugin. -->","yoast_head_json":{"title":"Schie\u00dfsport? Wie geht das? - Teil 7 - SV Diez-Freiendiez 1928 e.V.","robots":{"index":"index","follow":"follow","max-snippet":"max-snippet:-1","max-image-preview":"max-image-preview:large","max-video-preview":"max-video-preview:-1"},"canonical":"https:\/\/www.sv-freiendiez.de\/?page_id=1593","og_locale":"de_DE","og_type":"article","og_title":"Schie\u00dfsport? Wie geht das? - Teil 7 - SV Diez-Freiendiez 1928 e.V.","og_description":"Rechtliches III &nbsp;&nbsp;&nbsp;&nbsp;&nbsp;&nbsp;&nbsp;&nbsp; Der Weg zur Waffen- besitzkarte (WBK). Du bist seit einem Jahr Mitglied bei einem Sch\u00fctzenverein und regelm\u00e4\u00dfig im Sch\u00fctzenhaus beim Training und kannst dar\u00fcber auch den Nachweis f\u00fchren (Schiessbuch oder Schiesskladde)? Du bist seit 12 Monaten Mitglied in einem anerkannten Sch\u00fctzenverband? Dann kannst Du, wenn Du dich f\u00fcr eine oder mehrere Disziplinen &hellip; \u201eSchie\u00dfsport? Wie geht das? &#8211; Teil 7\u201c weiterlesen","og_url":"https:\/\/www.sv-freiendiez.de\/?page_id=1593","og_site_name":"SV Diez-Freiendiez 1928 e.V.","article_publisher":"https:\/\/www.facebook.com\/svfreiendiez\/","article_modified_time":"2020-03-25T17:02:56+00:00","og_image":[{"url":"http:\/\/www.sv-freiendiez.de\/wp-content\/uploads\/2017\/05\/schiesssport_teil7-300x174.png","type":"","width":"","height":""}],"twitter_card":"summary_large_image","twitter_misc":{"Gesch\u00e4tzte Lesezeit":"4\u00a0Minuten"},"schema":{"@context":"https:\/\/schema.org","@graph":[{"@type":"WebPage","@id":"https:\/\/www.sv-freiendiez.de\/?page_id=1593","url":"https:\/\/www.sv-freiendiez.de\/?page_id=1593","name":"Schie\u00dfsport? Wie geht das? - Teil 7 - SV Diez-Freiendiez 1928 e.V.","isPartOf":{"@id":"https:\/\/www.sv-freiendiez.de\/#website"},"primaryImageOfPage":{"@id":"https:\/\/www.sv-freiendiez.de\/?page_id=1593#primaryimage"},"image":{"@id":"https:\/\/www.sv-freiendiez.de\/?page_id=1593#primaryimage"},"thumbnailUrl":"http:\/\/www.sv-freiendiez.de\/wp-content\/uploads\/2017\/05\/schiesssport_teil7-300x174.png","datePublished":"2017-05-31T19:39:06+00:00","dateModified":"2020-03-25T17:02:56+00:00","breadcrumb":{"@id":"https:\/\/www.sv-freiendiez.de\/?page_id=1593#breadcrumb"},"inLanguage":"de","potentialAction":[{"@type":"ReadAction","target":["https:\/\/www.sv-freiendiez.de\/?page_id=1593"]}]},{"@type":"ImageObject","inLanguage":"de","@id":"https:\/\/www.sv-freiendiez.de\/?page_id=1593#primaryimage","url":"https:\/\/www.sv-freiendiez.de\/wp-content\/uploads\/2017\/05\/schiesssport_teil7.png","contentUrl":"https:\/\/www.sv-freiendiez.de\/wp-content\/uploads\/2017\/05\/schiesssport_teil7.png","width":311,"height":180},{"@type":"BreadcrumbList","@id":"https:\/\/www.sv-freiendiez.de\/?page_id=1593#breadcrumb","itemListElement":[{"@type":"ListItem","position":1,"name":"Startseite","item":"https:\/\/www.sv-freiendiez.de\/"},{"@type":"ListItem","position":2,"name":"Schie\u00dfsport? Wie geht das? &#8211; Teil 7"}]},{"@type":"WebSite","@id":"https:\/\/www.sv-freiendiez.de\/#website","url":"https:\/\/www.sv-freiendiez.de\/","name":"SV Diez-Freiendiez 1928 e.V.","description":"Sch\u00fctzenverein Diez-Freiendiez 1928 e.V.","publisher":{"@id":"https:\/\/www.sv-freiendiez.de\/#organization"},"potentialAction":[{"@type":"SearchAction","target":{"@type":"EntryPoint","urlTemplate":"https:\/\/www.sv-freiendiez.de\/?s={search_term_string}"},"query-input":{"@type":"PropertyValueSpecification","valueRequired":true,"valueName":"search_term_string"}}],"inLanguage":"de"},{"@type":"Organization","@id":"https:\/\/www.sv-freiendiez.de\/#organization","name":"SV Diez-Freiendiez 1928 e.V.","url":"https:\/\/www.sv-freiendiez.de\/","logo":{"@type":"ImageObject","inLanguage":"de","@id":"https:\/\/www.sv-freiendiez.de\/#\/schema\/logo\/image\/","url":"https:\/\/www.sv-freiendiez.de\/wp-content\/uploads\/2016\/12\/cropped-wappen250.png","contentUrl":"https:\/\/www.sv-freiendiez.de\/wp-content\/uploads\/2016\/12\/cropped-wappen250.png","width":250,"height":250,"caption":"SV Diez-Freiendiez 1928 e.V."},"image":{"@id":"https:\/\/www.sv-freiendiez.de\/#\/schema\/logo\/image\/"},"sameAs":["https:\/\/www.facebook.com\/svfreiendiez\/"]}]}},"_links":{"self":[{"href":"https:\/\/www.sv-freiendiez.de\/index.php?rest_route=\/wp\/v2\/pages\/1593","targetHints":{"allow":["GET"]}}],"collection":[{"href":"https:\/\/www.sv-freiendiez.de\/index.php?rest_route=\/wp\/v2\/pages"}],"about":[{"href":"https:\/\/www.sv-freiendiez.de\/index.php?rest_route=\/wp\/v2\/types\/page"}],"author":[{"embeddable":true,"href":"https:\/\/www.sv-freiendiez.de\/index.php?rest_route=\/wp\/v2\/users\/1"}],"replies":[{"embeddable":true,"href":"https:\/\/www.sv-freiendiez.de\/index.php?rest_route=%2Fwp%2Fv2%2Fcomments&post=1593"}],"version-history":[{"count":0,"href":"https:\/\/www.sv-freiendiez.de\/index.php?rest_route=\/wp\/v2\/pages\/1593\/revisions"}],"wp:attachment":[{"href":"https:\/\/www.sv-freiendiez.de\/index.php?rest_route=%2Fwp%2Fv2%2Fmedia&parent=1593"}],"curies":[{"name":"wp","href":"https:\/\/api.w.org\/{rel}","templated":true}]}}