{"id":1526,"date":"2017-05-23T19:34:33","date_gmt":"2017-05-23T17:34:33","guid":{"rendered":"http:\/\/www.sv-freiendiez.de\/?page_id=1526"},"modified":"2017-07-28T22:15:27","modified_gmt":"2017-07-28T20:15:27","slug":"schiesssport-wie-geht-das-teil-4-2","status":"publish","type":"page","link":"https:\/\/www.sv-freiendiez.de\/?page_id=1526","title":{"rendered":"Schie\u00dfsport? Wie geht das? \u2013 Teil 5"},"content":{"rendered":"<p style=\"text-align: justify;\"><strong><a href=\"http:\/\/www.sv-freiendiez.de\/wp-content\/uploads\/2017\/05\/schiesssport_teil5.png\"><img loading=\"lazy\" decoding=\"async\" class=\"alignleft size-medium wp-image-1534\" src=\"http:\/\/www.sv-freiendiez.de\/wp-content\/uploads\/2017\/05\/schiesssport_teil5-300x174.png\" alt=\"\" width=\"300\" height=\"174\" srcset=\"https:\/\/www.sv-freiendiez.de\/wp-content\/uploads\/2017\/05\/schiesssport_teil5-300x174.png 300w, https:\/\/www.sv-freiendiez.de\/wp-content\/uploads\/2017\/05\/schiesssport_teil5.png 311w\" sizes=\"auto, (max-width: 300px) 100vw, 300px\" \/><\/a>Rechtliches I<\/strong> &nbsp;&nbsp;&nbsp;&nbsp;&nbsp;&nbsp;&nbsp;&nbsp; Wer sich f\u00fcr den Schie\u00dfsport interessiert, muss sich zwangsl\u00e4ufig mit der rechtlichen Seite auseinander setzen. Und nicht nur dann, wenn man seinen Sport mit einer erlaubnispflichtigen Waffe betreiben will. Das in Deutschland derzeit g\u00fcltige Waffenrecht ist eins der strengsten in ganz Europa. Eigentlich m\u00fcsste es jeder B\u00fcrger kennen. Warum? Ein Beispiel: Erna H. aus D. kauft ein gro\u00dfes Fleischmesser mit 20 cm Klingenl\u00e4nge auf dem Martinsmarkt und tr\u00e4gt es in einer Tasche nach Hause. Wahrscheinlich unwissend verst\u00f6\u00dft sie gegen zwei Gesetze im Waffenrecht. Erstens \u00a742a: Verbot des F\u00fchrens von Anscheinswaffen und bestimmten tragbaren Gegenst\u00e4nden. Zu den &#8222;bestimmten tragbaren Gegenst\u00e4nden&#8220; geh\u00f6rt das k\u00fcrzlich erstandene Fleichmesser, weil es laut Absatz 3 verboten ist: Messer mit einh\u00e4ndig feststellbarer Klinge (Einhandmesser) oder feststehende Messer mit einer Klingenl\u00e4nge \u00fcber 12 cm. Der Transport in einer Tasche kommt dem F\u00fchren gleich, da schnell zugriffsbereit. Und mal ganz abgesehen davon, das sie so einen verbotenen Gegnstand auch noch auf einer Gro\u00dfveranstlatung &#8222;f\u00fchrt&#8220;. Tja, das wird nix mit dem Sonntagsbraten, Mama Erna f\u00e4hrt erst Mal ein. Da hilft auch die wahrscheinliche Unwissenheit der Erna nichts. 12 Monate auf Bew\u00e4hrung sind da schnell mal beisammen inklusive der Mitgliedschaft im Klub der Vorbestraften.<\/p>\n<p style=\"text-align: justify;\"><a href=\"http:\/\/www.sv-freiendiez.de\/wp-content\/uploads\/2017\/05\/waffgbuch_10.png\"><img loading=\"lazy\" decoding=\"async\" class=\"alignright size-medium wp-image-1529\" src=\"http:\/\/www.sv-freiendiez.de\/wp-content\/uploads\/2017\/05\/waffgbuch_10-225x300.png\" alt=\"\" width=\"225\" height=\"300\" srcset=\"https:\/\/www.sv-freiendiez.de\/wp-content\/uploads\/2017\/05\/waffgbuch_10-225x300.png 225w, https:\/\/www.sv-freiendiez.de\/wp-content\/uploads\/2017\/05\/waffgbuch_10.png 302w\" sizes=\"auto, (max-width: 225px) 100vw, 225px\" \/><\/a>Zugegeben, ein plakatives, aber dennoch m\u00f6gliches Szenario. Es soll nur dazu dienen um zu veranschaulichen, wie wichtig es ist, sich als Sportsch\u00fctze mit dem WaffG mehr als vertraut zu machen, wenn selbst Erna nichts b\u00f6ses denkend mit dem Gesetz in Konflikt kommt. Wir haben einen Spielraum in der Anwendbarkeit, der so breit ist, wie ein Blatt Papier dick ist.<\/p>\n<p style=\"text-align: justify;\">Im Rahmen der Sachkundepr\u00fcfung, die im \u00fcbrigen wirklich jeder Sportsch\u00fctze ablegen sollte, ober er jetzt &#8222;nur&#8220; Luftdruckwaffen schiesst oder sie zwingend f\u00fcr den Erwerb einer .357 Magnum ben\u00f6tigt, wird man auf die wichtigsten Punkte hingewiesen. Wer zum Beispiel eine Luftdruckwaffe ohne Futteral in den Kofferaum wirft, verst\u00f6\u00dft schon gegen das WaffG. Das sollte man wissen. Und mehr wissen macht auch nichts. So eine Zuverl\u00e4ssigkeit ist schnell weg. Im \u00fcbrigen auch, wenn Ihr Euren F\u00fchrerschein wegen Trunkenheit verlieren solltet oder ihr st\u00e4ndig beim zu schnellen Fahren erwischt werdet, oder &#8230;, oder &#8230;, oder. Der Gesetzgeber ist da (leider) nicht pingelich. Gr\u00fcnde sind schnell gefunden.<\/p>\n<p style=\"text-align: justify;\">Ich will und kann hier nicht auf alle Details eingehen. Schaut im Internet, da gibt es genug Seiten, die sich mit dem WaffG auseinandersetzen und auch die &#8222;Do&#8217;s-and-don&#8217;t&#8217;s&#8220; hervorheben. Es ist eine Holschuld um die ihr Euch selbst k\u00fcmmern m\u00fcsst.<\/p>\n<p style=\"text-align: justify;\">Noch ein Satz: bei Unkenntnis kann das WaffG ein Minenfeld sein, wer aber beim Umgang mit Waffen seinen Menschenverstand einsetzt, kann schon mal vieles richtig machen.<\/p>\n<p style=\"text-align: justify;\"><em><strong>Disclaimer: Alle Angaben und Bezugnahmen zum Waffenrecht vorbehaltlich des Irrtums und der Aktualit\u00e4t!<\/strong><\/em><\/p>\n<p style=\"text-align: justify;\"><a href=\"http:\/\/www.sv-freiendiez.de\/?page_id=1613\">Teil 6 &#8211; Rechtliches II<\/a><\/p>\n","protected":false},"excerpt":{"rendered":"<p>Rechtliches I &nbsp;&nbsp;&nbsp;&nbsp;&nbsp;&nbsp;&nbsp;&nbsp; Wer sich f\u00fcr den Schie\u00dfsport interessiert, muss sich zwangsl\u00e4ufig mit der rechtlichen Seite auseinander setzen. Und nicht nur dann, wenn man seinen Sport mit einer erlaubnispflichtigen Waffe betreiben will. Das in Deutschland derzeit g\u00fcltige Waffenrecht ist eins der strengsten in ganz Europa. Eigentlich m\u00fcsste es jeder B\u00fcrger kennen. Warum? Ein Beispiel: Erna &hellip; <\/p>\n<p class=\"link-more\"><a href=\"https:\/\/www.sv-freiendiez.de\/?page_id=1526\" class=\"more-link\"><span class=\"screen-reader-text\">\u201eSchie\u00dfsport? Wie geht das? \u2013 Teil 5\u201c<\/span> weiterlesen<\/a><\/p>\n","protected":false},"author":1,"featured_media":0,"parent":0,"menu_order":0,"comment_status":"closed","ping_status":"closed","template":"","meta":{"ngg_post_thumbnail":0,"footnotes":""},"class_list":["post-1526","page","type-page","status-publish","hentry"],"yoast_head":"<!-- This site is optimized with the Yoast SEO plugin v27.4 - https:\/\/yoast.com\/product\/yoast-seo-wordpress\/ -->\n<title>Schie\u00dfsport? Wie geht das? \u2013 Teil 5 - SV Diez-Freiendiez 1928 e.V.<\/title>\n<meta name=\"robots\" content=\"index, follow, max-snippet:-1, max-image-preview:large, max-video-preview:-1\" \/>\n<link rel=\"canonical\" href=\"https:\/\/www.sv-freiendiez.de\/?page_id=1526\" \/>\n<meta property=\"og:locale\" content=\"de_DE\" \/>\n<meta property=\"og:type\" content=\"article\" \/>\n<meta property=\"og:title\" content=\"Schie\u00dfsport? Wie geht das? \u2013 Teil 5 - SV Diez-Freiendiez 1928 e.V.\" \/>\n<meta property=\"og:description\" content=\"Rechtliches I &nbsp;&nbsp;&nbsp;&nbsp;&nbsp;&nbsp;&nbsp;&nbsp; Wer sich f\u00fcr den Schie\u00dfsport interessiert, muss sich zwangsl\u00e4ufig mit der rechtlichen Seite auseinander setzen. Und nicht nur dann, wenn man seinen Sport mit einer erlaubnispflichtigen Waffe betreiben will. Das in Deutschland derzeit g\u00fcltige Waffenrecht ist eins der strengsten in ganz Europa. Eigentlich m\u00fcsste es jeder B\u00fcrger kennen. Warum? Ein Beispiel: Erna &hellip; \u201eSchie\u00dfsport? Wie geht das? \u2013 Teil 5\u201c weiterlesen\" \/>\n<meta property=\"og:url\" content=\"https:\/\/www.sv-freiendiez.de\/?page_id=1526\" \/>\n<meta property=\"og:site_name\" content=\"SV Diez-Freiendiez 1928 e.V.\" \/>\n<meta property=\"article:publisher\" content=\"https:\/\/www.facebook.com\/svfreiendiez\/\" \/>\n<meta property=\"article:modified_time\" content=\"2017-07-28T20:15:27+00:00\" \/>\n<meta property=\"og:image\" content=\"http:\/\/www.sv-freiendiez.de\/wp-content\/uploads\/2017\/05\/schiesssport_teil5-300x174.png\" \/>\n<meta name=\"twitter:card\" content=\"summary_large_image\" \/>\n<meta name=\"twitter:label1\" content=\"Gesch\u00e4tzte Lesezeit\" \/>\n\t<meta name=\"twitter:data1\" content=\"2\u00a0Minuten\" \/>\n<script type=\"application\/ld+json\" class=\"yoast-schema-graph\">{\"@context\":\"https:\\\/\\\/schema.org\",\"@graph\":[{\"@type\":\"WebPage\",\"@id\":\"https:\\\/\\\/www.sv-freiendiez.de\\\/?page_id=1526\",\"url\":\"https:\\\/\\\/www.sv-freiendiez.de\\\/?page_id=1526\",\"name\":\"Schie\u00dfsport? Wie geht das? \u2013 Teil 5 - SV Diez-Freiendiez 1928 e.V.\",\"isPartOf\":{\"@id\":\"https:\\\/\\\/www.sv-freiendiez.de\\\/#website\"},\"primaryImageOfPage\":{\"@id\":\"https:\\\/\\\/www.sv-freiendiez.de\\\/?page_id=1526#primaryimage\"},\"image\":{\"@id\":\"https:\\\/\\\/www.sv-freiendiez.de\\\/?page_id=1526#primaryimage\"},\"thumbnailUrl\":\"http:\\\/\\\/www.sv-freiendiez.de\\\/wp-content\\\/uploads\\\/2017\\\/05\\\/schiesssport_teil5-300x174.png\",\"datePublished\":\"2017-05-23T17:34:33+00:00\",\"dateModified\":\"2017-07-28T20:15:27+00:00\",\"breadcrumb\":{\"@id\":\"https:\\\/\\\/www.sv-freiendiez.de\\\/?page_id=1526#breadcrumb\"},\"inLanguage\":\"de\",\"potentialAction\":[{\"@type\":\"ReadAction\",\"target\":[\"https:\\\/\\\/www.sv-freiendiez.de\\\/?page_id=1526\"]}]},{\"@type\":\"ImageObject\",\"inLanguage\":\"de\",\"@id\":\"https:\\\/\\\/www.sv-freiendiez.de\\\/?page_id=1526#primaryimage\",\"url\":\"https:\\\/\\\/www.sv-freiendiez.de\\\/wp-content\\\/uploads\\\/2017\\\/05\\\/schiesssport_teil5.png\",\"contentUrl\":\"https:\\\/\\\/www.sv-freiendiez.de\\\/wp-content\\\/uploads\\\/2017\\\/05\\\/schiesssport_teil5.png\",\"width\":311,\"height\":180},{\"@type\":\"BreadcrumbList\",\"@id\":\"https:\\\/\\\/www.sv-freiendiez.de\\\/?page_id=1526#breadcrumb\",\"itemListElement\":[{\"@type\":\"ListItem\",\"position\":1,\"name\":\"Startseite\",\"item\":\"https:\\\/\\\/www.sv-freiendiez.de\\\/\"},{\"@type\":\"ListItem\",\"position\":2,\"name\":\"Schie\u00dfsport? Wie geht das? \u2013 Teil 5\"}]},{\"@type\":\"WebSite\",\"@id\":\"https:\\\/\\\/www.sv-freiendiez.de\\\/#website\",\"url\":\"https:\\\/\\\/www.sv-freiendiez.de\\\/\",\"name\":\"SV Diez-Freiendiez 1928 e.V.\",\"description\":\"Sch\u00fctzenverein Diez-Freiendiez 1928 e.V.\",\"publisher\":{\"@id\":\"https:\\\/\\\/www.sv-freiendiez.de\\\/#organization\"},\"potentialAction\":[{\"@type\":\"SearchAction\",\"target\":{\"@type\":\"EntryPoint\",\"urlTemplate\":\"https:\\\/\\\/www.sv-freiendiez.de\\\/?s={search_term_string}\"},\"query-input\":{\"@type\":\"PropertyValueSpecification\",\"valueRequired\":true,\"valueName\":\"search_term_string\"}}],\"inLanguage\":\"de\"},{\"@type\":\"Organization\",\"@id\":\"https:\\\/\\\/www.sv-freiendiez.de\\\/#organization\",\"name\":\"SV Diez-Freiendiez 1928 e.V.\",\"url\":\"https:\\\/\\\/www.sv-freiendiez.de\\\/\",\"logo\":{\"@type\":\"ImageObject\",\"inLanguage\":\"de\",\"@id\":\"https:\\\/\\\/www.sv-freiendiez.de\\\/#\\\/schema\\\/logo\\\/image\\\/\",\"url\":\"https:\\\/\\\/www.sv-freiendiez.de\\\/wp-content\\\/uploads\\\/2016\\\/12\\\/cropped-wappen250.png\",\"contentUrl\":\"https:\\\/\\\/www.sv-freiendiez.de\\\/wp-content\\\/uploads\\\/2016\\\/12\\\/cropped-wappen250.png\",\"width\":250,\"height\":250,\"caption\":\"SV Diez-Freiendiez 1928 e.V.\"},\"image\":{\"@id\":\"https:\\\/\\\/www.sv-freiendiez.de\\\/#\\\/schema\\\/logo\\\/image\\\/\"},\"sameAs\":[\"https:\\\/\\\/www.facebook.com\\\/svfreiendiez\\\/\"]}]}<\/script>\n<!-- \/ Yoast SEO plugin. -->","yoast_head_json":{"title":"Schie\u00dfsport? Wie geht das? \u2013 Teil 5 - SV Diez-Freiendiez 1928 e.V.","robots":{"index":"index","follow":"follow","max-snippet":"max-snippet:-1","max-image-preview":"max-image-preview:large","max-video-preview":"max-video-preview:-1"},"canonical":"https:\/\/www.sv-freiendiez.de\/?page_id=1526","og_locale":"de_DE","og_type":"article","og_title":"Schie\u00dfsport? Wie geht das? \u2013 Teil 5 - SV Diez-Freiendiez 1928 e.V.","og_description":"Rechtliches I &nbsp;&nbsp;&nbsp;&nbsp;&nbsp;&nbsp;&nbsp;&nbsp; Wer sich f\u00fcr den Schie\u00dfsport interessiert, muss sich zwangsl\u00e4ufig mit der rechtlichen Seite auseinander setzen. Und nicht nur dann, wenn man seinen Sport mit einer erlaubnispflichtigen Waffe betreiben will. Das in Deutschland derzeit g\u00fcltige Waffenrecht ist eins der strengsten in ganz Europa. Eigentlich m\u00fcsste es jeder B\u00fcrger kennen. Warum? Ein Beispiel: Erna &hellip; \u201eSchie\u00dfsport? Wie geht das? \u2013 Teil 5\u201c weiterlesen","og_url":"https:\/\/www.sv-freiendiez.de\/?page_id=1526","og_site_name":"SV Diez-Freiendiez 1928 e.V.","article_publisher":"https:\/\/www.facebook.com\/svfreiendiez\/","article_modified_time":"2017-07-28T20:15:27+00:00","og_image":[{"url":"http:\/\/www.sv-freiendiez.de\/wp-content\/uploads\/2017\/05\/schiesssport_teil5-300x174.png","type":"","width":"","height":""}],"twitter_card":"summary_large_image","twitter_misc":{"Gesch\u00e4tzte Lesezeit":"2\u00a0Minuten"},"schema":{"@context":"https:\/\/schema.org","@graph":[{"@type":"WebPage","@id":"https:\/\/www.sv-freiendiez.de\/?page_id=1526","url":"https:\/\/www.sv-freiendiez.de\/?page_id=1526","name":"Schie\u00dfsport? Wie geht das? \u2013 Teil 5 - SV Diez-Freiendiez 1928 e.V.","isPartOf":{"@id":"https:\/\/www.sv-freiendiez.de\/#website"},"primaryImageOfPage":{"@id":"https:\/\/www.sv-freiendiez.de\/?page_id=1526#primaryimage"},"image":{"@id":"https:\/\/www.sv-freiendiez.de\/?page_id=1526#primaryimage"},"thumbnailUrl":"http:\/\/www.sv-freiendiez.de\/wp-content\/uploads\/2017\/05\/schiesssport_teil5-300x174.png","datePublished":"2017-05-23T17:34:33+00:00","dateModified":"2017-07-28T20:15:27+00:00","breadcrumb":{"@id":"https:\/\/www.sv-freiendiez.de\/?page_id=1526#breadcrumb"},"inLanguage":"de","potentialAction":[{"@type":"ReadAction","target":["https:\/\/www.sv-freiendiez.de\/?page_id=1526"]}]},{"@type":"ImageObject","inLanguage":"de","@id":"https:\/\/www.sv-freiendiez.de\/?page_id=1526#primaryimage","url":"https:\/\/www.sv-freiendiez.de\/wp-content\/uploads\/2017\/05\/schiesssport_teil5.png","contentUrl":"https:\/\/www.sv-freiendiez.de\/wp-content\/uploads\/2017\/05\/schiesssport_teil5.png","width":311,"height":180},{"@type":"BreadcrumbList","@id":"https:\/\/www.sv-freiendiez.de\/?page_id=1526#breadcrumb","itemListElement":[{"@type":"ListItem","position":1,"name":"Startseite","item":"https:\/\/www.sv-freiendiez.de\/"},{"@type":"ListItem","position":2,"name":"Schie\u00dfsport? Wie geht das? \u2013 Teil 5"}]},{"@type":"WebSite","@id":"https:\/\/www.sv-freiendiez.de\/#website","url":"https:\/\/www.sv-freiendiez.de\/","name":"SV Diez-Freiendiez 1928 e.V.","description":"Sch\u00fctzenverein Diez-Freiendiez 1928 e.V.","publisher":{"@id":"https:\/\/www.sv-freiendiez.de\/#organization"},"potentialAction":[{"@type":"SearchAction","target":{"@type":"EntryPoint","urlTemplate":"https:\/\/www.sv-freiendiez.de\/?s={search_term_string}"},"query-input":{"@type":"PropertyValueSpecification","valueRequired":true,"valueName":"search_term_string"}}],"inLanguage":"de"},{"@type":"Organization","@id":"https:\/\/www.sv-freiendiez.de\/#organization","name":"SV Diez-Freiendiez 1928 e.V.","url":"https:\/\/www.sv-freiendiez.de\/","logo":{"@type":"ImageObject","inLanguage":"de","@id":"https:\/\/www.sv-freiendiez.de\/#\/schema\/logo\/image\/","url":"https:\/\/www.sv-freiendiez.de\/wp-content\/uploads\/2016\/12\/cropped-wappen250.png","contentUrl":"https:\/\/www.sv-freiendiez.de\/wp-content\/uploads\/2016\/12\/cropped-wappen250.png","width":250,"height":250,"caption":"SV Diez-Freiendiez 1928 e.V."},"image":{"@id":"https:\/\/www.sv-freiendiez.de\/#\/schema\/logo\/image\/"},"sameAs":["https:\/\/www.facebook.com\/svfreiendiez\/"]}]}},"_links":{"self":[{"href":"https:\/\/www.sv-freiendiez.de\/index.php?rest_route=\/wp\/v2\/pages\/1526","targetHints":{"allow":["GET"]}}],"collection":[{"href":"https:\/\/www.sv-freiendiez.de\/index.php?rest_route=\/wp\/v2\/pages"}],"about":[{"href":"https:\/\/www.sv-freiendiez.de\/index.php?rest_route=\/wp\/v2\/types\/page"}],"author":[{"embeddable":true,"href":"https:\/\/www.sv-freiendiez.de\/index.php?rest_route=\/wp\/v2\/users\/1"}],"replies":[{"embeddable":true,"href":"https:\/\/www.sv-freiendiez.de\/index.php?rest_route=%2Fwp%2Fv2%2Fcomments&post=1526"}],"version-history":[{"count":0,"href":"https:\/\/www.sv-freiendiez.de\/index.php?rest_route=\/wp\/v2\/pages\/1526\/revisions"}],"wp:attachment":[{"href":"https:\/\/www.sv-freiendiez.de\/index.php?rest_route=%2Fwp%2Fv2%2Fmedia&parent=1526"}],"curies":[{"name":"wp","href":"https:\/\/api.w.org\/{rel}","templated":true}]}}