{"id":1516,"date":"2017-05-22T20:51:47","date_gmt":"2017-05-22T18:51:47","guid":{"rendered":"http:\/\/www.sv-freiendiez.de\/?page_id=1516"},"modified":"2017-05-31T21:04:16","modified_gmt":"2017-05-31T19:04:16","slug":"schiesssport-wie-geht-das-teil-4","status":"publish","type":"page","link":"https:\/\/www.sv-freiendiez.de\/?page_id=1516","title":{"rendered":"Schie\u00dfsport? Wie geht das? &#8211; Teil 4"},"content":{"rendered":"<p style=\"text-align: justify;\"><a href=\"http:\/\/www.sv-freiendiez.de\/wp-content\/uploads\/2017\/05\/schiesssport_teil4.png\"><img loading=\"lazy\" decoding=\"async\" class=\"alignleft size-medium wp-image-1520\" src=\"http:\/\/www.sv-freiendiez.de\/wp-content\/uploads\/2017\/05\/schiesssport_teil4-300x174.png\" alt=\"\" width=\"300\" height=\"174\" srcset=\"https:\/\/www.sv-freiendiez.de\/wp-content\/uploads\/2017\/05\/schiesssport_teil4-300x174.png 300w, https:\/\/www.sv-freiendiez.de\/wp-content\/uploads\/2017\/05\/schiesssport_teil4.png 311w\" sizes=\"auto, (max-width: 300px) 100vw, 300px\" \/><\/a><strong>Disziplinen<\/strong> &nbsp;&nbsp;&nbsp;&nbsp;&nbsp;&nbsp;&nbsp;&nbsp; Du bist das erste Mal auf einer Schie\u00dfsportanlage eines Sch\u00fctzenvereins? Keine Ahnung von nichts und dich fragt jemand f\u00fcr welche Disziplin du dich interessierst. Diszi&#8230; was?!?<\/p>\n<p style=\"text-align: justify;\">Keep calm \ud83d\ude42 Optimalerweise hast du dich vorher angemeldet und man wei\u00df, das du heute ins Sch\u00fctzenhaus kommst. Du wirst einem erfahrenen Sch\u00fctzen \u00fcbergeben, der dir das Sch\u00fctzenhaus und die Schie\u00dfanlagen zeigt. Danach wird er dir etwas \u00fcber die Disziplinen erz\u00e4hlen die im Sch\u00fctzenverein geschossen werden k\u00f6nnen. Die m\u00f6glichen Disziplinen richten sich nach der Sportordnung des Sch\u00fctzenbundes, dem der Verein angeschlossen ist. Bei uns gilt die Sportotdnung des DSB. Er wird dich nach deinem Interesse fragen und dich danach mit aller Ruhe an den Schie\u00dfsport heranf\u00fchren. Er wird dich mit den wichtigsten Sicherheitsregeln vertraut machen und dir den Umgang mit dem Sportger\u00e4t erkl\u00e4ren. W\u00e4hrend deiner ersten Schie\u00df\u00fcbungen wird er immer in Deiner N\u00e4he sein und dir hilfreiche Tipps geben.<\/p>\n<p style=\"text-align: justify;\"><a href=\"http:\/\/www.sv-freiendiez.de\/wp-content\/uploads\/2017\/05\/20170417_120332_10.jpg\"><img loading=\"lazy\" decoding=\"async\" class=\"alignright size-medium wp-image-1518\" src=\"http:\/\/www.sv-freiendiez.de\/wp-content\/uploads\/2017\/05\/20170417_120332_10-225x300.jpg\" alt=\"\" width=\"225\" height=\"300\" srcset=\"https:\/\/www.sv-freiendiez.de\/wp-content\/uploads\/2017\/05\/20170417_120332_10-225x300.jpg 225w, https:\/\/www.sv-freiendiez.de\/wp-content\/uploads\/2017\/05\/20170417_120332_10-768x1024.jpg 768w, https:\/\/www.sv-freiendiez.de\/wp-content\/uploads\/2017\/05\/20170417_120332_10-600x800.jpg 600w\" sizes=\"auto, (max-width: 225px) 100vw, 225px\" \/><\/a>Wie genau das Heranf\u00fchren aussieht, ist von Verein zu Verein unterschiedlich. Ich kann an dieser Stelle erstmal nur f\u00fcr unseren Verein sprechen. Wenn du am ersten Abend direkt eine .45er Pistole oder .357 Magnum Revolver schie\u00dfen willst, m\u00fcssen wir dich leider entt\u00e4uschen. Jeder, der das erste mal ins Sch\u00fctzenhaus kommt, wird erstmal an das Schie\u00dfen mit Luftdruckwaffen gew\u00f6hnt. Sind im Laufe der Trainingseinheiten Fortschritte in Bezug auf Umgang mit dem Sportger\u00e4t und bei den Ergebnissen festzustellen, wird man dir dann auch das Schie\u00dfen mit Kleinkaliberwaffen (Sportpistole und Einzellader Gewehr in .22lfb) n\u00e4herbringen. Wenn man dich f\u00fcr geeignet h\u00e4lt wirst du dann sicher auch die Gelegenheit bekommen, mit Gro\u00dfkaliber Kurzwaffen auf unserem 25 Meter Stand zu schie\u00dfen. Du kannst in dieser Zeit die vorhandenen Vereinswaffen nutzen und du wirst auch die Gelegenheit haben, mit verschiedenen Waffen von Vereinsmitgliedern zu schie\u00dfen.<\/p>\n<p style=\"text-align: justify;\">In dieser Zeit wirst du mit Sicherheit eine Pr\u00e4ferenz f\u00fcr eine oder mehrere Waffen\/Disziplinen entwickeln. Das wird dir bei der Wahl helfen, welche Waffen bzw. Disziplinen du schie\u00dfen m\u00f6chtest.<\/p>\n<p style=\"text-align: justify;\"><em><strong>Disclaimer: Alle Angaben und Bezugnahmen zum Waffenrecht vorbehaltlich des Irrtums und der Aktualit\u00e4t!<\/strong><\/em><\/p>\n<p style=\"text-align: justify;\"><a href=\"http:\/\/www.sv-freiendiez.de\/?page_id=1526\">Teil 5 &#8211; Rechtliches<\/a><\/p>\n","protected":false},"excerpt":{"rendered":"<p>Disziplinen &nbsp;&nbsp;&nbsp;&nbsp;&nbsp;&nbsp;&nbsp;&nbsp; Du bist das erste Mal auf einer Schie\u00dfsportanlage eines Sch\u00fctzenvereins? Keine Ahnung von nichts und dich fragt jemand f\u00fcr welche Disziplin du dich interessierst. Diszi&#8230; was?!? Keep calm \ud83d\ude42 Optimalerweise hast du dich vorher angemeldet und man wei\u00df, das du heute ins Sch\u00fctzenhaus kommst. Du wirst einem erfahrenen Sch\u00fctzen \u00fcbergeben, der dir das &hellip; <\/p>\n<p class=\"link-more\"><a href=\"https:\/\/www.sv-freiendiez.de\/?page_id=1516\" class=\"more-link\"><span class=\"screen-reader-text\">\u201eSchie\u00dfsport? Wie geht das? &#8211; Teil 4\u201c<\/span> weiterlesen<\/a><\/p>\n","protected":false},"author":1,"featured_media":0,"parent":0,"menu_order":0,"comment_status":"closed","ping_status":"closed","template":"","meta":{"ngg_post_thumbnail":0,"footnotes":""},"class_list":["post-1516","page","type-page","status-publish","hentry"],"yoast_head":"<!-- This site is optimized with the Yoast SEO plugin v27.4 - https:\/\/yoast.com\/product\/yoast-seo-wordpress\/ -->\n<title>Schie\u00dfsport? Wie geht das? - Teil 4 - SV Diez-Freiendiez 1928 e.V.<\/title>\n<meta name=\"robots\" content=\"index, follow, max-snippet:-1, max-image-preview:large, max-video-preview:-1\" \/>\n<link rel=\"canonical\" href=\"https:\/\/www.sv-freiendiez.de\/?page_id=1516\" \/>\n<meta property=\"og:locale\" content=\"de_DE\" \/>\n<meta property=\"og:type\" content=\"article\" \/>\n<meta property=\"og:title\" content=\"Schie\u00dfsport? Wie geht das? - Teil 4 - SV Diez-Freiendiez 1928 e.V.\" \/>\n<meta property=\"og:description\" content=\"Disziplinen &nbsp;&nbsp;&nbsp;&nbsp;&nbsp;&nbsp;&nbsp;&nbsp; Du bist das erste Mal auf einer Schie\u00dfsportanlage eines Sch\u00fctzenvereins? Keine Ahnung von nichts und dich fragt jemand f\u00fcr welche Disziplin du dich interessierst. Diszi&#8230; was?!? Keep calm \ud83d\ude42 Optimalerweise hast du dich vorher angemeldet und man wei\u00df, das du heute ins Sch\u00fctzenhaus kommst. Du wirst einem erfahrenen Sch\u00fctzen \u00fcbergeben, der dir das &hellip; \u201eSchie\u00dfsport? Wie geht das? &#8211; Teil 4\u201c weiterlesen\" \/>\n<meta property=\"og:url\" content=\"https:\/\/www.sv-freiendiez.de\/?page_id=1516\" \/>\n<meta property=\"og:site_name\" content=\"SV Diez-Freiendiez 1928 e.V.\" \/>\n<meta property=\"article:publisher\" content=\"https:\/\/www.facebook.com\/svfreiendiez\/\" \/>\n<meta property=\"article:modified_time\" content=\"2017-05-31T19:04:16+00:00\" \/>\n<meta property=\"og:image\" content=\"http:\/\/www.sv-freiendiez.de\/wp-content\/uploads\/2017\/05\/schiesssport_teil4-300x174.png\" \/>\n<meta name=\"twitter:card\" content=\"summary_large_image\" \/>\n<meta name=\"twitter:label1\" content=\"Gesch\u00e4tzte Lesezeit\" \/>\n\t<meta name=\"twitter:data1\" content=\"2\u00a0Minuten\" \/>\n<script type=\"application\/ld+json\" class=\"yoast-schema-graph\">{\"@context\":\"https:\\\/\\\/schema.org\",\"@graph\":[{\"@type\":\"WebPage\",\"@id\":\"https:\\\/\\\/www.sv-freiendiez.de\\\/?page_id=1516\",\"url\":\"https:\\\/\\\/www.sv-freiendiez.de\\\/?page_id=1516\",\"name\":\"Schie\u00dfsport? Wie geht das? - Teil 4 - SV Diez-Freiendiez 1928 e.V.\",\"isPartOf\":{\"@id\":\"https:\\\/\\\/www.sv-freiendiez.de\\\/#website\"},\"primaryImageOfPage\":{\"@id\":\"https:\\\/\\\/www.sv-freiendiez.de\\\/?page_id=1516#primaryimage\"},\"image\":{\"@id\":\"https:\\\/\\\/www.sv-freiendiez.de\\\/?page_id=1516#primaryimage\"},\"thumbnailUrl\":\"http:\\\/\\\/www.sv-freiendiez.de\\\/wp-content\\\/uploads\\\/2017\\\/05\\\/schiesssport_teil4-300x174.png\",\"datePublished\":\"2017-05-22T18:51:47+00:00\",\"dateModified\":\"2017-05-31T19:04:16+00:00\",\"breadcrumb\":{\"@id\":\"https:\\\/\\\/www.sv-freiendiez.de\\\/?page_id=1516#breadcrumb\"},\"inLanguage\":\"de\",\"potentialAction\":[{\"@type\":\"ReadAction\",\"target\":[\"https:\\\/\\\/www.sv-freiendiez.de\\\/?page_id=1516\"]}]},{\"@type\":\"ImageObject\",\"inLanguage\":\"de\",\"@id\":\"https:\\\/\\\/www.sv-freiendiez.de\\\/?page_id=1516#primaryimage\",\"url\":\"https:\\\/\\\/www.sv-freiendiez.de\\\/wp-content\\\/uploads\\\/2017\\\/05\\\/schiesssport_teil4.png\",\"contentUrl\":\"https:\\\/\\\/www.sv-freiendiez.de\\\/wp-content\\\/uploads\\\/2017\\\/05\\\/schiesssport_teil4.png\",\"width\":311,\"height\":180},{\"@type\":\"BreadcrumbList\",\"@id\":\"https:\\\/\\\/www.sv-freiendiez.de\\\/?page_id=1516#breadcrumb\",\"itemListElement\":[{\"@type\":\"ListItem\",\"position\":1,\"name\":\"Startseite\",\"item\":\"https:\\\/\\\/www.sv-freiendiez.de\\\/\"},{\"@type\":\"ListItem\",\"position\":2,\"name\":\"Schie\u00dfsport? Wie geht das? &#8211; Teil 4\"}]},{\"@type\":\"WebSite\",\"@id\":\"https:\\\/\\\/www.sv-freiendiez.de\\\/#website\",\"url\":\"https:\\\/\\\/www.sv-freiendiez.de\\\/\",\"name\":\"SV Diez-Freiendiez 1928 e.V.\",\"description\":\"Sch\u00fctzenverein Diez-Freiendiez 1928 e.V.\",\"publisher\":{\"@id\":\"https:\\\/\\\/www.sv-freiendiez.de\\\/#organization\"},\"potentialAction\":[{\"@type\":\"SearchAction\",\"target\":{\"@type\":\"EntryPoint\",\"urlTemplate\":\"https:\\\/\\\/www.sv-freiendiez.de\\\/?s={search_term_string}\"},\"query-input\":{\"@type\":\"PropertyValueSpecification\",\"valueRequired\":true,\"valueName\":\"search_term_string\"}}],\"inLanguage\":\"de\"},{\"@type\":\"Organization\",\"@id\":\"https:\\\/\\\/www.sv-freiendiez.de\\\/#organization\",\"name\":\"SV Diez-Freiendiez 1928 e.V.\",\"url\":\"https:\\\/\\\/www.sv-freiendiez.de\\\/\",\"logo\":{\"@type\":\"ImageObject\",\"inLanguage\":\"de\",\"@id\":\"https:\\\/\\\/www.sv-freiendiez.de\\\/#\\\/schema\\\/logo\\\/image\\\/\",\"url\":\"https:\\\/\\\/www.sv-freiendiez.de\\\/wp-content\\\/uploads\\\/2016\\\/12\\\/cropped-wappen250.png\",\"contentUrl\":\"https:\\\/\\\/www.sv-freiendiez.de\\\/wp-content\\\/uploads\\\/2016\\\/12\\\/cropped-wappen250.png\",\"width\":250,\"height\":250,\"caption\":\"SV Diez-Freiendiez 1928 e.V.\"},\"image\":{\"@id\":\"https:\\\/\\\/www.sv-freiendiez.de\\\/#\\\/schema\\\/logo\\\/image\\\/\"},\"sameAs\":[\"https:\\\/\\\/www.facebook.com\\\/svfreiendiez\\\/\"]}]}<\/script>\n<!-- \/ Yoast SEO plugin. -->","yoast_head_json":{"title":"Schie\u00dfsport? Wie geht das? - Teil 4 - SV Diez-Freiendiez 1928 e.V.","robots":{"index":"index","follow":"follow","max-snippet":"max-snippet:-1","max-image-preview":"max-image-preview:large","max-video-preview":"max-video-preview:-1"},"canonical":"https:\/\/www.sv-freiendiez.de\/?page_id=1516","og_locale":"de_DE","og_type":"article","og_title":"Schie\u00dfsport? Wie geht das? - Teil 4 - SV Diez-Freiendiez 1928 e.V.","og_description":"Disziplinen &nbsp;&nbsp;&nbsp;&nbsp;&nbsp;&nbsp;&nbsp;&nbsp; Du bist das erste Mal auf einer Schie\u00dfsportanlage eines Sch\u00fctzenvereins? Keine Ahnung von nichts und dich fragt jemand f\u00fcr welche Disziplin du dich interessierst. Diszi&#8230; was?!? Keep calm \ud83d\ude42 Optimalerweise hast du dich vorher angemeldet und man wei\u00df, das du heute ins Sch\u00fctzenhaus kommst. Du wirst einem erfahrenen Sch\u00fctzen \u00fcbergeben, der dir das &hellip; \u201eSchie\u00dfsport? Wie geht das? &#8211; Teil 4\u201c weiterlesen","og_url":"https:\/\/www.sv-freiendiez.de\/?page_id=1516","og_site_name":"SV Diez-Freiendiez 1928 e.V.","article_publisher":"https:\/\/www.facebook.com\/svfreiendiez\/","article_modified_time":"2017-05-31T19:04:16+00:00","og_image":[{"url":"http:\/\/www.sv-freiendiez.de\/wp-content\/uploads\/2017\/05\/schiesssport_teil4-300x174.png","type":"","width":"","height":""}],"twitter_card":"summary_large_image","twitter_misc":{"Gesch\u00e4tzte Lesezeit":"2\u00a0Minuten"},"schema":{"@context":"https:\/\/schema.org","@graph":[{"@type":"WebPage","@id":"https:\/\/www.sv-freiendiez.de\/?page_id=1516","url":"https:\/\/www.sv-freiendiez.de\/?page_id=1516","name":"Schie\u00dfsport? Wie geht das? - Teil 4 - SV Diez-Freiendiez 1928 e.V.","isPartOf":{"@id":"https:\/\/www.sv-freiendiez.de\/#website"},"primaryImageOfPage":{"@id":"https:\/\/www.sv-freiendiez.de\/?page_id=1516#primaryimage"},"image":{"@id":"https:\/\/www.sv-freiendiez.de\/?page_id=1516#primaryimage"},"thumbnailUrl":"http:\/\/www.sv-freiendiez.de\/wp-content\/uploads\/2017\/05\/schiesssport_teil4-300x174.png","datePublished":"2017-05-22T18:51:47+00:00","dateModified":"2017-05-31T19:04:16+00:00","breadcrumb":{"@id":"https:\/\/www.sv-freiendiez.de\/?page_id=1516#breadcrumb"},"inLanguage":"de","potentialAction":[{"@type":"ReadAction","target":["https:\/\/www.sv-freiendiez.de\/?page_id=1516"]}]},{"@type":"ImageObject","inLanguage":"de","@id":"https:\/\/www.sv-freiendiez.de\/?page_id=1516#primaryimage","url":"https:\/\/www.sv-freiendiez.de\/wp-content\/uploads\/2017\/05\/schiesssport_teil4.png","contentUrl":"https:\/\/www.sv-freiendiez.de\/wp-content\/uploads\/2017\/05\/schiesssport_teil4.png","width":311,"height":180},{"@type":"BreadcrumbList","@id":"https:\/\/www.sv-freiendiez.de\/?page_id=1516#breadcrumb","itemListElement":[{"@type":"ListItem","position":1,"name":"Startseite","item":"https:\/\/www.sv-freiendiez.de\/"},{"@type":"ListItem","position":2,"name":"Schie\u00dfsport? Wie geht das? &#8211; Teil 4"}]},{"@type":"WebSite","@id":"https:\/\/www.sv-freiendiez.de\/#website","url":"https:\/\/www.sv-freiendiez.de\/","name":"SV Diez-Freiendiez 1928 e.V.","description":"Sch\u00fctzenverein Diez-Freiendiez 1928 e.V.","publisher":{"@id":"https:\/\/www.sv-freiendiez.de\/#organization"},"potentialAction":[{"@type":"SearchAction","target":{"@type":"EntryPoint","urlTemplate":"https:\/\/www.sv-freiendiez.de\/?s={search_term_string}"},"query-input":{"@type":"PropertyValueSpecification","valueRequired":true,"valueName":"search_term_string"}}],"inLanguage":"de"},{"@type":"Organization","@id":"https:\/\/www.sv-freiendiez.de\/#organization","name":"SV Diez-Freiendiez 1928 e.V.","url":"https:\/\/www.sv-freiendiez.de\/","logo":{"@type":"ImageObject","inLanguage":"de","@id":"https:\/\/www.sv-freiendiez.de\/#\/schema\/logo\/image\/","url":"https:\/\/www.sv-freiendiez.de\/wp-content\/uploads\/2016\/12\/cropped-wappen250.png","contentUrl":"https:\/\/www.sv-freiendiez.de\/wp-content\/uploads\/2016\/12\/cropped-wappen250.png","width":250,"height":250,"caption":"SV Diez-Freiendiez 1928 e.V."},"image":{"@id":"https:\/\/www.sv-freiendiez.de\/#\/schema\/logo\/image\/"},"sameAs":["https:\/\/www.facebook.com\/svfreiendiez\/"]}]}},"_links":{"self":[{"href":"https:\/\/www.sv-freiendiez.de\/index.php?rest_route=\/wp\/v2\/pages\/1516","targetHints":{"allow":["GET"]}}],"collection":[{"href":"https:\/\/www.sv-freiendiez.de\/index.php?rest_route=\/wp\/v2\/pages"}],"about":[{"href":"https:\/\/www.sv-freiendiez.de\/index.php?rest_route=\/wp\/v2\/types\/page"}],"author":[{"embeddable":true,"href":"https:\/\/www.sv-freiendiez.de\/index.php?rest_route=\/wp\/v2\/users\/1"}],"replies":[{"embeddable":true,"href":"https:\/\/www.sv-freiendiez.de\/index.php?rest_route=%2Fwp%2Fv2%2Fcomments&post=1516"}],"version-history":[{"count":0,"href":"https:\/\/www.sv-freiendiez.de\/index.php?rest_route=\/wp\/v2\/pages\/1516\/revisions"}],"wp:attachment":[{"href":"https:\/\/www.sv-freiendiez.de\/index.php?rest_route=%2Fwp%2Fv2%2Fmedia&parent=1516"}],"curies":[{"name":"wp","href":"https:\/\/api.w.org\/{rel}","templated":true}]}}