{"id":1502,"date":"2017-05-22T20:11:48","date_gmt":"2017-05-22T18:11:48","guid":{"rendered":"http:\/\/www.sv-freiendiez.de\/?page_id=1502"},"modified":"2020-03-25T17:51:18","modified_gmt":"2020-03-25T16:51:18","slug":"schiesssport-wie-geht-das-teil-3","status":"publish","type":"page","link":"https:\/\/www.sv-freiendiez.de\/?page_id=1502","title":{"rendered":"Schie\u00dfsport? Wie geht das? &#8211; Teil 3"},"content":{"rendered":"<p style=\"text-align: justify;\"><a href=\"http:\/\/www.sv-freiendiez.de\/wp-content\/uploads\/2017\/05\/schiesssport_teil3.png\"><img loading=\"lazy\" decoding=\"async\" class=\"alignleft size-medium wp-image-1504\" src=\"http:\/\/www.sv-freiendiez.de\/wp-content\/uploads\/2017\/05\/schiesssport_teil3-300x174.png\" alt=\"\" width=\"300\" height=\"174\" srcset=\"https:\/\/www.sv-freiendiez.de\/wp-content\/uploads\/2017\/05\/schiesssport_teil3-300x174.png 300w, https:\/\/www.sv-freiendiez.de\/wp-content\/uploads\/2017\/05\/schiesssport_teil3.png 311w\" sizes=\"auto, (max-width: 300px) 100vw, 300px\" \/><\/a><strong>Kosten<\/strong>&nbsp;&nbsp;&nbsp;&nbsp;&nbsp;&nbsp;&nbsp;&nbsp;&nbsp; Die Kosten h\u00e4ngen nat\u00fcrlich davon ab, welche Art Waffen du schie\u00dfen m\u00f6chtest. Aber bevor wir darauf eingehen, f\u00e4ngt alles mit einer Mitgliedschaft in einem Sch\u00fctzenverein an. Je nach Verein, solltest du mit einem j\u00e4hrlichen Beitrag von 60 &#8211; 100 Euro rechnen. Die Jugend bezahlt in der Regel etwas weniger. Es gibt aber auch Vereine die einen wesentlich h\u00f6heren Mitgliedsbeitrag erheben. Meist h\u00e4ngt das mit den M\u00f6glichkeiten auf der Schie\u00dfsportanlage zusammen. Auch wird meist eine Aufnahmegeb\u00fchr verlangt. Diese kann den zweifachen Jahresbeitrag, manchmal aber auch deutlich mehr betragen.<\/p>\n<p style=\"text-align: justify;\">Dazu kommen noch die Stand-Geb\u00fchren. Damit werden die Kosten auf den Schie\u00dfst\u00e4nden gedeckt, die du durch dein Training verursachst. Enthalten sind Kosten f\u00fcr Zielmedien, Instandhaltung und Reinigung der Anlage. Die H\u00f6he der Geb\u00fchr ist je nach Verein unterschiedlich. Es d\u00fcrfte sich um einen Betrag von um die 20 Euro\/Jahr handeln. Nat\u00fcrlich abh\u00e4ngig davon, wievel Disziplinen Du schie\u00dfen m\u00f6chtest.<\/p>\n<p style=\"text-align: justify;\">F\u00fcr beide Kostenarten frag einfach bei den Vereinen, die in deiner engeren Wahl stehen, nach.<\/p>\n<p style=\"text-align: justify;\"><a href=\"http:\/\/www.sv-freiendiez.de\/wp-content\/uploads\/2017\/05\/IMG_1493_10.jpg\"><img loading=\"lazy\" decoding=\"async\" class=\"alignright size-medium wp-image-1509\" src=\"http:\/\/www.sv-freiendiez.de\/wp-content\/uploads\/2017\/05\/IMG_1493_10-300x200.jpg\" alt=\"\" width=\"300\" height=\"200\" srcset=\"https:\/\/www.sv-freiendiez.de\/wp-content\/uploads\/2017\/05\/IMG_1493_10-300x200.jpg 300w, https:\/\/www.sv-freiendiez.de\/wp-content\/uploads\/2017\/05\/IMG_1493_10.jpg 547w\" sizes=\"auto, (max-width: 300px) 100vw, 300px\" \/><\/a>F\u00fcr den Anfang wirst du wahrscheinlich mit Vereinswaffen schie\u00dfen, damit du dich orientieren kannst, was dir liegt und woran du Spa\u00df hast. Damit fallen die Anschaffungskosten f\u00fcr ein Sportger\u00e4t erstmal weg. Die Munition, die du verbrauchst, wirst du selbst bezahlen m\u00fcssen. Das f\u00e4ngt bei rund 5 Euro f\u00fcr eine Dose mit 500 Diabolos f\u00fcr Luftdruckwaffen an bis hin zu rund 50 Euro f\u00fcr 50 Schu\u00df Gewehr-Munition im Kaliber .308 in mittlerer Qualit\u00e4t.<\/p>\n<p style=\"text-align: justify;\">Hast Du dich f\u00fcr Disziplinen mit einer Druckluftwaffe entschieden, kannst du dir ohne Wartezeit eine eigene Waffe zulegen. Hier kommt es auf den Anspruch an. M\u00f6chtest Du Luftpistole oder -gewehr schie\u00dfen? Tut es eine gebrauchte Waffe? Die Preise f\u00fcr eine brauchbare Waffe beginnt im Gebraucht-Segment bei 500 Euro und geht bei neuen hochwertigen Wettkampf Waffen schnell in den mittleren 4-stelligen Euro Bereich. Lasse Dich hier von erfahrenen Sch\u00fctzen im Verein beraten, welche Waffe f\u00fcr Dich geeignet ist. Oft steht eine ungenutzte Waffe bei einem Vereinsmitglied im Schrank und l\u00e4sst sich ggf. g\u00fcnstig erwerben.<\/p>\n<p style=\"text-align: justify;\">Wenn du dich f\u00fcr Disziplinen im Klein- oder Gro\u00dfkaliber entscheidest, kannst Du Dir fr\u00fchestens nach 12 Monaten Mitgliedschaft in einem Verein, anerkannten Verband und nachgewiesener, regelm\u00e4\u00dfiger Teilnahme am Training (hier gibt es nat\u00fcrlich noch weitere Voraussetzungen, auf die ich an sp\u00e4tere Stelle in dieser Reihe eingehe) sowie bestandener Sachkundepr\u00fcfung eine eigene Waffe zulegen. Hier gilt das gleiche wie bereits f\u00fcr Luftdruckwaffen beschrieben &#8211; es beginnt bei wenigen 100 Euro und endet eigentlich erst bei Deinen finanziellen M\u00f6glichkeiten ;-).<\/p>\n<p style=\"text-align: justify;\">F\u00fcr die Erwerbserlaubnis vom Amt (WBK &#8211; Waffenbesitzkarte) sind nat\u00fcrlich auch Geb\u00fchren zu entrichten. Je nach Kreis oder Stadt werden f\u00fcr eine neue WBK mit zwei Voreintr\u00e4gen zwischen 120 und 150 Euro Geb\u00fchren f\u00e4llig.<\/p>\n<p style=\"text-align: justify;\"><em><strong>Disclaimer: Alle Angaben und Bezugnahmen zum Waffenrecht vorbehaltlich des Irrtums und der Aktualit\u00e4t!<\/strong><\/em><\/p>\n<p style=\"text-align: justify;\"><a href=\"http:\/\/www.sv-freiendiez.de\/?page_id=1516\">Teil 4 &#8211; Was m\u00f6chte oder kann ich schie\u00dfen?<\/a><\/p>\n","protected":false},"excerpt":{"rendered":"<p>Kosten&nbsp;&nbsp;&nbsp;&nbsp;&nbsp;&nbsp;&nbsp;&nbsp;&nbsp; Die Kosten h\u00e4ngen nat\u00fcrlich davon ab, welche Art Waffen du schie\u00dfen m\u00f6chtest. Aber bevor wir darauf eingehen, f\u00e4ngt alles mit einer Mitgliedschaft in einem Sch\u00fctzenverein an. Je nach Verein, solltest du mit einem j\u00e4hrlichen Beitrag von 60 &#8211; 100 Euro rechnen. Die Jugend bezahlt in der Regel etwas weniger. Es gibt aber auch Vereine &hellip; <\/p>\n<p class=\"link-more\"><a href=\"https:\/\/www.sv-freiendiez.de\/?page_id=1502\" class=\"more-link\"><span class=\"screen-reader-text\">\u201eSchie\u00dfsport? Wie geht das? &#8211; Teil 3\u201c<\/span> weiterlesen<\/a><\/p>\n","protected":false},"author":1,"featured_media":0,"parent":0,"menu_order":0,"comment_status":"closed","ping_status":"closed","template":"","meta":{"ngg_post_thumbnail":0,"footnotes":""},"class_list":["post-1502","page","type-page","status-publish","hentry"],"yoast_head":"<!-- This site is optimized with the Yoast SEO plugin v27.5 - https:\/\/yoast.com\/product\/yoast-seo-wordpress\/ -->\n<title>Schie\u00dfsport? Wie geht das? - Teil 3 - SV Diez-Freiendiez 1928 e.V.<\/title>\n<meta name=\"robots\" content=\"index, follow, max-snippet:-1, max-image-preview:large, max-video-preview:-1\" \/>\n<link rel=\"canonical\" href=\"https:\/\/www.sv-freiendiez.de\/?page_id=1502\" \/>\n<meta property=\"og:locale\" content=\"de_DE\" \/>\n<meta property=\"og:type\" content=\"article\" \/>\n<meta property=\"og:title\" content=\"Schie\u00dfsport? Wie geht das? - Teil 3 - SV Diez-Freiendiez 1928 e.V.\" \/>\n<meta property=\"og:description\" content=\"Kosten&nbsp;&nbsp;&nbsp;&nbsp;&nbsp;&nbsp;&nbsp;&nbsp;&nbsp; Die Kosten h\u00e4ngen nat\u00fcrlich davon ab, welche Art Waffen du schie\u00dfen m\u00f6chtest. Aber bevor wir darauf eingehen, f\u00e4ngt alles mit einer Mitgliedschaft in einem Sch\u00fctzenverein an. Je nach Verein, solltest du mit einem j\u00e4hrlichen Beitrag von 60 &#8211; 100 Euro rechnen. Die Jugend bezahlt in der Regel etwas weniger. Es gibt aber auch Vereine &hellip; \u201eSchie\u00dfsport? Wie geht das? &#8211; Teil 3\u201c weiterlesen\" \/>\n<meta property=\"og:url\" content=\"https:\/\/www.sv-freiendiez.de\/?page_id=1502\" \/>\n<meta property=\"og:site_name\" content=\"SV Diez-Freiendiez 1928 e.V.\" \/>\n<meta property=\"article:publisher\" content=\"https:\/\/www.facebook.com\/svfreiendiez\/\" \/>\n<meta property=\"article:modified_time\" content=\"2020-03-25T16:51:18+00:00\" \/>\n<meta property=\"og:image\" content=\"http:\/\/www.sv-freiendiez.de\/wp-content\/uploads\/2017\/05\/schiesssport_teil3-300x174.png\" \/>\n<meta name=\"twitter:card\" content=\"summary_large_image\" \/>\n<meta name=\"twitter:label1\" content=\"Gesch\u00e4tzte Lesezeit\" \/>\n\t<meta name=\"twitter:data1\" content=\"3\u00a0Minuten\" \/>\n<script type=\"application\/ld+json\" class=\"yoast-schema-graph\">{\"@context\":\"https:\\\/\\\/schema.org\",\"@graph\":[{\"@type\":\"WebPage\",\"@id\":\"https:\\\/\\\/www.sv-freiendiez.de\\\/?page_id=1502\",\"url\":\"https:\\\/\\\/www.sv-freiendiez.de\\\/?page_id=1502\",\"name\":\"Schie\u00dfsport? Wie geht das? - Teil 3 - SV Diez-Freiendiez 1928 e.V.\",\"isPartOf\":{\"@id\":\"https:\\\/\\\/www.sv-freiendiez.de\\\/#website\"},\"primaryImageOfPage\":{\"@id\":\"https:\\\/\\\/www.sv-freiendiez.de\\\/?page_id=1502#primaryimage\"},\"image\":{\"@id\":\"https:\\\/\\\/www.sv-freiendiez.de\\\/?page_id=1502#primaryimage\"},\"thumbnailUrl\":\"http:\\\/\\\/www.sv-freiendiez.de\\\/wp-content\\\/uploads\\\/2017\\\/05\\\/schiesssport_teil3-300x174.png\",\"datePublished\":\"2017-05-22T18:11:48+00:00\",\"dateModified\":\"2020-03-25T16:51:18+00:00\",\"breadcrumb\":{\"@id\":\"https:\\\/\\\/www.sv-freiendiez.de\\\/?page_id=1502#breadcrumb\"},\"inLanguage\":\"de\",\"potentialAction\":[{\"@type\":\"ReadAction\",\"target\":[\"https:\\\/\\\/www.sv-freiendiez.de\\\/?page_id=1502\"]}]},{\"@type\":\"ImageObject\",\"inLanguage\":\"de\",\"@id\":\"https:\\\/\\\/www.sv-freiendiez.de\\\/?page_id=1502#primaryimage\",\"url\":\"https:\\\/\\\/www.sv-freiendiez.de\\\/wp-content\\\/uploads\\\/2017\\\/05\\\/schiesssport_teil3.png\",\"contentUrl\":\"https:\\\/\\\/www.sv-freiendiez.de\\\/wp-content\\\/uploads\\\/2017\\\/05\\\/schiesssport_teil3.png\",\"width\":311,\"height\":180},{\"@type\":\"BreadcrumbList\",\"@id\":\"https:\\\/\\\/www.sv-freiendiez.de\\\/?page_id=1502#breadcrumb\",\"itemListElement\":[{\"@type\":\"ListItem\",\"position\":1,\"name\":\"Startseite\",\"item\":\"https:\\\/\\\/www.sv-freiendiez.de\\\/\"},{\"@type\":\"ListItem\",\"position\":2,\"name\":\"Schie\u00dfsport? Wie geht das? &#8211; Teil 3\"}]},{\"@type\":\"WebSite\",\"@id\":\"https:\\\/\\\/www.sv-freiendiez.de\\\/#website\",\"url\":\"https:\\\/\\\/www.sv-freiendiez.de\\\/\",\"name\":\"SV Diez-Freiendiez 1928 e.V.\",\"description\":\"Sch\u00fctzenverein Diez-Freiendiez 1928 e.V.\",\"publisher\":{\"@id\":\"https:\\\/\\\/www.sv-freiendiez.de\\\/#organization\"},\"potentialAction\":[{\"@type\":\"SearchAction\",\"target\":{\"@type\":\"EntryPoint\",\"urlTemplate\":\"https:\\\/\\\/www.sv-freiendiez.de\\\/?s={search_term_string}\"},\"query-input\":{\"@type\":\"PropertyValueSpecification\",\"valueRequired\":true,\"valueName\":\"search_term_string\"}}],\"inLanguage\":\"de\"},{\"@type\":\"Organization\",\"@id\":\"https:\\\/\\\/www.sv-freiendiez.de\\\/#organization\",\"name\":\"SV Diez-Freiendiez 1928 e.V.\",\"url\":\"https:\\\/\\\/www.sv-freiendiez.de\\\/\",\"logo\":{\"@type\":\"ImageObject\",\"inLanguage\":\"de\",\"@id\":\"https:\\\/\\\/www.sv-freiendiez.de\\\/#\\\/schema\\\/logo\\\/image\\\/\",\"url\":\"https:\\\/\\\/www.sv-freiendiez.de\\\/wp-content\\\/uploads\\\/2016\\\/12\\\/cropped-wappen250.png\",\"contentUrl\":\"https:\\\/\\\/www.sv-freiendiez.de\\\/wp-content\\\/uploads\\\/2016\\\/12\\\/cropped-wappen250.png\",\"width\":250,\"height\":250,\"caption\":\"SV Diez-Freiendiez 1928 e.V.\"},\"image\":{\"@id\":\"https:\\\/\\\/www.sv-freiendiez.de\\\/#\\\/schema\\\/logo\\\/image\\\/\"},\"sameAs\":[\"https:\\\/\\\/www.facebook.com\\\/svfreiendiez\\\/\"]}]}<\/script>\n<!-- \/ Yoast SEO plugin. -->","yoast_head_json":{"title":"Schie\u00dfsport? Wie geht das? - Teil 3 - SV Diez-Freiendiez 1928 e.V.","robots":{"index":"index","follow":"follow","max-snippet":"max-snippet:-1","max-image-preview":"max-image-preview:large","max-video-preview":"max-video-preview:-1"},"canonical":"https:\/\/www.sv-freiendiez.de\/?page_id=1502","og_locale":"de_DE","og_type":"article","og_title":"Schie\u00dfsport? Wie geht das? - Teil 3 - SV Diez-Freiendiez 1928 e.V.","og_description":"Kosten&nbsp;&nbsp;&nbsp;&nbsp;&nbsp;&nbsp;&nbsp;&nbsp;&nbsp; Die Kosten h\u00e4ngen nat\u00fcrlich davon ab, welche Art Waffen du schie\u00dfen m\u00f6chtest. Aber bevor wir darauf eingehen, f\u00e4ngt alles mit einer Mitgliedschaft in einem Sch\u00fctzenverein an. Je nach Verein, solltest du mit einem j\u00e4hrlichen Beitrag von 60 &#8211; 100 Euro rechnen. Die Jugend bezahlt in der Regel etwas weniger. Es gibt aber auch Vereine &hellip; \u201eSchie\u00dfsport? Wie geht das? &#8211; Teil 3\u201c weiterlesen","og_url":"https:\/\/www.sv-freiendiez.de\/?page_id=1502","og_site_name":"SV Diez-Freiendiez 1928 e.V.","article_publisher":"https:\/\/www.facebook.com\/svfreiendiez\/","article_modified_time":"2020-03-25T16:51:18+00:00","og_image":[{"url":"http:\/\/www.sv-freiendiez.de\/wp-content\/uploads\/2017\/05\/schiesssport_teil3-300x174.png","type":"","width":"","height":""}],"twitter_card":"summary_large_image","twitter_misc":{"Gesch\u00e4tzte Lesezeit":"3\u00a0Minuten"},"schema":{"@context":"https:\/\/schema.org","@graph":[{"@type":"WebPage","@id":"https:\/\/www.sv-freiendiez.de\/?page_id=1502","url":"https:\/\/www.sv-freiendiez.de\/?page_id=1502","name":"Schie\u00dfsport? Wie geht das? - Teil 3 - SV Diez-Freiendiez 1928 e.V.","isPartOf":{"@id":"https:\/\/www.sv-freiendiez.de\/#website"},"primaryImageOfPage":{"@id":"https:\/\/www.sv-freiendiez.de\/?page_id=1502#primaryimage"},"image":{"@id":"https:\/\/www.sv-freiendiez.de\/?page_id=1502#primaryimage"},"thumbnailUrl":"http:\/\/www.sv-freiendiez.de\/wp-content\/uploads\/2017\/05\/schiesssport_teil3-300x174.png","datePublished":"2017-05-22T18:11:48+00:00","dateModified":"2020-03-25T16:51:18+00:00","breadcrumb":{"@id":"https:\/\/www.sv-freiendiez.de\/?page_id=1502#breadcrumb"},"inLanguage":"de","potentialAction":[{"@type":"ReadAction","target":["https:\/\/www.sv-freiendiez.de\/?page_id=1502"]}]},{"@type":"ImageObject","inLanguage":"de","@id":"https:\/\/www.sv-freiendiez.de\/?page_id=1502#primaryimage","url":"https:\/\/www.sv-freiendiez.de\/wp-content\/uploads\/2017\/05\/schiesssport_teil3.png","contentUrl":"https:\/\/www.sv-freiendiez.de\/wp-content\/uploads\/2017\/05\/schiesssport_teil3.png","width":311,"height":180},{"@type":"BreadcrumbList","@id":"https:\/\/www.sv-freiendiez.de\/?page_id=1502#breadcrumb","itemListElement":[{"@type":"ListItem","position":1,"name":"Startseite","item":"https:\/\/www.sv-freiendiez.de\/"},{"@type":"ListItem","position":2,"name":"Schie\u00dfsport? Wie geht das? &#8211; Teil 3"}]},{"@type":"WebSite","@id":"https:\/\/www.sv-freiendiez.de\/#website","url":"https:\/\/www.sv-freiendiez.de\/","name":"SV Diez-Freiendiez 1928 e.V.","description":"Sch\u00fctzenverein Diez-Freiendiez 1928 e.V.","publisher":{"@id":"https:\/\/www.sv-freiendiez.de\/#organization"},"potentialAction":[{"@type":"SearchAction","target":{"@type":"EntryPoint","urlTemplate":"https:\/\/www.sv-freiendiez.de\/?s={search_term_string}"},"query-input":{"@type":"PropertyValueSpecification","valueRequired":true,"valueName":"search_term_string"}}],"inLanguage":"de"},{"@type":"Organization","@id":"https:\/\/www.sv-freiendiez.de\/#organization","name":"SV Diez-Freiendiez 1928 e.V.","url":"https:\/\/www.sv-freiendiez.de\/","logo":{"@type":"ImageObject","inLanguage":"de","@id":"https:\/\/www.sv-freiendiez.de\/#\/schema\/logo\/image\/","url":"https:\/\/www.sv-freiendiez.de\/wp-content\/uploads\/2016\/12\/cropped-wappen250.png","contentUrl":"https:\/\/www.sv-freiendiez.de\/wp-content\/uploads\/2016\/12\/cropped-wappen250.png","width":250,"height":250,"caption":"SV Diez-Freiendiez 1928 e.V."},"image":{"@id":"https:\/\/www.sv-freiendiez.de\/#\/schema\/logo\/image\/"},"sameAs":["https:\/\/www.facebook.com\/svfreiendiez\/"]}]}},"_links":{"self":[{"href":"https:\/\/www.sv-freiendiez.de\/index.php?rest_route=\/wp\/v2\/pages\/1502","targetHints":{"allow":["GET"]}}],"collection":[{"href":"https:\/\/www.sv-freiendiez.de\/index.php?rest_route=\/wp\/v2\/pages"}],"about":[{"href":"https:\/\/www.sv-freiendiez.de\/index.php?rest_route=\/wp\/v2\/types\/page"}],"author":[{"embeddable":true,"href":"https:\/\/www.sv-freiendiez.de\/index.php?rest_route=\/wp\/v2\/users\/1"}],"replies":[{"embeddable":true,"href":"https:\/\/www.sv-freiendiez.de\/index.php?rest_route=%2Fwp%2Fv2%2Fcomments&post=1502"}],"version-history":[{"count":0,"href":"https:\/\/www.sv-freiendiez.de\/index.php?rest_route=\/wp\/v2\/pages\/1502\/revisions"}],"wp:attachment":[{"href":"https:\/\/www.sv-freiendiez.de\/index.php?rest_route=%2Fwp%2Fv2%2Fmedia&parent=1502"}],"curies":[{"name":"wp","href":"https:\/\/api.w.org\/{rel}","templated":true}]}}