{"id":1485,"date":"2017-05-21T17:41:04","date_gmt":"2017-05-21T15:41:04","guid":{"rendered":"http:\/\/www.sv-freiendiez.de\/?page_id=1485"},"modified":"2017-07-20T11:46:07","modified_gmt":"2017-07-20T09:46:07","slug":"schiesssport-wie-geht-das-teil-2","status":"publish","type":"page","link":"https:\/\/www.sv-freiendiez.de\/?page_id=1485","title":{"rendered":"Schie\u00dfsport? Wie geht das? &#8211; Teil 2"},"content":{"rendered":"<p style=\"text-align: justify;\"><a href=\"http:\/\/www.sv-freiendiez.de\/wp-content\/uploads\/2017\/05\/schiesssport_teil2.png\"><img loading=\"lazy\" decoding=\"async\" width=\"300\" height=\"174\" class=\"alignleft wp-image-1490 size-medium\" alt=\"\" src=\"http:\/\/www.sv-freiendiez.de\/wp-content\/uploads\/2017\/05\/schiesssport_teil2-300x174.png\" srcset=\"https:\/\/www.sv-freiendiez.de\/wp-content\/uploads\/2017\/05\/schiesssport_teil2-300x174.png 300w, https:\/\/www.sv-freiendiez.de\/wp-content\/uploads\/2017\/05\/schiesssport_teil2.png 311w\" sizes=\"auto, (max-width: 300px) 100vw, 300px\" \/><\/a><strong>Eignung<\/strong>&nbsp;&nbsp;&nbsp;&nbsp;&nbsp;&nbsp;&nbsp;&nbsp;&nbsp; Die Frage nach der pers\u00f6nlichen Eignung unterscheidet die Hard- und die Soft-Skills. Ich fange mal mit den &#8222;Hard-Skills&#8220; an.<\/p>\n<p style=\"text-align: justify;\">Wie alt bist du ? Daraus ergibt sich, welche Waffen Du nach dem WaffG (Waffengesetz) schie\u00dfen darfst. Orientiere dich an der folgenden Aufstellung:<\/p>\n<table style=\"width: 580px;\">\n<tbody>\n<tr>\n<td style=\"width: 564px;\" colspan=\"2\"><strong>Du bist j\u00fcnger als 12 Jahre<\/strong><\/td>\n<\/tr>\n<tr>\n<td style=\"width: 233.467px;\">Druckluft,- Federdruck- und CO2 Waffen<\/td>\n<td style=\"width: 330.533px;\">Nur mit schriftlicher Erlaubnis oder Anwesenheit der Eltern und beh\u00f6rdlicher Erlaubnis und Obhut<\/td>\n<\/tr>\n<\/tbody>\n<\/table>\n<table style=\"width: 580px;\">\n<tbody>\n<tr>\n<td style=\"width: 564px;\" colspan=\"2\"><strong>Du bist 12 &#8211; 13 Jahre alt<\/strong><\/td>\n<\/tr>\n<tr>\n<td style=\"width: 233.467px;\">Druckluft,- Federdruck- und CO2 Waffen<\/td>\n<td style=\"width: 330.533px;\">Nur mit schriftlicher Erlaubnis oder Anwesenheit der Eltern und Obhut<\/td>\n<\/tr>\n<tr>\n<td style=\"width: 233.467px;\">Schusswaffen bis Kaliber 5,6mm (.22lfB) mit Randfeuer-<br \/>\nz\u00fcndung und einer Energie bis 200 Joule und Einzelladerlang-<br \/>\nwaffen im Kaliber 12 oder kleiner<\/td>\n<td style=\"width: 330.533px;\">Nur mit schriftlicher Erlaubnis oder Anwesenheit der Eltern und beh\u00f6rdlicher Erlaubnis und Obhut<\/td>\n<\/tr>\n<\/tbody>\n<\/table>\n<table style=\"width: 580px;\">\n<tbody>\n<tr>\n<td style=\"width: 564px;\" colspan=\"2\"><strong>Du bist 14 &#8211; 15 Jahre alt<\/strong><\/td>\n<\/tr>\n<tr>\n<td style=\"width: 233.467px;\">Druckluft,- Federdruck- und CO2 Waffen<\/td>\n<td style=\"width: 330.533px;\">Nur mit schriftlicher Erlaubnis oder Anwesenheit der Eltern und Obhut<\/td>\n<\/tr>\n<tr>\n<td style=\"width: 233.467px;\">Schusswaffen bis Kaliber 5,6mm (.22lfB) mit Randfeuer-<br \/>\nz\u00fcndung und einer Energie bis 200 Joule und Einzelladerlang-<br \/>\nwaffen im Kaliber 12 oder kleiner<\/td>\n<td style=\"width: 330.533px;\">Nur mit schriftlicher Erlaubnis oder Anwesenheit der Eltern und Obhut<\/td>\n<\/tr>\n<\/tbody>\n<\/table>\n<table style=\"width: 580px;\">\n<tbody>\n<tr>\n<td style=\"width: 564px;\" colspan=\"2\"><strong>Du bist 16 &#8211; 17 Jahre alt<\/strong><\/td>\n<\/tr>\n<tr>\n<td style=\"width: 233.467px;\">Druckluft,- Federdruck- und CO2 Waffen<\/td>\n<td style=\"width: 330.533px;\">erlaubt<\/td>\n<\/tr>\n<tr>\n<td style=\"width: 233.467px;\">Schusswaffen bis Kaliber 5,6mm (.22lfB) mit Randfeuer-<br \/>\nz\u00fcndung und einer Energie bis 200 Joule und Einzelladerlang-<br \/>\nwaffen im Kaliber 12 oder kleiner<\/td>\n<td style=\"width: 330.533px;\">Nur mit schriftlicher Erlaubnis oder Anwesenheit der Eltern und Obhut<\/td>\n<\/tr>\n<\/tbody>\n<\/table>\n<table style=\"width: 580px;\">\n<tbody>\n<tr>\n<td style=\"width: 564px;\" colspan=\"2\"><strong>Du bist \u00e4lter als 18 Jahre alt<\/strong><\/td>\n<\/tr>\n<tr>\n<td style=\"width: 233.467px;\">Druckluft,- Federdruck- und CO2 Waffen<\/td>\n<td style=\"width: 330.533px;\">erlaubt<\/td>\n<\/tr>\n<tr>\n<td style=\"width: 233.467px;\">Schusswaffen bis Kaliber 5,6mm (.22lfB) mit Randfeuer-<br \/>\nz\u00fcndung und einer Energie bis 200 Joule und Einzelladerlang-<br \/>\nwaffen im Kaliber 12 oder kleiner<\/td>\n<td style=\"width: 330.533px;\">erlaubt<\/td>\n<\/tr>\n<tr>\n<td style=\"width: 233.467px;\">alle anderen (gro\u00dfkalibrigen) Waffen<\/td>\n<td style=\"width: 330.533px;\">erlaubt<\/td>\n<\/tr>\n<\/tbody>\n<\/table>\n<p style=\"text-align: justify;\"><strong>Die Angaben sind ohne Gew\u00e4hr und vorbehaltlich der aktuellen Gesetzeslage. Informiere dich im Zweifel pers\u00f6nlich in dem Verein deiner Wahl. Bist du noch nicht Vollj\u00e4hrig, bringe das erste mal im Zweifel immer ein Elternteil mit.<\/strong><\/p>\n<p style=\"text-align: justify;\">Grunds\u00e4tzlich gibt es keinen Unterschied bei der k\u00f6rperlichen Eignung zwischen freien und erlaubnispfilchtigen Waffen. Sicherheit steht bei uns an erster Stelle. Aus diesem Grund musst Du k\u00f6rperlich und gesundheitlich in der Lage sein, dein Sportger\u00e4t sicher zu handhaben. Ich will hier nicht sofort in das Waffenrecht abtauchen, aber \u00a76.3 WaffG beschreibt es sehr zutreffend. Demnach ist f\u00fcr den Schie\u00dfsport <strong>nicht geeignet<\/strong>, wer<\/p>\n<blockquote><p>&#8230; auf&nbsp; Grund&nbsp; in&nbsp; der&nbsp; Person&nbsp; liegender&nbsp; Umst\u00e4nde&nbsp; mit&nbsp; Waffen oder Munition nicht vorsichtig oder sachgem\u00e4\u00df umgehen oder diese&nbsp; Gegenst\u00e4nde&nbsp; nicht&nbsp; sorgf\u00e4ltig&nbsp; verwahren&nbsp; k\u00f6nnen&nbsp; oder dass&nbsp; die&nbsp; konkrete Gefahr&nbsp; einer&nbsp; Fremd- oder&nbsp; Selbstgef\u00e4hrdung besteht.<\/p><\/blockquote>\n<p style=\"text-align: justify;\"><a href=\"http:\/\/www.sv-freiendiez.de\/wp-content\/uploads\/2017\/05\/WP_20150816_11_01_13_Pro_k.jpg\"><img loading=\"lazy\" decoding=\"async\" width=\"300\" height=\"168\" class=\"alignright size-medium wp-image-1510\" alt=\"\" src=\"http:\/\/www.sv-freiendiez.de\/wp-content\/uploads\/2017\/05\/WP_20150816_11_01_13_Pro_k-300x168.jpg\" srcset=\"https:\/\/www.sv-freiendiez.de\/wp-content\/uploads\/2017\/05\/WP_20150816_11_01_13_Pro_k-300x168.jpg 300w, https:\/\/www.sv-freiendiez.de\/wp-content\/uploads\/2017\/05\/WP_20150816_11_01_13_Pro_k-600x337.jpg 600w, https:\/\/www.sv-freiendiez.de\/wp-content\/uploads\/2017\/05\/WP_20150816_11_01_13_Pro_k.jpg 634w\" sizes=\"auto, (max-width: 300px) 100vw, 300px\" \/><\/a>Ist klar oder? Wer m\u00f6chte schon auf dem Schie\u00dfstand neben jemanden stehen, dem seine geladene Waffe dreimal aus der Hand f\u00e4llt, bevor er auch nur einen Schu\u00df abgegeben hat.<\/p>\n<p style=\"text-align: justify;\">Das WaffG beschreibt weitere Umst\u00e4nde die gegen eine Eignung sprechen, wie Drogenabh\u00e4ngigkeit und psychische Krankheiten.<\/p>\n<p style=\"text-align: justify;\">Vor der Erteilung einer Waffenrechtlichen Erlaubnis wird bisher nur eine Selbstauskunft verlangt. Trotzdem sollte also jeder in sich gehen und sorgf\u00e4ltig pr\u00fcfen, ob er nach dem oben gelesenen eine pers\u00f6nliche\/k\u00f6perliche Eignung besitzt. Bedenke dabei: Du selbst hast die Verantwortung f\u00fcr dein Tun und das Verschweigen einer bekannten Einschr\u00e4nkung der Eignung kann erhebliche Konsequenzen haben. Nochmals sei darauf hingewiesen, das dies f\u00fcr den Umgang mit <strong>allen Waffen gilt, die durch das WaffG abgedeckt sind.<\/strong> Und das ist so ziemlich alles, was in den Sch\u00fctzenvereinen geschossen wird, auch wenn es sich &#8222;nur&#8220; um eine Luftpistole handelt.<\/p>\n<p style=\"text-align: justify;\">Noch ein letztes Wort: Unsere Sportger\u00e4te (Waffen) sind Dinge, von denen bei unsachgem\u00e4\u00dfer Handhabung Gefahr f\u00fcr andere und sich selbst ausgeht. Jede Standaufsicht hat die Verpflichtung Vorf\u00e4lle zu melden, die auf unsachgem\u00e4\u00dfen Umgang mit dem Sportger\u00e4t hinweisen. Das kann auch nachtr\u00e4glich zum Entzug der Schie\u00dferlaubnis im Verein f\u00fchren.<\/p>\n<p style=\"text-align: justify;\">Spricht nichts gegen eine pers\u00f6nliche Eignung. Sehr gut! Dann kommen wir zu den notwenidgen Soft-Skills: Habe Spa\u00df beim Schie\u00dfen und unterst\u00fctze den Verein nach Deinen M\u00f6glichkeiten!<\/p>\n<p style=\"text-align: justify;\"><em><strong>Disclaimer: Alle Angaben und Bezugnahmen zum Waffenrecht vorbehaltlich des Irrtums und der Aktualit\u00e4t!<\/strong><\/em><\/p>\n<p><a href=\"http:\/\/www.sv-freiendiez.de\/?page_id=1502\">Teil 3 &#8211; Was kostet der Spa\u00df?<\/a><\/p>\n","protected":false},"excerpt":{"rendered":"<p>Eignung&nbsp;&nbsp;&nbsp;&nbsp;&nbsp;&nbsp;&nbsp;&nbsp;&nbsp; Die Frage nach der pers\u00f6nlichen Eignung unterscheidet die Hard- und die Soft-Skills. Ich fange mal mit den &#8222;Hard-Skills&#8220; an. Wie alt bist du ? Daraus ergibt sich, welche Waffen Du nach dem WaffG (Waffengesetz) schie\u00dfen darfst. Orientiere dich an der folgenden Aufstellung: Du bist j\u00fcnger als 12 Jahre Druckluft,- Federdruck- und CO2 Waffen Nur &hellip; <\/p>\n<p class=\"link-more\"><a href=\"https:\/\/www.sv-freiendiez.de\/?page_id=1485\" class=\"more-link\"><span class=\"screen-reader-text\">\u201eSchie\u00dfsport? Wie geht das? &#8211; Teil 2\u201c<\/span> weiterlesen<\/a><\/p>\n","protected":false},"author":1,"featured_media":0,"parent":0,"menu_order":0,"comment_status":"closed","ping_status":"closed","template":"","meta":{"ngg_post_thumbnail":0,"footnotes":""},"class_list":["post-1485","page","type-page","status-publish","hentry"],"yoast_head":"<!-- This site is optimized with the Yoast SEO plugin v27.5 - https:\/\/yoast.com\/product\/yoast-seo-wordpress\/ -->\n<title>Schie\u00dfsport? Wie geht das? - Teil 2 - SV Diez-Freiendiez 1928 e.V.<\/title>\n<meta name=\"robots\" content=\"index, follow, max-snippet:-1, max-image-preview:large, max-video-preview:-1\" \/>\n<link rel=\"canonical\" href=\"https:\/\/www.sv-freiendiez.de\/?page_id=1485\" \/>\n<meta property=\"og:locale\" content=\"de_DE\" \/>\n<meta property=\"og:type\" content=\"article\" \/>\n<meta property=\"og:title\" content=\"Schie\u00dfsport? Wie geht das? - Teil 2 - SV Diez-Freiendiez 1928 e.V.\" \/>\n<meta property=\"og:description\" content=\"Eignung&nbsp;&nbsp;&nbsp;&nbsp;&nbsp;&nbsp;&nbsp;&nbsp;&nbsp; Die Frage nach der pers\u00f6nlichen Eignung unterscheidet die Hard- und die Soft-Skills. Ich fange mal mit den &#8222;Hard-Skills&#8220; an. Wie alt bist du ? Daraus ergibt sich, welche Waffen Du nach dem WaffG (Waffengesetz) schie\u00dfen darfst. Orientiere dich an der folgenden Aufstellung: Du bist j\u00fcnger als 12 Jahre Druckluft,- Federdruck- und CO2 Waffen Nur &hellip; \u201eSchie\u00dfsport? Wie geht das? &#8211; Teil 2\u201c weiterlesen\" \/>\n<meta property=\"og:url\" content=\"https:\/\/www.sv-freiendiez.de\/?page_id=1485\" \/>\n<meta property=\"og:site_name\" content=\"SV Diez-Freiendiez 1928 e.V.\" \/>\n<meta property=\"article:publisher\" content=\"https:\/\/www.facebook.com\/svfreiendiez\/\" \/>\n<meta property=\"article:modified_time\" content=\"2017-07-20T09:46:07+00:00\" \/>\n<meta property=\"og:image\" content=\"http:\/\/www.sv-freiendiez.de\/wp-content\/uploads\/2017\/05\/schiesssport_teil2-300x174.png\" \/>\n<meta name=\"twitter:card\" content=\"summary_large_image\" \/>\n<meta name=\"twitter:label1\" content=\"Gesch\u00e4tzte Lesezeit\" \/>\n\t<meta name=\"twitter:data1\" content=\"3\u00a0Minuten\" \/>\n<script type=\"application\/ld+json\" class=\"yoast-schema-graph\">{\"@context\":\"https:\\\/\\\/schema.org\",\"@graph\":[{\"@type\":\"WebPage\",\"@id\":\"https:\\\/\\\/www.sv-freiendiez.de\\\/?page_id=1485\",\"url\":\"https:\\\/\\\/www.sv-freiendiez.de\\\/?page_id=1485\",\"name\":\"Schie\u00dfsport? Wie geht das? - Teil 2 - SV Diez-Freiendiez 1928 e.V.\",\"isPartOf\":{\"@id\":\"https:\\\/\\\/www.sv-freiendiez.de\\\/#website\"},\"primaryImageOfPage\":{\"@id\":\"https:\\\/\\\/www.sv-freiendiez.de\\\/?page_id=1485#primaryimage\"},\"image\":{\"@id\":\"https:\\\/\\\/www.sv-freiendiez.de\\\/?page_id=1485#primaryimage\"},\"thumbnailUrl\":\"http:\\\/\\\/www.sv-freiendiez.de\\\/wp-content\\\/uploads\\\/2017\\\/05\\\/schiesssport_teil2-300x174.png\",\"datePublished\":\"2017-05-21T15:41:04+00:00\",\"dateModified\":\"2017-07-20T09:46:07+00:00\",\"breadcrumb\":{\"@id\":\"https:\\\/\\\/www.sv-freiendiez.de\\\/?page_id=1485#breadcrumb\"},\"inLanguage\":\"de\",\"potentialAction\":[{\"@type\":\"ReadAction\",\"target\":[\"https:\\\/\\\/www.sv-freiendiez.de\\\/?page_id=1485\"]}]},{\"@type\":\"ImageObject\",\"inLanguage\":\"de\",\"@id\":\"https:\\\/\\\/www.sv-freiendiez.de\\\/?page_id=1485#primaryimage\",\"url\":\"https:\\\/\\\/www.sv-freiendiez.de\\\/wp-content\\\/uploads\\\/2017\\\/05\\\/schiesssport_teil2.png\",\"contentUrl\":\"https:\\\/\\\/www.sv-freiendiez.de\\\/wp-content\\\/uploads\\\/2017\\\/05\\\/schiesssport_teil2.png\",\"width\":311,\"height\":180},{\"@type\":\"BreadcrumbList\",\"@id\":\"https:\\\/\\\/www.sv-freiendiez.de\\\/?page_id=1485#breadcrumb\",\"itemListElement\":[{\"@type\":\"ListItem\",\"position\":1,\"name\":\"Startseite\",\"item\":\"https:\\\/\\\/www.sv-freiendiez.de\\\/\"},{\"@type\":\"ListItem\",\"position\":2,\"name\":\"Schie\u00dfsport? Wie geht das? &#8211; Teil 2\"}]},{\"@type\":\"WebSite\",\"@id\":\"https:\\\/\\\/www.sv-freiendiez.de\\\/#website\",\"url\":\"https:\\\/\\\/www.sv-freiendiez.de\\\/\",\"name\":\"SV Diez-Freiendiez 1928 e.V.\",\"description\":\"Sch\u00fctzenverein Diez-Freiendiez 1928 e.V.\",\"publisher\":{\"@id\":\"https:\\\/\\\/www.sv-freiendiez.de\\\/#organization\"},\"potentialAction\":[{\"@type\":\"SearchAction\",\"target\":{\"@type\":\"EntryPoint\",\"urlTemplate\":\"https:\\\/\\\/www.sv-freiendiez.de\\\/?s={search_term_string}\"},\"query-input\":{\"@type\":\"PropertyValueSpecification\",\"valueRequired\":true,\"valueName\":\"search_term_string\"}}],\"inLanguage\":\"de\"},{\"@type\":\"Organization\",\"@id\":\"https:\\\/\\\/www.sv-freiendiez.de\\\/#organization\",\"name\":\"SV Diez-Freiendiez 1928 e.V.\",\"url\":\"https:\\\/\\\/www.sv-freiendiez.de\\\/\",\"logo\":{\"@type\":\"ImageObject\",\"inLanguage\":\"de\",\"@id\":\"https:\\\/\\\/www.sv-freiendiez.de\\\/#\\\/schema\\\/logo\\\/image\\\/\",\"url\":\"https:\\\/\\\/www.sv-freiendiez.de\\\/wp-content\\\/uploads\\\/2016\\\/12\\\/cropped-wappen250.png\",\"contentUrl\":\"https:\\\/\\\/www.sv-freiendiez.de\\\/wp-content\\\/uploads\\\/2016\\\/12\\\/cropped-wappen250.png\",\"width\":250,\"height\":250,\"caption\":\"SV Diez-Freiendiez 1928 e.V.\"},\"image\":{\"@id\":\"https:\\\/\\\/www.sv-freiendiez.de\\\/#\\\/schema\\\/logo\\\/image\\\/\"},\"sameAs\":[\"https:\\\/\\\/www.facebook.com\\\/svfreiendiez\\\/\"]}]}<\/script>\n<!-- \/ Yoast SEO plugin. -->","yoast_head_json":{"title":"Schie\u00dfsport? Wie geht das? - Teil 2 - SV Diez-Freiendiez 1928 e.V.","robots":{"index":"index","follow":"follow","max-snippet":"max-snippet:-1","max-image-preview":"max-image-preview:large","max-video-preview":"max-video-preview:-1"},"canonical":"https:\/\/www.sv-freiendiez.de\/?page_id=1485","og_locale":"de_DE","og_type":"article","og_title":"Schie\u00dfsport? Wie geht das? - Teil 2 - SV Diez-Freiendiez 1928 e.V.","og_description":"Eignung&nbsp;&nbsp;&nbsp;&nbsp;&nbsp;&nbsp;&nbsp;&nbsp;&nbsp; Die Frage nach der pers\u00f6nlichen Eignung unterscheidet die Hard- und die Soft-Skills. Ich fange mal mit den &#8222;Hard-Skills&#8220; an. Wie alt bist du ? Daraus ergibt sich, welche Waffen Du nach dem WaffG (Waffengesetz) schie\u00dfen darfst. Orientiere dich an der folgenden Aufstellung: Du bist j\u00fcnger als 12 Jahre Druckluft,- Federdruck- und CO2 Waffen Nur &hellip; \u201eSchie\u00dfsport? Wie geht das? &#8211; Teil 2\u201c weiterlesen","og_url":"https:\/\/www.sv-freiendiez.de\/?page_id=1485","og_site_name":"SV Diez-Freiendiez 1928 e.V.","article_publisher":"https:\/\/www.facebook.com\/svfreiendiez\/","article_modified_time":"2017-07-20T09:46:07+00:00","og_image":[{"url":"http:\/\/www.sv-freiendiez.de\/wp-content\/uploads\/2017\/05\/schiesssport_teil2-300x174.png","type":"","width":"","height":""}],"twitter_card":"summary_large_image","twitter_misc":{"Gesch\u00e4tzte Lesezeit":"3\u00a0Minuten"},"schema":{"@context":"https:\/\/schema.org","@graph":[{"@type":"WebPage","@id":"https:\/\/www.sv-freiendiez.de\/?page_id=1485","url":"https:\/\/www.sv-freiendiez.de\/?page_id=1485","name":"Schie\u00dfsport? Wie geht das? - Teil 2 - SV Diez-Freiendiez 1928 e.V.","isPartOf":{"@id":"https:\/\/www.sv-freiendiez.de\/#website"},"primaryImageOfPage":{"@id":"https:\/\/www.sv-freiendiez.de\/?page_id=1485#primaryimage"},"image":{"@id":"https:\/\/www.sv-freiendiez.de\/?page_id=1485#primaryimage"},"thumbnailUrl":"http:\/\/www.sv-freiendiez.de\/wp-content\/uploads\/2017\/05\/schiesssport_teil2-300x174.png","datePublished":"2017-05-21T15:41:04+00:00","dateModified":"2017-07-20T09:46:07+00:00","breadcrumb":{"@id":"https:\/\/www.sv-freiendiez.de\/?page_id=1485#breadcrumb"},"inLanguage":"de","potentialAction":[{"@type":"ReadAction","target":["https:\/\/www.sv-freiendiez.de\/?page_id=1485"]}]},{"@type":"ImageObject","inLanguage":"de","@id":"https:\/\/www.sv-freiendiez.de\/?page_id=1485#primaryimage","url":"https:\/\/www.sv-freiendiez.de\/wp-content\/uploads\/2017\/05\/schiesssport_teil2.png","contentUrl":"https:\/\/www.sv-freiendiez.de\/wp-content\/uploads\/2017\/05\/schiesssport_teil2.png","width":311,"height":180},{"@type":"BreadcrumbList","@id":"https:\/\/www.sv-freiendiez.de\/?page_id=1485#breadcrumb","itemListElement":[{"@type":"ListItem","position":1,"name":"Startseite","item":"https:\/\/www.sv-freiendiez.de\/"},{"@type":"ListItem","position":2,"name":"Schie\u00dfsport? Wie geht das? &#8211; Teil 2"}]},{"@type":"WebSite","@id":"https:\/\/www.sv-freiendiez.de\/#website","url":"https:\/\/www.sv-freiendiez.de\/","name":"SV Diez-Freiendiez 1928 e.V.","description":"Sch\u00fctzenverein Diez-Freiendiez 1928 e.V.","publisher":{"@id":"https:\/\/www.sv-freiendiez.de\/#organization"},"potentialAction":[{"@type":"SearchAction","target":{"@type":"EntryPoint","urlTemplate":"https:\/\/www.sv-freiendiez.de\/?s={search_term_string}"},"query-input":{"@type":"PropertyValueSpecification","valueRequired":true,"valueName":"search_term_string"}}],"inLanguage":"de"},{"@type":"Organization","@id":"https:\/\/www.sv-freiendiez.de\/#organization","name":"SV Diez-Freiendiez 1928 e.V.","url":"https:\/\/www.sv-freiendiez.de\/","logo":{"@type":"ImageObject","inLanguage":"de","@id":"https:\/\/www.sv-freiendiez.de\/#\/schema\/logo\/image\/","url":"https:\/\/www.sv-freiendiez.de\/wp-content\/uploads\/2016\/12\/cropped-wappen250.png","contentUrl":"https:\/\/www.sv-freiendiez.de\/wp-content\/uploads\/2016\/12\/cropped-wappen250.png","width":250,"height":250,"caption":"SV Diez-Freiendiez 1928 e.V."},"image":{"@id":"https:\/\/www.sv-freiendiez.de\/#\/schema\/logo\/image\/"},"sameAs":["https:\/\/www.facebook.com\/svfreiendiez\/"]}]}},"_links":{"self":[{"href":"https:\/\/www.sv-freiendiez.de\/index.php?rest_route=\/wp\/v2\/pages\/1485","targetHints":{"allow":["GET"]}}],"collection":[{"href":"https:\/\/www.sv-freiendiez.de\/index.php?rest_route=\/wp\/v2\/pages"}],"about":[{"href":"https:\/\/www.sv-freiendiez.de\/index.php?rest_route=\/wp\/v2\/types\/page"}],"author":[{"embeddable":true,"href":"https:\/\/www.sv-freiendiez.de\/index.php?rest_route=\/wp\/v2\/users\/1"}],"replies":[{"embeddable":true,"href":"https:\/\/www.sv-freiendiez.de\/index.php?rest_route=%2Fwp%2Fv2%2Fcomments&post=1485"}],"version-history":[{"count":0,"href":"https:\/\/www.sv-freiendiez.de\/index.php?rest_route=\/wp\/v2\/pages\/1485\/revisions"}],"wp:attachment":[{"href":"https:\/\/www.sv-freiendiez.de\/index.php?rest_route=%2Fwp%2Fv2%2Fmedia&parent=1485"}],"curies":[{"name":"wp","href":"https:\/\/api.w.org\/{rel}","templated":true}]}}