{"id":1477,"date":"2017-05-21T14:05:04","date_gmt":"2017-05-21T12:05:04","guid":{"rendered":"http:\/\/www.sv-freiendiez.de\/?page_id=1477"},"modified":"2017-05-31T21:02:23","modified_gmt":"2017-05-31T19:02:23","slug":"schiesssport-wie-geht-das-teil-1","status":"publish","type":"page","link":"https:\/\/www.sv-freiendiez.de\/?page_id=1477","title":{"rendered":"Schie\u00dfsport? Wie geht das? &#8211; Teil 1"},"content":{"rendered":"<p style=\"text-align: justify;\"><a href=\"http:\/\/www.sv-freiendiez.de\/wp-content\/uploads\/2017\/05\/schiesssport_teil1.png\"><img loading=\"lazy\" decoding=\"async\" class=\"alignleft wp-image-1481 size-medium\" src=\"http:\/\/www.sv-freiendiez.de\/wp-content\/uploads\/2017\/05\/schiesssport_teil1-300x174.png\" alt=\"\" width=\"300\" height=\"174\" srcset=\"https:\/\/www.sv-freiendiez.de\/wp-content\/uploads\/2017\/05\/schiesssport_teil1-300x174.png 300w, https:\/\/www.sv-freiendiez.de\/wp-content\/uploads\/2017\/05\/schiesssport_teil1.png 373w\" sizes=\"auto, (max-width: 300px) 100vw, 300px\" \/><\/a>Jeder, der sich f\u00fcr den Schie\u00dfsport interessiert und damit beginnen m\u00f6chte, steht vor vielen Fragen. Ist das was f\u00fcr mich? Bin ich f\u00fcr diesen Sport geeignet? Was kostet mich das? Was m\u00f6chte\/kann ich schie\u00dfen? Welchen Verein soll ich w\u00e4hlen? Wie sieht die rechtliche Seite aus? Wie lange darf man \u00fcberhaupt noch Schie\u00dfsport betreiben?<\/p>\n<p style=\"text-align: justify;\">Fragen \u00fcber Fragen, die viele abschrecken, weil es f\u00fcr sie als Einsteiger schwierig ist, das Thema zu \u00fcberblicken.<\/p>\n<p style=\"text-align: justify;\">Diese Serie soll ein wenig Licht ins Sportschie\u00dfen bringen, damit m\u00f6glichst viele sich eine Meinung \u00fcber den Schie\u00dfsport bilden k\u00f6nnen &#8211; auch jenseits von Bild, ARD, ZDF &amp; Co. Wir werden versuchen, auf m\u00f6glichst viele Fragen, eine Antwort zu liefern, um den Einstieg in den Sch\u00fctzen Sport einfacher zu machen.<\/p>\n<p style=\"text-align: justify;\"><a href=\"http:\/\/www.sv-freiendiez.de\/wp-content\/uploads\/2017\/05\/IMG_1483_10.jpg\"><img loading=\"lazy\" decoding=\"async\" class=\"alignright wp-image-1507 size-medium\" src=\"http:\/\/www.sv-freiendiez.de\/wp-content\/uploads\/2017\/05\/IMG_1483_10-200x300.jpg\" alt=\"\" width=\"200\" height=\"300\" srcset=\"https:\/\/www.sv-freiendiez.de\/wp-content\/uploads\/2017\/05\/IMG_1483_10-200x300.jpg 200w, https:\/\/www.sv-freiendiez.de\/wp-content\/uploads\/2017\/05\/IMG_1483_10.jpg 365w\" sizes=\"auto, (max-width: 200px) 100vw, 200px\" \/><\/a>Jemand, der sich mit dem Gedanken tr\u00e4gt, den Schie\u00dfsport auszu\u00fcben, hat sich im Grunde die Frage um das &#8222;Ob&#8220; schon selbst beantwortet. Auf irgendeine Weise hat man bereits eine Affinit\u00e4t zum Schie\u00dfen aufgebaut. Sei es, das man damals bei der Bundeswehr Spa\u00df am Schie\u00dfen gefunden hat, sei es, das man beim Opa im Keller mit einer Luftpistole schie\u00dfen durfte. Oder ist es vielleicht das technische Interesse an der Waffe und der physikalischen Seite des Schie\u00dfens?<\/p>\n<p style=\"text-align: justify;\">Bei mir war es die Bundeswehr. Zwar nichts getroffen, aber mit Begeisterung dabei. Als Funktionspersonal war ich bei \u00dcbungen Abends mit dem Offiziers-Corps der Kompanie noch sehr lange mit dem &#8222;RestMun&#8220; verschie\u00dfen besch\u00e4ftigt. Das war schon klasse damals. Ich habe ziemlich genau 20 Jahre gebraucht um mich in ein Sch\u00fctzenhaus zu trauen. Weil ich lange falsche Vorstellungen davon hatte, wie es in einem Sch\u00fctzenverein zugeht. Leider. Dir soll das nicht passieren. \u00dcberlege nicht lange. Lies diese Serie und komme einfach mal vorbei.<\/p>\n<p style=\"text-align: justify;\"><em><strong>Disclaimer: Alle Angaben und Bezugnahmen zum Waffenrecht vorbehaltlich des Irrtums und der Aktualit\u00e4t!<\/strong><\/em><\/p>\n<p><a href=\"http:\/\/www.sv-freiendiez.de\/?page_id=1485\">Teil 2 &#8211; Bin ich f\u00fcr diesen Sport geeignet?<\/a><\/p>\n","protected":false},"excerpt":{"rendered":"<p>Jeder, der sich f\u00fcr den Schie\u00dfsport interessiert und damit beginnen m\u00f6chte, steht vor vielen Fragen. Ist das was f\u00fcr mich? Bin ich f\u00fcr diesen Sport geeignet? Was kostet mich das? Was m\u00f6chte\/kann ich schie\u00dfen? Welchen Verein soll ich w\u00e4hlen? Wie sieht die rechtliche Seite aus? Wie lange darf man \u00fcberhaupt noch Schie\u00dfsport betreiben? Fragen \u00fcber &hellip; <\/p>\n<p class=\"link-more\"><a href=\"https:\/\/www.sv-freiendiez.de\/?page_id=1477\" class=\"more-link\"><span class=\"screen-reader-text\">\u201eSchie\u00dfsport? Wie geht das? &#8211; Teil 1\u201c<\/span> weiterlesen<\/a><\/p>\n","protected":false},"author":1,"featured_media":0,"parent":0,"menu_order":0,"comment_status":"closed","ping_status":"closed","template":"","meta":{"ngg_post_thumbnail":0,"footnotes":""},"class_list":["post-1477","page","type-page","status-publish","hentry"],"yoast_head":"<!-- This site is optimized with the Yoast SEO plugin v27.5 - https:\/\/yoast.com\/product\/yoast-seo-wordpress\/ -->\n<title>Schie\u00dfsport? Wie geht das? - Teil 1 - SV Diez-Freiendiez 1928 e.V.<\/title>\n<meta name=\"robots\" content=\"index, follow, max-snippet:-1, max-image-preview:large, max-video-preview:-1\" \/>\n<link rel=\"canonical\" href=\"https:\/\/www.sv-freiendiez.de\/?page_id=1477\" \/>\n<meta property=\"og:locale\" content=\"de_DE\" \/>\n<meta property=\"og:type\" content=\"article\" \/>\n<meta property=\"og:title\" content=\"Schie\u00dfsport? Wie geht das? - Teil 1 - SV Diez-Freiendiez 1928 e.V.\" \/>\n<meta property=\"og:description\" content=\"Jeder, der sich f\u00fcr den Schie\u00dfsport interessiert und damit beginnen m\u00f6chte, steht vor vielen Fragen. Ist das was f\u00fcr mich? Bin ich f\u00fcr diesen Sport geeignet? Was kostet mich das? Was m\u00f6chte\/kann ich schie\u00dfen? Welchen Verein soll ich w\u00e4hlen? Wie sieht die rechtliche Seite aus? Wie lange darf man \u00fcberhaupt noch Schie\u00dfsport betreiben? Fragen \u00fcber &hellip; \u201eSchie\u00dfsport? Wie geht das? &#8211; Teil 1\u201c weiterlesen\" \/>\n<meta property=\"og:url\" content=\"https:\/\/www.sv-freiendiez.de\/?page_id=1477\" \/>\n<meta property=\"og:site_name\" content=\"SV Diez-Freiendiez 1928 e.V.\" \/>\n<meta property=\"article:publisher\" content=\"https:\/\/www.facebook.com\/svfreiendiez\/\" \/>\n<meta property=\"article:modified_time\" content=\"2017-05-31T19:02:23+00:00\" \/>\n<meta property=\"og:image\" content=\"http:\/\/www.sv-freiendiez.de\/wp-content\/uploads\/2017\/05\/schiesssport_teil1-300x174.png\" \/>\n<meta name=\"twitter:card\" content=\"summary_large_image\" \/>\n<meta name=\"twitter:label1\" content=\"Gesch\u00e4tzte Lesezeit\" \/>\n\t<meta name=\"twitter:data1\" content=\"2\u00a0Minuten\" \/>\n<script type=\"application\/ld+json\" class=\"yoast-schema-graph\">{\"@context\":\"https:\\\/\\\/schema.org\",\"@graph\":[{\"@type\":\"WebPage\",\"@id\":\"https:\\\/\\\/www.sv-freiendiez.de\\\/?page_id=1477\",\"url\":\"https:\\\/\\\/www.sv-freiendiez.de\\\/?page_id=1477\",\"name\":\"Schie\u00dfsport? Wie geht das? - Teil 1 - SV Diez-Freiendiez 1928 e.V.\",\"isPartOf\":{\"@id\":\"https:\\\/\\\/www.sv-freiendiez.de\\\/#website\"},\"primaryImageOfPage\":{\"@id\":\"https:\\\/\\\/www.sv-freiendiez.de\\\/?page_id=1477#primaryimage\"},\"image\":{\"@id\":\"https:\\\/\\\/www.sv-freiendiez.de\\\/?page_id=1477#primaryimage\"},\"thumbnailUrl\":\"http:\\\/\\\/www.sv-freiendiez.de\\\/wp-content\\\/uploads\\\/2017\\\/05\\\/schiesssport_teil1-300x174.png\",\"datePublished\":\"2017-05-21T12:05:04+00:00\",\"dateModified\":\"2017-05-31T19:02:23+00:00\",\"breadcrumb\":{\"@id\":\"https:\\\/\\\/www.sv-freiendiez.de\\\/?page_id=1477#breadcrumb\"},\"inLanguage\":\"de\",\"potentialAction\":[{\"@type\":\"ReadAction\",\"target\":[\"https:\\\/\\\/www.sv-freiendiez.de\\\/?page_id=1477\"]}]},{\"@type\":\"ImageObject\",\"inLanguage\":\"de\",\"@id\":\"https:\\\/\\\/www.sv-freiendiez.de\\\/?page_id=1477#primaryimage\",\"url\":\"https:\\\/\\\/www.sv-freiendiez.de\\\/wp-content\\\/uploads\\\/2017\\\/05\\\/schiesssport_teil1.png\",\"contentUrl\":\"https:\\\/\\\/www.sv-freiendiez.de\\\/wp-content\\\/uploads\\\/2017\\\/05\\\/schiesssport_teil1.png\",\"width\":373,\"height\":216},{\"@type\":\"BreadcrumbList\",\"@id\":\"https:\\\/\\\/www.sv-freiendiez.de\\\/?page_id=1477#breadcrumb\",\"itemListElement\":[{\"@type\":\"ListItem\",\"position\":1,\"name\":\"Startseite\",\"item\":\"https:\\\/\\\/www.sv-freiendiez.de\\\/\"},{\"@type\":\"ListItem\",\"position\":2,\"name\":\"Schie\u00dfsport? Wie geht das? &#8211; Teil 1\"}]},{\"@type\":\"WebSite\",\"@id\":\"https:\\\/\\\/www.sv-freiendiez.de\\\/#website\",\"url\":\"https:\\\/\\\/www.sv-freiendiez.de\\\/\",\"name\":\"SV Diez-Freiendiez 1928 e.V.\",\"description\":\"Sch\u00fctzenverein Diez-Freiendiez 1928 e.V.\",\"publisher\":{\"@id\":\"https:\\\/\\\/www.sv-freiendiez.de\\\/#organization\"},\"potentialAction\":[{\"@type\":\"SearchAction\",\"target\":{\"@type\":\"EntryPoint\",\"urlTemplate\":\"https:\\\/\\\/www.sv-freiendiez.de\\\/?s={search_term_string}\"},\"query-input\":{\"@type\":\"PropertyValueSpecification\",\"valueRequired\":true,\"valueName\":\"search_term_string\"}}],\"inLanguage\":\"de\"},{\"@type\":\"Organization\",\"@id\":\"https:\\\/\\\/www.sv-freiendiez.de\\\/#organization\",\"name\":\"SV Diez-Freiendiez 1928 e.V.\",\"url\":\"https:\\\/\\\/www.sv-freiendiez.de\\\/\",\"logo\":{\"@type\":\"ImageObject\",\"inLanguage\":\"de\",\"@id\":\"https:\\\/\\\/www.sv-freiendiez.de\\\/#\\\/schema\\\/logo\\\/image\\\/\",\"url\":\"https:\\\/\\\/www.sv-freiendiez.de\\\/wp-content\\\/uploads\\\/2016\\\/12\\\/cropped-wappen250.png\",\"contentUrl\":\"https:\\\/\\\/www.sv-freiendiez.de\\\/wp-content\\\/uploads\\\/2016\\\/12\\\/cropped-wappen250.png\",\"width\":250,\"height\":250,\"caption\":\"SV Diez-Freiendiez 1928 e.V.\"},\"image\":{\"@id\":\"https:\\\/\\\/www.sv-freiendiez.de\\\/#\\\/schema\\\/logo\\\/image\\\/\"},\"sameAs\":[\"https:\\\/\\\/www.facebook.com\\\/svfreiendiez\\\/\"]}]}<\/script>\n<!-- \/ Yoast SEO plugin. -->","yoast_head_json":{"title":"Schie\u00dfsport? Wie geht das? - Teil 1 - SV Diez-Freiendiez 1928 e.V.","robots":{"index":"index","follow":"follow","max-snippet":"max-snippet:-1","max-image-preview":"max-image-preview:large","max-video-preview":"max-video-preview:-1"},"canonical":"https:\/\/www.sv-freiendiez.de\/?page_id=1477","og_locale":"de_DE","og_type":"article","og_title":"Schie\u00dfsport? Wie geht das? - Teil 1 - SV Diez-Freiendiez 1928 e.V.","og_description":"Jeder, der sich f\u00fcr den Schie\u00dfsport interessiert und damit beginnen m\u00f6chte, steht vor vielen Fragen. Ist das was f\u00fcr mich? Bin ich f\u00fcr diesen Sport geeignet? Was kostet mich das? Was m\u00f6chte\/kann ich schie\u00dfen? Welchen Verein soll ich w\u00e4hlen? Wie sieht die rechtliche Seite aus? Wie lange darf man \u00fcberhaupt noch Schie\u00dfsport betreiben? Fragen \u00fcber &hellip; \u201eSchie\u00dfsport? Wie geht das? &#8211; Teil 1\u201c weiterlesen","og_url":"https:\/\/www.sv-freiendiez.de\/?page_id=1477","og_site_name":"SV Diez-Freiendiez 1928 e.V.","article_publisher":"https:\/\/www.facebook.com\/svfreiendiez\/","article_modified_time":"2017-05-31T19:02:23+00:00","og_image":[{"url":"http:\/\/www.sv-freiendiez.de\/wp-content\/uploads\/2017\/05\/schiesssport_teil1-300x174.png","type":"","width":"","height":""}],"twitter_card":"summary_large_image","twitter_misc":{"Gesch\u00e4tzte Lesezeit":"2\u00a0Minuten"},"schema":{"@context":"https:\/\/schema.org","@graph":[{"@type":"WebPage","@id":"https:\/\/www.sv-freiendiez.de\/?page_id=1477","url":"https:\/\/www.sv-freiendiez.de\/?page_id=1477","name":"Schie\u00dfsport? Wie geht das? - Teil 1 - SV Diez-Freiendiez 1928 e.V.","isPartOf":{"@id":"https:\/\/www.sv-freiendiez.de\/#website"},"primaryImageOfPage":{"@id":"https:\/\/www.sv-freiendiez.de\/?page_id=1477#primaryimage"},"image":{"@id":"https:\/\/www.sv-freiendiez.de\/?page_id=1477#primaryimage"},"thumbnailUrl":"http:\/\/www.sv-freiendiez.de\/wp-content\/uploads\/2017\/05\/schiesssport_teil1-300x174.png","datePublished":"2017-05-21T12:05:04+00:00","dateModified":"2017-05-31T19:02:23+00:00","breadcrumb":{"@id":"https:\/\/www.sv-freiendiez.de\/?page_id=1477#breadcrumb"},"inLanguage":"de","potentialAction":[{"@type":"ReadAction","target":["https:\/\/www.sv-freiendiez.de\/?page_id=1477"]}]},{"@type":"ImageObject","inLanguage":"de","@id":"https:\/\/www.sv-freiendiez.de\/?page_id=1477#primaryimage","url":"https:\/\/www.sv-freiendiez.de\/wp-content\/uploads\/2017\/05\/schiesssport_teil1.png","contentUrl":"https:\/\/www.sv-freiendiez.de\/wp-content\/uploads\/2017\/05\/schiesssport_teil1.png","width":373,"height":216},{"@type":"BreadcrumbList","@id":"https:\/\/www.sv-freiendiez.de\/?page_id=1477#breadcrumb","itemListElement":[{"@type":"ListItem","position":1,"name":"Startseite","item":"https:\/\/www.sv-freiendiez.de\/"},{"@type":"ListItem","position":2,"name":"Schie\u00dfsport? Wie geht das? &#8211; Teil 1"}]},{"@type":"WebSite","@id":"https:\/\/www.sv-freiendiez.de\/#website","url":"https:\/\/www.sv-freiendiez.de\/","name":"SV Diez-Freiendiez 1928 e.V.","description":"Sch\u00fctzenverein Diez-Freiendiez 1928 e.V.","publisher":{"@id":"https:\/\/www.sv-freiendiez.de\/#organization"},"potentialAction":[{"@type":"SearchAction","target":{"@type":"EntryPoint","urlTemplate":"https:\/\/www.sv-freiendiez.de\/?s={search_term_string}"},"query-input":{"@type":"PropertyValueSpecification","valueRequired":true,"valueName":"search_term_string"}}],"inLanguage":"de"},{"@type":"Organization","@id":"https:\/\/www.sv-freiendiez.de\/#organization","name":"SV Diez-Freiendiez 1928 e.V.","url":"https:\/\/www.sv-freiendiez.de\/","logo":{"@type":"ImageObject","inLanguage":"de","@id":"https:\/\/www.sv-freiendiez.de\/#\/schema\/logo\/image\/","url":"https:\/\/www.sv-freiendiez.de\/wp-content\/uploads\/2016\/12\/cropped-wappen250.png","contentUrl":"https:\/\/www.sv-freiendiez.de\/wp-content\/uploads\/2016\/12\/cropped-wappen250.png","width":250,"height":250,"caption":"SV Diez-Freiendiez 1928 e.V."},"image":{"@id":"https:\/\/www.sv-freiendiez.de\/#\/schema\/logo\/image\/"},"sameAs":["https:\/\/www.facebook.com\/svfreiendiez\/"]}]}},"_links":{"self":[{"href":"https:\/\/www.sv-freiendiez.de\/index.php?rest_route=\/wp\/v2\/pages\/1477","targetHints":{"allow":["GET"]}}],"collection":[{"href":"https:\/\/www.sv-freiendiez.de\/index.php?rest_route=\/wp\/v2\/pages"}],"about":[{"href":"https:\/\/www.sv-freiendiez.de\/index.php?rest_route=\/wp\/v2\/types\/page"}],"author":[{"embeddable":true,"href":"https:\/\/www.sv-freiendiez.de\/index.php?rest_route=\/wp\/v2\/users\/1"}],"replies":[{"embeddable":true,"href":"https:\/\/www.sv-freiendiez.de\/index.php?rest_route=%2Fwp%2Fv2%2Fcomments&post=1477"}],"version-history":[{"count":0,"href":"https:\/\/www.sv-freiendiez.de\/index.php?rest_route=\/wp\/v2\/pages\/1477\/revisions"}],"wp:attachment":[{"href":"https:\/\/www.sv-freiendiez.de\/index.php?rest_route=%2Fwp%2Fv2%2Fmedia&parent=1477"}],"curies":[{"name":"wp","href":"https:\/\/api.w.org\/{rel}","templated":true}]}}